{"id":1081,"date":"2025-01-04T02:15:01","date_gmt":"2025-01-04T02:15:01","guid":{"rendered":"https:\/\/www.bluelakechem.com\/?post_type=product&#038;p=1081"},"modified":"2025-01-17T12:00:30","modified_gmt":"2025-01-17T12:00:30","slug":"silicone-softening-agents","status":"publish","type":"product","link":"https:\/\/www.bluelakechem.com\/tr\/product\/silicone-softening-agents\/","title":{"rendered":"Sentetik Tekstil Terbiyesi i\u00e7in Hidrofilik Silikon Yumu\u015fat\u0131c\u0131lar"},"content":{"rendered":"<div class=\"wp-block-columns is-layout-flex wp-container-core-columns-is-layout-9d6595d7 wp-block-columns-is-layout-flex\">\n<div class=\"wp-block-column is-layout-flow wp-block-column-is-layout-flow\" style=\"flex-basis:50%\">\n<h2 class=\"wp-block-heading\">Silikon Yumu\u015fat\u0131c\u0131 Ajanlar \u00d6zellikler:<\/h2>\n\n\n\n<p><strong>Geli\u015ftirilmi\u015f hidrofiliklik: <\/strong>Silikon yumu\u015fat\u0131c\u0131lar, polyester, naylon ve di\u011fer sentetik elyaflardan yap\u0131lm\u0131\u015f kuma\u015flara konfor ve i\u015flevsellik sa\u011flarken kimyasal elyaflar\u0131n hidrofilikli\u011fini artt\u0131r\u0131r.<\/p>\n\n\n\n<p><strong>M\u00fckemmel yumu\u015fakl\u0131k: <\/strong>Sentetik elyaflara yumu\u015fak ve p\u00fcr\u00fczs\u00fcz bir tutum sa\u011flayarak kuma\u015f\u0131n hissini \u00f6nemli \u00f6l\u00e7\u00fcde iyile\u015ftirir ve giymeyi daha rahat hale getirir.<\/p>\n\n\n\n<p><strong>Geli\u015ftirilmi\u015f dayan\u0131kl\u0131l\u0131k: <\/strong>Bu yumu\u015fat\u0131c\u0131 madde a\u015f\u0131nma ve y\u0131pranmay\u0131 azaltarak sentetik kuma\u015flar\u0131n \u00f6mr\u00fcn\u00fc uzat\u0131r ve birden fazla y\u0131kamadan sonra bile yumu\u015fak ve esnek kalmalar\u0131n\u0131 sa\u011flar.<\/p>\n\n\n\n<p><strong>\u00c7evre dostu:<\/strong> Bu hidrofilik silikon yumu\u015fat\u0131c\u0131 biyolojik olarak par\u00e7alanabilir ve zararl\u0131 kimyasallar i\u00e7ermez, tekstil terbiyesi i\u00e7in \u00e7evre dostu bir alternatif sa\u011flar.<\/p>\n<\/div>\n\n\n\n<div class=\"wp-block-column is-layout-flow wp-block-column-is-layout-flow\" style=\"flex-basis:50%\">\n<figure class=\"wp-block-embed is-type-video is-provider-youtube wp-block-embed-youtube wp-embed-aspect-16-9 wp-has-aspect-ratio\"><div class=\"wp-block-embed__wrapper\">\n<iframe title=\"Tekstil Kimyasallar\u0131|Yumu\u015fat\u0131c\u0131 ve Y\u0131kanabilir Hidrofilikli\u011fin \u00c7ok Y\u00f6nl\u00fc Y\u00fckseltilmesinin S\u0131rr\u0131n\u0131 Ortaya \u00c7\u0131kar\u0131n!\" width=\"500\" height=\"281\" src=\"https:\/\/www.youtube.com\/embed\/JFaVxTqwP00?feature=oembed\" frameborder=\"0\" allow=\"accelerometer; autoplay; clipboard-write; encrypted-media; gyroscope; picture-in-picture; web-share\" referrerpolicy=\"strict-origin-when-cross-origin\" allowfullscreen><\/iframe>\n<\/div><\/figure>\n<\/div>\n<\/div>\n\n\n\n<div class=\"wp-block-columns is-layout-flex wp-container-core-columns-is-layout-9d6595d7 wp-block-columns-is-layout-flex\">\n<div class=\"wp-block-column is-layout-flow wp-block-column-is-layout-flow\">\n<figure class=\"wp-block-image size-full\"><img decoding=\"async\" width=\"1200\" height=\"900\" src=\"https:\/\/www.bluelakechem.com\/wp-content\/uploads\/2025\/01\/silicone-softening-agent.webp\" alt=\"silikon yumu\u015fatma maddesi\" class=\"wp-image-1400\" srcset=\"https:\/\/www.bluelakechem.com\/wp-content\/uploads\/2025\/01\/silicone-softening-agent.webp 1200w, https:\/\/www.bluelakechem.com\/wp-content\/uploads\/2025\/01\/silicone-softening-agent-300x225.webp 300w, https:\/\/www.bluelakechem.com\/wp-content\/uploads\/2025\/01\/silicone-softening-agent-768x576.webp 768w, https:\/\/www.bluelakechem.com\/wp-content\/uploads\/2025\/01\/silicone-softening-agent-16x12.webp 16w, https:\/\/www.bluelakechem.com\/wp-content\/uploads\/2025\/01\/silicone-softening-agent-600x450.webp 600w\" sizes=\"(max-width: 1200px) 100vw, 1200px\" \/><\/figure>\n<\/div>\n\n\n\n<div class=\"wp-block-column is-layout-flow wp-block-column-is-layout-flow\">\n<h2 class=\"wp-block-heading\">Silikon Yumu\u015fat\u0131c\u0131 Ajanlar Uygulamalar:<\/h2>\n\n\n\n<p><strong>Sentetik elyaflar\u0131n yumu\u015fatma apresi: <\/strong>Silikon yumu\u015fat\u0131c\u0131lar, polyester ve naylon gibi sentetik elyaflar\u0131n yumu\u015fakl\u0131\u011f\u0131n\u0131 ve hissini iyile\u015ftirmek i\u00e7in kullan\u0131l\u0131r, bu da onlar\u0131 daha yumu\u015fak ve daha rahat giyilebilir hale getirir.<\/p>\n\n\n\n<p><strong>Konfeksiyon veya fonksiyonel giysiler: <\/strong>Kuma\u015flar\u0131 daha yumu\u015fak hale getirmek ve kullan\u0131m konforunu art\u0131rmak i\u00e7in spor giyim, bebek giysileri vb. i\u00e7in uygundur.<\/p>\n\n\n\n<p><strong>Ev tekstili:<\/strong> Yatak tak\u0131mlar\u0131 ve i\u00e7 dekorasyon gibi ev tekstillerinin yumu\u015fakl\u0131\u011f\u0131n\u0131, nem emilimini ve dayan\u0131kl\u0131l\u0131\u011f\u0131n\u0131 art\u0131rabilir.<\/p>\n<\/div>\n<\/div>","protected":false},"excerpt":{"rendered":"<p>Bluelakechem'in silikon yumu\u015fat\u0131c\u0131lar\u0131, kimyasal elyaflar i\u00e7in \u00f6zel olarak tasarlanm\u0131\u015ft\u0131r ve \u00fcst\u00fcn hidrofilik ve yumu\u015fak apre \u00f6zellikleri sunarak kuma\u015flar\u0131n hem yumu\u015fak hem de nem emici olmas\u0131n\u0131 sa\u011flar.<\/p>\n<p><strong>Model No.<\/strong>76903<\/p>","protected":false},"featured_media":1436,"comment_status":"closed","ping_status":"closed","template":"","meta":{"_acf_changed":false},"material":[27,28,29,34],"process":[23,42,24],"product_brand":[],"product_cat":[15],"product_tag":[],"class_list":{"0":"post-1081","1":"product","2":"type-product","3":"status-publish","4":"has-post-thumbnail","6":"material-polyester-chemicals","7":"material-nylon-agent","8":"material-acrylic-chemicals","9":"material-fabric-chemicals","10":"process-textile-finishing-chemicals","11":"process-softener","12":"process-silicone-oil","13":"product_cat-uncategorized","15":"first","16":"instock","17":"shipping-taxable","18":"product-type-simple"},"acf":[],"_links":{"self":[{"href":"https:\/\/www.bluelakechem.com\/tr\/wp-json\/wp\/v2\/product\/1081","targetHints":{"allow":["GET"]}}],"collection":[{"href":"https:\/\/www.bluelakechem.com\/tr\/wp-json\/wp\/v2\/product"}],"about":[{"href":"https:\/\/www.bluelakechem.com\/tr\/wp-json\/wp\/v2\/types\/product"}],"replies":[{"embeddable":true,"href":"https:\/\/www.bluelakechem.com\/tr\/wp-json\/wp\/v2\/comments?post=1081"}],"wp:featuredmedia":[{"embeddable":true,"href":"https:\/\/www.bluelakechem.com\/tr\/wp-json\/wp\/v2\/media\/1436"}],"wp:attachment":[{"href":"https:\/\/www.bluelakechem.com\/tr\/wp-json\/wp\/v2\/media?parent=1081"}],"wp:term":[{"taxonomy":"material","embeddable":true,"href":"https:\/\/www.bluelakechem.com\/tr\/wp-json\/wp\/v2\/material?post=1081"},{"taxonomy":"process","embeddable":true,"href":"https:\/\/www.bluelakechem.com\/tr\/wp-json\/wp\/v2\/process?post=1081"},{"taxonomy":"product_brand","embeddable":true,"href":"https:\/\/www.bluelakechem.com\/tr\/wp-json\/wp\/v2\/product_brand?post=1081"},{"taxonomy":"product_cat","embeddable":true,"href":"https:\/\/www.bluelakechem.com\/tr\/wp-json\/wp\/v2\/product_cat?post=1081"},{"taxonomy":"product_tag","embeddable":true,"href":"https:\/\/www.bluelakechem.com\/tr\/wp-json\/wp\/v2\/product_tag?post=1081"}],"curies":[{"name":"wp","href":"https:\/\/api.w.org\/{rel}","templated":true}]}}