{"id":1089,"date":"2025-01-04T03:20:38","date_gmt":"2025-01-04T03:20:38","guid":{"rendered":"https:\/\/www.bluelakechem.com\/?post_type=product&#038;p=1089"},"modified":"2025-01-17T12:30:40","modified_gmt":"2025-01-17T12:30:40","slug":"silicone-softener-for-textiles","status":"publish","type":"product","link":"https:\/\/www.bluelakechem.com\/tr\/product\/silicone-softener-for-textiles\/","title":{"rendered":"Sentetik Kuma\u015f Terbiyesinde Tekstiller i\u00e7in Silikon Yumu\u015fat\u0131c\u0131"},"content":{"rendered":"<div class=\"wp-block-columns is-layout-flex wp-container-core-columns-is-layout-9d6595d7 wp-block-columns-is-layout-flex\">\n<div class=\"wp-block-column is-layout-flow wp-block-column-is-layout-flow\" style=\"flex-basis:50%\">\n<h2 class=\"wp-block-heading\">Tekstiller i\u00e7in Silikon Yumu\u015fat\u0131c\u0131 \u00d6zellikler:<\/h2>\n\n\n\n<p><strong>Geli\u015ftirilmi\u015f yumu\u015fakl\u0131k ve p\u00fcr\u00fczs\u00fczl\u00fck: <\/strong>Bu silikon yumu\u015fat\u0131c\u0131, polyester, akrilik, y\u00fcn vb. sentetik elyaflar i\u00e7in m\u00fckemmel yumu\u015fakl\u0131k ve p\u00fcr\u00fczs\u00fczl\u00fck sa\u011flayarak kuma\u015f\u0131 daha rahat ve p\u00fcr\u00fczs\u00fcz hale getirir.<\/p>\n\n\n\n<p><strong>Kabar\u0131k etki:<\/strong> \u00d6zellikle dolgu elyaflar\u0131 ve s\u0131cak kuma\u015flar i\u00e7in uygundur, kuma\u015f\u0131 kabar\u0131k hale getirir ve kuma\u015f\u0131n dolgunlu\u011funu ve rahatl\u0131\u011f\u0131n\u0131 artt\u0131r\u0131r.<\/p>\n\n\n\n<p><strong>Geli\u015ftirilmi\u015f kuma\u015f g\u00f6r\u00fcn\u00fcm\u00fc:<\/strong> Kuma\u015f\u0131n parlakl\u0131\u011f\u0131n\u0131 art\u0131r\u0131n, g\u00f6r\u00fcn\u00fcm kalitesini iyile\u015ftirin ve g\u00f6rsel olarak daha \u00e7ekici hale getirin.<\/p>\n\n\n\n<p><strong>Geli\u015ftirilmi\u015f dayan\u0131kl\u0131l\u0131k: <\/strong>Silikon yumu\u015fat\u0131c\u0131, kuma\u015f\u0131n dayan\u0131kl\u0131l\u0131\u011f\u0131n\u0131 art\u0131rabilir, a\u015f\u0131nma ve y\u0131pranmay\u0131 azaltabilir ve y\u0131kama s\u0131ras\u0131nda ya\u015flanmay\u0131 azaltabilir.<\/p>\n\n\n\n<p><strong>Verimli ve ekonomik: <\/strong>Az miktarda ekleme \u00f6nemli sonu\u00e7lar elde edebilir, maliyetleri d\u00fc\u015f\u00fcrebilir ve \u00fcretim verimlili\u011fini art\u0131rabilir.<\/p>\n<\/div>\n\n\n\n<div class=\"wp-block-column is-layout-flow wp-block-column-is-layout-flow\" style=\"flex-basis:50%\">\n<figure class=\"wp-block-embed is-type-video is-provider-youtube wp-block-embed-youtube wp-embed-aspect-16-9 wp-has-aspect-ratio\"><div class=\"wp-block-embed__wrapper\">\n<iframe title=\"Akrilik elyaf kuma\u015f yeterince hacimli ve yumu\u015fak de\u011filse ne yapmal\u0131? 1TP5Silikon ya\u011f\u0131 #ekstilkimyasallar 1TP5Elyaf\" width=\"500\" height=\"281\" src=\"https:\/\/www.youtube.com\/embed\/xin-t9UWNX4?feature=oembed\" frameborder=\"0\" allow=\"accelerometer; autoplay; clipboard-write; encrypted-media; gyroscope; picture-in-picture; web-share\" referrerpolicy=\"strict-origin-when-cross-origin\" allowfullscreen><\/iframe>\n<\/div><\/figure>\n<\/div>\n<\/div>\n\n\n\n<div class=\"wp-block-columns is-layout-flex wp-container-core-columns-is-layout-9d6595d7 wp-block-columns-is-layout-flex\">\n<div class=\"wp-block-column is-layout-flow wp-block-column-is-layout-flow\">\n<figure class=\"wp-block-image size-full\"><img decoding=\"async\" width=\"1200\" height=\"1200\" src=\"https:\/\/www.bluelakechem.com\/wp-content\/uploads\/2024\/12\/Silicone-Softener-for-Textiles-2.webp\" alt=\"Tekstil i\u00e7in Silikon Yumu\u015fat\u0131c\u0131 (2)\" class=\"wp-image-1096\" srcset=\"https:\/\/www.bluelakechem.com\/wp-content\/uploads\/2024\/12\/Silicone-Softener-for-Textiles-2.webp 1200w, https:\/\/www.bluelakechem.com\/wp-content\/uploads\/2024\/12\/Silicone-Softener-for-Textiles-2-300x300.webp 300w, https:\/\/www.bluelakechem.com\/wp-content\/uploads\/2024\/12\/Silicone-Softener-for-Textiles-2-150x150.webp 150w, https:\/\/www.bluelakechem.com\/wp-content\/uploads\/2024\/12\/Silicone-Softener-for-Textiles-2-768x768.webp 768w, https:\/\/www.bluelakechem.com\/wp-content\/uploads\/2024\/12\/Silicone-Softener-for-Textiles-2-600x600.webp 600w, https:\/\/www.bluelakechem.com\/wp-content\/uploads\/2024\/12\/Silicone-Softener-for-Textiles-2-100x100.webp 100w\" sizes=\"(max-width: 1200px) 100vw, 1200px\" \/><\/figure>\n<\/div>\n\n\n\n<div class=\"wp-block-column is-layout-flow wp-block-column-is-layout-flow\">\n<h2 class=\"wp-block-heading\">Tekstil Uygulamalar\u0131 i\u00e7in Silikon Yumu\u015fat\u0131c\u0131:<\/h2>\n\n\n\n<p><strong>Sentetik elyaflar\u0131n yumu\u015fatma apresi: <\/strong>Tekstiller i\u00e7in silikon yumu\u015fat\u0131c\u0131lar, kuma\u015flar\u0131n yumu\u015fakl\u0131\u011f\u0131n\u0131 ve p\u00fcr\u00fczs\u00fczl\u00fc\u011f\u00fcn\u00fc artt\u0131rmak, daha rahat ve dayan\u0131kl\u0131 hale getirmek i\u00e7in polyester, akrilik, naylon ve akrilik gibi sentetik elyaflar\u0131n terbiyesinde kullan\u0131l\u0131r.<\/p>\n\n\n\n<p><strong>Dolgu liflerinin yumu\u015fakl\u0131\u011f\u0131n\u0131n art\u0131r\u0131lmas\u0131:<\/strong> Kabar\u0131k bir his sa\u011flar, dolgu liflerinin hacmini ve esnekli\u011fini art\u0131r\u0131r ve ku\u015f t\u00fcy\u00fc ve pamuk gibi dolgu malzemeleri i\u00e7in uygundur.<\/p>\n\n\n\n<p><strong>Y\u00fcnl\u00fc kuma\u015flar\u0131n p\u00fcr\u00fczs\u00fcz ve yumu\u015fak i\u015flenmesi: <\/strong>Y\u00fcnl\u00fc kuma\u015flar\u0131n orijinal s\u0131cakl\u0131\u011f\u0131n\u0131 ve konforunu korurken sertle\u015fmesini \u00f6nlemek i\u00e7in y\u00fcnl\u00fc kuma\u015flara uygulanabilir.<\/p>\n\n\n\n<p><strong>Giyim ve ev tekstili \u00fcr\u00fcnleri: <\/strong>\u00c7e\u015fitli giyim kuma\u015flar\u0131n\u0131n (spor giyim, g\u00fcndelik giyim, i\u00e7 \u00e7ama\u015f\u0131r\u0131 vb.) ve ev tekstillerinin (yatak tak\u0131mlar\u0131, perdeler, koltuk \u00f6rt\u00fcleri vb.) terbiye ve i\u015flemlerinde yayg\u0131n olarak kullan\u0131l\u0131r.<\/p>\n\n\n\n<p><strong>Y\u00fcksek kaliteli tekstil \u00fcretimi: <\/strong>\u00dcst d\u00fczey pazarlar i\u00e7in uygundur, kuma\u015flar\u0131n dokusunu iyile\u015ftirir ve l\u00fcks giyim, i\u00e7 mekan ve moda kuma\u015flar\u0131n \u00fcretimi i\u00e7in uygundur.<\/p>\n<\/div>\n<\/div>","protected":false},"excerpt":{"rendered":"<p>Bluelakechem'in blok silikon ya\u011f\u0131 gibi tekstiller i\u00e7in silikon yumu\u015fat\u0131c\u0131s\u0131, polyester, akrilik elyaf ve y\u00fcnden yap\u0131lm\u0131\u015f kuma\u015flar\u0131n yan\u0131 s\u0131ra doldurma ve dolgu elyaflar\u0131 ve s\u0131cak kuma\u015flar \u00fczerinde kabar\u0131k, yumu\u015fak ve p\u00fcr\u00fczs\u00fcz y\u00fczeyler elde etmek i\u00e7in idealdir. Bu silikon yumu\u015fat\u0131c\u0131, kuma\u015f\u0131n dokunsal \u00f6zelliklerini geli\u015ftirerek dayan\u0131kl\u0131l\u0131k ve konforu korurken l\u00fcks bir his sa\u011flar.<\/p>\n<p><strong>Model No.<\/strong>70708<\/p>","protected":false},"featured_media":1448,"comment_status":"closed","ping_status":"closed","template":"","meta":{"_acf_changed":false},"material":[27,28,29,31,34],"process":[23,42,24],"product_brand":[],"product_cat":[15],"product_tag":[],"class_list":{"0":"post-1089","1":"product","2":"type-product","3":"status-publish","4":"has-post-thumbnail","6":"material-polyester-chemicals","7":"material-nylon-agent","8":"material-acrylic-chemicals","9":"material-wool-auxiliary","10":"material-fabric-chemicals","11":"process-textile-finishing-chemicals","12":"process-softener","13":"process-silicone-oil","14":"product_cat-uncategorized","16":"first","17":"instock","18":"shipping-taxable","19":"product-type-simple"},"acf":[],"_links":{"self":[{"href":"https:\/\/www.bluelakechem.com\/tr\/wp-json\/wp\/v2\/product\/1089","targetHints":{"allow":["GET"]}}],"collection":[{"href":"https:\/\/www.bluelakechem.com\/tr\/wp-json\/wp\/v2\/product"}],"about":[{"href":"https:\/\/www.bluelakechem.com\/tr\/wp-json\/wp\/v2\/types\/product"}],"replies":[{"embeddable":true,"href":"https:\/\/www.bluelakechem.com\/tr\/wp-json\/wp\/v2\/comments?post=1089"}],"wp:featuredmedia":[{"embeddable":true,"href":"https:\/\/www.bluelakechem.com\/tr\/wp-json\/wp\/v2\/media\/1448"}],"wp:attachment":[{"href":"https:\/\/www.bluelakechem.com\/tr\/wp-json\/wp\/v2\/media?parent=1089"}],"wp:term":[{"taxonomy":"material","embeddable":true,"href":"https:\/\/www.bluelakechem.com\/tr\/wp-json\/wp\/v2\/material?post=1089"},{"taxonomy":"process","embeddable":true,"href":"https:\/\/www.bluelakechem.com\/tr\/wp-json\/wp\/v2\/process?post=1089"},{"taxonomy":"product_brand","embeddable":true,"href":"https:\/\/www.bluelakechem.com\/tr\/wp-json\/wp\/v2\/product_brand?post=1089"},{"taxonomy":"product_cat","embeddable":true,"href":"https:\/\/www.bluelakechem.com\/tr\/wp-json\/wp\/v2\/product_cat?post=1089"},{"taxonomy":"product_tag","embeddable":true,"href":"https:\/\/www.bluelakechem.com\/tr\/wp-json\/wp\/v2\/product_tag?post=1089"}],"curies":[{"name":"wp","href":"https:\/\/api.w.org\/{rel}","templated":true}]}}