{"id":1109,"date":"2025-01-04T02:41:08","date_gmt":"2025-01-04T02:41:08","guid":{"rendered":"https:\/\/www.bluelakechem.com\/?post_type=product&#038;p=1109"},"modified":"2025-01-17T12:34:05","modified_gmt":"2025-01-17T12:34:05","slug":"textile-silicone-softener","status":"publish","type":"product","link":"https:\/\/www.bluelakechem.com\/tr\/product\/textile-silicone-softener\/","title":{"rendered":"Sentetik Kuma\u015f Terbiyesi i\u00e7in Tekstil Silikon Yumu\u015fat\u0131c\u0131 Blok Silikon Ya\u011f\u0131"},"content":{"rendered":"<div class=\"wp-block-columns is-layout-flex wp-container-core-columns-is-layout-9d6595d7 wp-block-columns-is-layout-flex\">\n<div class=\"wp-block-column is-layout-flow wp-block-column-is-layout-flow\" style=\"flex-basis:50%\">\n<h2 class=\"wp-block-heading\">Tekstil Silikon Yumu\u015fat\u0131c\u0131 \u00d6zellikleri:<\/h2>\n\n\n\n<p><strong>M\u00fckemmel Yumu\u015fakl\u0131k: <\/strong>Tekstil silikon yumu\u015fat\u0131c\u0131, kuma\u015flara ipeksi bir p\u00fcr\u00fczs\u00fczl\u00fck hissi verir ve son \u00fcr\u00fcn\u00fcn konforunu art\u0131ran \u00fcst\u00fcn yumu\u015fakl\u0131k sunar. \u00d6zellikle polyester, akrilik ve naylon gibi sentetik elyaflar i\u00e7in etkilidir.<\/p>\n\n\n\n<p><strong>P\u00fcr\u00fczs\u00fcz ve Zarif Sap: <\/strong>Rafine, ipek benzeri bir tutu\u015f sa\u011flar, kuma\u015flar\u0131n dokunsal niteliklerini geli\u015ftirir ve onlar\u0131 giymeyi veya kullanmay\u0131 daha keyifli hale getirir.<\/p>\n\n\n\n<p><strong>Geli\u015ftirilmi\u015f Kuma\u015f G\u00f6r\u00fcn\u00fcm\u00fc:<\/strong> Tekstil silikon yumu\u015fat\u0131c\u0131s\u0131, kuma\u015f\u0131n dayan\u0131kl\u0131l\u0131\u011f\u0131n\u0131 ve yap\u0131s\u0131n\u0131 etkilemeden l\u00fcks bir g\u00f6r\u00fcn\u00fcm sunmak i\u00e7in kuma\u015f\u0131n parlakl\u0131\u011f\u0131n\u0131 art\u0131r\u0131r.<\/p>\n\n\n\n<p><strong>Geli\u015ftirilmi\u015f Dayan\u0131kl\u0131l\u0131k:<\/strong> Sadece yumu\u015fakl\u0131k sa\u011flamakla kalmaz, ayn\u0131 zamanda kuma\u015flar\u0131n uzun vadeli performans\u0131n\u0131 art\u0131r\u0131r, birden fazla y\u0131kamadan sonra istenen yumu\u015fakl\u0131\u011f\u0131 korur ve daha uzun s\u00fcreli bir etki sa\u011flar.<\/p>\n\n\n\n<p><strong>\u00c7ok y\u00f6nl\u00fcl\u00fck:<\/strong> Tekstil silikon yumu\u015fat\u0131c\u0131s\u0131, polyester ve naylon gibi bir\u00e7ok kimyasal elyaf t\u00fcr\u00fcne tek tek veya kar\u0131\u015f\u0131mlar halinde uygulanabilir.<\/p>\n<\/div>\n\n\n\n<div class=\"wp-block-column is-layout-flow wp-block-column-is-layout-flow\" style=\"flex-basis:50%\">\n<figure class=\"wp-block-embed is-type-video is-provider-youtube wp-block-embed-youtube wp-embed-aspect-16-9 wp-has-aspect-ratio\"><div class=\"wp-block-embed__wrapper\">\n<iframe title=\"Y\u00fcksek Yo\u011funluklu P\u00fcr\u00fczs\u00fcz Silikon Ya\u011f\u0131Kimyasal Elyaflar i\u00e7in UygunM\u00fckemmel Alkali \u301070706-2\u3011\" width=\"500\" height=\"281\" src=\"https:\/\/www.youtube.com\/embed\/-4FerEyNugU?feature=oembed\" frameborder=\"0\" allow=\"accelerometer; autoplay; clipboard-write; encrypted-media; gyroscope; picture-in-picture; web-share\" referrerpolicy=\"strict-origin-when-cross-origin\" allowfullscreen><\/iframe>\n<\/div><\/figure>\n<\/div>\n<\/div>\n\n\n\n<div class=\"wp-block-columns is-layout-flex wp-container-core-columns-is-layout-9d6595d7 wp-block-columns-is-layout-flex\">\n<div class=\"wp-block-column is-layout-flow wp-block-column-is-layout-flow\">\n<figure class=\"wp-block-image size-full\"><img decoding=\"async\" width=\"1155\" height=\"857\" src=\"https:\/\/www.bluelakechem.com\/wp-content\/uploads\/2024\/12\/Textile-Silicone-Softener-2.webp\" alt=\"Tekstil Silikon Yumu\u015fat\u0131c\u0131 (2)\" class=\"wp-image-1129\" srcset=\"https:\/\/www.bluelakechem.com\/wp-content\/uploads\/2024\/12\/Textile-Silicone-Softener-2.webp 1155w, https:\/\/www.bluelakechem.com\/wp-content\/uploads\/2024\/12\/Textile-Silicone-Softener-2-300x223.webp 300w, https:\/\/www.bluelakechem.com\/wp-content\/uploads\/2024\/12\/Textile-Silicone-Softener-2-768x570.webp 768w, https:\/\/www.bluelakechem.com\/wp-content\/uploads\/2024\/12\/Textile-Silicone-Softener-2-600x445.webp 600w\" sizes=\"(max-width: 1155px) 100vw, 1155px\" \/><\/figure>\n<\/div>\n\n\n\n<div class=\"wp-block-column is-layout-flow wp-block-column-is-layout-flow\">\n<h2 class=\"wp-block-heading\">Tekstil Silikon Yumu\u015fat\u0131c\u0131 Uygulamalar\u0131:<\/h2>\n\n\n\n<p><strong>Sentetik Kuma\u015f Apre: <\/strong>Tekstil silikon yumu\u015fat\u0131c\u0131, polyester, naylon ve akrilik gibi sentetik kuma\u015flar\u0131n terbiyesinde yumu\u015fak, p\u00fcr\u00fczs\u00fcz ve l\u00fcks bir his vermek i\u00e7in kullan\u0131l\u0131r - giysiler ve d\u00f6\u015femeler i\u00e7in bir zorunluluktur.<\/p>\n\n\n\n<p><strong>Spor Giyim ve G\u00fcnl\u00fck Giyim:<\/strong> Giysi konforunu art\u0131r\u0131r, ipeksi bir his sa\u011flar ve spor tekstillerinde nem y\u00f6netimini ve nefes alabilirli\u011fi geli\u015ftirir.<\/p>\n\n\n\n<p><strong>Ev Tekstili:<\/strong> Silikon yumu\u015fat\u0131c\u0131 havlu, nevresim ve perde gibi ev tekstil \u00fcr\u00fcnlerinde yumu\u015fakl\u0131\u011f\u0131, emicili\u011fi ve genel konforu art\u0131rmak i\u00e7in yayg\u0131n olarak kullan\u0131l\u0131r.<\/p>\n\n\n\n<p><strong>Fonksiyonel Kuma\u015f \u0130\u015flemesi:<\/strong> Bu yumu\u015fat\u0131c\u0131y\u0131, nemi emen ve su itici kuma\u015flar gibi fonksiyonel kuma\u015flar\u0131 i\u015flemek i\u00e7in kullan\u0131n, bu da kuma\u015f\u0131n yumu\u015fakl\u0131\u011f\u0131n\u0131 \u00f6nemli \u00f6l\u00e7\u00fcde art\u0131rabilir ve performans\u0131n\u0131 art\u0131rabilir.<\/p>\n\n\n\n<p><strong>\u00dcst D\u00fczey Giysiler ve Kuma\u015flar: <\/strong>Y\u00fcksek de\u011ferli kuma\u015flarda ve giysilerde, tekstil silikon yumu\u015fat\u0131c\u0131, y\u00fcksek kaliteli tekstillerin estetik \u00e7ekicili\u011fini ve konforunu art\u0131ran, daha sofistike ve rafine hissettiren kadife benzeri l\u00fcks ipek bir y\u00fczey sa\u011flar.<\/p>\n<\/div>\n<\/div>","protected":false},"excerpt":{"rendered":"<p>Bir tekstil silikon yumu\u015fat\u0131c\u0131 \u00fcreticisi olarak, \u00e7e\u015fitli kimyasal elyaflar\u0131n p\u00fcr\u00fczs\u00fcz ve hassas terbiyesi i\u00e7in uygun olan ve kuma\u015flara ipek gibi y\u00fcksek kaliteli bir his veren y\u00fcksek konsantrasyonlu blok silikon ya\u011flar\u0131 geli\u015ftiriyor ve \u00fcretiyoruz.<\/p>\n<p><strong>Model No.<\/strong>70706<\/p>","protected":false},"featured_media":1450,"comment_status":"closed","ping_status":"closed","template":"","meta":{"_acf_changed":false},"material":[27,28,29,34],"process":[23,42,24],"product_brand":[],"product_cat":[15],"product_tag":[],"class_list":{"0":"post-1109","1":"product","2":"type-product","3":"status-publish","4":"has-post-thumbnail","6":"material-polyester-chemicals","7":"material-nylon-agent","8":"material-acrylic-chemicals","9":"material-fabric-chemicals","10":"process-textile-finishing-chemicals","11":"process-softener","12":"process-silicone-oil","13":"product_cat-uncategorized","15":"first","16":"instock","17":"shipping-taxable","18":"product-type-simple"},"acf":[],"_links":{"self":[{"href":"https:\/\/www.bluelakechem.com\/tr\/wp-json\/wp\/v2\/product\/1109","targetHints":{"allow":["GET"]}}],"collection":[{"href":"https:\/\/www.bluelakechem.com\/tr\/wp-json\/wp\/v2\/product"}],"about":[{"href":"https:\/\/www.bluelakechem.com\/tr\/wp-json\/wp\/v2\/types\/product"}],"replies":[{"embeddable":true,"href":"https:\/\/www.bluelakechem.com\/tr\/wp-json\/wp\/v2\/comments?post=1109"}],"wp:featuredmedia":[{"embeddable":true,"href":"https:\/\/www.bluelakechem.com\/tr\/wp-json\/wp\/v2\/media\/1450"}],"wp:attachment":[{"href":"https:\/\/www.bluelakechem.com\/tr\/wp-json\/wp\/v2\/media?parent=1109"}],"wp:term":[{"taxonomy":"material","embeddable":true,"href":"https:\/\/www.bluelakechem.com\/tr\/wp-json\/wp\/v2\/material?post=1109"},{"taxonomy":"process","embeddable":true,"href":"https:\/\/www.bluelakechem.com\/tr\/wp-json\/wp\/v2\/process?post=1109"},{"taxonomy":"product_brand","embeddable":true,"href":"https:\/\/www.bluelakechem.com\/tr\/wp-json\/wp\/v2\/product_brand?post=1109"},{"taxonomy":"product_cat","embeddable":true,"href":"https:\/\/www.bluelakechem.com\/tr\/wp-json\/wp\/v2\/product_cat?post=1109"},{"taxonomy":"product_tag","embeddable":true,"href":"https:\/\/www.bluelakechem.com\/tr\/wp-json\/wp\/v2\/product_tag?post=1109"}],"curies":[{"name":"wp","href":"https:\/\/api.w.org\/{rel}","templated":true}]}}