{"id":1138,"date":"2025-01-04T02:54:39","date_gmt":"2025-01-04T02:54:39","guid":{"rendered":"https:\/\/www.bluelakechem.com\/?post_type=product&#038;p=1138"},"modified":"2025-01-17T12:32:39","modified_gmt":"2025-01-17T12:32:39","slug":"fixing-agent-in-textile","status":"publish","type":"product","link":"https:\/\/www.bluelakechem.com\/tr\/product\/fixing-agent-in-textile\/","title":{"rendered":"Naylon Asit Boyalar\u0131 Terbiyesi i\u00e7in Tekstilde Sabitleme Maddesi"},"content":{"rendered":"<div class=\"wp-block-columns is-layout-flex wp-container-core-columns-is-layout-9d6595d7 wp-block-columns-is-layout-flex\">\n<div class=\"wp-block-column is-layout-flow wp-block-column-is-layout-flow\" style=\"flex-basis:50%\">\n<h2 class=\"wp-block-heading\">Tekstilde Fiksaj Maddesinin \u00d6zellikleri:<\/h2>\n\n\n\n<p><strong>Renk hasl\u0131\u011f\u0131n\u0131 art\u0131r\u0131n: <\/strong>Tekstilde renk sabitleyiciler, boyal\u0131 kuma\u015flar\u0131n renk b\u00fct\u00fcnl\u00fc\u011f\u00fcn\u00fc koruyarak y\u0131kama hasl\u0131\u011f\u0131, s\u00fcrtme hasl\u0131\u011f\u0131, ter hasl\u0131\u011f\u0131 ve \u0131\u015f\u0131k hasl\u0131\u011f\u0131 dahil olmak \u00fczere renk hasl\u0131\u011f\u0131n\u0131n t\u00fcm y\u00f6nlerini iyile\u015ftirebilir.<\/p>\n\n\n\n<p><strong>Asit boyalara adanm\u0131\u015ft\u0131r:<\/strong> Asit boyalar\u0131n performans\u0131n\u0131 art\u0131rabilir, boya emilim oran\u0131n\u0131 ve genel boyama verimlili\u011fini art\u0131rabilir.<\/p>\n\n\n\n<p><strong>Kuma\u015f dayan\u0131kl\u0131l\u0131\u011f\u0131n\u0131 art\u0131r\u0131n:<\/strong> Kuma\u015flar\u0131n tekrarlanan y\u0131kama ve kullan\u0131mdan sonra renklerini korumalar\u0131n\u0131 sa\u011flar, solmay\u0131 azalt\u0131r ve hizmet \u00f6mr\u00fcn\u00fc uzat\u0131r.<\/p>\n\n\n\n<p><strong>Naylon kuma\u015flar i\u00e7in uygundur: <\/strong>\u00d6zellikle naylon elyaflar, naylon iplikler, \u00f6rg\u00fcler ve di\u011fer sentetik elyaflar i\u00e7in, \u00f6zellikle naylon kuma\u015f boyama ve terbiyesinde renk hasl\u0131\u011f\u0131 ve boya stabilitesinin iyile\u015ftirilmesinde uygundur.<\/p>\n\n\n\n<p><strong>Boyama ve bask\u0131 sonras\u0131 s\u00fcre\u00e7leri basitle\u015ftirin: <\/strong>Tekstil terbiye i\u015flemlerinin karma\u015f\u0131kl\u0131\u011f\u0131n\u0131 azalt\u0131n.<\/p>\n<\/div>\n\n\n\n<div class=\"wp-block-column is-layout-flow wp-block-column-is-layout-flow\" style=\"flex-basis:50%\">\n<figure class=\"wp-block-embed is-type-video is-provider-youtube wp-block-embed-youtube wp-embed-aspect-16-9 wp-has-aspect-ratio\"><div class=\"wp-block-embed__wrapper\">\n<iframe title=\"Koyu renkli naylon kuma\u015flar ciddi \u015fekilde soldu\u011funda ne yapmal\u0131? Asit Sabitleme Maddesi #ekstilkimyasallar\u0131\" width=\"500\" height=\"281\" src=\"https:\/\/www.youtube.com\/embed\/3j19zuHvITU?feature=oembed\" frameborder=\"0\" allow=\"accelerometer; autoplay; clipboard-write; encrypted-media; gyroscope; picture-in-picture; web-share\" referrerpolicy=\"strict-origin-when-cross-origin\" allowfullscreen><\/iframe>\n<\/div><\/figure>\n<\/div>\n<\/div>\n\n\n\n<div class=\"wp-block-columns is-layout-flex wp-container-core-columns-is-layout-9d6595d7 wp-block-columns-is-layout-flex\">\n<div class=\"wp-block-column is-layout-flow wp-block-column-is-layout-flow\">\n<figure class=\"wp-block-image size-full\"><img decoding=\"async\" width=\"1180\" height=\"741\" src=\"https:\/\/www.bluelakechem.com\/wp-content\/uploads\/2024\/12\/Fixing-Agent-in-Textile-2.webp\" alt=\"Tekstilde Sabitleme Maddesi (2)\" class=\"wp-image-1148\" srcset=\"https:\/\/www.bluelakechem.com\/wp-content\/uploads\/2024\/12\/Fixing-Agent-in-Textile-2.webp 1180w, https:\/\/www.bluelakechem.com\/wp-content\/uploads\/2024\/12\/Fixing-Agent-in-Textile-2-300x188.webp 300w, https:\/\/www.bluelakechem.com\/wp-content\/uploads\/2024\/12\/Fixing-Agent-in-Textile-2-768x482.webp 768w, https:\/\/www.bluelakechem.com\/wp-content\/uploads\/2024\/12\/Fixing-Agent-in-Textile-2-600x377.webp 600w\" sizes=\"(max-width: 1180px) 100vw, 1180px\" \/><\/figure>\n<\/div>\n\n\n\n<div class=\"wp-block-column is-layout-flow wp-block-column-is-layout-flow\">\n<h2 class=\"wp-block-heading\">Tekstilde Sabitleme Maddesi Uygulamalar\u0131:<\/h2>\n\n\n\n<p><strong>Naylon \u0130plikler ve Kuma\u015flar<\/strong>:<br>Boyal\u0131 veya bask\u0131l\u0131 naylon kuma\u015flar\u0131n fikse i\u015flemlerinde renk canl\u0131l\u0131\u011f\u0131n\u0131 ve dayan\u0131kl\u0131l\u0131\u011f\u0131n\u0131 artt\u0131rmak i\u00e7in kullan\u0131l\u0131r.<\/p>\n\n\n\n<p><strong>Dokuma Bantlar<\/strong>:<br>Giyim, aksesuar ve end\u00fcstriyel tekstillerde yayg\u0131n olarak kullan\u0131lan dokuma naylon bantlarda geli\u015fmi\u015f renk hasl\u0131\u011f\u0131 ve homojenlik sa\u011flar.<\/p>\n\n\n\n<p><strong>Konfeksiyon \u0130malat\u0131<\/strong>:<br>Naylon giysiler i\u00e7in boyama sonras\u0131 i\u015flemlerde uygulanabilir, bitmi\u015f \u00fcr\u00fcnlerde canl\u0131 ve uzun \u00f6m\u00fcrl\u00fc renkler sa\u011flar.<\/p>\n\n\n\n<p><strong>End\u00fcstriyel ve Fonksiyonel Tekstiller<\/strong>:<br>Renk hasl\u0131\u011f\u0131 ve homojenli\u011finin kritik oldu\u011fu naylon bazl\u0131 fonksiyonel tekstiller i\u00e7in uygundur.<\/p>\n\n\n\n<p><strong>Moda ve Spor Giyim<\/strong>:<br>Moda ve spor giyimde kullan\u0131lan naylon kuma\u015flar i\u00e7in idealdir, s\u0131k kullan\u0131m ve y\u0131kama alt\u0131nda zengin renkler ve dayan\u0131kl\u0131l\u0131k sa\u011flar.<\/p>\n<\/div>\n<\/div>\n\n\n\n<p><\/p>","protected":false},"excerpt":{"rendered":"<p>Bluelakechem'in asit boyalar i\u00e7in \u00f6zel olarak tasarlanm\u0131\u015f tekstilde fiksaj maddesi, naylon ipliklerin, dokuma bantlar\u0131n ve kuma\u015flar\u0131n boyama ve bask\u0131 sonras\u0131 fiksasyonu i\u00e7in idealdir. Uygun maliyetli olmas\u0131n\u0131n yan\u0131 s\u0131ra renk hasl\u0131\u011f\u0131n\u0131n \u00e7e\u015fitli y\u00f6nlerini iyile\u015ftirir.<\/p>\n<p><strong>Model No.<\/strong>23061<\/p>","protected":false},"featured_media":1449,"comment_status":"closed","ping_status":"closed","template":"","meta":{"_acf_changed":false},"material":[28,31,33],"process":[23,25],"product_brand":[],"product_cat":[15],"product_tag":[],"class_list":{"0":"post-1138","1":"product","2":"type-product","3":"status-publish","4":"has-post-thumbnail","6":"material-nylon-agent","7":"material-wool-auxiliary","8":"material-silk-chemicals","9":"process-textile-finishing-chemicals","10":"process-textile-finishing-agent","11":"product_cat-uncategorized","13":"first","14":"instock","15":"shipping-taxable","16":"product-type-simple"},"acf":[],"_links":{"self":[{"href":"https:\/\/www.bluelakechem.com\/tr\/wp-json\/wp\/v2\/product\/1138","targetHints":{"allow":["GET"]}}],"collection":[{"href":"https:\/\/www.bluelakechem.com\/tr\/wp-json\/wp\/v2\/product"}],"about":[{"href":"https:\/\/www.bluelakechem.com\/tr\/wp-json\/wp\/v2\/types\/product"}],"replies":[{"embeddable":true,"href":"https:\/\/www.bluelakechem.com\/tr\/wp-json\/wp\/v2\/comments?post=1138"}],"wp:featuredmedia":[{"embeddable":true,"href":"https:\/\/www.bluelakechem.com\/tr\/wp-json\/wp\/v2\/media\/1449"}],"wp:attachment":[{"href":"https:\/\/www.bluelakechem.com\/tr\/wp-json\/wp\/v2\/media?parent=1138"}],"wp:term":[{"taxonomy":"material","embeddable":true,"href":"https:\/\/www.bluelakechem.com\/tr\/wp-json\/wp\/v2\/material?post=1138"},{"taxonomy":"process","embeddable":true,"href":"https:\/\/www.bluelakechem.com\/tr\/wp-json\/wp\/v2\/process?post=1138"},{"taxonomy":"product_brand","embeddable":true,"href":"https:\/\/www.bluelakechem.com\/tr\/wp-json\/wp\/v2\/product_brand?post=1138"},{"taxonomy":"product_cat","embeddable":true,"href":"https:\/\/www.bluelakechem.com\/tr\/wp-json\/wp\/v2\/product_cat?post=1138"},{"taxonomy":"product_tag","embeddable":true,"href":"https:\/\/www.bluelakechem.com\/tr\/wp-json\/wp\/v2\/product_tag?post=1138"}],"curies":[{"name":"wp","href":"https:\/\/api.w.org\/{rel}","templated":true}]}}