{"id":1249,"date":"2025-01-04T02:30:25","date_gmt":"2025-01-04T02:30:25","guid":{"rendered":"https:\/\/www.bluelakechem.com\/?post_type=product&#038;p=1249"},"modified":"2025-02-22T08:14:48","modified_gmt":"2025-02-22T08:14:48","slug":"silicone-softener","status":"publish","type":"product","link":"https:\/\/www.bluelakechem.com\/tr\/product\/silicone-softener\/","title":{"rendered":"Havlu Pamuk Polyester Kuma\u015f Terbiyesi i\u00e7in Silikon Yumu\u015fat\u0131c\u0131 Tekstil Kimyasallar\u0131"},"content":{"rendered":"<div class=\"wp-block-columns is-layout-flex wp-container-core-columns-is-layout-9d6595d7 wp-block-columns-is-layout-flex\">\n<div class=\"wp-block-column is-layout-flow wp-block-column-is-layout-flow\" style=\"flex-basis:50%\">\n<h2 class=\"wp-block-heading\">Silikon Yumu\u015fat\u0131c\u0131 \u00d6zellikleri:<\/h2>\n\n\n\n<p><strong>M\u00fckemmel yumu\u015fakl\u0131k:<\/strong> Silikon Yumu\u015fat\u0131c\u0131 m\u00fckemmel yumu\u015fakl\u0131k sa\u011flar ve kuma\u015flara daha fazla incelik ve p\u00fcr\u00fczs\u00fczl\u00fck verir.<\/p>\n\n\n\n<p><strong>Artan esneklik:<\/strong> Tekstillerde elastikiyeti etkili bir \u015fekilde geli\u015ftirir, b\u00f6ylece dayan\u0131kl\u0131l\u0131\u011f\u0131 ve k\u0131r\u0131\u015f\u0131kl\u0131k \u00f6nleyici etkileri art\u0131r\u0131r.<\/p>\n\n\n\n<p><strong>Kabar\u0131k bir his verir:<\/strong> Havlu, battaniye ve kabar\u0131k efekt gerektiren di\u011fer tekstil uygulamalar\u0131 i\u00e7in uygundur.<\/p>\n\n\n\n<p><strong>Hidrofilikli\u011fi art\u0131r\u0131r:<\/strong> Silikon Yumu\u015fat\u0131c\u0131, tekstil \u00fcr\u00fcnlerinin hidrofilitesini ve nefes alabilirli\u011fini artt\u0131r\u0131r. \u00d6zellikle havlular, spor giysiler ve y\u00fcksek su emicili\u011fi gerektiren di\u011fer \u00fcr\u00fcnler i\u00e7in uygundur.<\/p>\n\n\n\n<p><strong>G\u00fc\u00e7l\u00fc dayan\u0131kl\u0131l\u0131k:<\/strong> \u0130\u015flem g\u00f6rm\u00fc\u015f kuma\u015flar hem y\u0131kand\u0131ktan sonra hem de uzun s\u00fcreli kullan\u0131m s\u0131ras\u0131nda yumu\u015fak bir tu\u015feye ve m\u00fckemmel kaliteye sahiptir.<\/p>\n\n\n\n<p><strong>Ekolojik ve G\u00fcvenli:<\/strong> Eko-tekstilin t\u00fcm gereksinimlerini kar\u015f\u0131lar ve insan v\u00fccuduna ve \u00e7evreye zarars\u0131zd\u0131r.<\/p>\n\n\n\n<h2 class=\"wp-block-heading\">Silikon Yumu\u015fat\u0131c\u0131 Uygulamalar\u0131:<\/h2>\n\n\n\n<p><strong>Havlular ve Ev Tekstili: <\/strong>Yumu\u015fakl\u0131\u011f\u0131 ve su emilimini art\u0131r\u0131r. Havlu ve yatak tak\u0131mlar\u0131na iyi bir t\u00fcy verir ve kullan\u0131m konforunu art\u0131r\u0131r.<\/p>\n\n\n\n<p><strong>Konfeksiyon Kuma\u015flar\u0131: <\/strong>Pamuk, polyester ve kar\u0131\u015f\u0131ml\u0131 kuma\u015flar i\u00e7in uygundur, yumu\u015fak ve p\u00fcr\u00fczs\u00fcz y\u00fczey hissi ek de\u011feri art\u0131r\u0131r.<\/p>\n\n\n\n<p><strong>\u00d6rme ve Dokuma Kuma\u015flar: <\/strong>Silikon yumu\u015fat\u0131c\u0131, \u00f6rme kuma\u015flar\u0131n d\u00f6k\u00fcml\u00fcl\u00fc\u011f\u00fcn\u00fc ve esnekli\u011fini art\u0131r\u0131r ve ayr\u0131ca dokuma kuma\u015flara yumu\u015fakl\u0131k ve rahatl\u0131k kazand\u0131r\u0131r.<\/p>\n\n\n\n<p><strong>Spor giyim ve fonksiyonel tekstiller:<\/strong> Silikon Yumu\u015fat\u0131c\u0131 nem \u00e7ekme ve \u00e7abuk kuruma \u00f6zelliklerini geli\u015ftirir, b\u00f6ylece fonksiyonel giysiler ve spor giysiler i\u00e7in m\u00fckemmeldir.<\/p>\n\n\n\n<p><strong>Dekoratif Tekstiller:<\/strong> Perde ve koltuk kuma\u015flar\u0131 gibi dekoratif kuma\u015flarda p\u00fcr\u00fczs\u00fczl\u00fc\u011f\u00fc ve g\u00f6rsel etkiyi artt\u0131rmak, dokunu\u015fu ve dokuyu iyile\u015ftirmek i\u00e7in uygulan\u0131r.<\/p>\n<\/div>\n\n\n\n<div class=\"wp-block-column is-layout-flow wp-block-column-is-layout-flow\" style=\"flex-basis:50%\">\n<figure class=\"wp-block-image size-full\"><img decoding=\"async\" width=\"800\" height=\"800\" src=\"https:\/\/www.bluelakechem.com\/wp-content\/uploads\/2025\/01\/Silicone-Softener.webp\" alt=\"Silikon Yumu\u015fat\u0131c\u0131\" class=\"wp-image-1451\" srcset=\"https:\/\/www.bluelakechem.com\/wp-content\/uploads\/2025\/01\/Silicone-Softener.webp 800w, https:\/\/www.bluelakechem.com\/wp-content\/uploads\/2025\/01\/Silicone-Softener-300x300.webp 300w, https:\/\/www.bluelakechem.com\/wp-content\/uploads\/2025\/01\/Silicone-Softener-150x150.webp 150w, https:\/\/www.bluelakechem.com\/wp-content\/uploads\/2025\/01\/Silicone-Softener-768x768.webp 768w, https:\/\/www.bluelakechem.com\/wp-content\/uploads\/2025\/01\/Silicone-Softener-12x12.webp 12w, https:\/\/www.bluelakechem.com\/wp-content\/uploads\/2025\/01\/Silicone-Softener-600x600.webp 600w, https:\/\/www.bluelakechem.com\/wp-content\/uploads\/2025\/01\/Silicone-Softener-100x100.webp 100w\" sizes=\"(max-width: 800px) 100vw, 800px\" \/><\/figure>\n<\/div>\n<\/div>\n\n\n\n<p><\/p>","protected":false},"excerpt":{"rendered":"<p>\u00c7e\u015fitli kuma\u015flar\u0131n, havlular\u0131n, giysilerin ve tekstil \u00fcr\u00fcnlerinin yumu\u015fak apre i\u015flemlerinde kullan\u0131lan \u00e7ok y\u00f6nl\u00fc bir silikon yumu\u015fat\u0131c\u0131d\u0131r. Bu \u00fcr\u00fcn, hidrofilikli\u011fi art\u0131r\u0131rken son derece p\u00fcr\u00fczs\u00fcz, kabar\u0131k bir tutum sa\u011flar ve tekstil \u00fcretiminde \u00fcst\u00fcn kaliteli y\u00fczeyler elde etmek i\u00e7in idealdir.<\/p>\n<p><strong>Model No. <\/strong>35426<\/p>\n<p><img decoding=\"async\" class=\"alignnone size-medium wp-image-1659\" src=\"https:\/\/www.bluelakechem.com\/wp-content\/uploads\/2025\/01\/35426-\u5b9e\u9a8c-\uff08\u53cclogo\uff09-300x300.jpg\" alt=\"\" width=\"300\" height=\"300\" srcset=\"https:\/\/www.bluelakechem.com\/wp-content\/uploads\/2025\/01\/35426-\u5b9e\u9a8c-\uff08\u53cclogo\uff09-300x300.jpg 300w, https:\/\/www.bluelakechem.com\/wp-content\/uploads\/2025\/01\/35426-\u5b9e\u9a8c-\uff08\u53cclogo\uff09-150x150.jpg 150w, https:\/\/www.bluelakechem.com\/wp-content\/uploads\/2025\/01\/35426-\u5b9e\u9a8c-\uff08\u53cclogo\uff09-768x768.jpg 768w, https:\/\/www.bluelakechem.com\/wp-content\/uploads\/2025\/01\/35426-\u5b9e\u9a8c-\uff08\u53cclogo\uff09-12x12.jpg 12w, https:\/\/www.bluelakechem.com\/wp-content\/uploads\/2025\/01\/35426-\u5b9e\u9a8c-\uff08\u53cclogo\uff09-600x600.jpg 600w, https:\/\/www.bluelakechem.com\/wp-content\/uploads\/2025\/01\/35426-\u5b9e\u9a8c-\uff08\u53cclogo\uff09-100x100.jpg 100w, https:\/\/www.bluelakechem.com\/wp-content\/uploads\/2025\/01\/35426-\u5b9e\u9a8c-\uff08\u53cclogo\uff09.jpg 800w\" sizes=\"(max-width: 300px) 100vw, 300px\" \/><\/p>","protected":false},"featured_media":1451,"comment_status":"closed","ping_status":"closed","template":"","meta":{"_acf_changed":false},"material":[26,27,28,29,30,31,32,33,34],"process":[23,42],"product_brand":[],"product_cat":[15],"product_tag":[],"class_list":{"0":"post-1249","1":"product","2":"type-product","3":"status-publish","4":"has-post-thumbnail","6":"material-cotton-agent","7":"material-polyester-chemicals","8":"material-nylon-agent","9":"material-acrylic-chemicals","10":"material-viscose-chemicals","11":"material-wool-auxiliary","12":"material-linen-chemicals","13":"material-silk-chemicals","14":"material-fabric-chemicals","15":"process-textile-finishing-chemicals","16":"process-softener","17":"product_cat-uncategorized","19":"first","20":"instock","21":"shipping-taxable","22":"product-type-simple"},"acf":[],"_links":{"self":[{"href":"https:\/\/www.bluelakechem.com\/tr\/wp-json\/wp\/v2\/product\/1249","targetHints":{"allow":["GET"]}}],"collection":[{"href":"https:\/\/www.bluelakechem.com\/tr\/wp-json\/wp\/v2\/product"}],"about":[{"href":"https:\/\/www.bluelakechem.com\/tr\/wp-json\/wp\/v2\/types\/product"}],"replies":[{"embeddable":true,"href":"https:\/\/www.bluelakechem.com\/tr\/wp-json\/wp\/v2\/comments?post=1249"}],"wp:featuredmedia":[{"embeddable":true,"href":"https:\/\/www.bluelakechem.com\/tr\/wp-json\/wp\/v2\/media\/1451"}],"wp:attachment":[{"href":"https:\/\/www.bluelakechem.com\/tr\/wp-json\/wp\/v2\/media?parent=1249"}],"wp:term":[{"taxonomy":"material","embeddable":true,"href":"https:\/\/www.bluelakechem.com\/tr\/wp-json\/wp\/v2\/material?post=1249"},{"taxonomy":"process","embeddable":true,"href":"https:\/\/www.bluelakechem.com\/tr\/wp-json\/wp\/v2\/process?post=1249"},{"taxonomy":"product_brand","embeddable":true,"href":"https:\/\/www.bluelakechem.com\/tr\/wp-json\/wp\/v2\/product_brand?post=1249"},{"taxonomy":"product_cat","embeddable":true,"href":"https:\/\/www.bluelakechem.com\/tr\/wp-json\/wp\/v2\/product_cat?post=1249"},{"taxonomy":"product_tag","embeddable":true,"href":"https:\/\/www.bluelakechem.com\/tr\/wp-json\/wp\/v2\/product_tag?post=1249"}],"curies":[{"name":"wp","href":"https:\/\/api.w.org\/{rel}","templated":true}]}}