{"id":1477,"date":"2025-01-22T01:27:49","date_gmt":"2025-01-22T01:27:49","guid":{"rendered":"https:\/\/www.bluelakechem.com\/?post_type=product&#038;p=1477"},"modified":"2025-10-20T06:54:07","modified_gmt":"2025-10-20T06:54:07","slug":"wetting-agent-for-textile","status":"publish","type":"product","link":"https:\/\/www.bluelakechem.com\/tr\/product\/wetting-agent-for-textile\/","title":{"rendered":"Tekstil Pamuk Polyester \u00d6n \u0130\u015flemleri i\u00e7in D\u00fc\u015f\u00fck K\u00f6p\u00fckl\u00fc Islat\u0131c\u0131"},"content":{"rendered":"<div class=\"wp-block-columns is-layout-flex wp-container-core-columns-is-layout-9d6595d7 wp-block-columns-is-layout-flex\">\n<div class=\"wp-block-column is-layout-flow wp-block-column-is-layout-flow\" style=\"flex-basis:50%\">\n<h2 class=\"wp-block-heading\">Tekstil i\u00e7in Islat\u0131c\u0131 Tan\u0131m\u0131<\/h2>\n\n\n\n<ul class=\"wp-block-list\">\n<li>11060 esas olarak izomerik alkol polioksietilen eterden olu\u015fur.<\/li>\n\n\n\n<li>\u00c7\u00f6zeltinin y\u00fczeyine y\u00f6nelebilen sabit hidrofilik gruplara ve lipofilik gruplara sahiptir. \u00c7\u00f6zeltinin y\u00fczey gerilimini \u00f6nemli \u00f6l\u00e7\u00fcde azaltabilir ve \u00e7\u00f6zeltinin ge\u00e7irgenli\u011fini art\u0131rabilir.<\/li>\n\n\n\n<li>\u00c7e\u015fitli kuma\u015flar i\u00e7in \u00f6n terbiye i\u015fleminde, boyama i\u015fleminde ve terbiye i\u015fleminde uygulanabilir.<\/li>\n<\/ul>\n\n\n\n<h2 class=\"wp-block-heading\">Tekstil i\u00e7in Islatma Maddesinin \u00d6zellikleri<\/h2>\n\n\n\n<ul class=\"wp-block-list\">\n<li>Biyolojik olarak par\u00e7alanabilir. D\u00fc\u015f\u00fck k\u00f6p\u00fcklenme. \u00c7evre koruma gerekliliklerine uygundur.<\/li>\n\n\n\n<li>M\u00fckemmel \u0131slatma ve em\u00fclsifiye etme fonksiyonu.<\/li>\n\n\n\n<li>\u0130yi stabilite.<\/li>\n\n\n\n<li>\u0130yi uyumluluk. \u00c7e\u015fitli y\u00fczey aktif maddelerle birlikte kullan\u0131labilir.<\/li>\n<\/ul>\n<\/div>\n\n\n\n<div class=\"wp-block-column is-layout-flow wp-block-column-is-layout-flow\" style=\"flex-basis:50%\">\n<figure class=\"wp-block-embed is-type-video is-provider-youtube wp-block-embed-youtube wp-embed-aspect-16-9 wp-has-aspect-ratio\"><div class=\"wp-block-embed__wrapper\">\n<iframe title=\"Maliyetten Tasarruf ve Etkiyi Art\u0131rma----Tekstil Kimyas\u0131nda Islat\u0131c\u0131lar\u0131n Kilit Rol\u00fc#asarruf\" width=\"500\" height=\"281\" src=\"https:\/\/www.youtube.com\/embed\/0yZMtu8RPlA?feature=oembed\" frameborder=\"0\" allow=\"accelerometer; autoplay; clipboard-write; encrypted-media; gyroscope; picture-in-picture; web-share\" referrerpolicy=\"strict-origin-when-cross-origin\" allowfullscreen><\/iframe>\n<\/div><\/figure>\n\n\n\n<h2 class=\"wp-block-heading\">Tekstil i\u00e7in Islat\u0131c\u0131lar\u0131n Tipik \u00d6zellikleri<\/h2>\n\n\n\n<figure class=\"wp-block-table\"><table class=\"has-fixed-layout\"><tbody><tr><td>G\u00f6r\u00fcn\u00fc\u015f:<\/td><td>Renksiz \u015feffaf s\u0131v\u0131<\/td><\/tr><tr><td>\u0130yoniklik:<\/td><td>Noniyonik<\/td><\/tr><tr><td>pH de\u011feri:<\/td><td>7.0\u00b11.0 (1% sulu \u00e7\u00f6zeltisi)<\/td><\/tr><tr><td>\u00c7\u00f6z\u00fcn\u00fcrl\u00fck:<\/td><td>Suda \u00e7\u00f6z\u00fcn\u00fcr<\/td><\/tr><\/tbody><\/table><\/figure>\n\n\n\n<h2 class=\"wp-block-heading\">Tekstil i\u00e7in Islatma Maddesi Talimat\u0131<\/h2>\n\n\n\n<ul class=\"wp-block-list\">\n<li>11060 y\u00fcksek konsantrasyonlu bir \u00fcr\u00fcnd\u00fcr. Yumu\u015fak su ile 1:2~1:3 oran\u0131nda seyreltilerek kullan\u0131lmas\u0131n\u0131 tavsiye ederiz.<\/li>\n\n\n\n<li>Dald\u0131rma i\u015flemi i\u00e7in, seyreltilmi\u015f 11060'\u0131n referans dozaj\u0131: 1~3 g\/L<\/li>\n\n\n\n<li>Dolgu i\u015flemi i\u00e7in, seyreltilmi\u015f 11060'\u0131n referans dozaj\u0131: 5~10 g\/L<\/li>\n<\/ul>\n<\/div>\n<\/div>\n\n\n\n<p><\/p>","protected":false},"excerpt":{"rendered":"<p>Tekstiller i\u00e7in d\u00fc\u015f\u00fck k\u00f6p\u00fcren \u0131slatma maddesi, k\u00f6p\u00fcrmeden her tekstil i\u015fleminde iyi bir \u0131slatma etkisine sahiptir, hatta di\u011fer kimyasallar\u0131n k\u00f6p\u00fcrmesini \u00f6nlemeye yard\u0131mc\u0131 olur ve bask\u0131 ve boyama i\u015fleminde y\u00fcksek verimli bir \u0131slatma maddesi olarak kullan\u0131labilir.<\/p>\n<p><strong>Model No.<\/strong>11060<\/p>","protected":false},"featured_media":1510,"comment_status":"closed","ping_status":"closed","template":"","meta":{"_acf_changed":false},"material":[26,27,28,29,30,31,32,33,34],"process":[17,18],"product_brand":[],"product_cat":[15],"product_tag":[],"class_list":{"0":"post-1477","1":"product","2":"type-product","3":"status-publish","4":"has-post-thumbnail","6":"material-cotton-agent","7":"material-polyester-chemicals","8":"material-nylon-agent","9":"material-acrylic-chemicals","10":"material-viscose-chemicals","11":"material-wool-auxiliary","12":"material-linen-chemicals","13":"material-silk-chemicals","14":"material-fabric-chemicals","15":"process-pretreatment-auxiliaries","16":"process-textile-wetting-agent","17":"product_cat-uncategorized","19":"first","20":"instock","21":"shipping-taxable","22":"product-type-simple"},"acf":[],"_links":{"self":[{"href":"https:\/\/www.bluelakechem.com\/tr\/wp-json\/wp\/v2\/product\/1477","targetHints":{"allow":["GET"]}}],"collection":[{"href":"https:\/\/www.bluelakechem.com\/tr\/wp-json\/wp\/v2\/product"}],"about":[{"href":"https:\/\/www.bluelakechem.com\/tr\/wp-json\/wp\/v2\/types\/product"}],"replies":[{"embeddable":true,"href":"https:\/\/www.bluelakechem.com\/tr\/wp-json\/wp\/v2\/comments?post=1477"}],"wp:featuredmedia":[{"embeddable":true,"href":"https:\/\/www.bluelakechem.com\/tr\/wp-json\/wp\/v2\/media\/1510"}],"wp:attachment":[{"href":"https:\/\/www.bluelakechem.com\/tr\/wp-json\/wp\/v2\/media?parent=1477"}],"wp:term":[{"taxonomy":"material","embeddable":true,"href":"https:\/\/www.bluelakechem.com\/tr\/wp-json\/wp\/v2\/material?post=1477"},{"taxonomy":"process","embeddable":true,"href":"https:\/\/www.bluelakechem.com\/tr\/wp-json\/wp\/v2\/process?post=1477"},{"taxonomy":"product_brand","embeddable":true,"href":"https:\/\/www.bluelakechem.com\/tr\/wp-json\/wp\/v2\/product_brand?post=1477"},{"taxonomy":"product_cat","embeddable":true,"href":"https:\/\/www.bluelakechem.com\/tr\/wp-json\/wp\/v2\/product_cat?post=1477"},{"taxonomy":"product_tag","embeddable":true,"href":"https:\/\/www.bluelakechem.com\/tr\/wp-json\/wp\/v2\/product_tag?post=1477"}],"curies":[{"name":"wp","href":"https:\/\/api.w.org\/{rel}","templated":true}]}}