{"id":1498,"date":"2025-01-22T01:26:25","date_gmt":"2025-01-22T01:26:25","guid":{"rendered":"https:\/\/www.bluelakechem.com\/?post_type=product&#038;p=1498"},"modified":"2025-10-28T09:19:25","modified_gmt":"2025-10-28T09:19:25","slug":"water-proofing-agent-without-fluorinated-textile-auxiliry","status":"publish","type":"product","link":"https:\/\/www.bluelakechem.com\/tr\/product\/water-proofing-agent-without-fluorinated-textile-auxiliry\/","title":{"rendered":"C0 Flor i\u00e7ermeyen Su Yal\u0131t\u0131m Maddesi, Tekstil Terbiye Kimyasallar\u0131"},"content":{"rendered":"<div class=\"wp-block-columns is-layout-flex wp-container-core-columns-is-layout-9d6595d7 wp-block-columns-is-layout-flex\">\n<div class=\"wp-block-column is-layout-flow wp-block-column-is-layout-flow\" style=\"flex-basis:50%\">\n<h2 class=\"wp-block-heading\">Su Yal\u0131t\u0131m Maddesi A\u00e7\u0131klamas\u0131:<\/h2>\n\n\n\n<ul class=\"wp-block-list\">\n<li>44204 waterproofing agent is mainly composed of organic ester derivatives.<\/li>\n\n\n\n<li>Elyaf y\u00fczeyinde \u00e7apraz ba\u011fl\u0131 bir film olu\u015fturduktan sonra, kuma\u015flar\u0131n y\u00fczey gerilimini d\u00fc\u015f\u00fcrebilir, bu da \u00e7e\u015fitli kuma\u015f t\u00fcrlerine su ge\u00e7irmezlik etkisi verir.<\/li>\n<\/ul>\n\n\n\n<h2 class=\"wp-block-heading\">Water Proofing Agent Features:<\/h2>\n\n\n\n<ol class=\"wp-block-list\">\n<li>M\u00fckemmel y\u0131kanabilirlik \u00f6zelli\u011fi ve kuru temizlemeye kar\u015f\u0131 diren\u00e7.<\/li>\n\n\n\n<li>Kuma\u015flara su iticilik ve su ge\u00e7irmezlik \u00f6zelli\u011fi kazand\u0131r\u0131r.<\/li>\n\n\n\n<li>Evde y\u0131kand\u0131ktan ve kurutulduktan sonra su ge\u00e7irmezli\u011fini korur.<\/li>\n<\/ol>\n\n\n\n<figure class=\"wp-block-image size-full\"><img decoding=\"async\" width=\"2256\" height=\"1181\" src=\"https:\/\/www.bluelakechem.com\/wp-content\/uploads\/2025\/01\/Water-Proofing-Agent-44204.webp\" alt=\"Su Yal\u0131t\u0131m Maddesi\" class=\"wp-image-3202\" srcset=\"https:\/\/www.bluelakechem.com\/wp-content\/uploads\/2025\/01\/Water-Proofing-Agent-44204.webp 2256w, https:\/\/www.bluelakechem.com\/wp-content\/uploads\/2025\/01\/Water-Proofing-Agent-44204-300x157.webp 300w, https:\/\/www.bluelakechem.com\/wp-content\/uploads\/2025\/01\/Water-Proofing-Agent-44204-768x402.webp 768w, https:\/\/www.bluelakechem.com\/wp-content\/uploads\/2025\/01\/Water-Proofing-Agent-44204-18x9.webp 18w, https:\/\/www.bluelakechem.com\/wp-content\/uploads\/2025\/01\/Water-Proofing-Agent-44204-1200x628.webp 1200w, https:\/\/www.bluelakechem.com\/wp-content\/uploads\/2025\/01\/Water-Proofing-Agent-44204-600x314.webp 600w\" sizes=\"(max-width: 2256px) 100vw, 2256px\" \/><\/figure>\n<\/div>\n\n\n\n<div class=\"wp-block-column is-layout-flow wp-block-column-is-layout-flow\" style=\"flex-basis:50%\">\n<figure class=\"wp-block-embed is-type-video is-provider-youtube wp-block-embed-youtube wp-embed-aspect-16-9 wp-has-aspect-ratio\"><div class=\"wp-block-embed__wrapper\">\n<iframe title=\"From outdoor jackets to everyday fabrics, How to  want them to stay waterproof #textilechemicals\" width=\"500\" height=\"281\" src=\"https:\/\/www.youtube.com\/embed\/34LQ83vNE1Q?feature=oembed\" frameborder=\"0\" allow=\"accelerometer; autoplay; clipboard-write; encrypted-media; gyroscope; picture-in-picture; web-share\" referrerpolicy=\"strict-origin-when-cross-origin\" allowfullscreen><\/iframe>\n<\/div><\/figure>\n\n\n\n<h2 class=\"wp-block-heading\">Su Yal\u0131t\u0131m Maddesi \u00d6zellikleri:<\/h2>\n\n\n\n<figure class=\"wp-block-table\"><table class=\"has-fixed-layout\"><tbody><tr><td>G\u00f6r\u00fcn\u00fc\u015f:<\/td><td>S\u00fct beyaz\u0131 em\u00fclsiyon<\/td><\/tr><tr><td>\u0130yoniklik:<\/td><td>Katyonik<\/td><\/tr><tr><td>pH de\u011feri:<\/td><td>6,5\u00b11,0 (1% sulu \u00e7\u00f6zeltisi)<\/td><\/tr><tr><td>\u00c7\u00f6z\u00fcn\u00fcrl\u00fck:<\/td><td>Suda \u00e7\u00f6z\u00fcn\u00fcr<\/td><\/tr><\/tbody><\/table><\/figure>\n\n\n\n<h2 class=\"wp-block-heading\">Su Yal\u0131t\u0131m Maddesi Talimat\u0131:<\/h2>\n\n\n\n<p>Dald\u0131rma ve dolgu (Pikap: 60~70%) \u2192 Kurutma ve ayarlama (130~150\u2103\u00d730~60s)<\/p>\n\n\n\n<p>Referans dozaj: 20~50 g\/L<\/p>\n<\/div>\n<\/div>\n\n\n\n<p><\/p>","protected":false},"excerpt":{"rendered":"<p>\u00c7e\u015fitli kuma\u015f t\u00fcrleri i\u00e7in uygun olan flor\u00fcr i\u00e7ermeyen su ge\u00e7irmezlik maddesi, lotus etkisi ile ayn\u0131 su ge\u00e7irmezlik etkisini elde edebilir. tekstil yard\u0131mc\u0131lar\u0131 \u00fcreticisi olarak, su ge\u00e7irmezlik, k\u0131r\u0131\u015f\u0131kl\u0131k \u00f6nleyici, yumu\u015fatma vb. dahil olmak \u00fczere bir dizi y\u00fcksek performansl\u0131 tekstil terbiye yard\u0131mc\u0131lar\u0131 sunuyoruz. Y\u00fcksek kaliteli tekstil su yal\u0131t\u0131m \u00e7\u00f6z\u00fcmleri hakk\u0131nda daha fazla bilgi edinmek i\u00e7in bug\u00fcn bizimle ileti\u015fime ge\u00e7ebilirsiniz!<\/p>\n<p><strong>Model No.<\/strong>44204<\/p>","protected":false},"featured_media":3206,"comment_status":"closed","ping_status":"closed","template":"","meta":{"_acf_changed":false},"material":[26,27,28,29,30,31,32,33,34],"process":[23,25],"product_brand":[],"product_cat":[15],"product_tag":[],"class_list":{"0":"post-1498","1":"product","2":"type-product","3":"status-publish","4":"has-post-thumbnail","6":"material-cotton-agent","7":"material-polyester-chemicals","8":"material-nylon-agent","9":"material-acrylic-chemicals","10":"material-viscose-chemicals","11":"material-wool-auxiliary","12":"material-linen-chemicals","13":"material-silk-chemicals","14":"material-fabric-chemicals","15":"process-textile-finishing-chemicals","16":"process-textile-finishing-agent","17":"product_cat-uncategorized","19":"first","20":"instock","21":"shipping-taxable","22":"product-type-simple"},"acf":[],"_links":{"self":[{"href":"https:\/\/www.bluelakechem.com\/tr\/wp-json\/wp\/v2\/product\/1498","targetHints":{"allow":["GET"]}}],"collection":[{"href":"https:\/\/www.bluelakechem.com\/tr\/wp-json\/wp\/v2\/product"}],"about":[{"href":"https:\/\/www.bluelakechem.com\/tr\/wp-json\/wp\/v2\/types\/product"}],"replies":[{"embeddable":true,"href":"https:\/\/www.bluelakechem.com\/tr\/wp-json\/wp\/v2\/comments?post=1498"}],"wp:featuredmedia":[{"embeddable":true,"href":"https:\/\/www.bluelakechem.com\/tr\/wp-json\/wp\/v2\/media\/3206"}],"wp:attachment":[{"href":"https:\/\/www.bluelakechem.com\/tr\/wp-json\/wp\/v2\/media?parent=1498"}],"wp:term":[{"taxonomy":"material","embeddable":true,"href":"https:\/\/www.bluelakechem.com\/tr\/wp-json\/wp\/v2\/material?post=1498"},{"taxonomy":"process","embeddable":true,"href":"https:\/\/www.bluelakechem.com\/tr\/wp-json\/wp\/v2\/process?post=1498"},{"taxonomy":"product_brand","embeddable":true,"href":"https:\/\/www.bluelakechem.com\/tr\/wp-json\/wp\/v2\/product_brand?post=1498"},{"taxonomy":"product_cat","embeddable":true,"href":"https:\/\/www.bluelakechem.com\/tr\/wp-json\/wp\/v2\/product_cat?post=1498"},{"taxonomy":"product_tag","embeddable":true,"href":"https:\/\/www.bluelakechem.com\/tr\/wp-json\/wp\/v2\/product_tag?post=1498"}],"curies":[{"name":"wp","href":"https:\/\/api.w.org\/{rel}","templated":true}]}}