{"id":1500,"date":"2025-01-21T02:19:07","date_gmt":"2025-01-21T02:19:07","guid":{"rendered":"https:\/\/www.bluelakechem.com\/?post_type=product&#038;p=1500"},"modified":"2025-02-15T10:14:56","modified_gmt":"2025-02-15T10:14:56","slug":"water-repellent-polymer","status":"publish","type":"product","link":"https:\/\/www.bluelakechem.com\/tr\/product\/water-repellent-polymer\/","title":{"rendered":"Su \u0130tici Polimer Ya\u011f \u0130tici Tekstil Terbiye Kimyasallar\u0131"},"content":{"rendered":"<div class=\"wp-block-columns is-layout-flex wp-container-core-columns-is-layout-9d6595d7 wp-block-columns-is-layout-flex\">\n<div class=\"wp-block-column is-layout-flow wp-block-column-is-layout-flow\" style=\"flex-basis:50%\">\n<h2 class=\"wp-block-heading\">Su \u0130tici Polimer A\u00e7\u0131klama<\/h2>\n\n\n\n<ul class=\"wp-block-list\">\n<li>Esas olarak tekstil y\u00fczey i\u015flemi i\u00e7in \u00f6zel olarak tasarlanm\u0131\u015f karbon sekiz (C8) su bazl\u0131 polimerlerden olu\u015fur.<\/li>\n\n\n\n<li>E\u015fsiz molek\u00fcler yap\u0131s\u0131, kuma\u015f liflerine s\u0131k\u0131ca yap\u0131\u015fmas\u0131n\u0131 sa\u011flayarak d\u00fczg\u00fcn ve dayan\u0131kl\u0131 bir koruyucu film olu\u015fturur.<\/li>\n\n\n\n<li>Kimyasal, pamuk, polyester, naylon vb. dahil olmak \u00fczere \u00e7e\u015fitli kuma\u015f t\u00fcrleri i\u00e7in uygundur ve kuma\u015flar\u0131n su ge\u00e7irmez, ya\u011f ge\u00e7irmez ve leke tutmaz \u00f6zelliklerini \u00f6nemli \u00f6l\u00e7\u00fcde art\u0131rabilir.<\/li>\n<\/ul>\n\n\n\n<h2 class=\"wp-block-heading\">Su \u0130tici Polimer \u00d6zellikleri<\/h2>\n\n\n\n<ol class=\"wp-block-list\">\n<li><strong>M\u00fckemmel su ge\u00e7irmez, <\/strong>Ya\u011f ge\u00e7irmez ve leke tutmaz. Su giri\u015fini etkili bir \u015fekilde \u00f6nler, kuma\u015flar\u0131n kuru kalmas\u0131n\u0131 sa\u011flar ve temizlenmesi kolayd\u0131r.<\/li>\n\n\n\n<li><strong>\u00c7e\u015fitli kuma\u015f tipleri i\u00e7in uygundur,<\/strong> do\u011fal ve sentetik elyaflar gibi<\/li>\n\n\n\n<li><strong>Uzun s\u00fcreli koruyucu etki, <\/strong>birden fazla y\u0131kamadan sonra hala iyi su ge\u00e7irmezlik ve ya\u011f ge\u00e7irmezlik performans\u0131n\u0131 koruyabilir.<\/li>\n\n\n\n<li><strong>Kuma\u015f\u0131n hissini etkilemez:<\/strong> i\u015flem g\u00f6rm\u00fc\u015f kuma\u015f orijinal yumu\u015fakl\u0131\u011f\u0131n\u0131 ve nefes alabilirli\u011fini korur.<\/li>\n<\/ol>\n\n\n\n<h2 class=\"wp-block-heading\">Su \u0130tici Talimat\u0131<\/h2>\n\n\n\n<ol class=\"wp-block-list\">\n<li><strong>Genel su ge\u00e7irmezlik bitirme i\u015flemi i\u00e7in<\/strong><br>referans dozaj: 10~20 g\/L.<\/li>\n\n\n\n<li><strong>Dayan\u0131kl\u0131 su ge\u00e7irmezlik, ya\u011f ge\u00e7irmezlik ve kirlenme \u00f6nleyici son i\u015flem i\u00e7in<\/strong><br>Referans 45506 dozu: 30~50 g\/L Referans \u00e7apraz ba\u011flama maddesi dozu: 3~5 g\/L<br>Referans s\u00fcreci: \u0130ki kez dald\u0131rma ve dolgu (Toplama: 60~70%) \u2192 Kurutma ve ayarlama (130~150\u2103\u00d730~60s)<\/li>\n<\/ol>\n<\/div>\n\n\n\n<div class=\"wp-block-column is-layout-flow wp-block-column-is-layout-flow\" style=\"flex-basis:50%\">\n<figure class=\"wp-block-embed is-type-video is-provider-youtube wp-block-embed-youtube wp-embed-aspect-16-9 wp-has-aspect-ratio\"><div class=\"wp-block-embed__wrapper\">\n<iframe title=\"Boya Fabrikas\u0131nda Daha \u0130yi Kuma\u015f Su Yal\u0131t\u0131m\u0131 Nas\u0131l Elde Edilir?  4-5 Seviyelerine Y\u00fckseltme 1TP5Su Yal\u0131t\u0131m\u0131\" width=\"500\" height=\"281\" src=\"https:\/\/www.youtube.com\/embed\/YIKAAnK1AH4?feature=oembed\" frameborder=\"0\" allow=\"accelerometer; autoplay; clipboard-write; encrypted-media; gyroscope; picture-in-picture; web-share\" referrerpolicy=\"strict-origin-when-cross-origin\" allowfullscreen><\/iframe>\n<\/div><\/figure>\n\n\n\n<h2 class=\"wp-block-heading\">Su \u0130tici Polimer \u00d6zellikleri<\/h2>\n\n\n\n<figure class=\"wp-block-table\"><table class=\"has-fixed-layout\"><tbody><tr><td>G\u00f6r\u00fcn\u00fc\u015f:<\/td><td>S\u00fct beyaz\u0131 em\u00fclsiyon<\/td><\/tr><tr><td>\u0130yoniklik:<\/td><td>Anyonik\/ Noniyonik<\/td><\/tr><tr><td>pH de\u011feri:<\/td><td>6,5\u00b11,0 (1% sulu \u00e7\u00f6zeltisi)<\/td><\/tr><tr><td>\u00c7\u00f6z\u00fcn\u00fcrl\u00fck:<\/td><td>Suda \u00e7\u00f6z\u00fcn\u00fcr<\/td><\/tr><\/tbody><\/table><\/figure>\n<\/div>\n<\/div>\n\n\n\n<p><\/p>","protected":false},"excerpt":{"rendered":"<p>Su \u0130tici Polimer (karbon sekiz) her t\u00fcrl\u00fc kuma\u015f i\u00e7in uygundur ve su ge\u00e7irmez, ya\u011f ge\u00e7irmez ve kirlenme \u00f6nleyici apre efektleri elde edebilir.<\/p>\n<p><strong>Model No.<\/strong>45506<\/p>","protected":false},"featured_media":1530,"comment_status":"closed","ping_status":"closed","template":"","meta":{"_acf_changed":false},"material":[26,27,28,29,30,31,32,33,34],"process":[23,25],"product_brand":[],"product_cat":[15],"product_tag":[],"class_list":{"0":"post-1500","1":"product","2":"type-product","3":"status-publish","4":"has-post-thumbnail","6":"material-cotton-agent","7":"material-polyester-chemicals","8":"material-nylon-agent","9":"material-acrylic-chemicals","10":"material-viscose-chemicals","11":"material-wool-auxiliary","12":"material-linen-chemicals","13":"material-silk-chemicals","14":"material-fabric-chemicals","15":"process-textile-finishing-chemicals","16":"process-textile-finishing-agent","17":"product_cat-uncategorized","19":"first","20":"instock","21":"shipping-taxable","22":"product-type-simple"},"acf":[],"_links":{"self":[{"href":"https:\/\/www.bluelakechem.com\/tr\/wp-json\/wp\/v2\/product\/1500","targetHints":{"allow":["GET"]}}],"collection":[{"href":"https:\/\/www.bluelakechem.com\/tr\/wp-json\/wp\/v2\/product"}],"about":[{"href":"https:\/\/www.bluelakechem.com\/tr\/wp-json\/wp\/v2\/types\/product"}],"replies":[{"embeddable":true,"href":"https:\/\/www.bluelakechem.com\/tr\/wp-json\/wp\/v2\/comments?post=1500"}],"wp:featuredmedia":[{"embeddable":true,"href":"https:\/\/www.bluelakechem.com\/tr\/wp-json\/wp\/v2\/media\/1530"}],"wp:attachment":[{"href":"https:\/\/www.bluelakechem.com\/tr\/wp-json\/wp\/v2\/media?parent=1500"}],"wp:term":[{"taxonomy":"material","embeddable":true,"href":"https:\/\/www.bluelakechem.com\/tr\/wp-json\/wp\/v2\/material?post=1500"},{"taxonomy":"process","embeddable":true,"href":"https:\/\/www.bluelakechem.com\/tr\/wp-json\/wp\/v2\/process?post=1500"},{"taxonomy":"product_brand","embeddable":true,"href":"https:\/\/www.bluelakechem.com\/tr\/wp-json\/wp\/v2\/product_brand?post=1500"},{"taxonomy":"product_cat","embeddable":true,"href":"https:\/\/www.bluelakechem.com\/tr\/wp-json\/wp\/v2\/product_cat?post=1500"},{"taxonomy":"product_tag","embeddable":true,"href":"https:\/\/www.bluelakechem.com\/tr\/wp-json\/wp\/v2\/product_tag?post=1500"}],"curies":[{"name":"wp","href":"https:\/\/api.w.org\/{rel}","templated":true}]}}