{"id":1505,"date":"2025-01-22T01:27:27","date_gmt":"2025-01-22T01:27:27","guid":{"rendered":"https:\/\/www.bluelakechem.com\/?post_type=product&#038;p=1505"},"modified":"2025-05-15T05:58:16","modified_gmt":"2025-05-15T05:58:16","slug":"leveling-agent-in-textile","status":"publish","type":"product","link":"https:\/\/www.bluelakechem.com\/tr\/product\/leveling-agent-in-textile\/","title":{"rendered":"Tekstil Boyamada Polyester Y\u00fcksek S\u0131cakl\u0131k Tesviye Maddesi"},"content":{"rendered":"<div class=\"wp-block-columns is-layout-flex wp-container-core-columns-is-layout-9d6595d7 wp-block-columns-is-layout-flex\">\n<div class=\"wp-block-column is-layout-flow wp-block-column-is-layout-flow\">\n<h2 class=\"wp-block-heading\">Tekstilde Tesviye Maddesinin Tan\u0131m\u0131<\/h2>\n\n\n\n<ul class=\"wp-block-list\">\n<li>22119 esas olarak oleat ester t\u00fcrevlerinden olu\u015fur.<\/li>\n\n\n\n<li>Oleat ester t\u00fcrevleri, polyester elyaf i\u00e7in bir afiniteye sahiptir, bu da boyalar\u0131n boyanmas\u0131n\u0131 yava\u015flatmak i\u00e7in polyester elyafla birle\u015febilir ve boyama tesviye amac\u0131na ula\u015fmak i\u00e7in elyaflar\u0131n e\u015fit \u015fekilde boyanmas\u0131n\u0131 sa\u011flar.<\/li>\n\n\n\n<li>Esas olarak polyester elyaf ve polyester kar\u0131\u015f\u0131mlar\u0131 vb. kuma\u015flar i\u00e7in y\u00fcksek s\u0131cakl\u0131k ve y\u00fcksek bas\u0131n\u00e7l\u0131 h\u0131zl\u0131 boyama i\u015fleminde uygulan\u0131r.<\/li>\n<\/ul>\n\n\n\n<h2 class=\"wp-block-heading\">Tekstilde Tesviye Maddesinin \u00d6zellikleri<\/h2>\n\n\n\n<ol class=\"wp-block-list\">\n<li>APEO veya PAH vb. i\u00e7ermez. \u00c7evre koruma gerekliliklerine uygundur.<\/li>\n\n\n\n<li>M\u00fckemmel tesviye performans\u0131. Boyama s\u00fcresini k\u0131saltabilir, \u00fcretim verimlili\u011fini art\u0131rabilir ve enerji tasarrufu sa\u011flayabilir.<\/li>\n\n\n\n<li>G\u00fc\u00e7l\u00fc geciktirme kabiliyeti. \u0130lk boyama oran\u0131n\u0131 etkili bir \u015fekilde azaltabilir ve kar\u0131\u015f\u0131k boyalar\u0131n e\u015fzamanl\u0131 boyanmas\u0131ndan kaynaklanan boyama hatas\u0131 sorunlar\u0131n\u0131 \u00e7\u00f6zebilir.<\/li>\n\n\n\n<li>Son derece d\u00fc\u015f\u00fck k\u00f6p\u00fck. K\u00f6p\u00fck giderici madde eklemeye gerek yoktur. Kuma\u015f \u00fczerindeki silikon lekelerini ve ekipman kirlili\u011fini azalt\u0131r.<\/li>\n\n\n\n<li>Dispersiyon boyalar\u0131n\u0131n uygulama performans\u0131n\u0131, \u00f6zellikle d\u00fc\u015f\u00fck kaliteli boyalar\u0131n kullan\u0131m etkisini art\u0131r\u0131r.<\/li>\n<\/ol>\n<\/div>\n\n\n\n<div class=\"wp-block-column is-layout-flow wp-block-column-is-layout-flow\">\n<figure class=\"wp-block-embed is-type-video is-provider-youtube wp-block-embed-youtube wp-embed-aspect-16-9 wp-has-aspect-ratio\"><div class=\"wp-block-embed__wrapper\">\n<iframe title=\"Polyester kuma\u015f\u0131n boyanmas\u0131 ve bas\u0131lmas\u0131 daha verimli ve daha \u00e7evre dostu hale geliyor.\" width=\"500\" height=\"281\" src=\"https:\/\/www.youtube.com\/embed\/9C8CZhiEKrY?feature=oembed\" frameborder=\"0\" allow=\"accelerometer; autoplay; clipboard-write; encrypted-media; gyroscope; picture-in-picture; web-share\" referrerpolicy=\"strict-origin-when-cross-origin\" allowfullscreen><\/iframe>\n<\/div><\/figure>\n\n\n\n<h2 class=\"wp-block-heading\">Tekstilde Tesviye Maddelerinin Tipik \u00d6zellikleri<\/h2>\n\n\n\n<figure class=\"wp-block-table\"><table class=\"has-fixed-layout\"><tbody><tr><td>G\u00f6r\u00fcn\u00fc\u015f:<\/td><td>A\u00e7\u0131k sar\u0131 s\u0131v\u0131<\/td><\/tr><tr><td>\u0130yoniklik:<\/td><td>Anyonik\/ Noniyonik<\/td><\/tr><tr><td>pH de\u011feri:<\/td><td>6.0\u00b11.0 (1% sulu \u00e7\u00f6zeltisi)<\/td><\/tr><tr><td>\u00c7\u00f6z\u00fcn\u00fcrl\u00fck:<\/td><td>Suda \u00e7\u00f6z\u00fcn\u00fcr<\/td><\/tr><\/tbody><\/table><\/figure>\n\n\n\n<h2 class=\"wp-block-heading\">Tekstilde Tesviye Maddesi Kullan\u0131m\u0131<\/h2>\n\n\n\n<p>Y\u00fcksek konsantrasyonlu bir \u00fcr\u00fcnd\u00fcr. Yumu\u015fak su ile 1:3 oran\u0131nda seyreltip kullanman\u0131z\u0131 tavsiye ederiz.<\/p>\n\n\n\n<p>(Not: Su eklendikten sonra s\u00fct beyaz\u0131 olacakt\u0131r).<\/p>\n\n\n\n<p>Seyreltilmi\u015f 22119'un referans dozu: 0,5~1,0% (o.w.f)<\/p>\n<\/div>\n<\/div>","protected":false},"excerpt":{"rendered":"<p>Polyester i\u00e7in tekstilde y\u00fcksek s\u0131cakl\u0131k ve y\u00fcksek verimli tesviye maddesi, g\u00fc\u00e7l\u00fc geciktirme yetene\u011fi, boyama s\u00fcresini k\u0131saltabilir ve \u00fcretim verimlili\u011fini art\u0131rabilir, d\u00fc\u015f\u00fck kaliteli boyalar\u0131n ve kar\u0131\u015f\u0131k boyalar\u0131n etkisini art\u0131r\u0131r.<\/p>\n<p><strong>Model No.<\/strong>22119<\/p>\n<p><img decoding=\"async\" class=\"alignnone size-medium wp-image-1619\" src=\"https:\/\/www.bluelakechem.com\/wp-content\/uploads\/2025\/01\/22119-300x300.jpg\" alt=\"\" width=\"300\" height=\"300\" srcset=\"https:\/\/www.bluelakechem.com\/wp-content\/uploads\/2025\/01\/22119-300x300.jpg 300w, https:\/\/www.bluelakechem.com\/wp-content\/uploads\/2025\/01\/22119-150x150.jpg 150w, https:\/\/www.bluelakechem.com\/wp-content\/uploads\/2025\/01\/22119-768x768.jpg 768w, https:\/\/www.bluelakechem.com\/wp-content\/uploads\/2025\/01\/22119-12x12.jpg 12w, https:\/\/www.bluelakechem.com\/wp-content\/uploads\/2025\/01\/22119-600x600.jpg 600w, https:\/\/www.bluelakechem.com\/wp-content\/uploads\/2025\/01\/22119-100x100.jpg 100w, https:\/\/www.bluelakechem.com\/wp-content\/uploads\/2025\/01\/22119.jpg 800w\" sizes=\"(max-width: 300px) 100vw, 300px\" \/><\/p>","protected":false},"featured_media":1789,"comment_status":"closed","ping_status":"closed","template":"","meta":{"_acf_changed":false},"material":[27],"process":[20,38],"product_brand":[],"product_cat":[15],"product_tag":[],"class_list":{"0":"post-1505","1":"product","2":"type-product","3":"status-publish","4":"has-post-thumbnail","6":"material-polyester-chemicals","7":"process-dyeing-auxiliaries","8":"process-disperse-leveling-agent","9":"product_cat-uncategorized","11":"first","12":"instock","13":"shipping-taxable","14":"product-type-simple"},"acf":[],"_links":{"self":[{"href":"https:\/\/www.bluelakechem.com\/tr\/wp-json\/wp\/v2\/product\/1505","targetHints":{"allow":["GET"]}}],"collection":[{"href":"https:\/\/www.bluelakechem.com\/tr\/wp-json\/wp\/v2\/product"}],"about":[{"href":"https:\/\/www.bluelakechem.com\/tr\/wp-json\/wp\/v2\/types\/product"}],"replies":[{"embeddable":true,"href":"https:\/\/www.bluelakechem.com\/tr\/wp-json\/wp\/v2\/comments?post=1505"}],"wp:featuredmedia":[{"embeddable":true,"href":"https:\/\/www.bluelakechem.com\/tr\/wp-json\/wp\/v2\/media\/1789"}],"wp:attachment":[{"href":"https:\/\/www.bluelakechem.com\/tr\/wp-json\/wp\/v2\/media?parent=1505"}],"wp:term":[{"taxonomy":"material","embeddable":true,"href":"https:\/\/www.bluelakechem.com\/tr\/wp-json\/wp\/v2\/material?post=1505"},{"taxonomy":"process","embeddable":true,"href":"https:\/\/www.bluelakechem.com\/tr\/wp-json\/wp\/v2\/process?post=1505"},{"taxonomy":"product_brand","embeddable":true,"href":"https:\/\/www.bluelakechem.com\/tr\/wp-json\/wp\/v2\/product_brand?post=1505"},{"taxonomy":"product_cat","embeddable":true,"href":"https:\/\/www.bluelakechem.com\/tr\/wp-json\/wp\/v2\/product_cat?post=1505"},{"taxonomy":"product_tag","embeddable":true,"href":"https:\/\/www.bluelakechem.com\/tr\/wp-json\/wp\/v2\/product_tag?post=1505"}],"curies":[{"name":"wp","href":"https:\/\/api.w.org\/{rel}","templated":true}]}}