{"id":1507,"date":"2025-01-22T01:26:59","date_gmt":"2025-01-22T01:26:59","guid":{"rendered":"https:\/\/www.bluelakechem.com\/?post_type=product&#038;p=1507"},"modified":"2025-03-27T03:04:03","modified_gmt":"2025-03-27T03:04:03","slug":"moisture-wicking-agent","status":"publish","type":"product","link":"https:\/\/www.bluelakechem.com\/tr\/product\/moisture-wicking-agent\/","title":{"rendered":"Nem Esneklik Maddesi Hidrofilik Polyester Kaplama"},"content":{"rendered":"<div class=\"wp-block-columns is-layout-flex wp-container-core-columns-is-layout-9d6595d7 wp-block-columns-is-layout-flex\">\n<div class=\"wp-block-column is-layout-flow wp-block-column-is-layout-flow\" style=\"flex-basis:50%\">\n<h2 class=\"wp-block-heading\">Nem Esneklik Maddesinin Tan\u0131m\u0131<\/h2>\n\n\n\n<ul class=\"wp-block-list\">\n<li>35072-10 esas olarak y\u00fcksek molek\u00fcll\u00fc bile\u015fiklerden olu\u015fur.<\/li>\n\n\n\n<li><strong>Geli\u015ftirilmi\u015f kurutma etkisi: <\/strong>Nem Esneklik Maddesi nem emilimini art\u0131rabilir ve kurutma etkisini yakla\u015f\u0131k 2 seviye iyile\u015ftirebilir. Terin ciltten kuma\u015f y\u00fczeyine transferini etkili bir \u015fekilde h\u0131zland\u0131rabilir ve kullan\u0131c\u0131y\u0131 kuru tutabilir.<\/li>\n\n\n\n<li><strong>Statik eliminasyon: <\/strong>\u00dcr\u00fcn statik elektri\u011fi ortadan kald\u0131rabilir ve statik elektri\u011fin konfor ve g\u00f6r\u00fcn\u00fcm \u00fczerindeki etkisini \u00f6nleyebilir. \u00d6zellikle y\u00fcksek konfor ve stabilite gerektiren spor giyim ve g\u00fcndelik giyim gibi kuma\u015flar i\u00e7in uygundur.<\/li>\n\n\n\n<li><strong>\u00c7e\u015fitli kuma\u015flara uygulanabilir:<\/strong> Bu \u00fcr\u00fcn \u00f6zellikle polyester ve naylon gibi sentetik elyaflar i\u00e7in uygundur ve genel performans\u0131 art\u0131rmak i\u00e7in bu kuma\u015flar \u00fczerinde etkili bir \u015fekilde \u00e7al\u0131\u015fabilir.<\/li>\n\n\n\n<li><strong>Geli\u015ftirilmi\u015f kuma\u015f nem emilimi ve terleme etkisi:<\/strong> Nem Esneklik Maddesi kullan\u0131ld\u0131ktan sonra, kuma\u015f daha y\u00fcksek bir nem emme ve terleme verimlili\u011fine sahip olur, bu da spor giyim ve profesyonel spor ekipmanlar\u0131 gibi m\u00fc\u015fteriler i\u00e7in daha iyi bir kullan\u0131m deneyimi sa\u011flayabilir.<\/li>\n\n\n\n<li><strong>Pazar cazibesini art\u0131r\u0131n: <\/strong>M\u00fckemmel i\u015flevselli\u011fi nedeniyle \u00fcr\u00fcn, spor giyim pazar\u0131nda daha fazla m\u00fc\u015fteri \u00e7ekmek, kuma\u015flar\u0131n konforunu ve i\u015flevselli\u011fini art\u0131rmak ve modern t\u00fcketicilerin spor giyim i\u00e7in y\u00fcksek gereksinimlerini kar\u015f\u0131lamak i\u00e7in uygundur.<\/li>\n<\/ul>\n<\/div>\n\n\n\n<div class=\"wp-block-column is-layout-flow wp-block-column-is-layout-flow\" style=\"flex-basis:50%\">\n<figure class=\"wp-block-embed is-type-video is-provider-youtube wp-block-embed-youtube wp-embed-aspect-16-9 wp-has-aspect-ratio\"><div class=\"wp-block-embed__wrapper\">\n<iframe title=\"Yazl\u0131k kuma\u015f deste\u011fi! Nem emilimi 2 seviye iyile\u015ftirildi, anti-statik y\u00fckseltme#ekstil kimyasallar\u0131\" width=\"500\" height=\"281\" src=\"https:\/\/www.youtube.com\/embed\/HhawBdMRDwA?feature=oembed\" frameborder=\"0\" allow=\"accelerometer; autoplay; clipboard-write; encrypted-media; gyroscope; picture-in-picture; web-share\" referrerpolicy=\"strict-origin-when-cross-origin\" allowfullscreen><\/iframe>\n<\/div><\/figure>\n\n\n\n<h2 class=\"wp-block-heading\">Nem Esneklik Maddesinin Tipik \u00d6zellikleri<\/h2>\n\n\n\n<figure class=\"wp-block-table\"><table class=\"has-fixed-layout\"><tbody><tr><td>G\u00f6r\u00fcn\u00fc\u015f:<\/td><td>A\u00e7\u0131k sar\u0131 bulan\u0131k s\u0131v\u0131<\/td><\/tr><tr><td>\u0130yoniklik:<\/td><td>Noniyonik<\/td><\/tr><tr><td>pH de\u011feri:<\/td><td>6.0\u00b11.0 (1% sulu \u00e7\u00f6zeltisi)<\/td><\/tr><tr><td>\u00c7\u00f6z\u00fcn\u00fcrl\u00fck:<\/td><td>Suda \u00e7\u00f6z\u00fcn\u00fcr<\/td><\/tr><\/tbody><\/table><\/figure>\n\n\n\n<h2 class=\"wp-block-heading\">Nem Emici Ajan Talimat\u0131<\/h2>\n\n\n\n<p>Dald\u0131rma i\u015flemi i\u00e7in referans dozaj: 0,5~1% (o.w.f).<\/p>\n\n\n\n<p>\u00d6zel dozaj i\u00e7in, l\u00fctfen kuma\u015flara ve m\u00fc\u015fteri gereksinimlerine g\u00f6re ayarlay\u0131n.<\/p>\n<\/div>\n<\/div>\n\n\n\n<p><\/p>","protected":false},"excerpt":{"rendered":"<p>Nem Emici Ajan, kurutucu etkisini yakla\u015f\u0131k 2 seviye art\u0131r\u0131r, statik elektri\u011fi ortadan kald\u0131rabilir ve polyester ve naylon i\u00e7in uygundur. Kullan\u0131mdan sonra, nem emici madde verimlili\u011fi daha y\u00fcksektir ve kuma\u015f daha fazla spor giyim m\u00fc\u015fterisi \u00e7eker.<\/p>\n<p><strong>Model No.<\/strong>35072<\/p>","protected":false},"featured_media":1791,"comment_status":"closed","ping_status":"closed","template":"","meta":{"_acf_changed":false},"material":[27],"process":[20,22,23,25],"product_brand":[],"product_cat":[15],"product_tag":[],"class_list":{"0":"post-1507","1":"product","2":"type-product","3":"status-publish","4":"has-post-thumbnail","6":"material-polyester-chemicals","7":"process-dyeing-auxiliaries","8":"process-anti-creasing-agent","9":"process-textile-finishing-chemicals","10":"process-textile-finishing-agent","11":"product_cat-uncategorized","13":"first","14":"instock","15":"shipping-taxable","16":"product-type-simple"},"acf":[],"_links":{"self":[{"href":"https:\/\/www.bluelakechem.com\/tr\/wp-json\/wp\/v2\/product\/1507","targetHints":{"allow":["GET"]}}],"collection":[{"href":"https:\/\/www.bluelakechem.com\/tr\/wp-json\/wp\/v2\/product"}],"about":[{"href":"https:\/\/www.bluelakechem.com\/tr\/wp-json\/wp\/v2\/types\/product"}],"replies":[{"embeddable":true,"href":"https:\/\/www.bluelakechem.com\/tr\/wp-json\/wp\/v2\/comments?post=1507"}],"wp:featuredmedia":[{"embeddable":true,"href":"https:\/\/www.bluelakechem.com\/tr\/wp-json\/wp\/v2\/media\/1791"}],"wp:attachment":[{"href":"https:\/\/www.bluelakechem.com\/tr\/wp-json\/wp\/v2\/media?parent=1507"}],"wp:term":[{"taxonomy":"material","embeddable":true,"href":"https:\/\/www.bluelakechem.com\/tr\/wp-json\/wp\/v2\/material?post=1507"},{"taxonomy":"process","embeddable":true,"href":"https:\/\/www.bluelakechem.com\/tr\/wp-json\/wp\/v2\/process?post=1507"},{"taxonomy":"product_brand","embeddable":true,"href":"https:\/\/www.bluelakechem.com\/tr\/wp-json\/wp\/v2\/product_brand?post=1507"},{"taxonomy":"product_cat","embeddable":true,"href":"https:\/\/www.bluelakechem.com\/tr\/wp-json\/wp\/v2\/product_cat?post=1507"},{"taxonomy":"product_tag","embeddable":true,"href":"https:\/\/www.bluelakechem.com\/tr\/wp-json\/wp\/v2\/product_tag?post=1507"}],"curies":[{"name":"wp","href":"https:\/\/api.w.org\/{rel}","templated":true}]}}