{"id":1558,"date":"2025-01-22T01:25:35","date_gmt":"2025-01-22T01:25:35","guid":{"rendered":"https:\/\/www.bluelakechem.com\/?post_type=product&#038;p=1558"},"modified":"2025-05-20T06:03:45","modified_gmt":"2025-05-20T06:03:45","slug":"block-silicone-oil-ultra-soft-fluffy-for-chemical-fibers-best-for-polyester-nylon","status":"publish","type":"product","link":"https:\/\/www.bluelakechem.com\/tr\/product\/block-silicone-oil-ultra-soft-fluffy-for-chemical-fibers-best-for-polyester-nylon\/","title":{"rendered":"Polyester, Naylon Son \u0130\u015flem i\u00e7in Blok Silikon Ya\u011f\u0131 Ultra Yumu\u015fak Yumu\u015fak"},"content":{"rendered":"<div class=\"wp-block-columns is-layout-flex wp-container-core-columns-is-layout-9d6595d7 wp-block-columns-is-layout-flex\">\n<div class=\"wp-block-column is-layout-flow wp-block-column-is-layout-flow\" style=\"flex-basis:50%\">\n<h2 class=\"wp-block-heading\">Blok Silikon Ya\u011f\u0131 A\u00e7\u0131klama:<\/h2>\n\n\n\n<ul class=\"wp-block-list\">\n<li>76388 Blok Silikon Ya\u011f\u0131, \u00f6zel dallanm\u0131\u015f zincir yap\u0131s\u0131na sahip blok silikon mikroem\u00fclsiyonudur.<\/li>\n\n\n\n<li>Kuma\u015flar\u0131 yumu\u015fak, kabar\u0131k, p\u00fcr\u00fczs\u00fcz ve zarif hale getiren pamuk, CVC, polyester \/ pamuk, naylon \/ pamuk, polyester ve naylon vb. kuma\u015flar i\u00e7in terbiye i\u015fleminde uygulanabilir.<\/li>\n<\/ul>\n\n\n\n<h2 class=\"wp-block-heading\">Blok Silikon Ya\u011f\u0131 \u00d6zellikler:<\/h2>\n\n\n\n<ol class=\"wp-block-list\">\n<li>APEO veya yasaklanm\u0131\u015f kimyasal maddeler i\u00e7ermez. \u00c7evre koruma gerekliliklerine uygundur. Avrupa Birli\u011fi standard\u0131 Otex-100 ile uyumludur.<\/li>\n\n\n\n<li>Kuma\u015flara m\u00fckemmel yumu\u015fak, p\u00fcr\u00fczs\u00fcz ve kabar\u0131k el hissi verir.<\/li>\n\n\n\n<li>D\u00fc\u015f\u00fck sararma ve d\u00fc\u015f\u00fck g\u00f6lge de\u011fi\u015fimi.<\/li>\n\n\n\n<li>\u0130yi ribaund esnekli\u011fi.<\/li>\n\n\n\n<li>Parlakl\u0131\u011f\u0131 iyi.<\/li>\n\n\n\n<li>Y\u00fcksek stabilite.<\/li>\n\n\n\n<li>\u00c7e\u015fitli tekstil t\u00fcrlerine kar\u015f\u0131 iyi bir yak\u0131nl\u0131\u011f\u0131 vard\u0131r.<\/li>\n\n\n\n<li>Dald\u0131rma i\u015flemi i\u00e7in uygundur.<\/li>\n\n\n\n<li>\u00c7ok k\u00fc\u00e7\u00fck bir dozaj m\u00fckemmel etkiler sa\u011flayabilir.<\/li>\n<\/ol>\n\n\n\n<h2 class=\"wp-block-heading\">Blok Silikon Ya\u011f\u0131 \u00d6zellikleri:<\/h2>\n\n\n\n<figure class=\"wp-block-table\"><table class=\"has-fixed-layout\"><tbody><tr><td>G\u00f6r\u00fcn\u00fc\u015f:<\/td><td>\u015eeffaf s\u0131v\u0131<\/td><\/tr><tr><td>\u0130yoniklik:<\/td><td>Zay\u0131f katyonik<\/td><\/tr><tr><td>pH de\u011feri:<\/td><td>5.0~7.0 (1% sulu \u00e7\u00f6zeltisi)<\/td><\/tr><tr><td>\u00c7\u00f6z\u00fcn\u00fcrl\u00fck:<\/td><td>Suda \u00e7\u00f6z\u00fcn\u00fcr<\/td><\/tr><\/tbody><\/table><\/figure>\n\n\n\n<h2 class=\"wp-block-heading\">Blok Silikon Ya\u011f\u0131 Talimat\u0131\uff1a<\/h2>\n\n\n\n<p>Dald\u0131rma \u0130\u015flemi:<\/p>\n\n\n\n<ul class=\"wp-block-list\">\n<li>Referans dozaj: 1.0~3.0% (o.w.f)<strong><\/strong><\/li>\n\n\n\n<li>Banyo oran\u0131: 1:20<strong><\/strong><\/li>\n\n\n\n<li>\u0130\u015flem: 40~50\u2103\u00d710~20 dakika \u2192 Susuzla\u015ft\u0131rma \u2192 Kurutma (100~120\u2103)<\/li>\n<\/ul>\n<\/div>\n\n\n\n<div class=\"wp-block-column is-layout-flow wp-block-column-is-layout-flow\" style=\"flex-basis:50%\">\n<figure class=\"wp-block-image size-full\"><img decoding=\"async\" width=\"1080\" height=\"1920\" src=\"https:\/\/www.bluelakechem.com\/wp-content\/uploads\/2025\/01\/Block-Silicone-Oil-76388.webp\" alt=\"Blok Silikon Ya\u011f\u0131\" class=\"wp-image-2178\" srcset=\"https:\/\/www.bluelakechem.com\/wp-content\/uploads\/2025\/01\/Block-Silicone-Oil-76388.webp 1080w, https:\/\/www.bluelakechem.com\/wp-content\/uploads\/2025\/01\/Block-Silicone-Oil-76388-169x300.webp 169w, https:\/\/www.bluelakechem.com\/wp-content\/uploads\/2025\/01\/Block-Silicone-Oil-76388-768x1365.webp 768w, https:\/\/www.bluelakechem.com\/wp-content\/uploads\/2025\/01\/Block-Silicone-Oil-76388-7x12.webp 7w, https:\/\/www.bluelakechem.com\/wp-content\/uploads\/2025\/01\/Block-Silicone-Oil-76388-600x1067.webp 600w\" sizes=\"(max-width: 1080px) 100vw, 1080px\" \/><\/figure>\n\n\n\n<h2 class=\"wp-block-heading\"><\/h2>\n<\/div>\n<\/div>","protected":false},"excerpt":{"rendered":"<p>Blok silikon ya\u011f\u0131, kimyasal elyaflara ultra yumu\u015fak ve kabar\u0131k el hissi verir ve piyasadaki di\u011fer silikon ya\u011flar\u0131na k\u0131yasla ayn\u0131 dozajda polyester ve naylon \u00fczerinde en ola\u011fan\u00fcst\u00fc yumu\u015fak ve kabar\u0131k etkiye sahiptir.<\/p>\n<p><strong>Model No.<\/strong>76388<\/p>","protected":false},"featured_media":1793,"comment_status":"closed","ping_status":"closed","template":"","meta":{"_acf_changed":false},"material":[27,28],"process":[23,42,24],"product_brand":[],"product_cat":[15],"product_tag":[],"class_list":{"0":"post-1558","1":"product","2":"type-product","3":"status-publish","4":"has-post-thumbnail","6":"material-polyester-chemicals","7":"material-nylon-agent","8":"process-textile-finishing-chemicals","9":"process-softener","10":"process-silicone-oil","11":"product_cat-uncategorized","13":"first","14":"instock","15":"shipping-taxable","16":"product-type-simple"},"acf":[],"_links":{"self":[{"href":"https:\/\/www.bluelakechem.com\/tr\/wp-json\/wp\/v2\/product\/1558","targetHints":{"allow":["GET"]}}],"collection":[{"href":"https:\/\/www.bluelakechem.com\/tr\/wp-json\/wp\/v2\/product"}],"about":[{"href":"https:\/\/www.bluelakechem.com\/tr\/wp-json\/wp\/v2\/types\/product"}],"replies":[{"embeddable":true,"href":"https:\/\/www.bluelakechem.com\/tr\/wp-json\/wp\/v2\/comments?post=1558"}],"wp:featuredmedia":[{"embeddable":true,"href":"https:\/\/www.bluelakechem.com\/tr\/wp-json\/wp\/v2\/media\/1793"}],"wp:attachment":[{"href":"https:\/\/www.bluelakechem.com\/tr\/wp-json\/wp\/v2\/media?parent=1558"}],"wp:term":[{"taxonomy":"material","embeddable":true,"href":"https:\/\/www.bluelakechem.com\/tr\/wp-json\/wp\/v2\/material?post=1558"},{"taxonomy":"process","embeddable":true,"href":"https:\/\/www.bluelakechem.com\/tr\/wp-json\/wp\/v2\/process?post=1558"},{"taxonomy":"product_brand","embeddable":true,"href":"https:\/\/www.bluelakechem.com\/tr\/wp-json\/wp\/v2\/product_brand?post=1558"},{"taxonomy":"product_cat","embeddable":true,"href":"https:\/\/www.bluelakechem.com\/tr\/wp-json\/wp\/v2\/product_cat?post=1558"},{"taxonomy":"product_tag","embeddable":true,"href":"https:\/\/www.bluelakechem.com\/tr\/wp-json\/wp\/v2\/product_tag?post=1558"}],"curies":[{"name":"wp","href":"https:\/\/api.w.org\/{rel}","templated":true}]}}