{"id":1559,"date":"2025-01-22T01:25:11","date_gmt":"2025-01-22T01:25:11","guid":{"rendered":"https:\/\/www.bluelakechem.com\/?post_type=product&#038;p=1559"},"modified":"2025-03-27T03:07:49","modified_gmt":"2025-03-27T03:07:49","slug":"anti-uv-finishing-agent-upf-50-washable-for-outdoor-textiles","status":"publish","type":"product","link":"https:\/\/www.bluelakechem.com\/tr\/product\/anti-uv-finishing-agent-upf-50-washable-for-outdoor-textiles\/","title":{"rendered":"Tekstilde UV Koruma Apresi, Kuma\u015f i\u00e7in UV Diren\u00e7li Kimyasallar"},"content":{"rendered":"<div class=\"wp-block-columns is-layout-flex wp-container-core-columns-is-layout-9d6595d7 wp-block-columns-is-layout-flex\">\n<div class=\"wp-block-column is-layout-flow wp-block-column-is-layout-flow\" style=\"flex-basis:50%\">\n<h2 class=\"wp-block-heading\">Tekstilde UV Koruma Apresinin Tan\u0131m\u0131:<\/h2>\n\n\n\n<ul class=\"wp-block-list\">\n<li>44509 UV Koruma Son Kat Maddesi esas olarak \u00f6zel organik bile\u015fiklerden olu\u015fur.<\/li>\n\n\n\n<li>Pamuk, naylon ve kar\u0131\u015f\u0131mlar\u0131n\u0131n kuma\u015flar\u0131 i\u00e7in ultraviyole kar\u015f\u0131t\u0131 terbiye i\u015fleminde uygulanabilir, bu da UV'nin kuma\u015fa n\u00fcfuz etme oran\u0131n\u0131 \u00f6nemli \u00f6l\u00e7\u00fcde azaltabilir ve UPF'yi 50+'ya \u00e7\u0131karabilir.<\/li>\n<\/ul>\n\n\n\n<h2 class=\"wp-block-heading\">Tekstilde UV Koruma Apresinin \u00d6zellikleri:<\/h2>\n\n\n\n<ol class=\"wp-block-list\">\n<li>280~320nm UV'yi m\u00fckemmel emme kapasitesine sahiptir. UV n\u00fcfuzunu azaltabilir ve kuma\u015flar\u0131n koruyucu performans\u0131n\u0131 art\u0131rabilir.<\/li>\n\n\n\n<li>Kesin y\u0131kanabilirli\u011fe sahiptir. Kal\u0131c\u0131 anti-ultraviyole etkilere sahiptir.<\/li>\n\n\n\n<li>Kuma\u015flar\u0131n tutumunu etkilemez.<\/li>\n\n\n\n<li>Renk tonu ve beyazl\u0131k \u00fczerinde son derece az etkisi vard\u0131r.<\/li>\n\n\n\n<li>Ayr\u0131 ayr\u0131 kullan\u0131labilece\u011fi gibi reaktif boyalar veya asit boyalar ile ayn\u0131 banyoda kullan\u0131labilir.<\/li>\n<\/ol>\n\n\n\n<h2 class=\"wp-block-heading\">Tekstilde UV Koruma Apresi Talimat\u0131:<\/h2>\n\n\n\n<p><strong>1. Dolgu i\u015flemi i\u00e7in<\/strong><\/p>\n\n\n\n<ul class=\"wp-block-list\">\n<li><strong>Referans dozaj: <\/strong>20~50 g\/L<\/li>\n\n\n\n<li>Dald\u0131rma ve dolgu \u2192 Kurutma \u2192 Ayarlama<\/li>\n<\/ul>\n\n\n\n<p><strong>2. Dald\u0131rma i\u015flemi i\u00e7in<\/strong><\/p>\n\n\n\n<ul class=\"wp-block-list\">\n<li><strong>Referans dozaj:<\/strong> 2.0~5.0% (o.w.f)<\/li>\n\n\n\n<li><strong>Banyo oran\u0131: <\/strong>1:5~10<\/li>\n\n\n\n<li>40~50\u2103 \u00d7 20~30 dakika \u2192 Susuzla\u015ft\u0131rma \u2192 Kurutma \u2192 Ayar<\/li>\n\n\n\n<li>Dald\u0131rma i\u015fleminde, m\u00fckemmel bir boya al\u0131m\u0131 ve sabitleme oran\u0131na sahiptir.<\/li>\n<\/ul>\n<\/div>\n\n\n\n<div class=\"wp-block-column is-layout-flow wp-block-column-is-layout-flow\" style=\"flex-basis:50%\">\n<figure class=\"wp-block-embed is-type-video is-provider-youtube wp-block-embed-youtube wp-embed-aspect-16-9 wp-has-aspect-ratio\"><div class=\"wp-block-embed__wrapper\">\n<iframe title=\"G\u00fcne\u015ften koruyucu giysiler nas\u0131l \u00e7al\u0131\u015f\u0131r? #g\u00fcne\u015ften korunma #k\u0131yafetler\" width=\"500\" height=\"281\" src=\"https:\/\/www.youtube.com\/embed\/87V3RfZPers?feature=oembed\" frameborder=\"0\" allow=\"accelerometer; autoplay; clipboard-write; encrypted-media; gyroscope; picture-in-picture; web-share\" referrerpolicy=\"strict-origin-when-cross-origin\" allowfullscreen><\/iframe>\n<\/div><\/figure>\n\n\n\n<h2 class=\"wp-block-heading\">Tekstilde UV Koruma Apresinin \u00d6zellikleri:<\/h2>\n\n\n\n<figure class=\"wp-block-table\"><table class=\"has-fixed-layout\"><tbody><tr><td>G\u00f6r\u00fcn\u00fc\u015f:<\/td><td>A\u00e7\u0131k sar\u0131 ila kahverengi s\u0131v\u0131<\/td><\/tr><tr><td>\u0130yoniklik:<\/td><td>Anyonik<\/td><\/tr><tr><td>pH de\u011feri:<\/td><td>&#8212;&#8212;&#8211;<\/td><\/tr><tr><td>\u00c7\u00f6z\u00fcn\u00fcrl\u00fck:<\/td><td>Suda \u00e7\u00f6z\u00fcn\u00fcr<\/td><\/tr><\/tbody><\/table><\/figure>\n<\/div>\n<\/div>","protected":false},"excerpt":{"rendered":"<p>Tekstilde UV Koruma Apresi, belirli kuma\u015flar\u0131n UPF de\u011ferini 50+'ya kadar y\u00fckseltir ve 20 y\u0131kamadan sonra bile anti-ultraviyole \u00f6zelliklerini koruyarak \u00e7oklu y\u0131kamalar boyunca s\u00fcren dayan\u0131kl\u0131 koruma sunar. Bu apre, \u00e7ok \u00e7e\u015fitli d\u0131\u015f mekan g\u00fcne\u015f koruyucu tekstilleri i\u00e7in idealdir.<\/p>\n<p><strong>Model No.<\/strong>44509<\/p>","protected":false},"featured_media":1794,"comment_status":"closed","ping_status":"closed","template":"","meta":{"_acf_changed":false},"material":[26,27,28,29,30,31,32,33,34],"process":[23,25],"product_brand":[],"product_cat":[15],"product_tag":[],"class_list":{"0":"post-1559","1":"product","2":"type-product","3":"status-publish","4":"has-post-thumbnail","6":"material-cotton-agent","7":"material-polyester-chemicals","8":"material-nylon-agent","9":"material-acrylic-chemicals","10":"material-viscose-chemicals","11":"material-wool-auxiliary","12":"material-linen-chemicals","13":"material-silk-chemicals","14":"material-fabric-chemicals","15":"process-textile-finishing-chemicals","16":"process-textile-finishing-agent","17":"product_cat-uncategorized","19":"first","20":"instock","21":"shipping-taxable","22":"product-type-simple"},"acf":[],"_links":{"self":[{"href":"https:\/\/www.bluelakechem.com\/tr\/wp-json\/wp\/v2\/product\/1559","targetHints":{"allow":["GET"]}}],"collection":[{"href":"https:\/\/www.bluelakechem.com\/tr\/wp-json\/wp\/v2\/product"}],"about":[{"href":"https:\/\/www.bluelakechem.com\/tr\/wp-json\/wp\/v2\/types\/product"}],"replies":[{"embeddable":true,"href":"https:\/\/www.bluelakechem.com\/tr\/wp-json\/wp\/v2\/comments?post=1559"}],"wp:featuredmedia":[{"embeddable":true,"href":"https:\/\/www.bluelakechem.com\/tr\/wp-json\/wp\/v2\/media\/1794"}],"wp:attachment":[{"href":"https:\/\/www.bluelakechem.com\/tr\/wp-json\/wp\/v2\/media?parent=1559"}],"wp:term":[{"taxonomy":"material","embeddable":true,"href":"https:\/\/www.bluelakechem.com\/tr\/wp-json\/wp\/v2\/material?post=1559"},{"taxonomy":"process","embeddable":true,"href":"https:\/\/www.bluelakechem.com\/tr\/wp-json\/wp\/v2\/process?post=1559"},{"taxonomy":"product_brand","embeddable":true,"href":"https:\/\/www.bluelakechem.com\/tr\/wp-json\/wp\/v2\/product_brand?post=1559"},{"taxonomy":"product_cat","embeddable":true,"href":"https:\/\/www.bluelakechem.com\/tr\/wp-json\/wp\/v2\/product_cat?post=1559"},{"taxonomy":"product_tag","embeddable":true,"href":"https:\/\/www.bluelakechem.com\/tr\/wp-json\/wp\/v2\/product_tag?post=1559"}],"curies":[{"name":"wp","href":"https:\/\/api.w.org\/{rel}","templated":true}]}}