{"id":1565,"date":"2025-01-22T01:24:36","date_gmt":"2025-01-22T01:24:36","guid":{"rendered":"https:\/\/www.bluelakechem.com\/?post_type=product&#038;p=1565"},"modified":"2025-03-27T03:17:46","modified_gmt":"2025-03-27T03:17:46","slug":"coolcore-finishing-agent-boost-fabric-coolness-compat-with-perfume-mint","status":"publish","type":"product","link":"https:\/\/www.bluelakechem.com\/tr\/product\/coolcore-finishing-agent-boost-fabric-coolness-compat-with-perfume-mint\/","title":{"rendered":"Cool Kuma\u015f Terbiye Kimyasallar\u0131, Parf\u00fcml\u00fc Naneli Tekstil Terbiye Maddesi"},"content":{"rendered":"<div class=\"wp-block-columns is-layout-flex wp-container-core-columns-is-layout-9d6595d7 wp-block-columns-is-layout-flex\">\n<div class=\"wp-block-column is-layout-flow wp-block-column-is-layout-flow\" style=\"flex-basis:50%\">\n<h2 class=\"wp-block-heading\">Cool Kuma\u015f Terbiye Kimyasallar\u0131 A\u00e7\u0131klama:<\/h2>\n\n\n\n<ul class=\"wp-block-list\">\n<li>YK-700B Cool Kuma\u015f Terbiye Kimyasallar\u0131, \u00e7e\u015fitli do\u011fal coolcore esanslar\u0131ndan yap\u0131l\u0131r.<\/li>\n\n\n\n<li>Pamuk, Rayon, polyester, naylon ve bunlar\u0131n kar\u0131\u015f\u0131mlar\u0131ndan olu\u015fan \u00e7e\u015fitli kuma\u015flar i\u00e7in so\u011fuk terbiye i\u015fleminde uygulanabilir, bu da kuma\u015flara m\u00fckemmel dokunma serinli\u011fi etkisi verebilir.<\/li>\n<\/ul>\n\n\n\n<h2 class=\"wp-block-heading\">Cool Kuma\u015f Terbiye Kimyasallar\u0131 \u00d6zellikler:<\/h2>\n\n\n\n<ol class=\"wp-block-list\">\n<li>M\u00fckemmel, sert ve haval\u0131 bir efekt.<\/li>\n\n\n\n<li>Kuma\u015flara yumu\u015fak tutu\u015f ve iyi su emme kapasitesi kazand\u0131r\u0131r.<\/li>\n\n\n\n<li>Son derece d\u00fc\u015f\u00fck sararma. Son derece d\u00fc\u015f\u00fck g\u00f6lge de\u011fi\u015fimi.<\/li>\n\n\n\n<li>Di\u011fer yard\u0131mc\u0131 maddeler ile iyi uyumluluk. Ayn\u0131 banyoda silikon ya\u011f\u0131 ile birlikte kullan\u0131labilir.<\/li>\n\n\n\n<li>Ayar makinesinde dolgu i\u015flemi i\u00e7in uygundur.<\/li>\n<\/ol>\n<\/div>\n\n\n\n<div class=\"wp-block-column is-layout-flow wp-block-column-is-layout-flow\" style=\"flex-basis:50%\">\n<h2 class=\"wp-block-heading\">Cool Kuma\u015f Terbiye Kimyasallar\u0131 \u00d6zellikleri:<\/h2>\n\n\n\n<figure class=\"wp-block-table\"><table class=\"has-fixed-layout\"><tbody><tr><td>G\u00f6r\u00fcn\u00fc\u015f:<\/td><td>Renksiz ila sar\u0131 \u015feffaf s\u0131v\u0131<\/td><\/tr><tr><td>\u0130yoniklik:<\/td><td>Noniyonik<\/td><\/tr><tr><td>pH de\u011feri:<\/td><td>&#8212;&#8212;&#8211;<\/td><\/tr><tr><td>\u00c7\u00f6z\u00fcn\u00fcrl\u00fck:<\/td><td>Suda \u00e7\u00f6z\u00fcn\u00fcr<\/td><\/tr><\/tbody><\/table><\/figure>\n\n\n\n<h2 class=\"wp-block-heading\">Cool Kuma\u015f Terbiye Kimyasallar\u0131 Talimat\u0131:<\/h2>\n\n\n\n<p><strong>1. Dolgu i\u015flemi i\u00e7in<\/strong><\/p>\n\n\n\n<ul class=\"wp-block-list\">\n<li><strong>Referans dozaj: <\/strong>30~60 g\/L<\/li>\n\n\n\n<li>Dald\u0131rma ve dolgu \u2192 Kurutma \u2192 Ayar (140~160\u2103)<\/li>\n<\/ul>\n\n\n\n<p><strong>2. Dald\u0131rma i\u015flemi i\u00e7in<\/strong><\/p>\n\n\n\n<ul class=\"wp-block-list\">\n<li><strong>Referans dozaj: <\/strong>3.0~6.0% (o.w.f)<\/li>\n\n\n\n<li><strong>Banyo oran\u0131:<\/strong> 1:5~15<\/li>\n\n\n\n<li>25~40\u2103 \u00d7 20~30 dakika \u2192 Susuzla\u015ft\u0131rma \u2192 Kurutma \u2192 Ayar<\/li>\n<\/ul>\n\n\n\n<p><strong>Not:<\/strong><\/p>\n\n\n\n<ul class=\"wp-block-list\">\n<li>So\u011fuk etki, So\u011fuk Son \u0130\u015flem Maddesi YK-700B'nin dozaj\u0131 ile ilgilidir.<\/li>\n\n\n\n<li>L\u00fctfen serinletici etkinin ger\u00e7ek gereksinimlerine g\u00f6re uygun dozu belirleyin.<\/li>\n\n\n\n<li>Kurutma (100~120\u2103)<\/li>\n<\/ul>\n<\/div>\n<\/div>\n\n\n\n<p><\/p>","protected":false},"excerpt":{"rendered":"<p>Cool Fabric Finishing Chemicals, kuma\u015flar\u0131n y\u00fczey so\u011futma verimlili\u011fini art\u0131rabilir, i\u015flenmi\u015f kuma\u015f s\u0131radan kuma\u015flara g\u00f6re dokunuldu\u011funda daha serin olur ve nane terbiye maddeleri gibi parf\u00fcm terbiye maddeleri ile birlikte kullan\u0131labilir.<\/p>\n<p><strong>Model No.<\/strong>YK-700B<\/p>","protected":false},"featured_media":1801,"comment_status":"closed","ping_status":"closed","template":"","meta":{"_acf_changed":false},"material":[26,27,28,29,30,31,32,33,34],"process":[23,25],"product_brand":[],"product_cat":[15],"product_tag":[],"class_list":{"0":"post-1565","1":"product","2":"type-product","3":"status-publish","4":"has-post-thumbnail","6":"material-cotton-agent","7":"material-polyester-chemicals","8":"material-nylon-agent","9":"material-acrylic-chemicals","10":"material-viscose-chemicals","11":"material-wool-auxiliary","12":"material-linen-chemicals","13":"material-silk-chemicals","14":"material-fabric-chemicals","15":"process-textile-finishing-chemicals","16":"process-textile-finishing-agent","17":"product_cat-uncategorized","19":"first","20":"instock","21":"shipping-taxable","22":"product-type-simple"},"acf":[],"_links":{"self":[{"href":"https:\/\/www.bluelakechem.com\/tr\/wp-json\/wp\/v2\/product\/1565","targetHints":{"allow":["GET"]}}],"collection":[{"href":"https:\/\/www.bluelakechem.com\/tr\/wp-json\/wp\/v2\/product"}],"about":[{"href":"https:\/\/www.bluelakechem.com\/tr\/wp-json\/wp\/v2\/types\/product"}],"replies":[{"embeddable":true,"href":"https:\/\/www.bluelakechem.com\/tr\/wp-json\/wp\/v2\/comments?post=1565"}],"wp:featuredmedia":[{"embeddable":true,"href":"https:\/\/www.bluelakechem.com\/tr\/wp-json\/wp\/v2\/media\/1801"}],"wp:attachment":[{"href":"https:\/\/www.bluelakechem.com\/tr\/wp-json\/wp\/v2\/media?parent=1565"}],"wp:term":[{"taxonomy":"material","embeddable":true,"href":"https:\/\/www.bluelakechem.com\/tr\/wp-json\/wp\/v2\/material?post=1565"},{"taxonomy":"process","embeddable":true,"href":"https:\/\/www.bluelakechem.com\/tr\/wp-json\/wp\/v2\/process?post=1565"},{"taxonomy":"product_brand","embeddable":true,"href":"https:\/\/www.bluelakechem.com\/tr\/wp-json\/wp\/v2\/product_brand?post=1565"},{"taxonomy":"product_cat","embeddable":true,"href":"https:\/\/www.bluelakechem.com\/tr\/wp-json\/wp\/v2\/product_cat?post=1565"},{"taxonomy":"product_tag","embeddable":true,"href":"https:\/\/www.bluelakechem.com\/tr\/wp-json\/wp\/v2\/product_tag?post=1565"}],"curies":[{"name":"wp","href":"https:\/\/api.w.org\/{rel}","templated":true}]}}