{"id":1570,"date":"2025-01-22T01:23:12","date_gmt":"2025-01-22T01:23:12","guid":{"rendered":"https:\/\/www.bluelakechem.com\/?post_type=product&#038;p=1570"},"modified":"2025-04-10T06:59:20","modified_gmt":"2025-04-10T06:59:20","slug":"warming-finishing-agent-infrared-tech-for-underwear-thin-fabrics-warmth","status":"publish","type":"product","link":"https:\/\/www.bluelakechem.com\/tr\/product\/warming-finishing-agent-infrared-tech-for-underwear-thin-fabrics-warmth\/","title":{"rendered":"\u0130\u00e7 Giyim S\u0131cakl\u0131\u011f\u0131 i\u00e7in S\u0131cak Tutan Kuma\u015f Terbiye Maddesi K\u0131z\u0131l\u00f6tesi Teknolojisi"},"content":{"rendered":"<figure class=\"wp-block-embed is-type-video is-provider-youtube wp-block-embed-youtube wp-embed-aspect-16-9 wp-has-aspect-ratio\"><div class=\"wp-block-embed__wrapper\">\n<iframe title=\"How Does Far Infrared Finishing Agent Prevent Clothing Losing Warmth?\" width=\"500\" height=\"281\" src=\"https:\/\/www.youtube.com\/embed\/1BJMGfA01sk?feature=oembed\" frameborder=\"0\" allow=\"accelerometer; autoplay; clipboard-write; encrypted-media; gyroscope; picture-in-picture; web-share\" referrerpolicy=\"strict-origin-when-cross-origin\" allowfullscreen><\/iframe>\n<\/div><\/figure>\n\n\n\n<div class=\"wp-block-columns is-layout-flex wp-container-core-columns-is-layout-9d6595d7 wp-block-columns-is-layout-flex\">\n<div class=\"wp-block-column is-layout-flow wp-block-column-is-layout-flow\">\n<h2 class=\"wp-block-heading\">S\u0131cak Kuma\u015f Terbiye Maddesi A\u00e7\u0131klamas\u0131<\/h2>\n\n\n\n<ul class=\"wp-block-list\">\n<li>S\u0131cak Kuma\u015f Apre Maddesi (Uzak K\u0131z\u0131l\u00f6tesi Apre Maddesi), \u00f6zel nanoteknoloji ile birle\u015ftirilmi\u015f \u00e7e\u015fitli do\u011fal mineral maddelerden yap\u0131lm\u0131\u015ft\u0131r.<\/li>\n\n\n\n<li>Kuma\u015f i\u015flendikten sonra, kuma\u015f insan v\u00fccudunun kan dola\u015f\u0131m\u0131n\u0131 iyile\u015ftirebilen ve mikrosirk\u00fclasyonu te\u015fvik edebilen uzak k\u0131z\u0131l\u00f6tesi salabilir.<\/li>\n\n\n\n<li>Pamuk, Rayon, polyester, naylon, akrilik elyaf ve bunlar\u0131n kar\u0131\u015f\u0131mlar\u0131 vb. kuma\u015flar i\u00e7in uzak k\u0131z\u0131l\u00f6tesi terbiye i\u00e7in uygundur.<\/li>\n\n\n\n<li>\u00d6zellikle k\u0131\u015fl\u0131k ev k\u0131yafetleri ve termal i\u00e7 \u00e7ama\u015f\u0131rlar\u0131 vb. i\u00e7in uygundur.<\/li>\n<\/ul>\n\n\n\n<h2 class=\"wp-block-heading\">Il\u0131k Kuma\u015f Apre Maddesi \u00d6zellikleri<\/h2>\n\n\n\n<ol class=\"wp-block-list\">\n<li>Uzak k\u0131z\u0131l\u00f6tesi, deri alt\u0131 dokuya n\u00fcfuz edebilir ve h\u00fccreleri aktive etmek ve metabolizmay\u0131 te\u015fvik etmek i\u00e7in s\u0131cakl\u0131\u011f\u0131n y\u00fckselmesini sa\u011flayabilir.<\/li>\n\n\n\n<li>Uzak k\u0131z\u0131l\u00f6tesi, beyin dokusunun mikro sirk\u00fclasyonunu iyile\u015ftirebilir, merkezi sinir sisteminin sa\u011fl\u0131\u011f\u0131n\u0131 koruyabilir, sakinle\u015ftirici ve uyku kalitesini art\u0131r\u0131c\u0131 etki g\u00f6sterebilir.<\/li>\n\n\n\n<li>K\u0131\u015fl\u0131k ev k\u0131yafetleri i\u00e7in, sal\u0131nan uzak k\u0131z\u0131l\u00f6tesi, kuma\u015f \u0131s\u0131s\u0131n\u0131n korunmas\u0131n\u0131 te\u015fvik edebilir ve s\u0131cak tutma rol\u00fcn\u00fc oynayabilir.<\/li>\n\n\n\n<li>Do\u011fal mineral madde. G\u00fcvenli ve \u00e7evre dostudur. \u0130nsan cildini olumsuz y\u00f6nde tahri\u015f etmez.<\/li>\n\n\n\n<li>\u0130yi uyumluluk. Ayn\u0131 banyoda silikon ya\u011f\u0131 ve sabitleme maddesi ile birlikte kullan\u0131labilir.<\/li>\n\n\n\n<li>Ayar makinesinde dolgu i\u015flemi i\u00e7in uygundur.<\/li>\n<\/ol>\n<\/div>\n\n\n\n<div class=\"wp-block-column is-layout-flow wp-block-column-is-layout-flow\">\n<h2 class=\"wp-block-heading\">Il\u0131k Kuma\u015f Terbiye Maddesi \u00d6zellikleri<\/h2>\n\n\n\n<figure class=\"wp-block-table\"><table class=\"has-fixed-layout\"><tbody><tr><td>G\u00f6r\u00fcn\u00fc\u015f:<\/td><td>Renksiz ila a\u00e7\u0131k sar\u0131 s\u0131v\u0131<\/td><\/tr><tr><td>\u0130yoniklik:<\/td><td>Noniyonik<\/td><\/tr><tr><td>pH de\u011feri:<\/td><td>&#8212;&#8212;&#8212;-<\/td><\/tr><tr><td>\u00c7\u00f6z\u00fcn\u00fcrl\u00fck:<\/td><td>Suda \u00e7\u00f6z\u00fcn\u00fcr<\/td><\/tr><\/tbody><\/table><\/figure>\n\n\n\n<h2 class=\"wp-block-heading\">Il\u0131k Kuma\u015f Terbiye Maddesi Talimat\u0131<\/h2>\n\n\n\n<p><strong>Dolgu i\u015flemi i\u00e7in<\/strong><\/p>\n\n\n\n<ul class=\"wp-block-list\">\n<li>Referans dozaj: 40~80 g\/L.<\/li>\n\n\n\n<li>Dolgu \u2192 Kurutma \u2192 Ayar (130~160\u2103)<\/li>\n<\/ul>\n\n\n\n<p><strong>Not:<\/strong><\/p>\n\n\n\n<ol class=\"wp-block-list\">\n<li>S\u0131cak Kuma\u015f Apre Maddesi (Far Infrared Apre Maddesi) noniyoniktir. Ayn\u0131 banyoda noniyonik, katyonik veya anyonik yard\u0131mc\u0131 maddeler ile birlikte kullan\u0131labilir.<\/li>\n\n\n\n<li>\u00d6neri: S\u0131v\u0131 ta\u015f\u0131ma oran\u0131\uff1e75%. Kuma\u015flar\u0131n iyice adsorbe olmas\u0131n\u0131 sa\u011flayabilir ve terbiye etkisini sa\u011flamak i\u00e7in yeterli Uzak K\u0131z\u0131l\u00f6tesi Terbiye Maddesi.<\/li>\n<\/ol>\n<\/div>\n<\/div>\n\n\n\n<p><\/p>","protected":false},"excerpt":{"rendered":"<p>Warm Fabric Finishing Agent, i\u00e7 \u00e7ama\u015f\u0131rlar\u0131n\u0131n \u0131s\u0131 yal\u0131t\u0131m \u00f6zelliklerini art\u0131rmak i\u00e7in yava\u015f sal\u0131n\u0131ml\u0131 uzak k\u0131z\u0131l\u00f6tesi malzemelerden yararlanarak hafif ve ince kuma\u015flar\u0131 s\u0131cak hale getirir.<\/p>\n<p><strong>Model No.<\/strong>2130<\/p>","protected":false},"featured_media":1795,"comment_status":"closed","ping_status":"closed","template":"","meta":{"_acf_changed":false},"material":[26,27,28,29,30,31,32,33,34],"process":[23,25],"product_brand":[],"product_cat":[15],"product_tag":[],"class_list":{"0":"post-1570","1":"product","2":"type-product","3":"status-publish","4":"has-post-thumbnail","6":"material-cotton-agent","7":"material-polyester-chemicals","8":"material-nylon-agent","9":"material-acrylic-chemicals","10":"material-viscose-chemicals","11":"material-wool-auxiliary","12":"material-linen-chemicals","13":"material-silk-chemicals","14":"material-fabric-chemicals","15":"process-textile-finishing-chemicals","16":"process-textile-finishing-agent","17":"product_cat-uncategorized","19":"first","20":"instock","21":"shipping-taxable","22":"product-type-simple"},"acf":[],"_links":{"self":[{"href":"https:\/\/www.bluelakechem.com\/tr\/wp-json\/wp\/v2\/product\/1570","targetHints":{"allow":["GET"]}}],"collection":[{"href":"https:\/\/www.bluelakechem.com\/tr\/wp-json\/wp\/v2\/product"}],"about":[{"href":"https:\/\/www.bluelakechem.com\/tr\/wp-json\/wp\/v2\/types\/product"}],"replies":[{"embeddable":true,"href":"https:\/\/www.bluelakechem.com\/tr\/wp-json\/wp\/v2\/comments?post=1570"}],"wp:featuredmedia":[{"embeddable":true,"href":"https:\/\/www.bluelakechem.com\/tr\/wp-json\/wp\/v2\/media\/1795"}],"wp:attachment":[{"href":"https:\/\/www.bluelakechem.com\/tr\/wp-json\/wp\/v2\/media?parent=1570"}],"wp:term":[{"taxonomy":"material","embeddable":true,"href":"https:\/\/www.bluelakechem.com\/tr\/wp-json\/wp\/v2\/material?post=1570"},{"taxonomy":"process","embeddable":true,"href":"https:\/\/www.bluelakechem.com\/tr\/wp-json\/wp\/v2\/process?post=1570"},{"taxonomy":"product_brand","embeddable":true,"href":"https:\/\/www.bluelakechem.com\/tr\/wp-json\/wp\/v2\/product_brand?post=1570"},{"taxonomy":"product_cat","embeddable":true,"href":"https:\/\/www.bluelakechem.com\/tr\/wp-json\/wp\/v2\/product_cat?post=1570"},{"taxonomy":"product_tag","embeddable":true,"href":"https:\/\/www.bluelakechem.com\/tr\/wp-json\/wp\/v2\/product_tag?post=1570"}],"curies":[{"name":"wp","href":"https:\/\/api.w.org\/{rel}","templated":true}]}}