{"id":1576,"date":"2025-01-22T06:52:54","date_gmt":"2025-01-22T06:52:54","guid":{"rendered":"https:\/\/www.bluelakechem.com\/?post_type=product&#038;p=1576"},"modified":"2025-03-27T03:11:18","modified_gmt":"2025-03-27T03:11:18","slug":"fiber-fixing-agent","status":"publish","type":"product","link":"https:\/\/www.bluelakechem.com\/tr\/product\/fiber-fixing-agent\/","title":{"rendered":"Polyester Naylon ve Kar\u0131\u015f\u0131mlar\u0131 i\u00e7in Elyaf Sabitleme Maddesi"},"content":{"rendered":"<div class=\"wp-block-columns is-layout-flex wp-container-core-columns-is-layout-9d6595d7 wp-block-columns-is-layout-flex\">\n<div class=\"wp-block-column is-layout-flow wp-block-column-is-layout-flow\">\n<h2 class=\"wp-block-heading\">Fiber Fixing Agent Description<\/h2>\n\n\n\n<ul class=\"wp-block-list\">\n<li>22307 is mainly composed of polyamine polymer.<\/li>\n\n\n\n<li>In the setting process for polyester\/ cotton fabrics, it can react with hydroxide radical&nbsp;on cotton fibers and have an auto reaction to crosslink to form a film, which can decrease the influence on fastness by sublimation of disperse dyes&nbsp;and improve the soaping color fastness and steam ironing color fastness.<\/li>\n\n\n\n<li>It is suitable for polyester\/cotton fabrics, which can decrease the influence on fastness after setting.<\/li>\n<\/ul>\n\n\n\n<h2 class=\"wp-block-heading\">Fiber Fixing Agent Features<\/h2>\n\n\n\n<ol class=\"wp-block-list\">\n<li>Contains no formaldehyde, APEO, or heavy metal ions. Fits environmental protection&nbsp;requirements.<\/li>\n\n\n\n<li>Has a certain inhibiting effect on the sublimation of dispersed dyes in the setting process, especially dyes of bright red, black and blue.<\/li>\n\n\n\n<li>Do not influence the hand feeling or color shade of fabrics.<\/li>\n\n\n\n<li>Reduces one-time&nbsp;middle&nbsp;setting. Shortens process.<\/li>\n\n\n\n<li>Kolay kullan\u0131m. Ayar makinesinde ayn\u0131 banyoda silikon ya\u011f\u0131 ile birlikte kullan\u0131labilir.<\/li>\n<\/ol>\n\n\n\n<h2 class=\"wp-block-heading\">Fiber Fixing Agent Typical Properties<\/h2>\n\n\n\n<figure class=\"wp-block-table\"><table class=\"has-fixed-layout\"><tbody><tr><td>G\u00f6r\u00fcn\u00fc\u015f:<\/td><td>A\u00e7\u0131k sar\u0131 s\u0131v\u0131<\/td><\/tr><tr><td>\u0130yoniklik:<\/td><td>Katyonik<\/td><\/tr><tr><td>pH de\u011feri:<\/td><td>6,5\u00b11,0 (1% sulu \u00e7\u00f6zeltisi)<\/td><\/tr><tr><td>\u00c7\u00f6z\u00fcn\u00fcrl\u00fck:<\/td><td>Suda \u00e7\u00f6z\u00fcn\u00fcr<\/td><\/tr><\/tbody><\/table><\/figure>\n<\/div>\n\n\n\n<div class=\"wp-block-column is-layout-flow wp-block-column-is-layout-flow\">\n<h2 class=\"wp-block-heading\">Fiber Fixing Agent Instruction<\/h2>\n\n\n\n<h3 class=\"wp-block-heading\">Dolgu i\u015flemi:<\/h3>\n\n\n\n<ul class=\"wp-block-list\">\n<li>22307'nin referans dozaj\u0131: 10~40 g\/L<\/li>\n\n\n\n<li>Referans yumu\u015fat\u0131c\u0131 dozaj\u0131: X g\/L<\/li>\n\n\n\n<li>Dald\u0131rma ve dolgu (Pikap: 70~100%) \u2192 Kurutma ve ayar (130~160\u2103)<\/li>\n<\/ul>\n\n\n\n<h3 class=\"wp-block-heading\">Application Example<\/h3>\n\n\n\n<p>To improve the fastness of double-sided fabric of 50\/50 polyester\/cotton:<\/p>\n\n\n<div class=\"wp-block-image\">\n<figure class=\"alignleft size-full is-resized\"><img decoding=\"async\" width=\"639\" height=\"460\" src=\"https:\/\/www.bluelakechem.com\/wp-content\/uploads\/2025\/01\/Fixing-agent-4.png\" alt=\"\" class=\"wp-image-1577\" style=\"width:542px;height:auto\" srcset=\"https:\/\/www.bluelakechem.com\/wp-content\/uploads\/2025\/01\/Fixing-agent-4.png 639w, https:\/\/www.bluelakechem.com\/wp-content\/uploads\/2025\/01\/Fixing-agent-4-300x216.png 300w, https:\/\/www.bluelakechem.com\/wp-content\/uploads\/2025\/01\/Fixing-agent-4-18x12.png 18w, https:\/\/www.bluelakechem.com\/wp-content\/uploads\/2025\/01\/Fixing-agent-4-600x432.png 600w\" sizes=\"(max-width: 639px) 100vw, 639px\" \/><\/figure>\n<\/div>\n\n\n<div class=\"wp-block-columns is-layout-flex wp-container-core-columns-is-layout-9d6595d7 wp-block-columns-is-layout-flex\">\n<div class=\"wp-block-column is-layout-flow wp-block-column-is-layout-flow\" style=\"flex-basis:50%\"><\/div>\n<\/div>\n\n\n\n<div class=\"wp-block-columns is-layout-flex wp-container-core-columns-is-layout-9d6595d7 wp-block-columns-is-layout-flex\">\n<div class=\"wp-block-column is-layout-flow wp-block-column-is-layout-flow\"><\/div>\n<\/div>\n\n\n\n<p>\uff081\uff09<strong>Dyeing polyester: <\/strong><\/p>\n\n\n\n<ul class=\"wp-block-list\">\n<li>Bright red: Disperse dye of bright red GS: 1.5%, High temperature leveling agent: 1 g\/L, Acetic acid: 0.5 g\/L<\/li>\n\n\n\n<li>Turquoise blue: Disperse dye of turquoise blue SGL: 1.5%, High temperature leveling agent: 1 g\/L, Acetic acid: 0.5 g\/L<\/li>\n\n\n\n<li>25\u2103 \u2192 130\u2103\u00d740 min (2\u2103\/min) \u2192 Water washing<\/li>\n<\/ul>\n\n\n\n<p>\uff082\uff09<strong>Reduction clearing:<\/strong><\/p>\n\n\n\n<ul class=\"wp-block-list\">\n<li>Sodium hydrosulfite: 3 g\/L<\/li>\n\n\n\n<li>Caustic soda: 2 g\/L<\/li>\n\n\n\n<li>80\u2103\u00d715 min (2\u2103\/min) \u2192 Water washing<\/li>\n<\/ul>\n\n\n\n<p>\uff083\uff09<strong>Dyeing cotton: <\/strong><\/p>\n\n\n\n<ul class=\"wp-block-list\">\n<li>Turquoise blue: Reactive dye of turquoise blue BGFN: 1.5%, Reactive dye of brilliant blue KN-R: 1%,<\/li>\n\n\n\n<li>Anhydrous sodium sulphate: 60 g\/L, Caustic soda: 20 g\/L<\/li>\n\n\n\n<li>Bright red: Reactive dye of bright red 3BS: 2%, Reactive dye of yellow 3RS: 1%,<\/li>\n\n\n\n<li>Anhydrous sodium sulphate: 60 g\/L, Caustic soda: 20 g\/L<\/li>\n\n\n\n<li>25\u2103 \u2192 60\u2103\u00d760 min (2\u2103\/min) \u2192 Water washing<\/li>\n<\/ul>\n\n\n\n<p>\uff084\uff09<strong>Sabunlama:<\/strong><\/p>\n\n\n\n<ul class=\"wp-block-list\">\n<li>Non-foaming soaping agent: 2 g\/L<\/li>\n\n\n\n<li>95\u2103\u00d720 min (2\u2103\/ min) \u2192 Water washing<\/li>\n<\/ul>\n\n\n\n<p>\uff085\uff09<strong>Fixing:<\/strong><\/p>\n\n\n\n<ul class=\"wp-block-list\">\n<li>Formaldehyde-free fixing agent: 1%<\/li>\n\n\n\n<li>40\u2103\u00d720 min \u2192 Drying<\/li>\n<\/ul>\n\n\n\n<p>\uff086\uff09<strong>Setting:<\/strong><\/p>\n\n\n\n<ul class=\"wp-block-list\">\n<li>Fixing Agent 22307: 0, 20, 40 g\/L<\/li>\n\n\n\n<li>Dipping and padding \u2192 Setting (170\u2103\u00d7about 90s)<\/li>\n<\/ul>\n<\/div>\n<\/div>","protected":false},"excerpt":{"rendered":"<p>Polyester pamuk, naylon, naylon pamuklu kuma\u015flar ve di\u011fer kimyasal elyaflar ve bunlar\u0131n kar\u0131\u015f\u0131ml\u0131 kuma\u015flar\u0131 i\u00e7in kullan\u0131lan Elyaf Sabitleme Maddesi, kimyasal elyaf k\u00f6p\u00fc\u011f\u00fcn su hasl\u0131\u011f\u0131 \u00fczerinde m\u00fckemmel bir etkiye sahiptir.<\/p>\n<p><strong>Model No. <\/strong>22307<\/p>\n<p><img decoding=\"async\" class=\"alignnone size-medium wp-image-1658\" src=\"https:\/\/www.bluelakechem.com\/wp-content\/uploads\/2025\/01\/22307-\uff08\u53cclogo\uff09-1-300x300.jpg\" alt=\"\" width=\"300\" height=\"300\" srcset=\"https:\/\/www.bluelakechem.com\/wp-content\/uploads\/2025\/01\/22307-\uff08\u53cclogo\uff09-1-300x300.jpg 300w, https:\/\/www.bluelakechem.com\/wp-content\/uploads\/2025\/01\/22307-\uff08\u53cclogo\uff09-1-150x150.jpg 150w, https:\/\/www.bluelakechem.com\/wp-content\/uploads\/2025\/01\/22307-\uff08\u53cclogo\uff09-1-768x768.jpg 768w, https:\/\/www.bluelakechem.com\/wp-content\/uploads\/2025\/01\/22307-\uff08\u53cclogo\uff09-1-12x12.jpg 12w, https:\/\/www.bluelakechem.com\/wp-content\/uploads\/2025\/01\/22307-\uff08\u53cclogo\uff09-1-600x600.jpg 600w, https:\/\/www.bluelakechem.com\/wp-content\/uploads\/2025\/01\/22307-\uff08\u53cclogo\uff09-1-100x100.jpg 100w, https:\/\/www.bluelakechem.com\/wp-content\/uploads\/2025\/01\/22307-\uff08\u53cclogo\uff09-1.jpg 800w\" sizes=\"(max-width: 300px) 100vw, 300px\" \/><\/p>","protected":false},"featured_media":1797,"comment_status":"closed","ping_status":"closed","template":"","meta":{"_acf_changed":false},"material":[26,27,28,29,30,31,32,49,34],"process":[20,23,41],"product_brand":[],"product_cat":[15],"product_tag":[],"class_list":{"0":"post-1576","1":"product","2":"type-product","3":"status-publish","4":"has-post-thumbnail","6":"material-cotton-agent","7":"material-polyester-chemicals","8":"material-nylon-agent","9":"material-acrylic-chemicals","10":"material-viscose-chemicals","11":"material-wool-auxiliary","12":"material-linen-chemicals","13":"material-elastic","14":"material-fabric-chemicals","15":"process-dyeing-auxiliaries","16":"process-textile-finishing-chemicals","17":"process-fixing-agent","18":"product_cat-uncategorized","20":"first","21":"instock","22":"shipping-taxable","23":"product-type-simple"},"acf":[],"_links":{"self":[{"href":"https:\/\/www.bluelakechem.com\/tr\/wp-json\/wp\/v2\/product\/1576","targetHints":{"allow":["GET"]}}],"collection":[{"href":"https:\/\/www.bluelakechem.com\/tr\/wp-json\/wp\/v2\/product"}],"about":[{"href":"https:\/\/www.bluelakechem.com\/tr\/wp-json\/wp\/v2\/types\/product"}],"replies":[{"embeddable":true,"href":"https:\/\/www.bluelakechem.com\/tr\/wp-json\/wp\/v2\/comments?post=1576"}],"wp:featuredmedia":[{"embeddable":true,"href":"https:\/\/www.bluelakechem.com\/tr\/wp-json\/wp\/v2\/media\/1797"}],"wp:attachment":[{"href":"https:\/\/www.bluelakechem.com\/tr\/wp-json\/wp\/v2\/media?parent=1576"}],"wp:term":[{"taxonomy":"material","embeddable":true,"href":"https:\/\/www.bluelakechem.com\/tr\/wp-json\/wp\/v2\/material?post=1576"},{"taxonomy":"process","embeddable":true,"href":"https:\/\/www.bluelakechem.com\/tr\/wp-json\/wp\/v2\/process?post=1576"},{"taxonomy":"product_brand","embeddable":true,"href":"https:\/\/www.bluelakechem.com\/tr\/wp-json\/wp\/v2\/product_brand?post=1576"},{"taxonomy":"product_cat","embeddable":true,"href":"https:\/\/www.bluelakechem.com\/tr\/wp-json\/wp\/v2\/product_cat?post=1576"},{"taxonomy":"product_tag","embeddable":true,"href":"https:\/\/www.bluelakechem.com\/tr\/wp-json\/wp\/v2\/product_tag?post=1576"}],"curies":[{"name":"wp","href":"https:\/\/api.w.org\/{rel}","templated":true}]}}