{"id":1584,"date":"2025-01-22T07:00:35","date_gmt":"2025-01-22T07:00:35","guid":{"rendered":"https:\/\/www.bluelakechem.com\/?post_type=product&#038;p=1584"},"modified":"2025-03-27T03:13:40","modified_gmt":"2025-03-27T03:13:40","slug":"silicone-polymer","status":"publish","type":"product","link":"https:\/\/www.bluelakechem.com\/tr\/product\/silicone-polymer\/","title":{"rendered":"Dayan\u0131kl\u0131 Silikon Polimer Hidrofilik Silikon Yumu\u015fat\u0131c\u0131 Nem Emici Son \u0130\u015flem"},"content":{"rendered":"<div class=\"wp-block-columns is-layout-flex wp-container-core-columns-is-layout-9d6595d7 wp-block-columns-is-layout-flex\">\n<div class=\"wp-block-column is-layout-flow wp-block-column-is-layout-flow\">\n<div class=\"wp-block-columns is-layout-flex wp-container-core-columns-is-layout-9d6595d7 wp-block-columns-is-layout-flex\">\n<div class=\"wp-block-column is-layout-flow wp-block-column-is-layout-flow\">\n<h2 class=\"wp-block-heading\">Silikon Polimer A\u00e7\u0131klama:<\/h2>\n\n\n\n<ul class=\"wp-block-list\">\n<li>69204 Hidrofilik Silikon Yumu\u015fat\u0131c\u0131, kendinden \u00e7apraz ba\u011fl\u0131 polieter amin ester yap\u0131s\u0131na sahip bir silikon polimerdir.<\/li>\n\n\n\n<li>Polisiloksan ba\u011flant\u0131lar yumu\u015fakl\u0131k ve hava ko\u015fullar\u0131na dayan\u0131kl\u0131l\u0131k sa\u011flar. Polieter amin ester ba\u011flant\u0131lar\u0131 m\u00fckemmel hidrofiliklik, reaktivite ve uyumluluk sa\u011flar. \u0130\u015flem g\u00f6rm\u00fc\u015f kuma\u015f\u0131n aktif gruplar\u0131 ile birle\u015ferek m\u00fckemmel dayan\u0131kl\u0131l\u0131k ve y\u0131kanabilirli\u011fe sahip stabil bir \u00e7apraz ba\u011flama a\u011f yap\u0131s\u0131 olu\u015fturabilirler.<\/li>\n\n\n\n<li>Hem nem emme hem de h\u0131zl\u0131 kuruma performans\u0131 ve tutu\u015fu ile yenilik\u00e7i bir \u00fcr\u00fcnd\u00fcr.<\/li>\n\n\n\n<li>Naylon kuma\u015flar i\u00e7in dayan\u0131kl\u0131 nem emme ve h\u0131zl\u0131 kuruma apresinde yayg\u0131n olarak uygulan\u0131r.<\/li>\n<\/ul>\n\n\n\n<h2 class=\"wp-block-heading\">Silikon Polimer \u00d6zellikleri<\/h2>\n\n\n\n<ol class=\"wp-block-list\">\n<li>APEO veya yasaklanm\u0131\u015f kimyasal maddeler i\u00e7ermez. Avrupa Birli\u011fi standard\u0131 Otex-100 ile uyumludur.<\/li>\n\n\n\n<li>Kuma\u015flara dayan\u0131kl\u0131 ve y\u0131kanabilir hidrofiliklik kazand\u0131r\u0131r.<\/li>\n\n\n\n<li>Son derece d\u00fc\u015f\u00fck sararma ve son derece d\u00fc\u015f\u00fck g\u00f6lge de\u011fi\u015fimi. Kuma\u015f\u0131n orijinal renk tonu \u00fczerinde neredeyse hi\u00e7bir etkisi yoktur.<\/li>\n\n\n\n<li>Renk hasl\u0131\u011f\u0131 \u00fczerinde \u00e7ok az etkisi vard\u0131r.<\/li>\n\n\n\n<li>M\u00fckemmel kendili\u011finden em\u00fclsifiye olma \u00f6zelli\u011fi. \u0130stenilen oranda su ile seyreltilebilir.<\/li>\n\n\n\n<li>Poli\u00fcretandan daha uygun maliyetli nem emici ve h\u0131zl\u0131 kurutucu madde.<\/li>\n<\/ol>\n<\/div>\n\n\n\n<div class=\"wp-block-column is-layout-flow wp-block-column-is-layout-flow\">\n<h2 class=\"wp-block-heading\">Silikon Polimer Tipik \u00d6zellikler:<\/h2>\n\n\n\n<figure class=\"wp-block-table\"><table class=\"has-fixed-layout\"><tbody><tr><td>G\u00f6r\u00fcn\u00fc\u015f:<\/td><td>A\u00e7\u0131k sar\u0131 \u015feffaf em\u00fclsiyon<\/td><\/tr><tr><td>\u0130yoniklik:<\/td><td>Zay\u0131f katyonik\/ Noniyonik<\/td><\/tr><tr><td>pH de\u011feri:<\/td><td>8.0~9.0 (1% sulu \u00e7\u00f6zeltisi)<\/td><\/tr><tr><td>\u00c7\u00f6z\u00fcn\u00fcrl\u00fck:<\/td><td>Suda \u00e7\u00f6z\u00fcn\u00fcr<\/td><\/tr><\/tbody><\/table><\/figure>\n\n\n\n<h2 class=\"wp-block-heading\">Silikon Polimer Talimat:<\/h2>\n\n\n\n<h3 class=\"wp-block-heading\">Dolgu i\u015flemi: <\/h3>\n\n\n\n<ul class=\"wp-block-list\">\n<li>Referans dozaj: 5~20 g\/L<\/li>\n\n\n\n<li>\u00c7al\u0131\u015fma \u00e7\u00f6zeltisinin en iyi pH de\u011feri: 6.0~7.0<\/li>\n\n\n\n<li>Ayarlama: Dald\u0131rma ve dolgu (Pikap: 70~90%) \u2192 160~170\u2103 \u00d7 60~90s<\/li>\n<\/ul>\n\n\n\n<h3 class=\"wp-block-heading\">Dald\u0131rma i\u015flemi:<\/h3>\n\n\n\n<ul class=\"wp-block-list\">\n<li>Referans dozaj: 0,5~1,5% (o.w.f)<\/li>\n\n\n\n<li>Banyo oran\u0131: 1:20<\/li>\n\n\n\n<li>\u0130\u015flem: 80\u2103 \u00d7 20~30 dakika \u2192 Susuzla\u015ft\u0131rma \u2192 Kurutma (100~120\u2103)<\/li>\n<\/ul>\n<\/div>\n<\/div>\n<\/div>\n<\/div>","protected":false},"excerpt":{"rendered":"<p>Silikon polimer, nem emme, h\u0131zl\u0131 kuruma ve dayan\u0131kl\u0131l\u0131k \u00f6zelliklerine sahiptir ve \u00e7e\u015fitli lifler i\u00e7in hidrofilik bir silikon yumu\u015fat\u0131c\u0131d\u0131r. Kuma\u015flar i\u00e7in yumu\u015fak ve fonksiyonel apre efektleri sa\u011flar.<\/p>\n<p><strong>Model No.<\/strong>69204<\/p>","protected":false},"featured_media":1799,"comment_status":"closed","ping_status":"closed","template":"","meta":{"_acf_changed":false},"material":[26,27,28,29,30,49,34],"process":[23,24],"product_brand":[],"product_cat":[15],"product_tag":[],"class_list":{"0":"post-1584","1":"product","2":"type-product","3":"status-publish","4":"has-post-thumbnail","6":"material-cotton-agent","7":"material-polyester-chemicals","8":"material-nylon-agent","9":"material-acrylic-chemicals","10":"material-viscose-chemicals","11":"material-elastic","12":"material-fabric-chemicals","13":"process-textile-finishing-chemicals","14":"process-silicone-oil","15":"product_cat-uncategorized","17":"first","18":"instock","19":"shipping-taxable","20":"product-type-simple"},"acf":[],"_links":{"self":[{"href":"https:\/\/www.bluelakechem.com\/tr\/wp-json\/wp\/v2\/product\/1584","targetHints":{"allow":["GET"]}}],"collection":[{"href":"https:\/\/www.bluelakechem.com\/tr\/wp-json\/wp\/v2\/product"}],"about":[{"href":"https:\/\/www.bluelakechem.com\/tr\/wp-json\/wp\/v2\/types\/product"}],"replies":[{"embeddable":true,"href":"https:\/\/www.bluelakechem.com\/tr\/wp-json\/wp\/v2\/comments?post=1584"}],"wp:featuredmedia":[{"embeddable":true,"href":"https:\/\/www.bluelakechem.com\/tr\/wp-json\/wp\/v2\/media\/1799"}],"wp:attachment":[{"href":"https:\/\/www.bluelakechem.com\/tr\/wp-json\/wp\/v2\/media?parent=1584"}],"wp:term":[{"taxonomy":"material","embeddable":true,"href":"https:\/\/www.bluelakechem.com\/tr\/wp-json\/wp\/v2\/material?post=1584"},{"taxonomy":"process","embeddable":true,"href":"https:\/\/www.bluelakechem.com\/tr\/wp-json\/wp\/v2\/process?post=1584"},{"taxonomy":"product_brand","embeddable":true,"href":"https:\/\/www.bluelakechem.com\/tr\/wp-json\/wp\/v2\/product_brand?post=1584"},{"taxonomy":"product_cat","embeddable":true,"href":"https:\/\/www.bluelakechem.com\/tr\/wp-json\/wp\/v2\/product_cat?post=1584"},{"taxonomy":"product_tag","embeddable":true,"href":"https:\/\/www.bluelakechem.com\/tr\/wp-json\/wp\/v2\/product_tag?post=1584"}],"curies":[{"name":"wp","href":"https:\/\/api.w.org\/{rel}","templated":true}]}}