{"id":1585,"date":"2025-01-22T07:14:45","date_gmt":"2025-01-22T07:14:45","guid":{"rendered":"https:\/\/www.bluelakechem.com\/?post_type=product&#038;p=1585"},"modified":"2025-03-27T03:14:39","modified_gmt":"2025-03-27T03:14:39","slug":"softening-agent","status":"publish","type":"product","link":"https:\/\/www.bluelakechem.com\/tr\/product\/softening-agent\/","title":{"rendered":"Pamuk Polyester Kuma\u015f Terbiye Maddesi i\u00e7in Yumu\u015fat\u0131c\u0131 Ya\u011f Asidi Yumu\u015fat\u0131c\u0131"},"content":{"rendered":"<div class=\"wp-block-columns is-layout-flex wp-container-core-columns-is-layout-9d6595d7 wp-block-columns-is-layout-flex\">\n<div class=\"wp-block-column is-layout-flow wp-block-column-is-layout-flow\" style=\"flex-basis:50%\">\n<h2 class=\"wp-block-heading\">Yumu\u015fat\u0131c\u0131 Madde Tan\u0131m\u0131:<\/h2>\n\n\n\n<ul class=\"wp-block-list\">\n<li>39004 Yumu\u015fat\u0131c\u0131, do\u011fal bitkisel ya\u011f asitleri ile \u00f6zel olarak modifiye edilmi\u015ftir.<\/li>\n\n\n\n<li>Hidroproses olmadan, y\u00fcksek doymam\u0131\u015f ya\u011f asidi i\u00e7eri\u011fine sahiptir.<\/li>\n\n\n\n<li>Pamuk, Rayon, Modal, sentetik elyaflar ve bunlar\u0131n kar\u0131\u015f\u0131mlar\u0131ndan olu\u015fan kuma\u015flar i\u00e7in hidrofilik, yumu\u015fak ve kabar\u0131k i\u015fleminde uygulanabilir.<\/li>\n\n\n\n<li>\u00d6zellikle polyester\/pamuklu kuma\u015flar i\u00e7in uygundur, bu da kuma\u015f\u0131n hacmini, yumu\u015fakl\u0131\u011f\u0131n\u0131 ve el yakalama rebound esnekli\u011fini art\u0131rabilir.<\/li>\n\n\n\n<li>\"Do\u011fal pamuk\" sap\u0131n terbiye i\u015flemi i\u00e7in daha uygundur.<\/li>\n<\/ul>\n\n\n\n<h2 class=\"wp-block-heading\">Yumu\u015fat\u0131c\u0131 Ajan \u00d6zellikleri:<\/h2>\n\n\n\n<ol class=\"wp-block-list\">\n<li>\u0130yi hidrofiliklik.<\/li>\n\n\n\n<li>Kuma\u015flara yumu\u015fak, kabar\u0131k, p\u00fcr\u00fczs\u00fcz, kuru ve zarif bir el hissi verir.<\/li>\n\n\n\n<li>Yumu\u015fat\u0131c\u0131 tabletlere k\u0131yasla so\u011fuk su ile seyreltilebilir. Kullan\u0131m i\u00e7in uygundur.<\/li>\n<\/ol>\n<\/div>\n\n\n\n<div class=\"wp-block-column is-layout-flow wp-block-column-is-layout-flow\" style=\"flex-basis:50%\">\n<h2 class=\"wp-block-heading\">Yumu\u015fat\u0131c\u0131 Ajan Tipik \u00d6zellikler:<\/h2>\n\n\n\n<figure class=\"wp-block-table\"><table class=\"has-fixed-layout\"><tbody><tr><td>G\u00f6r\u00fcn\u00fc\u015f:<\/td><td>A\u00e7\u0131k sar\u0131 ila sar\u0131 yar\u0131 macun veya macun<\/td><\/tr><tr><td>\u0130yoniklik:<\/td><td>Zay\u0131f katyonik<\/td><\/tr><tr><td>pH de\u011feri:<\/td><td>&#8212;&#8212;&#8211;<\/td><\/tr><tr><td>\u00c7\u00f6z\u00fcn\u00fcrl\u00fck:<\/td><td>Suda \u00e7\u00f6z\u00fcn\u00fcr<\/td><\/tr><\/tbody><\/table><\/figure>\n\n\n\n<h2 class=\"wp-block-heading\">Yumu\u015fat\u0131c\u0131 Madde Talimat\u0131<\/h2>\n\n\n\n<ol class=\"wp-block-list\">\n<li>39004 Yumu\u015fat\u0131c\u0131 Ajan y\u00fcksek konsantrasyonlu bir \u00fcr\u00fcnd\u00fcr. L\u00fctfen 1:9 oran\u0131nda su ile seyreltip kullanman\u0131z\u0131 \u00f6neririz.<\/li>\n\n\n\n<li>Seyreltme: L\u00fctfen kaba 450 kg yumu\u015fatma suyu ekleyin, yava\u015f\u00e7a 50 kg 39004 Yumu\u015fatma Maddesi ekleyin ve ard\u0131ndan 20 dakika kar\u0131\u015ft\u0131r\u0131n. S\u00fcz\u00fcn ve sonra kullan\u0131n.<\/li>\n\n\n\n<li>Dolgu i\u015flemi (Ayn\u0131 banyoda boyama ve yumu\u015fatma): Seyreltilmi\u015f 39004'\u00fcn referans dozaj\u0131: 5~15% (o.w.f)<\/li>\n\n\n\n<li>Banyo oran\u0131: 1:5~1:10<\/li>\n\n\n\n<li>45~50\u2103 \u00d7 20~30dak \u2192 Dolgu \u2192 Ayar<\/li>\n\n\n\n<li>Dolgu i\u015flemi (ayar makinesinde): Seyreltilmi\u015f 39004'\u00fcn referans dozaj\u0131: 50~300 g\/L<\/li>\n\n\n\n<li>Dolgu \u2192 Kurutma \u2192 Ayarlama<\/li>\n<\/ol>\n<\/div>\n\n\n\n<div class=\"wp-block-column is-layout-flow wp-block-column-is-layout-flow\"><\/div>\n<\/div>\n\n\n\n<p><\/p>","protected":false},"excerpt":{"rendered":"<p>Genel ama\u00e7l\u0131 Yumu\u015fat\u0131c\u0131 Ajan, \u00e7e\u015fitli kuma\u015flar, havlular, giysiler ve tekstiller i\u00e7in yumu\u015fak terbiye i\u015fleminde uygulanabilir, hidrofilikli\u011fi art\u0131r\u0131r ve yumu\u015fak ve kabar\u0131k tutu\u015flar sa\u011flar.<\/p>\n<p><strong>Model No.<\/strong>39004<\/p>","protected":false},"featured_media":1800,"comment_status":"closed","ping_status":"closed","template":"","meta":{"_acf_changed":false},"material":[26,27,28,29,30,31,32,33,49,34],"process":[23,42],"product_brand":[],"product_cat":[15],"product_tag":[],"class_list":{"0":"post-1585","1":"product","2":"type-product","3":"status-publish","4":"has-post-thumbnail","6":"material-cotton-agent","7":"material-polyester-chemicals","8":"material-nylon-agent","9":"material-acrylic-chemicals","10":"material-viscose-chemicals","11":"material-wool-auxiliary","12":"material-linen-chemicals","13":"material-silk-chemicals","14":"material-elastic","15":"material-fabric-chemicals","16":"process-textile-finishing-chemicals","17":"process-softener","18":"product_cat-uncategorized","20":"first","21":"instock","22":"shipping-taxable","23":"product-type-simple"},"acf":[],"_links":{"self":[{"href":"https:\/\/www.bluelakechem.com\/tr\/wp-json\/wp\/v2\/product\/1585","targetHints":{"allow":["GET"]}}],"collection":[{"href":"https:\/\/www.bluelakechem.com\/tr\/wp-json\/wp\/v2\/product"}],"about":[{"href":"https:\/\/www.bluelakechem.com\/tr\/wp-json\/wp\/v2\/types\/product"}],"replies":[{"embeddable":true,"href":"https:\/\/www.bluelakechem.com\/tr\/wp-json\/wp\/v2\/comments?post=1585"}],"wp:featuredmedia":[{"embeddable":true,"href":"https:\/\/www.bluelakechem.com\/tr\/wp-json\/wp\/v2\/media\/1800"}],"wp:attachment":[{"href":"https:\/\/www.bluelakechem.com\/tr\/wp-json\/wp\/v2\/media?parent=1585"}],"wp:term":[{"taxonomy":"material","embeddable":true,"href":"https:\/\/www.bluelakechem.com\/tr\/wp-json\/wp\/v2\/material?post=1585"},{"taxonomy":"process","embeddable":true,"href":"https:\/\/www.bluelakechem.com\/tr\/wp-json\/wp\/v2\/process?post=1585"},{"taxonomy":"product_brand","embeddable":true,"href":"https:\/\/www.bluelakechem.com\/tr\/wp-json\/wp\/v2\/product_brand?post=1585"},{"taxonomy":"product_cat","embeddable":true,"href":"https:\/\/www.bluelakechem.com\/tr\/wp-json\/wp\/v2\/product_cat?post=1585"},{"taxonomy":"product_tag","embeddable":true,"href":"https:\/\/www.bluelakechem.com\/tr\/wp-json\/wp\/v2\/product_tag?post=1585"}],"curies":[{"name":"wp","href":"https:\/\/api.w.org\/{rel}","templated":true}]}}