{"id":1669,"date":"2025-03-07T02:07:05","date_gmt":"2025-03-07T02:07:05","guid":{"rendered":"https:\/\/www.bluelakechem.com\/?post_type=product&#038;p=1669"},"modified":"2025-08-06T09:04:22","modified_gmt":"2025-08-06T09:04:22","slug":"hydrophilic-silicone","status":"publish","type":"product","link":"https:\/\/www.bluelakechem.com\/tr\/product\/hydrophilic-silicone\/","title":{"rendered":"Hidrofilik Silikon, Pamuk Yumu\u015fak \u0130peksi i\u00e7in Amino Silikon Ya\u011f\u0131"},"content":{"rendered":"<div class=\"wp-block-columns is-layout-flex wp-container-core-columns-is-layout-9d6595d7 wp-block-columns-is-layout-flex\">\n<div class=\"wp-block-column is-layout-flow wp-block-column-is-layout-flow\" style=\"flex-basis:50%\">\n<h2 class=\"wp-block-heading\">Hidrofilik Silikon \u00d6zellikler:<\/h2>\n\n\n\n<p><strong>M\u00fckemmel hidrofiliklik: <\/strong>Kuma\u015f\u0131n su emilimini art\u0131rarak konfor ve nefes alabilirlik sa\u011flar.<\/p>\n\n\n\n<p><strong>Yumu\u015fak ve ipeksi el hissi: <\/strong>Kuma\u015fa yumu\u015fak, p\u00fcr\u00fczs\u00fcz, ipeksi ve elastik bir doku sa\u011flar.<\/p>\n\n\n\n<p><strong>Fiber elasticity and shape recovery:<\/strong>Exhibits excellent fiber elasticity and outstanding shape recovery performance.<\/p>\n\n\n\n<p><strong>\u00c7evre dostu ve g\u00fcvenlidir: <\/strong>\u00dcr\u00fcn kat\u0131 \u00e7evre standartlar\u0131n\u0131 kar\u015f\u0131lar, yasakl\u0131 kimyasal i\u00e7ermez ve AB OEKO-TEX standard\u0131 100 ile tamamen uyumludur.<\/p>\n\n\n\n<p><strong>M\u00fckemmel alkali direnci: <\/strong>\u0130\u015fleme s\u0131ras\u0131nda stabilite sa\u011flayarak \u00e7e\u015fitli son i\u015flem uygulamalar\u0131 i\u00e7in uygun hale getirir<\/p>\n<\/div>\n\n\n\n<div class=\"wp-block-column is-layout-flow wp-block-column-is-layout-flow\" style=\"flex-basis:50%\">\n<h2 class=\"wp-block-heading\">Hidrofilik Silikon \u00d6zellikleri:<\/h2>\n\n\n\n<figure class=\"wp-block-table\"><table class=\"has-fixed-layout\"><tbody><tr><td>G\u00f6r\u00fcn\u00fc\u015f:<\/td><td>A\u00e7\u0131k sar\u0131 \u015feffaf viskoz s\u0131v\u0131&nbsp;<\/td><\/tr><tr><td>\u0130yoniklik:<\/td><td>Zay\u0131f katyonik<\/td><\/tr><tr><td>pH de\u011feri:<\/td><td>6,5\u00b11,0 (1% sulu \u00e7\u00f6zeltisi)<\/td><\/tr><tr><td>\u0130\u00e7erik:<\/td><td>90~95%<\/td><\/tr><tr><td>Uygulama:<\/td><td>Sel\u00fcloz elyaf\u0131, vb., \u00f6zellikle pamuk.<\/td><\/tr><\/tbody><\/table><\/figure>\n\n\n\n<h2 class=\"wp-block-heading\">Hidrofilik Silikon Uygulama:<\/h2>\n\n\n\n<p><strong>Pamuklu kuma\u015f: <\/strong>Hidrofilikli\u011fi art\u0131r\u0131rken yumu\u015fakl\u0131\u011f\u0131, p\u00fcr\u00fczs\u00fczl\u00fc\u011f\u00fc ve dayan\u0131kl\u0131l\u0131\u011f\u0131 geli\u015ftirir.<\/p>\n\n\n\n<p><strong>Kar\u0131\u015f\u0131ml\u0131 kuma\u015flar: <\/strong>Polyester-pamuk ve di\u011fer kar\u0131\u015f\u0131ml\u0131 tekstiller i\u00e7in etkili bir \u015fekilde uygundur.<\/p>\n\n\n\n<p><strong>Havlular ve ev tekstili \u00fcr\u00fcnleri: <\/strong>Su emilimini, yumu\u015fakl\u0131\u011f\u0131 ve b\u00fcz\u00fclme direncini art\u0131r\u0131r.<\/p>\n\n\n\n<p><strong>Konfeksiyon terbiyesi:<\/strong> Kal\u0131c\u0131 yumu\u015fakl\u0131k, esneklik ve b\u00fcz\u00fclmeye kar\u015f\u0131 diren\u00e7 sa\u011flar.<\/p>\n<\/div>\n\n\n\n<div class=\"wp-block-column is-layout-flow wp-block-column-is-layout-flow\"><\/div>\n<\/div>","protected":false},"excerpt":{"rendered":"<p>Our 72003 is an innovative textile softener, which can provide most fabrics with a soft and smooth handle and hydrophilicity. It is a multipolymer composed of polysiloxane, polyether, and polyamine, which can evenly penetrate the inner part of fibers and act on each fiber to enhance the overall performance of the fabric. It has a linear block copolymer structure, which has good dispersing, diffusing, and penetrating performance on fibers. which meets environmental standards. Welcome to contact us for more solutions!<\/p>\n<p><strong>Model No. 72003<\/strong><\/p>","protected":false},"featured_media":1670,"comment_status":"closed","ping_status":"closed","template":"","meta":{"_acf_changed":false},"material":[26],"process":[23,24],"product_brand":[],"product_cat":[15],"product_tag":[],"class_list":{"0":"post-1669","1":"product","2":"type-product","3":"status-publish","4":"has-post-thumbnail","6":"material-cotton-agent","7":"process-textile-finishing-chemicals","8":"process-silicone-oil","9":"product_cat-uncategorized","11":"first","12":"instock","13":"shipping-taxable","14":"product-type-simple"},"acf":[],"_links":{"self":[{"href":"https:\/\/www.bluelakechem.com\/tr\/wp-json\/wp\/v2\/product\/1669","targetHints":{"allow":["GET"]}}],"collection":[{"href":"https:\/\/www.bluelakechem.com\/tr\/wp-json\/wp\/v2\/product"}],"about":[{"href":"https:\/\/www.bluelakechem.com\/tr\/wp-json\/wp\/v2\/types\/product"}],"replies":[{"embeddable":true,"href":"https:\/\/www.bluelakechem.com\/tr\/wp-json\/wp\/v2\/comments?post=1669"}],"wp:featuredmedia":[{"embeddable":true,"href":"https:\/\/www.bluelakechem.com\/tr\/wp-json\/wp\/v2\/media\/1670"}],"wp:attachment":[{"href":"https:\/\/www.bluelakechem.com\/tr\/wp-json\/wp\/v2\/media?parent=1669"}],"wp:term":[{"taxonomy":"material","embeddable":true,"href":"https:\/\/www.bluelakechem.com\/tr\/wp-json\/wp\/v2\/material?post=1669"},{"taxonomy":"process","embeddable":true,"href":"https:\/\/www.bluelakechem.com\/tr\/wp-json\/wp\/v2\/process?post=1669"},{"taxonomy":"product_brand","embeddable":true,"href":"https:\/\/www.bluelakechem.com\/tr\/wp-json\/wp\/v2\/product_brand?post=1669"},{"taxonomy":"product_cat","embeddable":true,"href":"https:\/\/www.bluelakechem.com\/tr\/wp-json\/wp\/v2\/product_cat?post=1669"},{"taxonomy":"product_tag","embeddable":true,"href":"https:\/\/www.bluelakechem.com\/tr\/wp-json\/wp\/v2\/product_tag?post=1669"}],"curies":[{"name":"wp","href":"https:\/\/api.w.org\/{rel}","templated":true}]}}