{"id":2093,"date":"2025-05-13T06:54:45","date_gmt":"2025-05-13T06:54:45","guid":{"rendered":"https:\/\/www.bluelakechem.com\/?post_type=product&#038;p=2093"},"modified":"2025-05-13T07:40:20","modified_gmt":"2025-05-13T07:40:20","slug":"oil-removing-and-anti-staining-degreasing-agent","status":"publish","type":"product","link":"https:\/\/www.bluelakechem.com\/tr\/product\/oil-removing-and-anti-staining-degreasing-agent\/","title":{"rendered":"\u00d6rme Kuma\u015flar i\u00e7in Etkili Ya\u011f Giderici ve Leke \u00d6nleyici Ya\u011f Alma Maddesi"},"content":{"rendered":"\n<div class=\"wp-block-columns is-layout-flex wp-container-core-columns-is-layout-9d6595d7 wp-block-columns-is-layout-flex\">\n<div class=\"wp-block-column is-layout-flow wp-block-column-is-layout-flow\">\n<h2 class=\"wp-block-heading\">Degreasing Agent Features\uff1a<\/h2>\n\n\n\n<ul class=\"wp-block-list\">\n<li>Excellent effect of emulsifying, scouring, dispersing, preventing stains, degreasing and penetrating, etc.<\/li>\n\n\n\n<li>Can be used for continuous open-width&nbsp;degreasing and scouring&nbsp;in acid conditions. Effectively prevents white spots without polluting equipment.<\/li>\n\n\n\n<li>Mild property. Removes&nbsp;impurities&nbsp;effectively without damaging fibers.<\/li>\n\n\n\n<li>Excellent removing effect for silicone oil in spandex spinning oil, chemical fiber heavy oil and oil gauze.<\/li>\n<\/ul>\n\n\n\n<h2 class=\"wp-block-heading\">Degreasing Agent Instruction\uff1a<\/h2>\n\n\n\n<h3 class=\"wp-block-heading\">1. Continuous open-width&nbsp;degreasing and scouring process:<\/h3>\n\n\n\n<ul class=\"wp-block-list\">\n<li>Bath: reference dosage of 11003: 1~2 g\/L; reference dosage of white spot preventing agent: 0.2~0.3 g\/L<\/li>\n\n\n\n<li>Reference process: First unit for bath (80~85\u2103) \u2192 Second unit for bath (90 ~ 95\u2103)\u2192 Third unit for soft water (60\u2103) \u2192 Fourth to seventh unit for soft water (25\u2103)<\/li>\n<\/ul>\n\n\n\n<h3 class=\"wp-block-heading\">2. Batch-type degreasing and scouring in dyeing bath:<\/h3>\n\n\n\n<ul class=\"wp-block-list\">\n<li>Bath: reference dosage of 11003: 1~2 g\/L; reference dosage of white spot preventing agent: 0.2~0.3 g\/L<\/li>\n\n\n\n<li>Bath ratio: 1:10~1:20<\/li>\n\n\n\n<li>Reference process: 25\u2103 \u2192 95~98\u2103\u00d730min \u2192 Water washing for 1~2 times<\/li>\n<\/ul>\n<\/div>\n\n\n\n<div class=\"wp-block-column is-layout-flow wp-block-column-is-layout-flow\">\n<figure class=\"wp-block-embed is-type-video is-provider-youtube wp-block-embed-youtube wp-embed-aspect-16-9 wp-has-aspect-ratio\"><div class=\"wp-block-embed__wrapper\">\n<iframe title=\"[Essential for Dyeing Factories] Nylon De-Oiling Agent | Effective Stain Removal Secret! \ud83e\uddea\ud83d\udd2c\" width=\"500\" height=\"281\" src=\"https:\/\/www.youtube.com\/embed\/IsvlaxuLsHw?feature=oembed\" frameborder=\"0\" allow=\"accelerometer; autoplay; clipboard-write; encrypted-media; gyroscope; picture-in-picture; web-share\" referrerpolicy=\"strict-origin-when-cross-origin\" allowfullscreen><\/iframe>\n<\/div><\/figure>\n\n\n\n<h2 class=\"wp-block-heading\">Typical Properties:<\/h2>\n\n\n\n<figure class=\"wp-block-table\"><table class=\"has-fixed-layout\"><tbody><tr><td>Appearance:<\/td><td>Light yellow transparent liquid<\/td><\/tr><tr><td>Ionicity:<\/td><td>Nonionic<\/td><\/tr><tr><td>pH value:<\/td><td>7.0\u00b11.0&nbsp;(1% aqueous solution)<\/td><\/tr><tr><td>Solubility:<\/td><td>Soluble in water<\/td><\/tr><\/tbody><\/table><\/figure>\n<\/div>\n<\/div>\n","protected":false},"excerpt":{"rendered":"<p>11003 Ya\u011f Alma Maddemiz, \u00f6rme kuma\u015flar i\u00e7in a\u00e7\u0131k geni\u015flikte ya\u011f alma ve ovma i\u015flemleri i\u00e7in uygun \u00e7e\u015fitli y\u00fczey aktif maddelerin bir kar\u0131\u015f\u0131m\u0131d\u0131r. Y\u00fcksek ya\u011f alma verimlili\u011fine, m\u00fckemmel leke \u00f6nleme performans\u0131na ve \u00e7e\u015fitli e\u011firme ya\u011f\u0131 t\u00fcrleri i\u00e7in m\u00fckemmel em\u00fclsifiye edici ve da\u011f\u0131t\u0131c\u0131 etkilere sahiptir. APEO veya yasaklanm\u0131\u015f kimyasal madde i\u00e7ermez. Avrupa Birli\u011fi standard\u0131 Otex-100 ile uyumludur Daha fazla \u00e7\u00f6z\u00fcm i\u00e7in bizimle ileti\u015fime ge\u00e7ebilirsiniz!<\/p>\n<p><strong>Model No. 11003<\/strong><\/p>\n<p>&nbsp;<\/p>","protected":false},"featured_media":2094,"comment_status":"closed","ping_status":"closed","template":"","meta":{"_acf_changed":false},"material":[27,28],"process":[17,35],"product_brand":[],"product_cat":[15],"product_tag":[48],"class_list":{"0":"post-2093","1":"product","2":"type-product","3":"status-publish","4":"has-post-thumbnail","6":"material-polyester-chemicals","7":"material-nylon-agent","8":"process-pretreatment-auxiliaries","9":"process-degreasing-agent","10":"product_cat-uncategorized","11":"product_tag-new-textile-chemicals","13":"first","14":"instock","15":"shipping-taxable","16":"product-type-simple"},"acf":[],"_links":{"self":[{"href":"https:\/\/www.bluelakechem.com\/tr\/wp-json\/wp\/v2\/product\/2093","targetHints":{"allow":["GET"]}}],"collection":[{"href":"https:\/\/www.bluelakechem.com\/tr\/wp-json\/wp\/v2\/product"}],"about":[{"href":"https:\/\/www.bluelakechem.com\/tr\/wp-json\/wp\/v2\/types\/product"}],"replies":[{"embeddable":true,"href":"https:\/\/www.bluelakechem.com\/tr\/wp-json\/wp\/v2\/comments?post=2093"}],"wp:featuredmedia":[{"embeddable":true,"href":"https:\/\/www.bluelakechem.com\/tr\/wp-json\/wp\/v2\/media\/2094"}],"wp:attachment":[{"href":"https:\/\/www.bluelakechem.com\/tr\/wp-json\/wp\/v2\/media?parent=2093"}],"wp:term":[{"taxonomy":"material","embeddable":true,"href":"https:\/\/www.bluelakechem.com\/tr\/wp-json\/wp\/v2\/material?post=2093"},{"taxonomy":"process","embeddable":true,"href":"https:\/\/www.bluelakechem.com\/tr\/wp-json\/wp\/v2\/process?post=2093"},{"taxonomy":"product_brand","embeddable":true,"href":"https:\/\/www.bluelakechem.com\/tr\/wp-json\/wp\/v2\/product_brand?post=2093"},{"taxonomy":"product_cat","embeddable":true,"href":"https:\/\/www.bluelakechem.com\/tr\/wp-json\/wp\/v2\/product_cat?post=2093"},{"taxonomy":"product_tag","embeddable":true,"href":"https:\/\/www.bluelakechem.com\/tr\/wp-json\/wp\/v2\/product_tag?post=2093"}],"curies":[{"name":"wp","href":"https:\/\/api.w.org\/{rel}","templated":true}]}}