{"id":211,"date":"2024-11-26T16:32:50","date_gmt":"2024-11-26T16:32:50","guid":{"rendered":"https:\/\/www.bluelakechem.com\/?post_type=product&#038;p=211"},"modified":"2025-01-17T12:06:36","modified_gmt":"2025-01-17T12:06:36","slug":"scouring-agent","status":"publish","type":"product","link":"https:\/\/www.bluelakechem.com\/tr\/product\/scouring-agent\/","title":{"rendered":"Tekstil \u00d6n \u0130\u015flem Kuma\u015flar\u0131 \u0130\u00e7in \u00c7ok Fonksiyonlu Ovma Maddesi ve Ya\u011f Alma Maddesi Ovma"},"content":{"rendered":"<div class=\"wp-block-columns is-layout-flex wp-container-core-columns-is-layout-9d6595d7 wp-block-columns-is-layout-flex\">\n<div class=\"wp-block-column is-layout-flow wp-block-column-is-layout-flow\" style=\"flex-basis:50%\">\n<h2 class=\"wp-block-heading\">Ovma Maddesi \u00d6zellikleri:<\/h2>\n\n\n\n<p><strong>Y\u00fcksek Konsantrasyonlu Form\u00fcl:<\/strong> D\u00fc\u015f\u00fck uygulama hacimleriyle \u00fcst\u00fcn ovma ve ya\u011f giderme performans\u0131 sa\u011flar.<\/p>\n\n\n\n<p><strong>\u00c7ok Fonksiyonlu Eylem: <\/strong>Hem sel\u00fcloz (pamuk, keten) hem de sentetik (polyester, naylon) elyaflar \u00fczerinde etkili bir \u015fekilde \u00e7al\u0131\u015f\u0131r.<\/p>\n\n\n\n<p><strong>Beyazl\u0131\u011f\u0131 \u0130yile\u015ftirir: <\/strong>Geli\u015fmi\u015f estetik ve kalite i\u00e7in daha temiz, daha beyaz kuma\u015flar elde etmeye yard\u0131mc\u0131 olur.<\/p>\n\n\n\n<p><strong>K\u0131lcal damar etkisini art\u0131r\u0131r:<\/strong> Kuma\u015f\u0131n k\u0131lcal hareketini geli\u015ftirerek boyama ve bask\u0131 s\u0131ras\u0131nda daha iyi emilim sa\u011flar.<\/p>\n\n\n\n<p><strong>Uygun Maliyetli: <\/strong>B\u00fcy\u00fck \u00f6l\u00e7ekli tekstil i\u015fleme i\u00e7in uygun, rekabet\u00e7i bir maliyetle y\u00fcksek verimli bir \u00e7\u00f6z\u00fcm sa\u011flar.<\/p>\n\n\n\n<p><strong>\u00c7evre Dostu: <\/strong>Y\u00fcksek performans sunarken \u00e7evresel etkiyi en aza indirecek \u015fekilde form\u00fcle edilmi\u015ftir.<\/p>\n<\/div>\n\n\n\n<div class=\"wp-block-column is-layout-flow wp-block-column-is-layout-flow\" style=\"flex-basis:50%\">\n<figure class=\"wp-block-embed is-type-video is-provider-youtube wp-block-embed-youtube wp-embed-aspect-16-9 wp-has-aspect-ratio\"><div class=\"wp-block-embed__wrapper\">\n<iframe title=\"M\u00fckemmel Islatma ve Em\u00fclsifiye Performans\u0131 #extilechemicals\" width=\"500\" height=\"281\" src=\"https:\/\/www.youtube.com\/embed\/55lFQ-PeQzA?feature=oembed\" frameborder=\"0\" allow=\"accelerometer; autoplay; clipboard-write; encrypted-media; gyroscope; picture-in-picture; web-share\" referrerpolicy=\"strict-origin-when-cross-origin\" allowfullscreen><\/iframe>\n<\/div><\/figure>\n<\/div>\n<\/div>\n\n\n\n<div class=\"wp-block-columns is-layout-flex wp-container-core-columns-is-layout-9d6595d7 wp-block-columns-is-layout-flex\">\n<div class=\"wp-block-column is-layout-flow wp-block-column-is-layout-flow\">\n<figure class=\"wp-block-image size-full\"><img decoding=\"async\" width=\"800\" height=\"600\" src=\"https:\/\/www.bluelakechem.com\/wp-content\/uploads\/2024\/11\/scouring-agent-wetting-agent.webp\" alt=\"ovma maddesi testi &amp; \u0131slatma maddesi\" class=\"wp-image-393\" srcset=\"https:\/\/www.bluelakechem.com\/wp-content\/uploads\/2024\/11\/scouring-agent-wetting-agent.webp 800w, https:\/\/www.bluelakechem.com\/wp-content\/uploads\/2024\/11\/scouring-agent-wetting-agent-300x225.webp 300w, https:\/\/www.bluelakechem.com\/wp-content\/uploads\/2024\/11\/scouring-agent-wetting-agent-768x576.webp 768w, https:\/\/www.bluelakechem.com\/wp-content\/uploads\/2024\/11\/scouring-agent-wetting-agent-600x450.webp 600w\" sizes=\"(max-width: 800px) 100vw, 800px\" \/><\/figure>\n<\/div>\n\n\n\n<div class=\"wp-block-column is-vertically-aligned-center is-layout-flow wp-block-column-is-layout-flow\">\n<h3 class=\"wp-block-heading\">Ovma ve Ya\u011f Alma Maddesi Uygulamalar\u0131:<\/h3>\n\n\n\n<p><strong>Sel\u00fclozik elyaflar\u0131n \u00f6n i\u015flemi: <\/strong>Do\u011fal ya\u011flar, mumlar ve di\u011fer kirleticiler gibi yabanc\u0131 maddeleri etkili bir \u015fekilde giderir, boyamadan \u00f6nce kuma\u015f beyazl\u0131\u011f\u0131n\u0131 ve kalitesini art\u0131r\u0131r.<\/p>\n\n\n\n<p><strong>Sentetik elyaflar\u0131n ya\u011fdan ar\u0131nd\u0131r\u0131lmas\u0131:<\/strong> Polyester, naylon ve akrilik gibi sentetik elyaflardaki ya\u011flar\u0131 ve kat\u0131 ya\u011flar\u0131 etkili bir \u015fekilde gidererek boyanabilirliklerini ve bas\u0131labilirliklerini optimize eder.<\/p>\n\n\n\n<p><strong>Boyama ve bask\u0131 i\u015flemleri: <\/strong>Boya penetrasyonunu artt\u0131rmak, bask\u0131lar\u0131n ve renklerin homojenli\u011fini ve parlakl\u0131\u011f\u0131n\u0131 sa\u011flamak i\u00e7in etkili bir \u0131slat\u0131c\u0131 madde olarak kullan\u0131l\u0131r.<\/p>\n<\/div>\n<\/div>","protected":false},"excerpt":{"rendered":"<p>Y\u00fcksek konsantrasyonlu ve \u00e7ok i\u015flevli \u0131slat\u0131c\u0131 maddeler, sel\u00fcloz lifleri \u00fczerindeki ovma etkisini ve sentetik lifler \u00fczerindeki ya\u011f giderme etkisini a\u00e7\u0131k\u00e7a te\u015fvik eder, ipliklerin ve kuma\u015flar\u0131n beyazl\u0131\u011f\u0131n\u0131 ve k\u0131lcal etkisini art\u0131rabilir ve bask\u0131 ve boyama i\u015fleminde y\u00fcksek verimli bir \u0131slat\u0131c\u0131 madde olarak kullan\u0131labilir, uygun maliyetlidir.<br \/><strong>Model No. <\/strong>11004<\/p>","protected":false},"featured_media":1438,"comment_status":"closed","ping_status":"closed","template":"","meta":{"_acf_changed":false},"material":[26,27,28,29,30,31,32,33,34],"process":[17,18,19,35,36],"product_brand":[],"product_cat":[],"product_tag":[],"class_list":{"0":"post-211","1":"product","2":"type-product","3":"status-publish","4":"has-post-thumbnail","6":"material-cotton-agent","7":"material-polyester-chemicals","8":"material-nylon-agent","9":"material-acrylic-chemicals","10":"material-viscose-chemicals","11":"material-wool-auxiliary","12":"material-linen-chemicals","13":"material-silk-chemicals","14":"material-fabric-chemicals","15":"process-pretreatment-auxiliaries","16":"process-textile-wetting-agent","17":"process-scouring-agent","18":"process-degreasing-agent","19":"process-bleaching-agent","21":"first","22":"instock","23":"shipping-taxable","24":"product-type-simple"},"acf":[],"_links":{"self":[{"href":"https:\/\/www.bluelakechem.com\/tr\/wp-json\/wp\/v2\/product\/211","targetHints":{"allow":["GET"]}}],"collection":[{"href":"https:\/\/www.bluelakechem.com\/tr\/wp-json\/wp\/v2\/product"}],"about":[{"href":"https:\/\/www.bluelakechem.com\/tr\/wp-json\/wp\/v2\/types\/product"}],"replies":[{"embeddable":true,"href":"https:\/\/www.bluelakechem.com\/tr\/wp-json\/wp\/v2\/comments?post=211"}],"wp:featuredmedia":[{"embeddable":true,"href":"https:\/\/www.bluelakechem.com\/tr\/wp-json\/wp\/v2\/media\/1438"}],"wp:attachment":[{"href":"https:\/\/www.bluelakechem.com\/tr\/wp-json\/wp\/v2\/media?parent=211"}],"wp:term":[{"taxonomy":"material","embeddable":true,"href":"https:\/\/www.bluelakechem.com\/tr\/wp-json\/wp\/v2\/material?post=211"},{"taxonomy":"process","embeddable":true,"href":"https:\/\/www.bluelakechem.com\/tr\/wp-json\/wp\/v2\/process?post=211"},{"taxonomy":"product_brand","embeddable":true,"href":"https:\/\/www.bluelakechem.com\/tr\/wp-json\/wp\/v2\/product_brand?post=211"},{"taxonomy":"product_cat","embeddable":true,"href":"https:\/\/www.bluelakechem.com\/tr\/wp-json\/wp\/v2\/product_cat?post=211"},{"taxonomy":"product_tag","embeddable":true,"href":"https:\/\/www.bluelakechem.com\/tr\/wp-json\/wp\/v2\/product_tag?post=211"}],"curies":[{"name":"wp","href":"https:\/\/api.w.org\/{rel}","templated":true}]}}