{"id":2221,"date":"2025-05-24T10:46:41","date_gmt":"2025-05-24T10:46:41","guid":{"rendered":"https:\/\/www.bluelakechem.com\/?post_type=product&#038;p=2221"},"modified":"2025-05-24T10:46:50","modified_gmt":"2025-05-24T10:46:50","slug":"dyeing-carrier-for-polyester","status":"publish","type":"product","link":"https:\/\/www.bluelakechem.com\/tr\/product\/dyeing-carrier-for-polyester\/","title":{"rendered":"Polyester ve Kar\u0131\u015f\u0131mlar\u0131 i\u00e7in D\u00fc\u015f\u00fck S\u0131cakl\u0131k Boyama Ta\u015f\u0131y\u0131c\u0131s\u0131, Dispers Boyalar"},"content":{"rendered":"<div class=\"wp-block-columns is-layout-flex wp-container-core-columns-is-layout-9d6595d7 wp-block-columns-is-layout-flex\">\n<div class=\"wp-block-column is-layout-flow wp-block-column-is-layout-flow\">\n<h2 class=\"wp-block-heading\">Boyama Ta\u015f\u0131y\u0131c\u0131 \u00d6zellikleri:<\/h2>\n\n\n\n<p><strong>D\u00fc\u015f\u00fck S\u0131cakl\u0131kta M\u00fckemmel Boya Al\u0131m\u0131<\/strong><br>Polyester liflerini verimli bir \u015fekilde geni\u015fleterek normal bas\u0131n\u00e7ta ve 98-110\u00b0C'de derin g\u00f6lge boyamaya olanak sa\u011flar.<\/p>\n\n\n\n<p><strong>Y\u00fcksek Boyama Tekrarlanabilirli\u011fi<\/strong><br>Boya partileri aras\u0131nda tutarl\u0131 sonu\u00e7lar sa\u011flayarak kalite varyasyonlar\u0131n\u0131 azalt\u0131r.<\/p>\n\n\n\n<p><strong>\u00dcst\u00fcn Da\u011f\u0131labilirlik<\/strong><br>Boya toplanmas\u0131n\u0131 \u00f6nler ve kuma\u015f y\u00fczeyindeki renk lekelerini veya lekeleri ortadan kald\u0131r\u0131r.<\/p>\n\n\n\n<p><strong>Di\u011fer Boyama Bile\u015fenleri ile Etkile\u015fim Yok<\/strong><br>\u00c7oklu boya banyo sistemleri ile uyumludur; dispers boyalarla birlikte kullan\u0131lan di\u011fer boyalar\u0131n boyanmas\u0131n\u0131 engellemez.<\/p>\n\n\n\n<p><strong>Hata D\u00fczeltme Yetene\u011fi<\/strong><br>\u015eunlar i\u00e7in kullan\u0131\u015fl\u0131d\u0131r <strong>boyama kusurlar\u0131n\u0131n giderilmesi<\/strong> ve <strong>\u015feritleme d\u00fczeltmesi<\/strong> polyester kuma\u015flarda.<\/p>\n\n\n\n<p><strong>Oeko-Tex Standard 100 ile uyumlu<\/strong><br>Uluslararas\u0131 pazarlara y\u00f6nelik tekstil \u00fcretimi i\u00e7in \u00e7evre dostu ve g\u00fcvenlidir.<\/p>\n\n\n\n<h2 class=\"wp-block-heading\">Boyama Ta\u015f\u0131y\u0131c\u0131 \u00d6zellikleri:<\/h2>\n\n\n\n<figure class=\"wp-block-table\"><table class=\"has-fixed-layout\"><tbody><tr><td>G\u00f6r\u00fcn\u00fc\u015f:<\/td><td>Sar\u0131 \u015feffaf s\u0131v\u0131<\/td><\/tr><tr><td>\u0130yoniklik:<\/td><td>Anyonik\/ Noniyonik<\/td><\/tr><tr><td>pH de\u011feri:<\/td><td>6.0\u00b11.0 (1% sulu \u00e7\u00f6zeltisi)<\/td><\/tr><tr><td>\u00c7\u00f6z\u00fcn\u00fcrl\u00fck:<\/td><td>Suda \u00e7\u00f6z\u00fcn\u00fcr<\/td><\/tr><\/tbody><\/table><\/figure>\n<\/div>\n\n\n\n<div class=\"wp-block-column is-layout-flow wp-block-column-is-layout-flow\">\n<figure class=\"wp-block-embed is-type-video is-provider-youtube wp-block-embed-youtube wp-embed-aspect-16-9 wp-has-aspect-ratio\"><div class=\"wp-block-embed__wrapper\">\n<iframe title=\"Kar\u0131\u015f\u0131m kuma\u015flar kriyojenik tanklarda nas\u0131l koyu boyan\u0131r? #extiledyeing #saveenergy\" width=\"500\" height=\"281\" src=\"https:\/\/www.youtube.com\/embed\/jELFftEaY78?feature=oembed\" frameborder=\"0\" allow=\"accelerometer; autoplay; clipboard-write; encrypted-media; gyroscope; picture-in-picture; web-share\" referrerpolicy=\"strict-origin-when-cross-origin\" allowfullscreen><\/iframe>\n<\/div><\/figure>\n\n\n\n<h2 class=\"wp-block-heading\">Boyama Ta\u015f\u0131y\u0131c\u0131 Talimat\u0131:<\/h2>\n\n\n\n<p>1. Orta ve a\u00e7\u0131k renk i\u00e7in referans dozaj: 2~4 g\/L.<\/p>\n\n\n\n<p>pH de\u011ferini 4,5~5,5'e ayarlay\u0131n<\/p>\n\n\n\n<p>98~110\u2103\u00d745~60 dakika<\/p>\n\n\n\n<p>2. Koyu renk i\u00e7in referans dozaj: 4~6 g\/L.<\/p>\n\n\n\n<p>pH de\u011ferini 4,5~5,5'e ayarlay\u0131n.<\/p>\n\n\n\n<p>98~110\u2103\u00d745~60 dakika<\/p>\n<\/div>\n<\/div>\n\n\n\n<p><\/p>","protected":false},"excerpt":{"rendered":"<p>Boyama Ta\u015f\u0131y\u0131c\u0131m\u0131z 22100, dispers boyalarla d\u00fc\u015f\u00fck s\u0131cakl\u0131kta boyama gerektiren polyester ve polyester kar\u0131\u015f\u0131ml\u0131 kuma\u015flar i\u00e7in \u00f6zel olarak geli\u015ftirilmi\u015f aromatik organik asit ester bazl\u0131 bir ta\u015f\u0131y\u0131c\u0131d\u0131r.<\/p>\n<p>98-110\u00b0C'de verimli bir \u015fekilde \u00e7al\u0131\u015farak, y\u00fcksek bas\u0131n\u00e7l\u0131 ekipmana ihtiya\u00e7 duymadan boya penetrasyonunu ve al\u0131m\u0131n\u0131 art\u0131r\u0131r. \u00dcr\u00fcn Oeko-Tex Standard 100 uyumludur ve par\u00e7a boyama, iplik boyama veya d\u00fczeltici boyama i\u015flemleri i\u00e7in idealdir.<\/p>\n<p><strong>Model No. 22100<\/strong><\/p>","protected":false},"featured_media":2223,"comment_status":"closed","ping_status":"closed","template":"","meta":{"_acf_changed":false},"material":[27],"process":[20,39],"product_brand":[],"product_cat":[15],"product_tag":[48],"class_list":{"0":"post-2221","1":"product","2":"type-product","3":"status-publish","4":"has-post-thumbnail","6":"material-polyester-chemicals","7":"process-dyeing-auxiliaries","8":"process-dye-carrier","9":"product_cat-uncategorized","10":"product_tag-new-textile-chemicals","12":"first","13":"instock","14":"shipping-taxable","15":"product-type-simple"},"acf":[],"_links":{"self":[{"href":"https:\/\/www.bluelakechem.com\/tr\/wp-json\/wp\/v2\/product\/2221","targetHints":{"allow":["GET"]}}],"collection":[{"href":"https:\/\/www.bluelakechem.com\/tr\/wp-json\/wp\/v2\/product"}],"about":[{"href":"https:\/\/www.bluelakechem.com\/tr\/wp-json\/wp\/v2\/types\/product"}],"replies":[{"embeddable":true,"href":"https:\/\/www.bluelakechem.com\/tr\/wp-json\/wp\/v2\/comments?post=2221"}],"wp:featuredmedia":[{"embeddable":true,"href":"https:\/\/www.bluelakechem.com\/tr\/wp-json\/wp\/v2\/media\/2223"}],"wp:attachment":[{"href":"https:\/\/www.bluelakechem.com\/tr\/wp-json\/wp\/v2\/media?parent=2221"}],"wp:term":[{"taxonomy":"material","embeddable":true,"href":"https:\/\/www.bluelakechem.com\/tr\/wp-json\/wp\/v2\/material?post=2221"},{"taxonomy":"process","embeddable":true,"href":"https:\/\/www.bluelakechem.com\/tr\/wp-json\/wp\/v2\/process?post=2221"},{"taxonomy":"product_brand","embeddable":true,"href":"https:\/\/www.bluelakechem.com\/tr\/wp-json\/wp\/v2\/product_brand?post=2221"},{"taxonomy":"product_cat","embeddable":true,"href":"https:\/\/www.bluelakechem.com\/tr\/wp-json\/wp\/v2\/product_cat?post=2221"},{"taxonomy":"product_tag","embeddable":true,"href":"https:\/\/www.bluelakechem.com\/tr\/wp-json\/wp\/v2\/product_tag?post=2221"}],"curies":[{"name":"wp","href":"https:\/\/api.w.org\/{rel}","templated":true}]}}