{"id":2298,"date":"2025-06-10T03:25:23","date_gmt":"2025-06-10T03:25:23","guid":{"rendered":"https:\/\/www.bluelakechem.com\/?post_type=product&#038;p=2298"},"modified":"2025-06-10T03:25:25","modified_gmt":"2025-06-10T03:25:25","slug":"nylon-hydrophilic-finishing-agent","status":"publish","type":"product","link":"https:\/\/www.bluelakechem.com\/tr\/product\/nylon-hydrophilic-finishing-agent\/","title":{"rendered":"Naylon Hidrofilik Son \u0130\u015flem Maddesi, Y\u0131kanabilirli\u011fi ve Y\u00fczey Islanabilirli\u011fini Art\u0131r\u0131r"},"content":{"rendered":"<div class=\"wp-block-columns is-layout-flex wp-container-core-columns-is-layout-9d6595d7 wp-block-columns-is-layout-flex\">\n<div class=\"wp-block-column is-layout-flow wp-block-column-is-layout-flow\">\n<h2 class=\"wp-block-heading\">Hidrofilik Son \u0130\u015flem Maddesi \u00d6zellikler:<\/h2>\n\n\n\n<p><strong>\u00c7evre Dostu<\/strong>: APEO, formaldehit ve a\u011f\u0131r metaller i\u00e7ermez; Oeko-Tex Standard 100'e uygundur.<\/p>\n\n\n\n<p><strong>\u00dcst\u00fcn Hidrofiliklik<\/strong>: Naylon ve naylon kar\u0131\u015f\u0131ml\u0131 kuma\u015flar\u0131n nem emilimini ve \u00e7abuk kuruma performans\u0131n\u0131 \u00f6nemli \u00f6l\u00e7\u00fcde art\u0131r\u0131r.<\/p>\n\n\n\n<p><strong>Dayan\u0131kl\u0131 Y\u0131kanabilirlik<\/strong>: Hidrofilik etkisini kaybetmeden tekrarlanan y\u0131kama d\u00f6ng\u00fclerine kar\u015f\u0131 m\u00fckemmel diren\u00e7 sa\u011flar.<\/p>\n\n\n\n<p><strong>Kararl\u0131 G\u00f6lge Tutma<\/strong>:  Kuma\u015f rengi \u00fczerinde d\u00fc\u015f\u00fck etki, terbiye i\u015fleminden sonra orijinal g\u00f6lgeyi korur.<\/p>\n\n\n\n<p><strong>Yumu\u015fak El Hissi Uyumlu<\/strong>:  Hidrofilik silikon ya\u011f\u0131 ile kullan\u0131ld\u0131\u011f\u0131nda yumu\u015fakl\u0131\u011f\u0131 veya hissi etkilemez.<\/p>\n\n\n\n<p><strong>Kolay Uygulama<\/strong>: Ayar makinelerinde hidrofilik yumu\u015fat\u0131c\u0131lar veya silikon ya\u011flar\u0131 ile ayn\u0131 banyoda uygulanabilir ve terbiye i\u015flemini kolayla\u015ft\u0131r\u0131r.<\/p>\n\n\n\n<h2 class=\"wp-block-heading\">Hidrofilik Son \u0130\u015flem Maddesi \u00d6zellikleri:<\/h2>\n\n\n\n<figure class=\"wp-block-table\"><table class=\"has-fixed-layout\"><tbody><tr><td>G\u00f6r\u00fcn\u00fc\u015f:<\/td><td>A\u00e7\u0131k sar\u0131 ila a\u00e7\u0131k kahverengi s\u0131v\u0131<\/td><\/tr><tr><td>\u0130yoniklik:<\/td><td>Zay\u0131f katyonik<\/td><\/tr><tr><td>pH de\u011feri:<\/td><td>4.0\u00b11.0 (1% sulu \u00e7\u00f6zeltisi)<\/td><\/tr><tr><td>\u00c7\u00f6z\u00fcn\u00fcrl\u00fck:<\/td><td>Suda \u00e7\u00f6z\u00fcn\u00fcr<\/td><\/tr><\/tbody><\/table><\/figure>\n<\/div>\n\n\n\n<div class=\"wp-block-column is-layout-flow wp-block-column-is-layout-flow\">\n<figure class=\"wp-block-embed is-type-video is-provider-youtube wp-block-embed-youtube wp-embed-aspect-16-9 wp-has-aspect-ratio\"><div class=\"wp-block-embed__wrapper\">\n<iframe title=\"Naylon Kuma\u015f \u0130\u00e7in Y\u0131kanabilir Hidrofilik Apre Maddesi Nas\u0131l Se\u00e7ilir? 1TP5Naylon #ekstilKimyasallar\" width=\"500\" height=\"281\" src=\"https:\/\/www.youtube.com\/embed\/m6TxQphysWM?feature=oembed\" frameborder=\"0\" allow=\"accelerometer; autoplay; clipboard-write; encrypted-media; gyroscope; picture-in-picture; web-share\" referrerpolicy=\"strict-origin-when-cross-origin\" allowfullscreen><\/iframe>\n<\/div><\/figure>\n\n\n\n<h2 class=\"wp-block-heading\">Hidrofilik Bitirme Maddesi Talimat\u0131:<\/h2>\n\n\n\n<p><strong>Dolgu i\u015flemi:<\/strong><\/p>\n\n\n\n<p>44507'nin referans dozaj\u0131: 20~40 g\/L<\/p>\n\n\n\n<p>Hidrofilik Silikon Ya\u011f\u0131n\u0131n referans dozaj\u0131: 10~20 g\/L<\/p>\n\n\n\n<p>Dald\u0131rma ve dolgu (Pikap: 70~100%) \u2192 Kurutma ve ayar (130~160\u2103)<\/p>\n<\/div>\n<\/div>","protected":false},"excerpt":{"rendered":"<p>Hidrofilik Apre Maddesi 44507 esas olarak poli\u00fcretan modifiye polieterden olu\u015fur. Naylon kuma\u015flar\u0131n hidrofilik \u00f6zelliklerini geli\u015ftirmek i\u00e7in naylon y\u00fczeyini kimyasal olarak de\u011fi\u015ftirerek y\u00fcksek s\u0131cakl\u0131klarda naylon elyaf ile \u00e7apraz ba\u011flanma reaksiyonuna girebilir. Naylon ve naylon kar\u0131\u015f\u0131ml\u0131 kuma\u015flar i\u00e7in hidrofilik apre i\u015fleminde uygulanabilir. ve Oeko-Tex Standard 100 ile uyumludur. \u00dccretsiz numune veya form\u00fcller hakk\u0131nda uzman rehberli\u011fi i\u00e7in bize ula\u015f\u0131n!<\/p>\n<p><strong>Model No.44507<\/strong><\/p>","protected":false},"featured_media":2302,"comment_status":"closed","ping_status":"closed","template":"","meta":{"_acf_changed":false},"material":[28],"process":[23,25],"product_brand":[],"product_cat":[15],"product_tag":[48],"class_list":{"0":"post-2298","1":"product","2":"type-product","3":"status-publish","4":"has-post-thumbnail","6":"material-nylon-agent","7":"process-textile-finishing-chemicals","8":"process-textile-finishing-agent","9":"product_cat-uncategorized","10":"product_tag-new-textile-chemicals","12":"first","13":"instock","14":"shipping-taxable","15":"product-type-simple"},"acf":[],"_links":{"self":[{"href":"https:\/\/www.bluelakechem.com\/tr\/wp-json\/wp\/v2\/product\/2298","targetHints":{"allow":["GET"]}}],"collection":[{"href":"https:\/\/www.bluelakechem.com\/tr\/wp-json\/wp\/v2\/product"}],"about":[{"href":"https:\/\/www.bluelakechem.com\/tr\/wp-json\/wp\/v2\/types\/product"}],"replies":[{"embeddable":true,"href":"https:\/\/www.bluelakechem.com\/tr\/wp-json\/wp\/v2\/comments?post=2298"}],"wp:featuredmedia":[{"embeddable":true,"href":"https:\/\/www.bluelakechem.com\/tr\/wp-json\/wp\/v2\/media\/2302"}],"wp:attachment":[{"href":"https:\/\/www.bluelakechem.com\/tr\/wp-json\/wp\/v2\/media?parent=2298"}],"wp:term":[{"taxonomy":"material","embeddable":true,"href":"https:\/\/www.bluelakechem.com\/tr\/wp-json\/wp\/v2\/material?post=2298"},{"taxonomy":"process","embeddable":true,"href":"https:\/\/www.bluelakechem.com\/tr\/wp-json\/wp\/v2\/process?post=2298"},{"taxonomy":"product_brand","embeddable":true,"href":"https:\/\/www.bluelakechem.com\/tr\/wp-json\/wp\/v2\/product_brand?post=2298"},{"taxonomy":"product_cat","embeddable":true,"href":"https:\/\/www.bluelakechem.com\/tr\/wp-json\/wp\/v2\/product_cat?post=2298"},{"taxonomy":"product_tag","embeddable":true,"href":"https:\/\/www.bluelakechem.com\/tr\/wp-json\/wp\/v2\/product_tag?post=2298"}],"curies":[{"name":"wp","href":"https:\/\/api.w.org\/{rel}","templated":true}]}}