{"id":2303,"date":"2025-06-10T03:45:12","date_gmt":"2025-06-10T03:45:12","guid":{"rendered":"https:\/\/www.bluelakechem.com\/?post_type=product&#038;p=2303"},"modified":"2025-06-10T04:02:49","modified_gmt":"2025-06-10T04:02:49","slug":"low-temperature-soaping-powder","status":"publish","type":"product","link":"https:\/\/www.bluelakechem.com\/tr\/product\/low-temperature-soaping-powder\/","title":{"rendered":"Kuma\u015f Bask\u0131 ve Boyama Sonras\u0131 Sabun Kaynatma i\u00e7in D\u00fc\u015f\u00fck S\u0131cakl\u0131k Sabunlama Tozu"},"content":{"rendered":"<div class=\"wp-block-columns is-layout-flex wp-container-core-columns-is-layout-9d6595d7 wp-block-columns-is-layout-flex\">\n<div class=\"wp-block-column is-layout-flow wp-block-column-is-layout-flow\">\n<h2 class=\"wp-block-heading\">Low Temperature&nbsp;Soaping Powder Features:<\/h2>\n\n\n\n<p><strong>Eco-friendly and pollution-free: <\/strong>Contains no phosphorus\u00a0or APEO, etc. Fits environmental protection requirements.<\/p>\n\n\n\n<p><strong>Low temperature and high efficiency: <\/strong>suitable for low-temperature soaping and soap boiling processes, saving energy and time.<\/p>\n\n\n\n<p><strong>Excellent function of dispersing and detergent washing<\/strong>: effectively strips off unfixed dyes and improves color fastness.<\/p>\n\n\n\n<p><strong>Excellent anti-staining property<\/strong>: Prevents tarnishing\u00a0and improves printing effect.<\/p>\n\n\n\n<p><strong>No effect on color shade: <\/strong>Almost no effect on color shade, can increase the brightness of fabrics and enhance the quality of printing and dyeing.<\/p>\n\n\n\n<h2 class=\"wp-block-heading\">Low Temperature&nbsp;Soaping Powder Properties:<\/h2>\n\n\n\n<figure class=\"wp-block-table\"><table class=\"has-fixed-layout\"><tbody><tr><td>G\u00f6r\u00fcn\u00fc\u015f:<\/td><td>Beyaz toz<\/td><\/tr><tr><td>\u0130yoniklik:<\/td><td>Noniyonik<\/td><\/tr><tr><td>pH de\u011feri:<\/td><td>12.0\u00b11.0 (1% aqueous solution)<\/td><\/tr><tr><td>\u00c7\u00f6z\u00fcn\u00fcrl\u00fck:<\/td><td>Suda \u00e7\u00f6z\u00fcn\u00fcr<\/td><\/tr><\/tbody><\/table><\/figure>\n<\/div>\n\n\n\n<div class=\"wp-block-column is-layout-flow wp-block-column-is-layout-flow\">\n<figure class=\"wp-block-embed is-type-video is-provider-youtube wp-block-embed-youtube wp-embed-aspect-16-9 wp-has-aspect-ratio\"><div class=\"wp-block-embed__wrapper\">\n<iframe title=\"Save more than 40% steam in soaping process #textilechemicals #auxiliaries\" width=\"500\" height=\"281\" src=\"https:\/\/www.youtube.com\/embed\/OcThjC2_smA?feature=oembed\" frameborder=\"0\" allow=\"accelerometer; autoplay; clipboard-write; encrypted-media; gyroscope; picture-in-picture; web-share\" referrerpolicy=\"strict-origin-when-cross-origin\" allowfullscreen><\/iframe>\n<\/div><\/figure>\n\n\n\n<h2 class=\"wp-block-heading\">Low Temperature&nbsp;Soaping Powder Instruction:<\/h2>\n\n\n\n<p><strong>Referans dozaj:<\/strong><\/p>\n\n\n\n<p>Light color: 0.3 g\/L<br>Medium color: 0.5 g\/L<br>Dark color: 1 g\/L<\/p>\n\n\n\n<p><strong>Reference process:<\/strong><\/p>\n\n\n\n<p>60~70\u2103\u00d720~30 min, then drain \u2192 Water washing \u2192 Pickling (0.2 g\/L acetic acid), then drain\u2192 Fixing and softening<\/p>\n<\/div>\n<\/div>","protected":false},"excerpt":{"rendered":"<p>Low Temperature Soaping Powder 22140 is mainly composed of polycarboxylate compounds. By chemical action of soaping agents and dyes, can elute the dyes on the cloth, which are not bonded to the fiber. Also, through the strong dispersing effect of the soaping agent, it can prevent the re-adhesion of dyes that are eluted. It can be applied in the low-temperature soaping and boiling process after dyeing and printing for fabrics of cellulose fibers, such as cotton, viscose fiber, flax, and cellulose fiber blends, etc. and is compliant with Oeko-Tex Standard 100. Contact us for free samples or expert guidance on formulas!<\/p>\n<p><strong>Model No. 22140<\/strong><\/p>\n<p>&nbsp;<\/p>","protected":false},"featured_media":2309,"comment_status":"closed","ping_status":"closed","template":"","meta":{"_acf_changed":false},"material":[26,27,28,29,30,31,32,33,49,34],"process":[20,40],"product_brand":[],"product_cat":[15],"product_tag":[48],"class_list":{"0":"post-2303","1":"product","2":"type-product","3":"status-publish","4":"has-post-thumbnail","6":"material-cotton-agent","7":"material-polyester-chemicals","8":"material-nylon-agent","9":"material-acrylic-chemicals","10":"material-viscose-chemicals","11":"material-wool-auxiliary","12":"material-linen-chemicals","13":"material-silk-chemicals","14":"material-elastic","15":"material-fabric-chemicals","16":"process-dyeing-auxiliaries","17":"process-soaping-agent","18":"product_cat-uncategorized","19":"product_tag-new-textile-chemicals","21":"first","22":"instock","23":"shipping-taxable","24":"product-type-simple"},"acf":[],"_links":{"self":[{"href":"https:\/\/www.bluelakechem.com\/tr\/wp-json\/wp\/v2\/product\/2303","targetHints":{"allow":["GET"]}}],"collection":[{"href":"https:\/\/www.bluelakechem.com\/tr\/wp-json\/wp\/v2\/product"}],"about":[{"href":"https:\/\/www.bluelakechem.com\/tr\/wp-json\/wp\/v2\/types\/product"}],"replies":[{"embeddable":true,"href":"https:\/\/www.bluelakechem.com\/tr\/wp-json\/wp\/v2\/comments?post=2303"}],"wp:featuredmedia":[{"embeddable":true,"href":"https:\/\/www.bluelakechem.com\/tr\/wp-json\/wp\/v2\/media\/2309"}],"wp:attachment":[{"href":"https:\/\/www.bluelakechem.com\/tr\/wp-json\/wp\/v2\/media?parent=2303"}],"wp:term":[{"taxonomy":"material","embeddable":true,"href":"https:\/\/www.bluelakechem.com\/tr\/wp-json\/wp\/v2\/material?post=2303"},{"taxonomy":"process","embeddable":true,"href":"https:\/\/www.bluelakechem.com\/tr\/wp-json\/wp\/v2\/process?post=2303"},{"taxonomy":"product_brand","embeddable":true,"href":"https:\/\/www.bluelakechem.com\/tr\/wp-json\/wp\/v2\/product_brand?post=2303"},{"taxonomy":"product_cat","embeddable":true,"href":"https:\/\/www.bluelakechem.com\/tr\/wp-json\/wp\/v2\/product_cat?post=2303"},{"taxonomy":"product_tag","embeddable":true,"href":"https:\/\/www.bluelakechem.com\/tr\/wp-json\/wp\/v2\/product_tag?post=2303"}],"curies":[{"name":"wp","href":"https:\/\/api.w.org\/{rel}","templated":true}]}}