{"id":2375,"date":"2025-06-17T01:43:06","date_gmt":"2025-06-17T01:43:06","guid":{"rendered":"https:\/\/www.bluelakechem.com\/?post_type=product&#038;p=2375"},"modified":"2025-07-22T07:12:05","modified_gmt":"2025-07-22T07:12:05","slug":"sequestering-dispersing-agent","status":"publish","type":"product","link":"https:\/\/www.bluelakechem.com\/tr\/product\/sequestering-dispersing-agent\/","title":{"rendered":"Boya Banyosu Stabilitesi i\u00e7in Y\u00fcksek Verimli Sekestrasyon Dispersiyon Maddesi"},"content":{"rendered":"<div class=\"wp-block-columns is-layout-flex wp-container-core-columns-is-layout-9d6595d7 wp-block-columns-is-layout-flex\">\n<div class=\"wp-block-column is-layout-flow wp-block-column-is-layout-flow\">\n<figure class=\"wp-block-image size-full\"><img decoding=\"async\" width=\"1363\" height=\"1701\" src=\"https:\/\/www.bluelakechem.com\/wp-content\/uploads\/2025\/06\/Sequestering-Dispersing-Agent-11576-1.webp\" alt=\"Tutucu ve Da\u011f\u0131t\u0131c\u0131 Ajan\" class=\"wp-image-2683\" srcset=\"https:\/\/www.bluelakechem.com\/wp-content\/uploads\/2025\/06\/Sequestering-Dispersing-Agent-11576-1.webp 1363w, https:\/\/www.bluelakechem.com\/wp-content\/uploads\/2025\/06\/Sequestering-Dispersing-Agent-11576-1-240x300.webp 240w, https:\/\/www.bluelakechem.com\/wp-content\/uploads\/2025\/06\/Sequestering-Dispersing-Agent-11576-1-768x958.webp 768w, https:\/\/www.bluelakechem.com\/wp-content\/uploads\/2025\/06\/Sequestering-Dispersing-Agent-11576-1-10x12.webp 10w, https:\/\/www.bluelakechem.com\/wp-content\/uploads\/2025\/06\/Sequestering-Dispersing-Agent-11576-1-1200x1498.webp 1200w, https:\/\/www.bluelakechem.com\/wp-content\/uploads\/2025\/06\/Sequestering-Dispersing-Agent-11576-1-600x749.webp 600w\" sizes=\"(max-width: 1363px) 100vw, 1363px\" \/><\/figure>\n<\/div>\n\n\n\n<div class=\"wp-block-column is-layout-flow wp-block-column-is-layout-flow\">\n<figure class=\"wp-block-image size-full\"><img decoding=\"async\" width=\"1363\" height=\"1701\" src=\"https:\/\/www.bluelakechem.com\/wp-content\/uploads\/2025\/06\/Sequestering-Dispersing-Agent-11576-1-1.webp\" alt=\"Tutucu ve Da\u011f\u0131t\u0131c\u0131 Ajan\" class=\"wp-image-2684\" srcset=\"https:\/\/www.bluelakechem.com\/wp-content\/uploads\/2025\/06\/Sequestering-Dispersing-Agent-11576-1-1.webp 1363w, https:\/\/www.bluelakechem.com\/wp-content\/uploads\/2025\/06\/Sequestering-Dispersing-Agent-11576-1-1-240x300.webp 240w, https:\/\/www.bluelakechem.com\/wp-content\/uploads\/2025\/06\/Sequestering-Dispersing-Agent-11576-1-1-768x958.webp 768w, https:\/\/www.bluelakechem.com\/wp-content\/uploads\/2025\/06\/Sequestering-Dispersing-Agent-11576-1-1-10x12.webp 10w, https:\/\/www.bluelakechem.com\/wp-content\/uploads\/2025\/06\/Sequestering-Dispersing-Agent-11576-1-1-1200x1498.webp 1200w, https:\/\/www.bluelakechem.com\/wp-content\/uploads\/2025\/06\/Sequestering-Dispersing-Agent-11576-1-1-600x749.webp 600w\" sizes=\"(max-width: 1363px) 100vw, 1363px\" \/><\/figure>\n<\/div>\n<\/div>\n\n\n\n<div class=\"wp-block-columns is-layout-flex wp-container-core-columns-is-layout-9d6595d7 wp-block-columns-is-layout-flex\">\n<div class=\"wp-block-column is-layout-flow wp-block-column-is-layout-flow\">\n<h2 class=\"wp-block-heading\">Sequestering Dispersing Agent Features:<\/h2>\n\n\n\n<p>Stable in high temperatures, alkali, and electrolytes.&nbsp;Good oxidation resistance. Has a strong sequestering ability, especially for iron ions.<\/p>\n\n\n\n<p>Excellent dispersing effect for dyes. Can keep the stability of the bath and prevent coagulation&nbsp;of dyes, impurities, or dirt, etc.<\/p>\n\n\n\n<p>Good anti-scale effect. Can disperse dirt and impurities and prevent sedimentation in equipment.<\/p>\n\n\n\n<h2 class=\"wp-block-heading\">Sequestering Dispersing Agent Properties:<\/h2>\n\n\n\n<figure class=\"wp-block-table\"><table class=\"has-fixed-layout\"><tbody><tr><td>G\u00f6r\u00fcn\u00fc\u015f:<\/td><td>Renksiz ila a\u00e7\u0131k sar\u0131 \u015feffaf s\u0131v\u0131<\/td><\/tr><tr><td>\u0130yoniklik:<\/td><td>Weak anionic<\/td><\/tr><tr><td>pH de\u011feri:<\/td><td>1.5\u00b11.0&nbsp;(1% aqueous solution)<\/td><\/tr><tr><td>\u00c7\u00f6z\u00fcn\u00fcrl\u00fck:<\/td><td>Suda \u00e7\u00f6z\u00fcn\u00fcr<\/td><\/tr><\/tbody><\/table><\/figure>\n<\/div>\n\n\n\n<div class=\"wp-block-column is-layout-flow wp-block-column-is-layout-flow\">\n<h2 class=\"wp-block-heading\">Sequestering Dispersing Agent Instruction:<\/h2>\n\n\n\n<p>1.It is a high-concentration product. Kindly suggest diluting it at a rate of 1:4~1:9 with softening water.<\/p>\n\n\n\n<p>2.It is a strong acid product. If it needs to be adjusted 11576 to weak acid or neutral, please add caustic soda&nbsp;(20% of 11576) when diluting to adjust the pH value. But it will decrease the freezing resistance (there will be white&nbsp;precipitate&nbsp;at low temperatures).<\/p>\n\n\n\n<p>3. For the dipping process, reference dosage of 10% diluted 11576: 1~2 g\/L.<\/p>\n\n\n\n<p>4. For the padding process, reference dosage of 10% diluted 11576: 3~5 g\/L<\/p>\n<\/div>\n<\/div>","protected":false},"excerpt":{"rendered":"<p>Sequestering Dispersing Agent 11576, kalsiyum, magnezyum, demir ve di\u011fer metal iyonlar\u0131 i\u00e7in g\u00fc\u00e7l\u00fc ve kararl\u0131 \u015felatlama g\u00fcc\u00fcne sahip organik bir polifosfat kompleksidir. Y\u00fcksek s\u0131cakl\u0131klar, g\u00fc\u00e7l\u00fc alkaliler, oksitleyiciler ve elektrolitler alt\u0131nda g\u00fcvenilir bir performans g\u00f6sterir; h\u0131zl\u0131 ve verimli prosesler i\u00e7in idealdir. Ovma, a\u011fartma, boyama, bask\u0131, sabunlama ve terbiye i\u015flemlerine uygulanabilir. Oeko-Tex Standard 100 uyumludur.<br \/>\u00dccretsiz numune veya teknik destek i\u00e7in bize ula\u015f\u0131n!<\/p>\n<p><strong>Model No. 11576<\/strong><\/p>\n<p>&nbsp;<\/p>","protected":false},"featured_media":2379,"comment_status":"closed","ping_status":"closed","template":"","meta":{"_acf_changed":false},"material":[26,27,28,29,30,31,32,33,49,34],"process":[20,21,38],"product_brand":[],"product_cat":[15],"product_tag":[48],"class_list":{"0":"post-2375","1":"product","2":"type-product","3":"status-publish","4":"has-post-thumbnail","6":"material-cotton-agent","7":"material-polyester-chemicals","8":"material-nylon-agent","9":"material-acrylic-chemicals","10":"material-viscose-chemicals","11":"material-wool-auxiliary","12":"material-linen-chemicals","13":"material-silk-chemicals","14":"material-elastic","15":"material-fabric-chemicals","16":"process-dyeing-auxiliaries","17":"process-sequestering-agent","18":"process-disperse-leveling-agent","19":"product_cat-uncategorized","20":"product_tag-new-textile-chemicals","22":"first","23":"instock","24":"shipping-taxable","25":"product-type-simple"},"acf":[],"_links":{"self":[{"href":"https:\/\/www.bluelakechem.com\/tr\/wp-json\/wp\/v2\/product\/2375","targetHints":{"allow":["GET"]}}],"collection":[{"href":"https:\/\/www.bluelakechem.com\/tr\/wp-json\/wp\/v2\/product"}],"about":[{"href":"https:\/\/www.bluelakechem.com\/tr\/wp-json\/wp\/v2\/types\/product"}],"replies":[{"embeddable":true,"href":"https:\/\/www.bluelakechem.com\/tr\/wp-json\/wp\/v2\/comments?post=2375"}],"wp:featuredmedia":[{"embeddable":true,"href":"https:\/\/www.bluelakechem.com\/tr\/wp-json\/wp\/v2\/media\/2379"}],"wp:attachment":[{"href":"https:\/\/www.bluelakechem.com\/tr\/wp-json\/wp\/v2\/media?parent=2375"}],"wp:term":[{"taxonomy":"material","embeddable":true,"href":"https:\/\/www.bluelakechem.com\/tr\/wp-json\/wp\/v2\/material?post=2375"},{"taxonomy":"process","embeddable":true,"href":"https:\/\/www.bluelakechem.com\/tr\/wp-json\/wp\/v2\/process?post=2375"},{"taxonomy":"product_brand","embeddable":true,"href":"https:\/\/www.bluelakechem.com\/tr\/wp-json\/wp\/v2\/product_brand?post=2375"},{"taxonomy":"product_cat","embeddable":true,"href":"https:\/\/www.bluelakechem.com\/tr\/wp-json\/wp\/v2\/product_cat?post=2375"},{"taxonomy":"product_tag","embeddable":true,"href":"https:\/\/www.bluelakechem.com\/tr\/wp-json\/wp\/v2\/product_tag?post=2375"}],"curies":[{"name":"wp","href":"https:\/\/api.w.org\/{rel}","templated":true}]}}