{"id":2390,"date":"2025-06-16T09:32:11","date_gmt":"2025-06-16T09:32:11","guid":{"rendered":"https:\/\/www.bluelakechem.com\/?post_type=product&#038;p=2390"},"modified":"2025-06-16T09:32:12","modified_gmt":"2025-06-16T09:32:12","slug":"fixing-agent-for-polyester-cotton","status":"publish","type":"product","link":"https:\/\/www.bluelakechem.com\/tr\/product\/fixing-agent-for-polyester-cotton\/","title":{"rendered":"Polyester Pamuklu Kuma\u015flar i\u00e7in Sabitleme Maddesi, Priz Sonras\u0131 Renk Hasl\u0131\u011f\u0131n\u0131 Art\u0131r\u0131r"},"content":{"rendered":"<div class=\"wp-block-columns is-layout-flex wp-container-core-columns-is-layout-9d6595d7 wp-block-columns-is-layout-flex\">\n<div class=\"wp-block-column is-layout-flow wp-block-column-is-layout-flow\">\n<h2 class=\"wp-block-heading\">Tamirci Ajan \u00d6zellikleri:<\/h2>\n\n\n\n<p>Formaldehit, APEO veya a\u011f\u0131r metal iyonlar\u0131 i\u00e7ermez. \u00c7evre koruma gerekliliklerine uygundur.<\/p>\n\n\n\n<p>\u00d6zellikle parlak k\u0131rm\u0131z\u0131, siyah ve mavi boyalar i\u00e7in, ayar i\u015fleminde dispers boyalar\u0131n s\u00fcblimasyonu \u00fczerinde belirli bir engelleyici etkiye sahiptir.<\/p>\n\n\n\n<p>Kuma\u015flar\u0131n el hissini veya renk tonunu etkilemez.<\/p>\n\n\n\n<p>Tek seferlik orta ayar\u0131 azalt\u0131r-S\u00fcreci k\u0131salt\u0131r.<\/p>\n\n\n\n<p>Kolay kullan\u0131m. Ayar makinesinde ayn\u0131 banyoda silikon ya\u011f\u0131 ile birlikte kullan\u0131labilir.<\/p>\n\n\n\n<h2 class=\"wp-block-heading\">Temsilci \u00d6zelliklerini D\u00fczeltme:<\/h2>\n\n\n\n<figure class=\"wp-block-table\"><table class=\"has-fixed-layout\"><tbody><tr><td>G\u00f6r\u00fcn\u00fc\u015f:<\/td><td>A\u00e7\u0131k sar\u0131 s\u0131v\u0131<\/td><\/tr><tr><td>\u0130yoniklik:<\/td><td>Katyonik<\/td><\/tr><tr><td>pH de\u011feri:<\/td><td>6,5\u00b11,0 (1% sulu \u00e7\u00f6zeltisi)<\/td><\/tr><tr><td>\u00c7\u00f6z\u00fcn\u00fcrl\u00fck:<\/td><td>Suda \u00e7\u00f6z\u00fcn\u00fcr<\/td><\/tr><\/tbody><\/table><\/figure>\n<\/div>\n\n\n\n<div class=\"wp-block-column is-layout-flow wp-block-column-is-layout-flow\">\n<figure class=\"wp-block-image size-full\"><img decoding=\"async\" width=\"2256\" height=\"1181\" src=\"https:\/\/www.bluelakechem.com\/wp-content\/uploads\/2025\/06\/Fixing-agent-22307-1.webp\" alt=\"Sabitleme maddesi\" class=\"wp-image-2397\" srcset=\"https:\/\/www.bluelakechem.com\/wp-content\/uploads\/2025\/06\/Fixing-agent-22307-1.webp 2256w, https:\/\/www.bluelakechem.com\/wp-content\/uploads\/2025\/06\/Fixing-agent-22307-1-300x157.webp 300w, https:\/\/www.bluelakechem.com\/wp-content\/uploads\/2025\/06\/Fixing-agent-22307-1-768x402.webp 768w, https:\/\/www.bluelakechem.com\/wp-content\/uploads\/2025\/06\/Fixing-agent-22307-1-18x9.webp 18w, https:\/\/www.bluelakechem.com\/wp-content\/uploads\/2025\/06\/Fixing-agent-22307-1-1200x628.webp 1200w, https:\/\/www.bluelakechem.com\/wp-content\/uploads\/2025\/06\/Fixing-agent-22307-1-600x314.webp 600w\" sizes=\"(max-width: 2256px) 100vw, 2256px\" \/><\/figure>\n\n\n\n<h2 class=\"wp-block-heading\">Sabitleme Temsilcisi Talimat\u0131:<\/h2>\n\n\n\n<p><strong>Dolgu i\u015flemi:<\/strong><\/p>\n\n\n\n<p>22307'nin referans dozaj\u0131: 10~40 g\/L<\/p>\n\n\n\n<p>Referans yumu\u015fat\u0131c\u0131 dozaj\u0131: X g\/L<\/p>\n\n\n\n<p>Dald\u0131rma ve dolgu (Pikap: 70~100%) \u2192 Kurutma ve ayar (130~160\u2103)<\/p>\n<\/div>\n<\/div>\n\n\n\n<p><\/p>","protected":false},"excerpt":{"rendered":"<p>Fikse Maddesi 22307, polyester ve pamuklu kuma\u015flar i\u00e7in \u00f6zel olarak tasarlanm\u0131\u015f bir tekstil yard\u0131mc\u0131s\u0131d\u0131r. Pamuk lifleri ile reaksiyona girerek apreleme s\u0131ras\u0131nda koruyucu bir film olu\u015fturur, boya s\u00fcblimasyonunu azaltmaya yard\u0131mc\u0131 olur ve sabunlama ve \u00fct\u00fclemeye kar\u015f\u0131 renk hasl\u0131\u011f\u0131n\u0131 art\u0131r\u0131r. Oeko-Tex Standard 100 ile uyumludur. \u00dccretsiz numune ve form\u00fclasyon deste\u011fi mevcuttur. Bug\u00fcn bize ula\u015f\u0131n!<\/p>\n<p><strong>Model No. 22307<\/strong><\/p>\n<p>&nbsp;<\/p>","protected":false},"featured_media":2391,"comment_status":"closed","ping_status":"closed","template":"","meta":{"_acf_changed":false},"material":[26,27],"process":[23,41],"product_brand":[],"product_cat":[15],"product_tag":[48],"class_list":{"0":"post-2390","1":"product","2":"type-product","3":"status-publish","4":"has-post-thumbnail","6":"material-cotton-agent","7":"material-polyester-chemicals","8":"process-textile-finishing-chemicals","9":"process-fixing-agent","10":"product_cat-uncategorized","11":"product_tag-new-textile-chemicals","13":"first","14":"instock","15":"shipping-taxable","16":"product-type-simple"},"acf":[],"_links":{"self":[{"href":"https:\/\/www.bluelakechem.com\/tr\/wp-json\/wp\/v2\/product\/2390","targetHints":{"allow":["GET"]}}],"collection":[{"href":"https:\/\/www.bluelakechem.com\/tr\/wp-json\/wp\/v2\/product"}],"about":[{"href":"https:\/\/www.bluelakechem.com\/tr\/wp-json\/wp\/v2\/types\/product"}],"replies":[{"embeddable":true,"href":"https:\/\/www.bluelakechem.com\/tr\/wp-json\/wp\/v2\/comments?post=2390"}],"wp:featuredmedia":[{"embeddable":true,"href":"https:\/\/www.bluelakechem.com\/tr\/wp-json\/wp\/v2\/media\/2391"}],"wp:attachment":[{"href":"https:\/\/www.bluelakechem.com\/tr\/wp-json\/wp\/v2\/media?parent=2390"}],"wp:term":[{"taxonomy":"material","embeddable":true,"href":"https:\/\/www.bluelakechem.com\/tr\/wp-json\/wp\/v2\/material?post=2390"},{"taxonomy":"process","embeddable":true,"href":"https:\/\/www.bluelakechem.com\/tr\/wp-json\/wp\/v2\/process?post=2390"},{"taxonomy":"product_brand","embeddable":true,"href":"https:\/\/www.bluelakechem.com\/tr\/wp-json\/wp\/v2\/product_brand?post=2390"},{"taxonomy":"product_cat","embeddable":true,"href":"https:\/\/www.bluelakechem.com\/tr\/wp-json\/wp\/v2\/product_cat?post=2390"},{"taxonomy":"product_tag","embeddable":true,"href":"https:\/\/www.bluelakechem.com\/tr\/wp-json\/wp\/v2\/product_tag?post=2390"}],"curies":[{"name":"wp","href":"https:\/\/api.w.org\/{rel}","templated":true}]}}