{"id":2393,"date":"2025-06-17T01:58:04","date_gmt":"2025-06-17T01:58:04","guid":{"rendered":"https:\/\/www.bluelakechem.com\/?post_type=product&#038;p=2393"},"modified":"2025-06-17T01:58:06","modified_gmt":"2025-06-17T01:58:06","slug":"leveling-agent-for-polyester-dyeing","status":"publish","type":"product","link":"https:\/\/www.bluelakechem.com\/tr\/product\/leveling-agent-for-polyester-dyeing\/","title":{"rendered":"Y\u00fcksek S\u0131cakl\u0131klarda Polyester Boyama i\u00e7in Y\u00fcksek Konsantrasyonlu Dengeleyici"},"content":{"rendered":"<div class=\"wp-block-columns is-layout-flex wp-container-core-columns-is-layout-9d6595d7 wp-block-columns-is-layout-flex\">\n<div class=\"wp-block-column is-layout-flow wp-block-column-is-layout-flow\">\n<h2 class=\"wp-block-heading\">Tesviye Ajan\u0131 \u00d6zellikleri:<\/h2>\n\n\n\n<p>APEO veya PAH vb. i\u00e7ermez. \u00c7evre koruma gerekliliklerine uygundur.<\/p>\n\n\n\n<p>M\u00fckemmel aktarma performans\u0131. Boyama s\u00fcresini k\u0131saltabilir, \u00fcretim verimlili\u011fini art\u0131rabilir ve enerji tasarrufu sa\u011flayabilir.<\/p>\n\n\n\n<p>G\u00fc\u00e7l\u00fc geciktirme kabiliyeti. \u0130lk boyama oran\u0131n\u0131 etkili bir \u015fekilde azaltabilir ve kar\u0131\u015f\u0131k boyalar\u0131n ayn\u0131 anda boyanmas\u0131ndan kaynaklanan boyama hatas\u0131 sorununu \u00e7\u00f6zebilir.<\/p>\n\n\n\n<p>Son derece d\u00fc\u015f\u00fck k\u00f6p\u00fck. K\u00f6p\u00fck giderici madde eklemeye gerek yoktur. Bez \u00fczerindeki silikon lekelerini veya ekipmandaki kirlili\u011fi azalt\u0131r.<\/p>\n\n\n\n<p>Dispergat\u00f6r boyalar\u0131n da\u011f\u0131lma \u00f6zelli\u011fini geli\u015ftirir. Renk lekelerini veya renk lekelerini \u00f6nler.<\/p>\n\n\n\n<h2 class=\"wp-block-heading\">Tesviye Maddesi \u00d6zellikleri:<\/h2>\n\n\n\n<figure class=\"wp-block-table\"><table class=\"has-fixed-layout\"><tbody><tr><td>G\u00f6r\u00fcn\u00fc\u015f:<\/td><td>A\u00e7\u0131k sar\u0131 \u015feffaf s\u0131v\u0131<\/td><\/tr><tr><td>\u0130yoniklik:<\/td><td>Anyonik\/ Noniyonik<\/td><\/tr><tr><td>pH de\u011feri:<\/td><td>6.0\u00b11.0 (1% sulu \u00e7\u00f6zeltisi)<\/td><\/tr><tr><td>\u00c7\u00f6z\u00fcn\u00fcrl\u00fck:<\/td><td>Suda \u00e7\u00f6z\u00fcn\u00fcr<\/td><\/tr><\/tbody><\/table><\/figure>\n<\/div>\n\n\n\n<div class=\"wp-block-column is-layout-flow wp-block-column-is-layout-flow\">\n<figure class=\"wp-block-embed is-type-video is-provider-youtube wp-block-embed-youtube wp-embed-aspect-16-9 wp-has-aspect-ratio\"><div class=\"wp-block-embed__wrapper\">\n<iframe title=\"Boyamada ilk ge\u00e7i\u015f verimini art\u0131r\u0131r. #ekstil 1TP5Bilim #ekstil 1TP5Kimya 1TP5Deney 1TP5Ajan\" width=\"500\" height=\"281\" src=\"https:\/\/www.youtube.com\/embed\/l526FJLb_qU?feature=oembed\" frameborder=\"0\" allow=\"accelerometer; autoplay; clipboard-write; encrypted-media; gyroscope; picture-in-picture; web-share\" referrerpolicy=\"strict-origin-when-cross-origin\" allowfullscreen><\/iframe>\n<\/div><\/figure>\n\n\n\n<h2 class=\"wp-block-heading\">Seviyelendirme Ajan\u0131 Talimat\u0131:<\/h2>\n\n\n\n<p>Dald\u0131rma i\u015flemi:<\/p>\n\n\n\n<p>S\u0131radan renklerin boyanmas\u0131 i\u00e7in: referans dozaj: 0.2~0.4% (o.w.f)<\/p>\n\n\n\n<p>Renk lekelerini veya renk lekelerini \u00f6nlemek i\u00e7in referans dozaj: 0.5~1.5% (o.w.f)<\/p>\n<\/div>\n<\/div>","protected":false},"excerpt":{"rendered":"<p>Dengeleyici Ajan 22503, aromatik ester t\u00fcrevlerine dayanan y\u00fcksek konsantrasyonlu, y\u00fcksek s\u0131cakl\u0131k ajan\u0131d\u0131r. Dispers boyalar i\u00e7in m\u00fckemmel dispersiyon, \u00e7\u00f6z\u00fcn\u00fcrle\u015ftirme ve boya migrasyonu \u00f6zellikleri sa\u011flar. Y\u00fcksek s\u0131cakl\u0131klarda, homojen renklendirme i\u00e7in e\u015fit boya da\u011f\u0131l\u0131m\u0131n\u0131 destekler. Polyester kuma\u015flar\u0131n ve kar\u0131\u015f\u0131mlar\u0131n y\u00fcksek s\u0131cakl\u0131kta, y\u00fcksek bas\u0131n\u00e7ta boyanmas\u0131 i\u00e7in idealdir. Oeko-Tex Standard 100 uyumludur.<br \/>\u00dccretsiz numuneler veya form\u00fcller konusunda uzman rehberli\u011fi i\u00e7in bizimle ileti\u015fime ge\u00e7in!<\/p>\n<p><strong>Model No. 22503<\/strong><\/p>\n<p>&nbsp;<\/p>","protected":false},"featured_media":2395,"comment_status":"closed","ping_status":"closed","template":"","meta":{"_acf_changed":false},"material":[27],"process":[20,38],"product_brand":[],"product_cat":[15],"product_tag":[48],"class_list":{"0":"post-2393","1":"product","2":"type-product","3":"status-publish","4":"has-post-thumbnail","6":"material-polyester-chemicals","7":"process-dyeing-auxiliaries","8":"process-disperse-leveling-agent","9":"product_cat-uncategorized","10":"product_tag-new-textile-chemicals","12":"first","13":"instock","14":"shipping-taxable","15":"product-type-simple"},"acf":[],"_links":{"self":[{"href":"https:\/\/www.bluelakechem.com\/tr\/wp-json\/wp\/v2\/product\/2393","targetHints":{"allow":["GET"]}}],"collection":[{"href":"https:\/\/www.bluelakechem.com\/tr\/wp-json\/wp\/v2\/product"}],"about":[{"href":"https:\/\/www.bluelakechem.com\/tr\/wp-json\/wp\/v2\/types\/product"}],"replies":[{"embeddable":true,"href":"https:\/\/www.bluelakechem.com\/tr\/wp-json\/wp\/v2\/comments?post=2393"}],"wp:featuredmedia":[{"embeddable":true,"href":"https:\/\/www.bluelakechem.com\/tr\/wp-json\/wp\/v2\/media\/2395"}],"wp:attachment":[{"href":"https:\/\/www.bluelakechem.com\/tr\/wp-json\/wp\/v2\/media?parent=2393"}],"wp:term":[{"taxonomy":"material","embeddable":true,"href":"https:\/\/www.bluelakechem.com\/tr\/wp-json\/wp\/v2\/material?post=2393"},{"taxonomy":"process","embeddable":true,"href":"https:\/\/www.bluelakechem.com\/tr\/wp-json\/wp\/v2\/process?post=2393"},{"taxonomy":"product_brand","embeddable":true,"href":"https:\/\/www.bluelakechem.com\/tr\/wp-json\/wp\/v2\/product_brand?post=2393"},{"taxonomy":"product_cat","embeddable":true,"href":"https:\/\/www.bluelakechem.com\/tr\/wp-json\/wp\/v2\/product_cat?post=2393"},{"taxonomy":"product_tag","embeddable":true,"href":"https:\/\/www.bluelakechem.com\/tr\/wp-json\/wp\/v2\/product_tag?post=2393"}],"curies":[{"name":"wp","href":"https:\/\/api.w.org\/{rel}","templated":true}]}}