{"id":2435,"date":"2025-06-26T08:02:08","date_gmt":"2025-06-26T08:02:08","guid":{"rendered":"https:\/\/www.bluelakechem.com\/?post_type=product&#038;p=2435"},"modified":"2025-08-14T01:34:46","modified_gmt":"2025-08-14T01:34:46","slug":"optical-brightener-for-cotton","status":"publish","type":"product","link":"https:\/\/www.bluelakechem.com\/tr\/product\/optical-brightener-for-cotton\/","title":{"rendered":"Pamuk i\u00e7in Optik Parlat\u0131c\u0131, Viskon ve Sel\u00fcloz Kar\u0131\u015f\u0131mlar\u0131 i\u00e7in OBA"},"content":{"rendered":"<div class=\"wp-block-columns is-layout-flex wp-container-core-columns-is-layout-9d6595d7 wp-block-columns-is-layout-flex\">\n<div class=\"wp-block-column is-layout-flow wp-block-column-is-layout-flow\">\n<h2 class=\"wp-block-heading\">Pamuk i\u00e7in Optik Parlat\u0131c\u0131 \u00d6zellikleri:<\/h2>\n\n\n\n<p><strong>G\u00fc\u00e7l\u00fc Floresan, Y\u00fcksek Beyazl\u0131k<\/strong>. D\u00fc\u015f\u00fck dozajlarda bile parlak parlakl\u0131k etkileri sa\u011flar.<\/p>\n\n\n\n<p><strong>Hidrojen Peroksit Uyumlulu\u011fu<\/strong>. Peroksit a\u011fartmada stabildir, ayn\u0131 banyoda beyazlatma i\u00e7in uygundur.<\/p>\n\n\n\n<p><strong>Y\u00fcksek S\u0131cakl\u0131k Sararmas\u0131na Dayan\u0131kl\u0131<\/strong>. Y\u00fcksek \u0131s\u0131 alt\u0131nda beyazl\u0131\u011f\u0131n\u0131 korur.<\/p>\n\n\n\n<p><strong>Geni\u015f S\u0131cakl\u0131k Uygulanabilirli\u011fi<\/strong>. Geni\u015f bir boyama s\u0131cakl\u0131\u011f\u0131 aral\u0131\u011f\u0131nda etkilidir.<\/p>\n\n\n\n<p><strong>\u00c7ok Y\u00f6nl\u00fc Uygulama<\/strong>. Pamuk, viskon, keten, Tencel, Modal ve bunlar\u0131n kar\u0131\u015f\u0131mlar\u0131 i\u00e7in idealdir.<\/p>\n\n\n\n<h2 class=\"wp-block-heading\">Pamuk i\u00e7in Optik Parlat\u0131c\u0131 \u00d6zellikleri:<\/h2>\n\n\n\n<figure class=\"wp-block-table\"><table class=\"has-fixed-layout\"><tbody><tr><td>G\u00f6r\u00fcn\u00fc\u015f:<\/td><td>Sar\u0131 ye\u015fil toz<\/td><\/tr><tr><td>\u0130yoniklik:<\/td><td>Anyonik<\/td><\/tr><tr><td>pH de\u011feri:<\/td><td>8.0\u00b11.0 (1% sulu \u00e7\u00f6zeltisi)<\/td><\/tr><tr><td>\u00c7\u00f6z\u00fcn\u00fcrl\u00fck:<\/td><td>Suda \u00e7\u00f6z\u00fcn\u00fcr<\/td><\/tr><\/tbody><\/table><\/figure>\n<\/div>\n\n\n\n<div class=\"wp-block-column is-layout-flow wp-block-column-is-layout-flow\">\n<figure class=\"wp-block-embed is-type-video is-provider-youtube wp-block-embed-youtube wp-embed-aspect-16-9 wp-has-aspect-ratio\"><div class=\"wp-block-embed__wrapper\">\n<iframe title=\"Tekstil Kimyas\u0131 Kuma\u015f Beyazl\u0131\u011f\u0131n\u0131 2 Seviye \u0130yile\u015ftirmek \u0130\u00e7in Optik Parlat\u0131c\u0131lar Nas\u0131l Kullan\u0131l\u0131r? 24384&amp;24085\" width=\"422\" height=\"750\" src=\"https:\/\/www.youtube.com\/embed\/TCFS9y00ZUo?feature=oembed\" frameborder=\"0\" allow=\"accelerometer; autoplay; clipboard-write; encrypted-media; gyroscope; picture-in-picture; web-share\" referrerpolicy=\"strict-origin-when-cross-origin\" allowfullscreen><\/iframe>\n<\/div><\/figure>\n\n\n\n<h2 class=\"wp-block-heading\">Pamuk i\u00e7in Optik Parlat\u0131c\u0131 Talimatlar\u0131:<\/h2>\n\n\n\n<p>1. Dald\u0131rma i\u015flemi i\u00e7in referans dozaj: 0.1~0.4% (o.w.f). (L\u00fctfen dozaj\u0131 ger\u00e7ek gereksinimlere g\u00f6re ayarlay\u0131n.)<\/p>\n\n\n\n<p>90~98\u2103\u00d740~60 dakika (Beyazlatma i\u015fleminde ayr\u0131 olarak kullan\u0131labilece\u011fi gibi ayn\u0131 banyoda \u00f6n i\u015flem ile birlikte de kullan\u0131labilir).<\/p>\n\n\n\n<p>2. Dolgu i\u015flemi:<\/p>\n\n\n\n<p>Dolgu i\u015flemi i\u00e7in referans dozaj: 1~4 g\/L.<\/p>\n\n\n\n<p>\u0130ki kez dald\u0131rma ve dolgu \u2192 Buharlama \u2192 Kurutma<\/p>\n<\/div>\n<\/div>","protected":false},"excerpt":{"rendered":"<p>Pamuk i\u00e7in Optik Parlat\u0131c\u0131 24085 esas olarak difeniletil bile\u015fiklerinden olu\u015fur. Beyazlat\u0131c\u0131 Ajan 24085'i emen lifler UV \u0131\u015f\u0131\u011f\u0131n\u0131 emebilir ve daha sonra ilettikleri mor-k\u0131rm\u0131z\u0131 g\u00f6r\u00fcn\u00fcr \u0131\u015f\u0131\u011fa d\u00f6n\u00fc\u015ft\u00fcrebilir. Bu, kuma\u015flar\u0131n beyazl\u0131\u011f\u0131n\u0131 art\u0131racakt\u0131r. Pamuk, keten, viskon elyaf, Modal ve Tencel gibi sel\u00fcloz elyaflardan ve bunlar\u0131n kar\u0131\u015f\u0131mlar\u0131ndan yap\u0131lm\u0131\u015f kuma\u015flar\u0131 ve iplikleri beyazlatmak ve parlatmak i\u00e7in uygundur. Oeko-Tex Standard 100 uyumludur. \u00dccretsiz numune veya form\u00fcller konusunda uzman rehberli\u011fi i\u00e7in bize ula\u015f\u0131n!<\/p>\n<p><strong>Model No. 24085<\/strong><\/p>\n<p>&nbsp;<\/p>","protected":false},"featured_media":2439,"comment_status":"closed","ping_status":"closed","template":"","meta":{"_acf_changed":false},"material":[26,30],"process":[20,50],"product_brand":[],"product_cat":[15],"product_tag":[48],"class_list":{"0":"post-2435","1":"product","2":"type-product","3":"status-publish","4":"has-post-thumbnail","6":"material-cotton-agent","7":"material-viscose-chemicals","8":"process-dyeing-auxiliaries","9":"process-optical-brightening-agent-in-textile","10":"product_cat-uncategorized","11":"product_tag-new-textile-chemicals","13":"first","14":"instock","15":"shipping-taxable","16":"product-type-simple"},"acf":[],"_links":{"self":[{"href":"https:\/\/www.bluelakechem.com\/tr\/wp-json\/wp\/v2\/product\/2435","targetHints":{"allow":["GET"]}}],"collection":[{"href":"https:\/\/www.bluelakechem.com\/tr\/wp-json\/wp\/v2\/product"}],"about":[{"href":"https:\/\/www.bluelakechem.com\/tr\/wp-json\/wp\/v2\/types\/product"}],"replies":[{"embeddable":true,"href":"https:\/\/www.bluelakechem.com\/tr\/wp-json\/wp\/v2\/comments?post=2435"}],"wp:featuredmedia":[{"embeddable":true,"href":"https:\/\/www.bluelakechem.com\/tr\/wp-json\/wp\/v2\/media\/2439"}],"wp:attachment":[{"href":"https:\/\/www.bluelakechem.com\/tr\/wp-json\/wp\/v2\/media?parent=2435"}],"wp:term":[{"taxonomy":"material","embeddable":true,"href":"https:\/\/www.bluelakechem.com\/tr\/wp-json\/wp\/v2\/material?post=2435"},{"taxonomy":"process","embeddable":true,"href":"https:\/\/www.bluelakechem.com\/tr\/wp-json\/wp\/v2\/process?post=2435"},{"taxonomy":"product_brand","embeddable":true,"href":"https:\/\/www.bluelakechem.com\/tr\/wp-json\/wp\/v2\/product_brand?post=2435"},{"taxonomy":"product_cat","embeddable":true,"href":"https:\/\/www.bluelakechem.com\/tr\/wp-json\/wp\/v2\/product_cat?post=2435"},{"taxonomy":"product_tag","embeddable":true,"href":"https:\/\/www.bluelakechem.com\/tr\/wp-json\/wp\/v2\/product_tag?post=2435"}],"curies":[{"name":"wp","href":"https:\/\/api.w.org\/{rel}","templated":true}]}}