{"id":2514,"date":"2025-07-02T09:59:09","date_gmt":"2025-07-02T09:59:09","guid":{"rendered":"https:\/\/www.bluelakechem.com\/?post_type=product&#038;p=2514"},"modified":"2025-07-02T09:59:10","modified_gmt":"2025-07-02T09:59:10","slug":"coolcore-fabric-finishing-agent","status":"publish","type":"product","link":"https:\/\/www.bluelakechem.com\/tr\/product\/coolcore-fabric-finishing-agent\/","title":{"rendered":"Coolcore Kuma\u015f Apre Maddesi, Uzun \u00d6m\u00fcrl\u00fc So\u011futma Performans\u0131"},"content":{"rendered":"<div class=\"wp-block-columns is-layout-flex wp-container-core-columns-is-layout-9d6595d7 wp-block-columns-is-layout-flex\">\n<div class=\"wp-block-column is-layout-flow wp-block-column-is-layout-flow\">\n<h2 class=\"wp-block-heading\">Coolcore Fabric Finishing Agent Features:<\/h2>\n\n\n\n<p>M\u00fckemmel sert so\u011fuk \u00e7ekirdek etkisi.<\/p>\n\n\n\n<p>Imparts fabrics a soft handle and good water-absorbing capacity.<\/p>\n\n\n\n<p>Son derece d\u00fc\u015f\u00fck sararma. Son derece d\u00fc\u015f\u00fck g\u00f6lge de\u011fi\u015fimi.<\/p>\n\n\n\n<p>Di\u011fer yard\u0131mc\u0131 maddeler ile iyi uyumluluk. Ayn\u0131 banyoda silikon ya\u011f\u0131 ile birlikte kullan\u0131labilir.<\/p>\n\n\n\n<p>Suitable for the padding process in the setting machine.<\/p>\n\n\n\n<h2 class=\"wp-block-heading\">Coolcore Fabric Finishing Agent Properties:<\/h2>\n\n\n\n<figure class=\"wp-block-table\"><table class=\"has-fixed-layout\"><tbody><tr><td>G\u00f6r\u00fcn\u00fc\u015f:<\/td><td>Renksiz ila sar\u0131 \u015feffaf s\u0131v\u0131<\/td><\/tr><tr><td>\u0130yoniklik:<\/td><td>Noniyonik<\/td><\/tr><tr><td>pH de\u011feri:<\/td><td>&#8212;&#8212;&#8211;<\/td><\/tr><tr><td>\u00c7\u00f6z\u00fcn\u00fcrl\u00fck:<\/td><td>Suda \u00e7\u00f6z\u00fcn\u00fcr<\/td><\/tr><\/tbody><\/table><\/figure>\n<\/div>\n\n\n\n<div class=\"wp-block-column is-layout-flow wp-block-column-is-layout-flow\">\n<figure class=\"wp-block-embed is-type-video is-provider-youtube wp-block-embed-youtube wp-embed-aspect-16-9 wp-has-aspect-ratio\"><div class=\"wp-block-embed__wrapper\">\n<iframe title=\"\u00c7ar\u015faf, Yorgan \u00d6rt\u00fcs\u00fc ve G\u00fcne\u015fe Dayan\u0131kl\u0131 Giysiler \u0130\u00e7in, Coolcore El Hissi Nas\u0131l Elde Edilir?\" width=\"500\" height=\"281\" src=\"https:\/\/www.youtube.com\/embed\/tNxIBqCohkI?feature=oembed\" frameborder=\"0\" allow=\"accelerometer; autoplay; clipboard-write; encrypted-media; gyroscope; picture-in-picture; web-share\" referrerpolicy=\"strict-origin-when-cross-origin\" allowfullscreen><\/iframe>\n<\/div><\/figure>\n\n\n\n<h2 class=\"wp-block-heading\">Coolcore Fabric Finishing Agent Instruction:<\/h2>\n\n\n\n<p>1.For the padding process, reference dosage: 30~60 g\/L<\/p>\n\n\n\n<p>Dald\u0131rma ve dolgu \u2192 Kurutma \u2192 Ayar (140~160\u2103)<\/p>\n\n\n\n<p>2. Dald\u0131rma i\u015flemi i\u00e7in referans dozaj: 3.0~6.0% (o.w.f)<\/p>\n\n\n\n<p>Banyo oran\u0131: 1:5~15<\/p>\n\n\n\n<p>25~40\u2103 \u00d7 20~30 dakika \u2192 Susuzla\u015ft\u0131rma \u2192 Kurutma \u2192 Ayar<\/p>\n\n\n\n<p>Not:<\/p>\n\n\n\n<p>Coolcore effect is related to the dosage of Coolcore Finishing Agent YK-700B. Please determine the appropriate dosage according to the actual\u00a0requirements of\u00a0the coolcore effect.<\/p>\n<\/div>\n<\/div>\n\n\n\n<p><\/p>","protected":false},"excerpt":{"rendered":"<p>Coolcore Kuma\u015f Apre Maddesi YK-700B, \u00e7e\u015fitli do\u011fal coolcore \u00f6zlerinden yap\u0131l\u0131r. Pamuk, Rayon, polyester, naylon ve bunlar\u0131n kar\u0131\u015f\u0131mlar\u0131ndan olu\u015fan \u00e7e\u015fitli kuma\u015flar i\u00e7in coolcore terbiye i\u015fleminde uygulanabilir ve kuma\u015flara m\u00fckemmel bir dokunu\u015f coolcore etkisi kazand\u0131rabilir. Oeko-Tex Standard 100 uyumludur. \u00dccretsiz numune veya form\u00fcller hakk\u0131nda uzman rehberli\u011fi i\u00e7in bizimle ileti\u015fime ge\u00e7in!<\/p>\n<p><strong>Model No. YK-700B<\/strong><\/p>\n<p>&nbsp;<\/p>","protected":false},"featured_media":2519,"comment_status":"closed","ping_status":"closed","template":"","meta":{"_acf_changed":false},"material":[28],"process":[23,25],"product_brand":[],"product_cat":[15],"product_tag":[48],"class_list":{"0":"post-2514","1":"product","2":"type-product","3":"status-publish","4":"has-post-thumbnail","6":"material-nylon-agent","7":"process-textile-finishing-chemicals","8":"process-textile-finishing-agent","9":"product_cat-uncategorized","10":"product_tag-new-textile-chemicals","12":"first","13":"instock","14":"shipping-taxable","15":"product-type-simple"},"acf":[],"_links":{"self":[{"href":"https:\/\/www.bluelakechem.com\/tr\/wp-json\/wp\/v2\/product\/2514","targetHints":{"allow":["GET"]}}],"collection":[{"href":"https:\/\/www.bluelakechem.com\/tr\/wp-json\/wp\/v2\/product"}],"about":[{"href":"https:\/\/www.bluelakechem.com\/tr\/wp-json\/wp\/v2\/types\/product"}],"replies":[{"embeddable":true,"href":"https:\/\/www.bluelakechem.com\/tr\/wp-json\/wp\/v2\/comments?post=2514"}],"wp:featuredmedia":[{"embeddable":true,"href":"https:\/\/www.bluelakechem.com\/tr\/wp-json\/wp\/v2\/media\/2519"}],"wp:attachment":[{"href":"https:\/\/www.bluelakechem.com\/tr\/wp-json\/wp\/v2\/media?parent=2514"}],"wp:term":[{"taxonomy":"material","embeddable":true,"href":"https:\/\/www.bluelakechem.com\/tr\/wp-json\/wp\/v2\/material?post=2514"},{"taxonomy":"process","embeddable":true,"href":"https:\/\/www.bluelakechem.com\/tr\/wp-json\/wp\/v2\/process?post=2514"},{"taxonomy":"product_brand","embeddable":true,"href":"https:\/\/www.bluelakechem.com\/tr\/wp-json\/wp\/v2\/product_brand?post=2514"},{"taxonomy":"product_cat","embeddable":true,"href":"https:\/\/www.bluelakechem.com\/tr\/wp-json\/wp\/v2\/product_cat?post=2514"},{"taxonomy":"product_tag","embeddable":true,"href":"https:\/\/www.bluelakechem.com\/tr\/wp-json\/wp\/v2\/product_tag?post=2514"}],"curies":[{"name":"wp","href":"https:\/\/api.w.org\/{rel}","templated":true}]}}