{"id":2710,"date":"2025-07-23T09:54:38","date_gmt":"2025-07-23T09:54:38","guid":{"rendered":"https:\/\/www.bluelakechem.com\/?post_type=product&#038;p=2710"},"modified":"2025-07-23T09:56:13","modified_gmt":"2025-07-23T09:56:13","slug":"bio-polishing-enzyme","status":"publish","type":"product","link":"https:\/\/www.bluelakechem.com\/tr\/product\/bio-polishing-enzyme\/","title":{"rendered":"Sel\u00fcloz Kuma\u015flar i\u00e7in N\u00f6tr Biyo-Parlatma Enzimi, Tek Banyoda Oksijen Giderme ve Boyama"},"content":{"rendered":"<div class=\"wp-block-columns is-layout-flex wp-container-core-columns-is-layout-9d6595d7 wp-block-columns-is-layout-flex\">\n<div class=\"wp-block-column is-layout-flow wp-block-column-is-layout-flow\">\n<h2 class=\"wp-block-heading\">Bio-Polishing Enzim \u00d6zellikleri:<\/h2>\n\n\n\n<p>Alkaliye Dayan\u0131kl\u0131 ve Esnek. Alkali ko\u015fullar alt\u0131nda kararl\u0131d\u0131r (pH 6-9); s\u00fcrekli ve kesikli i\u015fleme i\u00e7in idealdir.<\/p>\n\n\n\n<p>Minimum Elyaf Hasar\u0131 Kuma\u015f mukavemeti \u00fczerinde \u00e7ok d\u00fc\u015f\u00fck etkiye sahip p\u00fcr\u00fczs\u00fcz parlatma, kuma\u015f b\u00fct\u00fcnl\u00fc\u011f\u00fc ve yumu\u015fakl\u0131\u011f\u0131 sa\u011flar.<\/p>\n\n\n\n<p>\u00dc\u00e7\u00fc Bir Arada Verimlilik. Oksijen giderme, parlatma ve boyama i\u015flemlerini tek bir banyoda ger\u00e7ekle\u015ftirerek i\u015f ak\u0131\u015f\u0131n\u0131 basitle\u015ftirir ve i\u015flem s\u00fcresini azalt\u0131r...<\/p>\n\n\n\n<p>Maliyet ve Kaynak Tasarrufu. Su, enerji ve i\u015flem s\u00fcresini azaltarak toplam \u00fcretim maliyetlerini 20-30% oran\u0131nda d\u00fc\u015f\u00fcr\u00fcr.<\/p>\n\n\n\n<h2 class=\"wp-block-heading\">Bio-Polishing Enzim \u00d6zellikleri:<\/h2>\n\n\n\n<figure class=\"wp-block-table\"><table class=\"has-fixed-layout\"><tbody><tr><td>G\u00f6r\u00fcn\u00fc\u015f:<\/td><td>Kahverengi \u015feffaf s\u0131v\u0131<\/td><\/tr><tr><td>\u0130yoniklik:<\/td><td>Noniyonik<\/td><\/tr><tr><td>pH de\u011feri:<\/td><td>6.0\u00b11.0 (1% sulu \u00e7\u00f6zeltisi)<\/td><\/tr><tr><td>\u00c7\u00f6z\u00fcn\u00fcrl\u00fck:<\/td><td>Suda \u00e7\u00f6z\u00fcn\u00fcr<\/td><\/tr><\/tbody><\/table><\/figure>\n<\/div>\n<\/div>\n\n\n\n<h2 class=\"wp-block-heading\">Bio-Polishing Enzim Talimat\u0131:<\/h2>\n\n\n\n<p>Referans dozaj: 0,3~0,4% (o.w.f)<\/p>\n\n\n<div class=\"wp-block-image\">\n<figure class=\"aligncenter size-full\"><img decoding=\"async\" width=\"900\" height=\"200\" src=\"https:\/\/www.bluelakechem.com\/wp-content\/uploads\/2025\/07\/Neutral-Polishing-Enzyme-13178-45.webp\" alt=\"N\u00f6tr Parlatma Enzimi\" class=\"wp-image-2711\" srcset=\"https:\/\/www.bluelakechem.com\/wp-content\/uploads\/2025\/07\/Neutral-Polishing-Enzyme-13178-45.webp 900w, https:\/\/www.bluelakechem.com\/wp-content\/uploads\/2025\/07\/Neutral-Polishing-Enzyme-13178-45-300x67.webp 300w, https:\/\/www.bluelakechem.com\/wp-content\/uploads\/2025\/07\/Neutral-Polishing-Enzyme-13178-45-768x171.webp 768w, https:\/\/www.bluelakechem.com\/wp-content\/uploads\/2025\/07\/Neutral-Polishing-Enzyme-13178-45-18x4.webp 18w, https:\/\/www.bluelakechem.com\/wp-content\/uploads\/2025\/07\/Neutral-Polishing-Enzyme-13178-45-600x133.webp 600w\" sizes=\"(max-width: 900px) 100vw, 900px\" \/><\/figure>\n<\/div>","protected":false},"excerpt":{"rendered":"<p>N\u00f6tral Biyo-Parlatma Enzimi 13178-45 esas olarak kompleks zimoproteinden olu\u015fur. N\u00f6tre yak\u0131n ko\u015fullar alt\u0131nda, sel\u00fclozik elyaf kuma\u015flar \u00fczerinde m\u00fckemmel bir parlatma etkisine sahiptir. Fiksaj i\u015fleminden \u00f6nce eklenebilir, bu da tek bir banyoda deoksijenizasyon, parlatma ve boyama sa\u011flayabilir ve \u00fcretim maliyetini d\u00fc\u015f\u00fcr\u00fcr. Oeko-Tex Standard 100 uyumludur. \u00dccretsiz numune veya form\u00fcller hakk\u0131nda uzman rehberli\u011fi i\u00e7in bizimle ileti\u015fime ge\u00e7in!<\/p>\n<p><strong>Model No. 13178-45<\/strong><\/p>\n<p>&nbsp;<\/p>","protected":false},"featured_media":2712,"comment_status":"closed","ping_status":"closed","template":"","meta":{"_acf_changed":false},"material":[26],"process":[17,37],"product_brand":[],"product_cat":[15],"product_tag":[48],"class_list":{"0":"post-2710","1":"product","2":"type-product","3":"status-publish","4":"has-post-thumbnail","6":"material-cotton-agent","7":"process-pretreatment-auxiliaries","8":"process-bio-polishing-enzyme","9":"product_cat-uncategorized","10":"product_tag-new-textile-chemicals","12":"first","13":"instock","14":"shipping-taxable","15":"product-type-simple"},"acf":[],"_links":{"self":[{"href":"https:\/\/www.bluelakechem.com\/tr\/wp-json\/wp\/v2\/product\/2710","targetHints":{"allow":["GET"]}}],"collection":[{"href":"https:\/\/www.bluelakechem.com\/tr\/wp-json\/wp\/v2\/product"}],"about":[{"href":"https:\/\/www.bluelakechem.com\/tr\/wp-json\/wp\/v2\/types\/product"}],"replies":[{"embeddable":true,"href":"https:\/\/www.bluelakechem.com\/tr\/wp-json\/wp\/v2\/comments?post=2710"}],"wp:featuredmedia":[{"embeddable":true,"href":"https:\/\/www.bluelakechem.com\/tr\/wp-json\/wp\/v2\/media\/2712"}],"wp:attachment":[{"href":"https:\/\/www.bluelakechem.com\/tr\/wp-json\/wp\/v2\/media?parent=2710"}],"wp:term":[{"taxonomy":"material","embeddable":true,"href":"https:\/\/www.bluelakechem.com\/tr\/wp-json\/wp\/v2\/material?post=2710"},{"taxonomy":"process","embeddable":true,"href":"https:\/\/www.bluelakechem.com\/tr\/wp-json\/wp\/v2\/process?post=2710"},{"taxonomy":"product_brand","embeddable":true,"href":"https:\/\/www.bluelakechem.com\/tr\/wp-json\/wp\/v2\/product_brand?post=2710"},{"taxonomy":"product_cat","embeddable":true,"href":"https:\/\/www.bluelakechem.com\/tr\/wp-json\/wp\/v2\/product_cat?post=2710"},{"taxonomy":"product_tag","embeddable":true,"href":"https:\/\/www.bluelakechem.com\/tr\/wp-json\/wp\/v2\/product_tag?post=2710"}],"curies":[{"name":"wp","href":"https:\/\/api.w.org\/{rel}","templated":true}]}}