{"id":2782,"date":"2025-08-07T09:33:16","date_gmt":"2025-08-07T09:33:16","guid":{"rendered":"https:\/\/www.bluelakechem.com\/?post_type=product&#038;p=2782"},"modified":"2025-08-07T09:34:01","modified_gmt":"2025-08-07T09:34:01","slug":"anti-wrinkle-powder","status":"publish","type":"product","link":"https:\/\/www.bluelakechem.com\/tr\/product\/anti-wrinkle-powder\/","title":{"rendered":"Tekstil Islak \u0130\u015flemleri i\u00e7in K\u0131r\u0131\u015f\u0131kl\u0131k \u00d6nleyici Toz, K\u0131r\u0131\u015f\u0131kl\u0131klar\u0131 ve Kuma\u015f \u00c7iziklerini \u00d6nler"},"content":{"rendered":"<div class=\"wp-block-columns is-layout-flex wp-container-core-columns-is-layout-9d6595d7 wp-block-columns-is-layout-flex\">\n<div class=\"wp-block-column is-layout-flow wp-block-column-is-layout-flow\">\n<h2 class=\"wp-block-heading\">K\u0131r\u0131\u015f\u0131kl\u0131k Kar\u015f\u0131t\u0131 Pudra \u00d6zellikleri:<\/h2>\n\n\n\n<p>Halat i\u015flemede kuma\u015f d\u00fc\u011f\u00fcmlenmesinden kaynaklanan k\u0131r\u0131\u015f\u0131kl\u0131klar\u0131 azalt\u0131r.<\/p>\n\n\n\n<p>Kal\u0131n ve kompakt \u00f6rme kuma\u015flar\u0131n banyoda katlanmas\u0131 ve dola\u015fmas\u0131ndan kaynaklanan boyama hatalar\u0131n\u0131 azalt\u0131r.<\/p>\n\n\n\n<p>Kuma\u015flar\u0131n kullan\u0131m\u0131n\u0131 etkilemez.<\/p>\n\n\n\n<p>Do\u011frudan boyama banyosunda kullan\u0131labilir.<\/p>\n\n\n\n<h2 class=\"wp-block-heading\">K\u0131r\u0131\u015f\u0131kl\u0131k Kar\u015f\u0131t\u0131 Pudra \u00d6zellikleri:<\/h2>\n\n\n\n<figure class=\"wp-block-table\"><table class=\"has-fixed-layout\"><tbody><tr><td>G\u00f6r\u00fcn\u00fc\u015f<\/td><td>Beyaz toz<\/td><\/tr><tr><td>\u0130yoniklik<\/td><td>Noniyonik<\/td><\/tr><tr><td>pH de\u011feri<\/td><td>6.0\u00b11.0 (1% sulu \u00e7\u00f6zeltisi)<\/td><\/tr><tr><td>\u00c7\u00f6z\u00fcn\u00fcrl\u00fck<\/td><td>Suda \u00e7\u00f6z\u00fcn\u00fcr<\/td><\/tr><\/tbody><\/table><\/figure>\n<\/div>\n\n\n\n<div class=\"wp-block-column is-layout-flow wp-block-column-is-layout-flow\">\n<h2 class=\"wp-block-heading\">K\u0131r\u0131\u015f\u0131kl\u0131k Kar\u015f\u0131t\u0131 Pudra Talimat\u0131:<\/h2>\n\n\n\n<ol class=\"wp-block-list\">\n<li>Y\u00fcksek konsantrasyonlu bir \u00fcr\u00fcnd\u00fcr. Yumu\u015fak su ile 1:100 oran\u0131nda seyreltilerek kullan\u0131lmas\u0131n\u0131 tavsiye ederiz.<\/li>\n\n\n\n<li><strong>Seyreltilmi\u015f 24169 referans dozaj\u0131:<\/strong> 1~3% (o.w.f) \u0130\u015flem: Seyreltilmi\u015f 24169'u banyoya ekleyin ve 5~10 dakika \u00e7al\u0131\u015ft\u0131r\u0131n \u2192<br>Normal s\u00fcre\u00e7<\/li>\n\n\n\n<li><strong>Not:<\/strong>\n<ul class=\"wp-block-list\">\n<li>L\u00fctfen \u00f6nce yard\u0131mc\u0131 banyoda tamamen \u00e7\u00f6z\u00fcnd\u00fc\u011f\u00fcnden emin olun. Daha sonra son i\u015flem banyosuna ekleyin.<\/li>\n\n\n\n<li>L\u00fctfen kuru tutun. Suyla temas ederse kolayca topaklanabilir ve bu da erimemesine neden olur.<\/li>\n\n\n\n<li>Do\u011frudan banyoya d\u00f6kmek yerine yava\u015f\u00e7a eklenmelidir; aksi takdirde topaklar olu\u015fmas\u0131 kolayd\u0131r ve bu da erimemesine neden olur.<\/li>\n<\/ul>\n<\/li>\n<\/ol>\n<\/div>\n<\/div>","protected":false},"excerpt":{"rendered":"<p>K\u0131r\u0131\u015f\u0131kl\u0131k \u00d6nleyici Toz 24169 esas olarak y\u00fcksek molek\u00fcll\u00fc bir bile\u015fikten olu\u015fur. Suda iyi kayganl\u0131k g\u00f6sterir, bu da kuma\u015flar ve ekipman aras\u0131ndaki \u00e7izikleri azaltabilir, \u00e7e\u015fitli kuma\u015flar\u0131n \u0131slak i\u015flenmesi s\u0131ras\u0131nda k\u0131r\u0131\u015fmay\u0131 veya \u00e7izilmeyi \u00f6nleyebilir. Oeko-Tex Standard 100 uyumludur. \u00dccretsiz numune veya form\u00fcller hakk\u0131nda uzman rehberli\u011fi i\u00e7in bize ula\u015f\u0131n!<\/p>\n<p><strong>Model No. 24169<\/strong><\/p>\n<p>&nbsp;<\/p>","protected":false},"featured_media":2783,"comment_status":"closed","ping_status":"closed","template":"","meta":{"_acf_changed":false},"material":[26,27,28,29,30,31,32,33,49,34],"process":[20,22],"product_brand":[],"product_cat":[15],"product_tag":[48],"class_list":{"0":"post-2782","1":"product","2":"type-product","3":"status-publish","4":"has-post-thumbnail","6":"material-cotton-agent","7":"material-polyester-chemicals","8":"material-nylon-agent","9":"material-acrylic-chemicals","10":"material-viscose-chemicals","11":"material-wool-auxiliary","12":"material-linen-chemicals","13":"material-silk-chemicals","14":"material-elastic","15":"material-fabric-chemicals","16":"process-dyeing-auxiliaries","17":"process-anti-creasing-agent","18":"product_cat-uncategorized","19":"product_tag-new-textile-chemicals","21":"first","22":"instock","23":"shipping-taxable","24":"product-type-simple"},"acf":[],"_links":{"self":[{"href":"https:\/\/www.bluelakechem.com\/tr\/wp-json\/wp\/v2\/product\/2782","targetHints":{"allow":["GET"]}}],"collection":[{"href":"https:\/\/www.bluelakechem.com\/tr\/wp-json\/wp\/v2\/product"}],"about":[{"href":"https:\/\/www.bluelakechem.com\/tr\/wp-json\/wp\/v2\/types\/product"}],"replies":[{"embeddable":true,"href":"https:\/\/www.bluelakechem.com\/tr\/wp-json\/wp\/v2\/comments?post=2782"}],"wp:featuredmedia":[{"embeddable":true,"href":"https:\/\/www.bluelakechem.com\/tr\/wp-json\/wp\/v2\/media\/2783"}],"wp:attachment":[{"href":"https:\/\/www.bluelakechem.com\/tr\/wp-json\/wp\/v2\/media?parent=2782"}],"wp:term":[{"taxonomy":"material","embeddable":true,"href":"https:\/\/www.bluelakechem.com\/tr\/wp-json\/wp\/v2\/material?post=2782"},{"taxonomy":"process","embeddable":true,"href":"https:\/\/www.bluelakechem.com\/tr\/wp-json\/wp\/v2\/process?post=2782"},{"taxonomy":"product_brand","embeddable":true,"href":"https:\/\/www.bluelakechem.com\/tr\/wp-json\/wp\/v2\/product_brand?post=2782"},{"taxonomy":"product_cat","embeddable":true,"href":"https:\/\/www.bluelakechem.com\/tr\/wp-json\/wp\/v2\/product_cat?post=2782"},{"taxonomy":"product_tag","embeddable":true,"href":"https:\/\/www.bluelakechem.com\/tr\/wp-json\/wp\/v2\/product_tag?post=2782"}],"curies":[{"name":"wp","href":"https:\/\/api.w.org\/{rel}","templated":true}]}}