{"id":2799,"date":"2025-08-08T02:04:34","date_gmt":"2025-08-08T02:04:34","guid":{"rendered":"https:\/\/www.bluelakechem.com\/?post_type=product&#038;p=2799"},"modified":"2025-08-08T02:12:10","modified_gmt":"2025-08-08T02:12:10","slug":"hydrophilic-silicone-finishing-agent","status":"publish","type":"product","link":"https:\/\/www.bluelakechem.com\/tr\/product\/hydrophilic-silicone-finishing-agent\/","title":{"rendered":"Y\u00fcksek Stabiliteye Sahip Hidrofilik Silikon Son \u0130\u015flem Maddesi"},"content":{"rendered":"<div class=\"wp-block-columns is-layout-flex wp-container-core-columns-is-layout-9d6595d7 wp-block-columns-is-layout-flex\">\n<div class=\"wp-block-column is-layout-flow wp-block-column-is-layout-flow\">\n<h2 class=\"wp-block-heading\">Hidrofilik Silikon Son \u0130\u015flem Maddesi \u00d6zellikleri<\/h2>\n\n\n\n<ul class=\"wp-block-list\">\n<li>APEO veya yasaklanm\u0131\u015f kimyasal maddeler i\u00e7ermez. Avrupa Birli\u011fi standard\u0131 Otex-100 ile uyumludur.<\/li>\n\n\n\n<li>An\u0131nda hidrofiliklik.<\/li>\n\n\n\n<li>Kuma\u015flara yumu\u015fak, p\u00fcr\u00fczs\u00fcz ve do\u011fal bir tutum kazand\u0131r\u0131r.<\/li>\n\n\n\n<li>M\u00fckemmel anti-statik performans. \u0130yi leke \u00f6nleme ve toz ge\u00e7irmezlik performans\u0131.<\/li>\n\n\n\n<li>T\u00fcylenme \u00f6nleme performans\u0131n\u0131 art\u0131r\u0131r.<\/li>\n\n\n\n<li>Kuma\u015flara iyi boyutsal stabilite ve iyi elastikiyet kazand\u0131r\u0131r.<\/li>\n\n\n\n<li>\u00c7e\u015fitli tekstil t\u00fcrlerine kar\u015f\u0131 iyi bir yak\u0131nl\u0131\u011f\u0131 vard\u0131r.<\/li>\n\n\n\n<li>Y\u00fcksek s\u0131cakl\u0131klarda, alkali, elektrolit ve anyonlarda kararl\u0131d\u0131r. Y\u00fcksek kayma direnci. Ayn\u0131 banyoda re\u00e7ine ile birlikte kullan\u0131labilir.<\/li>\n\n\n\n<li>Dolgu ve egzoz i\u015flemi i\u00e7in uygundur.<\/li>\n\n\n\n<li>\u0130yi uyumluluk.<\/li>\n\n\n\n<li>\u00c7ok k\u00fc\u00e7\u00fck bir dozaj m\u00fckemmel etkiler sa\u011flayabilir.<\/li>\n<\/ul>\n\n\n\n<h2 class=\"wp-block-heading\">Hidrofilik Silikon Son \u0130\u015flem Maddesi \u00d6zellikleri<\/h2>\n\n\n\n<figure class=\"wp-block-table\"><table class=\"has-fixed-layout\"><tbody><tr><td>G\u00f6r\u00fcn\u00fc\u015f<\/td><td>\u015eeffaf s\u0131v\u0131<\/td><\/tr><tr><td>\u0130yoniklik<\/td><td>Noniyonik<\/td><\/tr><tr><td>pH de\u011feri<\/td><td>6.0~7.0 (1% sulu \u00e7\u00f6zeltisi)<\/td><\/tr><tr><td>\u00c7\u00f6z\u00fcn\u00fcrl\u00fck<\/td><td>Suda \u00e7\u00f6z\u00fcn\u00fcr<\/td><\/tr><\/tbody><\/table><\/figure>\n<\/div>\n\n\n\n<div class=\"wp-block-column is-layout-flow wp-block-column-is-layout-flow\">\n<h2 class=\"wp-block-heading\">Hidrofilik Silikon Son \u0130\u015flem Maddesi Talimat\u0131<\/h2>\n\n\n\n<h3 class=\"wp-block-heading\">1. Egzoz i\u015flemi:<\/h3>\n\n\n\n<p><strong>Referans dozaj:<\/strong> 1.0~3.0% (o.w.f)<\/p>\n\n\n\n<p><strong>Banyo oran\u0131: <\/strong>1:20<\/p>\n\n\n\n<p><strong>S\u00fcre\u00e7: <\/strong>40~50\u2103 \u00d7 10~20 dakika \u2192 Susuzla\u015ft\u0131rma \u2192 Kuru (100~120\u2103)<\/p>\n\n\n\n<h3 class=\"wp-block-heading\">2. Dolgu i\u015flemi:<\/h3>\n\n\n\n<p><strong>Referans dozaj<\/strong>: 10~30 g\/L<\/p>\n\n\n\n<p><strong>Stenter: <\/strong>Dald\u0131rma ve dolgu (Pikap: 70~90%) \u2192 160~170\u2103 \u00d7 60~90s<\/p>\n\n\n\n<p><strong>Anti-statik apre maddesi olarak kullan\u0131m i\u00e7in, referans dozaj:<\/strong> 10~20 g\/L.<\/p>\n<\/div>\n<\/div>\n\n\n\n<p><\/p>","protected":false},"excerpt":{"rendered":"<p>Silikon Yumu\u015fat\u0131c\u0131 63081-33, en son teknoloji ile birle\u015ftirilmi\u015f y\u00fcksek stabiliteye sahip hidrofilik bir silikon apre maddesidir. esas olarak sel\u00fcloz elyaflar\u0131, sentetik elyaflar ve bunlar\u0131n kar\u0131\u015f\u0131mlar\u0131ndan olu\u015fan kuma\u015flar i\u00e7in hidrofilik apre i\u00e7in uygulan\u0131r, bu da kuma\u015flar\u0131 yumu\u015fak ve p\u00fcr\u00fczs\u00fcz hale getirir. Oeko-Tex Standard 100 uyumludur. \u00dccretsiz numune veya form\u00fcller hakk\u0131nda uzman rehberli\u011fi i\u00e7in bizimle ileti\u015fime ge\u00e7in!<\/p>\n<p><strong>Model No. 63081<\/strong><\/p>\n<p>&nbsp;<\/p>","protected":false},"featured_media":2800,"comment_status":"closed","ping_status":"closed","template":"","meta":{"_acf_changed":false},"material":[26],"process":[23,25],"product_brand":[],"product_cat":[15],"product_tag":[48],"class_list":{"0":"post-2799","1":"product","2":"type-product","3":"status-publish","4":"has-post-thumbnail","6":"material-cotton-agent","7":"process-textile-finishing-chemicals","8":"process-textile-finishing-agent","9":"product_cat-uncategorized","10":"product_tag-new-textile-chemicals","12":"first","13":"instock","14":"shipping-taxable","15":"product-type-simple"},"acf":[],"_links":{"self":[{"href":"https:\/\/www.bluelakechem.com\/tr\/wp-json\/wp\/v2\/product\/2799","targetHints":{"allow":["GET"]}}],"collection":[{"href":"https:\/\/www.bluelakechem.com\/tr\/wp-json\/wp\/v2\/product"}],"about":[{"href":"https:\/\/www.bluelakechem.com\/tr\/wp-json\/wp\/v2\/types\/product"}],"replies":[{"embeddable":true,"href":"https:\/\/www.bluelakechem.com\/tr\/wp-json\/wp\/v2\/comments?post=2799"}],"wp:featuredmedia":[{"embeddable":true,"href":"https:\/\/www.bluelakechem.com\/tr\/wp-json\/wp\/v2\/media\/2800"}],"wp:attachment":[{"href":"https:\/\/www.bluelakechem.com\/tr\/wp-json\/wp\/v2\/media?parent=2799"}],"wp:term":[{"taxonomy":"material","embeddable":true,"href":"https:\/\/www.bluelakechem.com\/tr\/wp-json\/wp\/v2\/material?post=2799"},{"taxonomy":"process","embeddable":true,"href":"https:\/\/www.bluelakechem.com\/tr\/wp-json\/wp\/v2\/process?post=2799"},{"taxonomy":"product_brand","embeddable":true,"href":"https:\/\/www.bluelakechem.com\/tr\/wp-json\/wp\/v2\/product_brand?post=2799"},{"taxonomy":"product_cat","embeddable":true,"href":"https:\/\/www.bluelakechem.com\/tr\/wp-json\/wp\/v2\/product_cat?post=2799"},{"taxonomy":"product_tag","embeddable":true,"href":"https:\/\/www.bluelakechem.com\/tr\/wp-json\/wp\/v2\/product_tag?post=2799"}],"curies":[{"name":"wp","href":"https:\/\/api.w.org\/{rel}","templated":true}]}}