{"id":2914,"date":"2025-08-13T07:25:52","date_gmt":"2025-08-13T07:25:52","guid":{"rendered":"https:\/\/www.bluelakechem.com\/?post_type=product&#038;p=2914"},"modified":"2025-08-13T07:33:58","modified_gmt":"2025-08-13T07:33:58","slug":"neutral-bio-polishing-enzyme","status":"publish","type":"product","link":"https:\/\/www.bluelakechem.com\/tr\/product\/neutral-bio-polishing-enzyme\/","title":{"rendered":"Sel\u00fcloz Kuma\u015flar i\u00e7in N\u00f6tr Biyo-Parlatma Enzimi, Biyo-Parlatma ve Boyama Yard\u0131m\u0131"},"content":{"rendered":"<div class=\"wp-block-columns is-layout-flex wp-container-core-columns-is-layout-9d6595d7 wp-block-columns-is-layout-flex\">\n<div class=\"wp-block-column is-layout-flow wp-block-column-is-layout-flow\">\n<h2 class=\"wp-block-heading\">Neutral Bio-Polishing Enzim \u00d6zellikleri<\/h2>\n\n\n\n<p><strong>Alkali i\u00e7inde kararl\u0131d\u0131r. <\/strong>6~9 pH de\u011feri alt\u0131nda parlatma apresi yapabilir. Kuma\u015f mukavemetine son derece az zarar verir.<\/p>\n\n\n\n<p><strong>\u0130yi uyumluluk.<\/strong> Tek banyoda oksijen a\u011fartma ve y\u0131kama i\u015flemi ile biyo-parlatma i\u015flemini ger\u00e7ekle\u015ftirir.<\/p>\n\n\n\n<p>Ba\u015far\u0131r <strong>biyo-parlatma i\u015flemi ve reaktif boyama i\u015flemi<\/strong> bir banyoda.<\/p>\n\n\n\n<p><strong>Su, zaman ve enerji tasarrufu sa\u011flar<\/strong>. Kapsaml\u0131 maliyetten 20~30%'den fazla tasarruf sa\u011flar.<\/p>\n<\/div>\n\n\n\n<div class=\"wp-block-column is-layout-flow wp-block-column-is-layout-flow\">\n<h2 class=\"wp-block-heading\">N\u00f6tr Biyo-Parlatma Enzimi Talimat\u0131<\/h2>\n\n\n\n<p>Referans dozaj: 0,2~0,4% (o.w.f)<\/p>\n\n\n\n<figure class=\"wp-block-image size-full\"><img decoding=\"async\" width=\"874\" height=\"227\" src=\"https:\/\/www.bluelakechem.com\/wp-content\/uploads\/2025\/08\/Neutral-Polishing-Enzyme-15510.webp\" alt=\"N\u00f6tr Parlatma Enzimi\" class=\"wp-image-2915\" srcset=\"https:\/\/www.bluelakechem.com\/wp-content\/uploads\/2025\/08\/Neutral-Polishing-Enzyme-15510.webp 874w, https:\/\/www.bluelakechem.com\/wp-content\/uploads\/2025\/08\/Neutral-Polishing-Enzyme-15510-300x78.webp 300w, https:\/\/www.bluelakechem.com\/wp-content\/uploads\/2025\/08\/Neutral-Polishing-Enzyme-15510-768x199.webp 768w, https:\/\/www.bluelakechem.com\/wp-content\/uploads\/2025\/08\/Neutral-Polishing-Enzyme-15510-18x5.webp 18w, https:\/\/www.bluelakechem.com\/wp-content\/uploads\/2025\/08\/Neutral-Polishing-Enzyme-15510-600x156.webp 600w\" sizes=\"(max-width: 874px) 100vw, 874px\" \/><\/figure>\n\n\n\n<h2 class=\"wp-block-heading\">N\u00f6tr Biyo-Parlatma Enzim \u00d6zellikleri<\/h2>\n\n\n\n<figure class=\"wp-block-table\"><table class=\"has-fixed-layout\"><tbody><tr><td><strong>G\u00f6r\u00fcn\u00fc\u015f:<\/strong><\/td><td>Kahverengi toz<\/td><\/tr><tr><td><strong>\u0130yoniklik:<\/strong><\/td><td>Noniyonik<\/td><\/tr><tr><td><strong>pH de\u011feri:<\/strong><\/td><td>6.0\u00b11.0 (1% sulu \u00e7\u00f6zeltisi)<\/td><\/tr><tr><td><strong>\u00c7\u00f6z\u00fcn\u00fcrl\u00fck:<\/strong><\/td><td>Suda \u00e7\u00f6z\u00fcn\u00fcr<\/td><\/tr><\/tbody><\/table><\/figure>\n<\/div>\n<\/div>","protected":false},"excerpt":{"rendered":"<p>N\u00f6tral Biyo-Parlatma Enzimi 15510 esas olarak kompleks zimoproteinden olu\u015fur. N\u00f6tre yak\u0131n ko\u015fullar alt\u0131nda, sel\u00fcloz liflerinden yap\u0131lm\u0131\u015f kuma\u015flar \u00fczerinde m\u00fckemmel bir parlatma etkisine sahiptir. Fikse i\u015fleminden \u00f6nce eklenebilir, bu da tek bir banyoda oksijensizle\u015ftirme, parlatma ve boyama sa\u011flayabilir ve \u00fcretim maliyetini d\u00fc\u015f\u00fcrebilir. Oeko-Tex Standard 100 uyumludur. \u00dccretsiz numune veya form\u00fcller hakk\u0131nda uzman rehberli\u011fi i\u00e7in bize ula\u015f\u0131n!<\/p>\n<p><strong>Model No. 15510<\/strong><\/p>","protected":false},"featured_media":2916,"comment_status":"closed","ping_status":"closed","template":"","meta":{"_acf_changed":false},"material":[26],"process":[17,37],"product_brand":[],"product_cat":[15],"product_tag":[48],"class_list":{"0":"post-2914","1":"product","2":"type-product","3":"status-publish","4":"has-post-thumbnail","6":"material-cotton-agent","7":"process-pretreatment-auxiliaries","8":"process-bio-polishing-enzyme","9":"product_cat-uncategorized","10":"product_tag-new-textile-chemicals","12":"first","13":"instock","14":"shipping-taxable","15":"product-type-simple"},"acf":[],"_links":{"self":[{"href":"https:\/\/www.bluelakechem.com\/tr\/wp-json\/wp\/v2\/product\/2914","targetHints":{"allow":["GET"]}}],"collection":[{"href":"https:\/\/www.bluelakechem.com\/tr\/wp-json\/wp\/v2\/product"}],"about":[{"href":"https:\/\/www.bluelakechem.com\/tr\/wp-json\/wp\/v2\/types\/product"}],"replies":[{"embeddable":true,"href":"https:\/\/www.bluelakechem.com\/tr\/wp-json\/wp\/v2\/comments?post=2914"}],"wp:featuredmedia":[{"embeddable":true,"href":"https:\/\/www.bluelakechem.com\/tr\/wp-json\/wp\/v2\/media\/2916"}],"wp:attachment":[{"href":"https:\/\/www.bluelakechem.com\/tr\/wp-json\/wp\/v2\/media?parent=2914"}],"wp:term":[{"taxonomy":"material","embeddable":true,"href":"https:\/\/www.bluelakechem.com\/tr\/wp-json\/wp\/v2\/material?post=2914"},{"taxonomy":"process","embeddable":true,"href":"https:\/\/www.bluelakechem.com\/tr\/wp-json\/wp\/v2\/process?post=2914"},{"taxonomy":"product_brand","embeddable":true,"href":"https:\/\/www.bluelakechem.com\/tr\/wp-json\/wp\/v2\/product_brand?post=2914"},{"taxonomy":"product_cat","embeddable":true,"href":"https:\/\/www.bluelakechem.com\/tr\/wp-json\/wp\/v2\/product_cat?post=2914"},{"taxonomy":"product_tag","embeddable":true,"href":"https:\/\/www.bluelakechem.com\/tr\/wp-json\/wp\/v2\/product_tag?post=2914"}],"curies":[{"name":"wp","href":"https:\/\/api.w.org\/{rel}","templated":true}]}}