{"id":3121,"date":"2025-09-11T02:44:09","date_gmt":"2025-09-11T02:44:09","guid":{"rendered":"https:\/\/www.bluelakechem.com\/?post_type=product&#038;p=3121"},"modified":"2025-09-11T03:09:54","modified_gmt":"2025-09-11T03:09:54","slug":"emulsifying-scouring-agent","status":"publish","type":"product","link":"https:\/\/www.bluelakechem.com\/tr\/product\/emulsifying-scouring-agent\/","title":{"rendered":"Em\u00fclsifiye Edici Ovma Maddesi, Ya\u011f Alma Maddesi, \u00c7evre Dostu Tekstil \u00d6n \u0130\u015flem Kimyasal\u0131"},"content":{"rendered":"<div class=\"wp-block-columns is-layout-flex wp-container-core-columns-is-layout-9d6595d7 wp-block-columns-is-layout-flex\">\n<div class=\"wp-block-column is-layout-flow wp-block-column-is-layout-flow\">\n<h2 class=\"wp-block-heading\">Em\u00fclsifiye Edici Ovma Maddesi \u00d6zellikleri<\/h2>\n\n\n\n<p><strong>\u00c7evre Dostu ve APEO \u0130\u00e7ermeyen: <\/strong>Oeko-Tex Standard 100 ile uyumlu s\u00fcrd\u00fcr\u00fclebilir tekstil i\u015fleme \u00e7\u00f6z\u00fcm\u00fc.<\/p>\n\n\n\n<p><strong>\u00c7ok Fonksiyonlu: <\/strong>Em\u00fclsifiye edici, ya\u011f giderici, dispersiyon, y\u0131kama ve leke \u00f6nleyici etkileri birle\u015ftirir.<\/p>\n\n\n\n<p><strong>\u00dcst\u00fcn Temizleme G\u00fcc\u00fc: <\/strong>Balmumu, ya\u011f, pektin ve di\u011fer kirleri etkili bir \u015fekilde giderir.<\/p>\n\n\n\n<p><strong>Fiber G\u00fcvenli Form\u00fcl: <\/strong>Do\u011fal ve sentetik elyaflara kar\u015f\u0131 naziktir, elyafa zarar vermez.<\/p>\n\n\n\n<p><strong>\u00c7ok Y\u00f6nl\u00fc Uygulamalar:<\/strong> Pamuk, polyester, viskon, Tencel, Modal ve kar\u0131\u015f\u0131mlar\u0131n\u0131n \u00f6n i\u015flemi i\u00e7in m\u00fckemmeldir.<\/p>\n\n\n\n<p>\u0130stikrarl\u0131 ve G\u00fcvenilir Performans: \u00c7e\u015fitli i\u015fleme ko\u015fullar\u0131 alt\u0131nda tutarl\u0131 sonu\u00e7larla \u00e7al\u0131\u015f\u0131r.<\/p>\n\n\n\n<h2 class=\"wp-block-heading\">Em\u00fclsifiye Edici Ovma Maddesi \u00d6zellikleri<\/h2>\n\n\n\n<figure class=\"wp-block-table\"><table class=\"has-fixed-layout\"><tbody><tr><td><strong>G\u00f6r\u00fcn\u00fc\u015f:<\/strong><\/td><td>Renksiz ila a\u00e7\u0131k sar\u0131 \u015feffaf s\u0131v\u0131<\/td><\/tr><tr><td><strong>\u0130yoniklik:<\/strong><\/td><td>Noniyonik<\/td><\/tr><tr><td><strong>pH de\u011feri:<\/strong><\/td><td>7.0\u00b11.0 (1% sulu \u00e7\u00f6zeltisi)<\/td><\/tr><tr><td><strong>\u00c7\u00f6z\u00fcn\u00fcrl\u00fck:<\/strong><\/td><td>Suda \u00e7\u00f6z\u00fcn\u00fcr<\/td><\/tr><\/tbody><\/table><\/figure>\n<\/div>\n\n\n\n<div class=\"wp-block-column is-layout-flow wp-block-column-is-layout-flow\">\n<h2 class=\"wp-block-heading\">Em\u00fclsifiye Edici Ovma Maddesi Talimat\u0131<\/h2>\n\n\n\n<p>Y\u00fcksek konsantrasyonlu bir \u00fcr\u00fcnd\u00fcr. L\u00fctfen yumu\u015fat\u0131lm\u0131\u015f su ile 1:3~1:5 oran\u0131nda seyreltmenizi \u00f6neririz.<\/p>\n\n\n\n<p><strong>Kimyasal elyaf kuma\u015flar i\u00e7in ya\u011f giderme:<\/strong><\/p>\n\n\n\n<figure class=\"wp-block-table\"><table class=\"has-fixed-layout\"><tbody><tr><td><strong>Seyreltilmi\u015f 11079:<\/strong><\/td><td>1~2 g\/L<\/td><\/tr><tr><td><strong>Sodyum karbonat:<\/strong><\/td><td>0~1 g\/L<\/td><\/tr><tr><td colspan=\"2\">95~98\u2103\u00d730dak \u2192 Su ile y\u0131kama \u2192 N\u00f6tralize etme<\/td><\/tr><\/tbody><\/table><\/figure>\n\n\n\n<p><strong>Pamuklu kuma\u015flar i\u00e7in ovma:<\/strong><\/p>\n\n\n\n<figure class=\"wp-block-table\"><table class=\"has-fixed-layout\"><tbody><tr><td><strong>Seyreltilmi\u015f 11079:<\/strong><\/td><td>1~1,5 g\/L<\/td><\/tr><tr><td><strong>Kostik soda:<\/strong><\/td><td>0,5~2 g\/L<\/td><\/tr><tr><td><strong>Sekestre edici ajan:<\/strong><\/td><td>0~1 g\/L<\/td><\/tr><tr><td><strong>27.5% hidrojen peroksit:<\/strong><\/td><td>3~6 g\/L<\/td><\/tr><tr><td colspan=\"2\">95~98\u2103\u00d760dak \u2192 Su ile y\u0131kama<\/td><\/tr><\/tbody><\/table><\/figure>\n<\/div>\n<\/div>","protected":false},"excerpt":{"rendered":"<p>Em\u00fclsifiye Edici Ovma Maddesi 11079 esas olarak \u00f6zel bir alkol eter kompleksinden olu\u015fur. Kimyasal elyaflar ve bunlar\u0131n kar\u0131\u015f\u0131mlar\u0131 i\u00e7in \u00f6n i\u015flem prosesi i\u00e7in uygundur. Pamuk, viskon elyaf, Modal, Tencel ve bunlar\u0131n kar\u0131\u015f\u0131mlar\u0131 i\u00e7in \u00f6n i\u015flem prosesi i\u00e7in de uygundur. Ya\u011fl\u0131 kir, pektin ve pamuk mumu gibi \u00e7e\u015fitli kirlilikler i\u00e7in m\u00fckemmel bir ar\u0131tma etkisine sahiptir. Oeko-Tex Standard 100 uyumludur. \u00dccretsiz numune veya form\u00fcller hakk\u0131nda uzman rehberli\u011fi i\u00e7in bizimle ileti\u015fime ge\u00e7in!<\/p>\n<p><strong>Model No. 11079<\/strong><\/p>","protected":false},"featured_media":3122,"comment_status":"closed","ping_status":"closed","template":"","meta":{"_acf_changed":false},"material":[26,30,34],"process":[17,19,35],"product_brand":[],"product_cat":[15],"product_tag":[48],"class_list":{"0":"post-3121","1":"product","2":"type-product","3":"status-publish","4":"has-post-thumbnail","6":"material-cotton-agent","7":"material-viscose-chemicals","8":"material-fabric-chemicals","9":"process-pretreatment-auxiliaries","10":"process-scouring-agent","11":"process-degreasing-agent","12":"product_cat-uncategorized","13":"product_tag-new-textile-chemicals","15":"first","16":"instock","17":"shipping-taxable","18":"product-type-simple"},"acf":[],"_links":{"self":[{"href":"https:\/\/www.bluelakechem.com\/tr\/wp-json\/wp\/v2\/product\/3121","targetHints":{"allow":["GET"]}}],"collection":[{"href":"https:\/\/www.bluelakechem.com\/tr\/wp-json\/wp\/v2\/product"}],"about":[{"href":"https:\/\/www.bluelakechem.com\/tr\/wp-json\/wp\/v2\/types\/product"}],"replies":[{"embeddable":true,"href":"https:\/\/www.bluelakechem.com\/tr\/wp-json\/wp\/v2\/comments?post=3121"}],"wp:featuredmedia":[{"embeddable":true,"href":"https:\/\/www.bluelakechem.com\/tr\/wp-json\/wp\/v2\/media\/3122"}],"wp:attachment":[{"href":"https:\/\/www.bluelakechem.com\/tr\/wp-json\/wp\/v2\/media?parent=3121"}],"wp:term":[{"taxonomy":"material","embeddable":true,"href":"https:\/\/www.bluelakechem.com\/tr\/wp-json\/wp\/v2\/material?post=3121"},{"taxonomy":"process","embeddable":true,"href":"https:\/\/www.bluelakechem.com\/tr\/wp-json\/wp\/v2\/process?post=3121"},{"taxonomy":"product_brand","embeddable":true,"href":"https:\/\/www.bluelakechem.com\/tr\/wp-json\/wp\/v2\/product_brand?post=3121"},{"taxonomy":"product_cat","embeddable":true,"href":"https:\/\/www.bluelakechem.com\/tr\/wp-json\/wp\/v2\/product_cat?post=3121"},{"taxonomy":"product_tag","embeddable":true,"href":"https:\/\/www.bluelakechem.com\/tr\/wp-json\/wp\/v2\/product_tag?post=3121"}],"curies":[{"name":"wp","href":"https:\/\/api.w.org\/{rel}","templated":true}]}}