{"id":3385,"date":"2025-10-20T01:47:08","date_gmt":"2025-10-20T01:47:08","guid":{"rendered":"https:\/\/www.bluelakechem.com\/?post_type=product&#038;p=3385"},"modified":"2025-10-20T01:47:13","modified_gmt":"2025-10-20T01:47:13","slug":"c6-waterproof-agent","status":"publish","type":"product","link":"https:\/\/www.bluelakechem.com\/tr\/product\/c6-waterproof-agent\/","title":{"rendered":"C6 Su, Ya\u011f ve Leke Diren\u00e7li Kuma\u015flar i\u00e7in Su Ge\u00e7irmez Ajan"},"content":{"rendered":"<div class=\"wp-block-columns is-layout-flex wp-container-core-columns-is-layout-9d6595d7 wp-block-columns-is-layout-flex\">\n<div class=\"wp-block-column is-layout-flow wp-block-column-is-layout-flow\">\n<div class=\"wp-block-columns is-layout-flex wp-container-core-columns-is-layout-9d6595d7 wp-block-columns-is-layout-flex\">\n<div class=\"wp-block-column is-layout-flow wp-block-column-is-layout-flow\">\n<h2 class=\"wp-block-heading\">C6 Su Yal\u0131t\u0131m Maddesi \u00d6zellikleri:<\/h2>\n\n\n\n<p><strong>M\u00fckemmel Y\u0131kama Dayan\u0131kl\u0131l\u0131\u011f\u0131:<\/strong> Evde y\u0131kama ve kuru temizlemeye kar\u015f\u0131 \u00fcst\u00fcn diren\u00e7. Birden fazla y\u0131kama ve kurutma d\u00f6ng\u00fcs\u00fcnden sonra su ge\u00e7irmez, ya\u011f ge\u00e7irmez ve leke tutmaz etkilerini korur.<\/p>\n\n\n\n<p><strong>\u00dc\u00e7l\u00fc Koruma Performans\u0131<\/strong><\/p>\n\n\n\n<ul class=\"wp-block-list\">\n<li><strong>Su ge\u00e7irmezlik: <\/strong>Su giri\u015fini \u00f6nler ve d\u0131\u015f mekan performans\u0131n\u0131 art\u0131r\u0131r.<\/li>\n\n\n\n<li><strong>Ya\u011f iticilik: <\/strong>G\u00fcnl\u00fck kullan\u0131mdan kaynaklanan ya\u011f lekelerine kar\u015f\u0131 dayan\u0131kl\u0131d\u0131r.<br>Kirlenme iticili\u011fi: Kir yap\u0131\u015fmas\u0131n\u0131 azalt\u0131r ve temizli\u011fi kolayla\u015ft\u0131r\u0131r.<\/li>\n\n\n\n<li><strong>Kararl\u0131 ve G\u00fcvenilir Uygulama:<\/strong> Pamuk, polyester, naylon ve kar\u0131\u015f\u0131ml\u0131 kuma\u015flar i\u00e7in uygundur. El hissini veya renk tonunu etkilemeden d\u00fczg\u00fcn apre sa\u011flar.<\/li>\n<\/ul>\n\n\n\n<p><strong>\u00c7evre Dostu ve G\u00fcvenli: <\/strong>C6 florokarbon teknolojisi, Oeko-Tex Standard 100 ile uyumludur. PFOA ve PFOS i\u00e7ermez, \u00e7evreye kar\u015f\u0131 sorumlu ve s\u00fcrd\u00fcr\u00fclebilirdir.<\/p>\n\n\n\n<p><strong>Uygulama S\u0131n\u0131rlamalar\u0131: <\/strong>Floresan beyazlat\u0131c\u0131 kuma\u015flar i\u00e7in uygun de\u011fildir.<\/p>\n\n\n\n<h2 class=\"wp-block-heading\">C6 Su Yal\u0131t\u0131m Maddesi 46590-50 \u00d6zellikleri<\/h2>\n\n\n\n<figure class=\"wp-block-table\"><table class=\"has-fixed-layout\"><tbody><tr><td><strong>G\u00f6r\u00fcn\u00fc\u015f:<\/strong><\/td><td>S\u00fct beyaz\u0131 em\u00fclsiyon<\/td><\/tr><tr><td><strong>\u0130yoniklik:<\/strong><\/td><td>Katyonik<\/td><\/tr><tr><td><strong>pH de\u011feri:<\/strong><\/td><td>4,5\u00b11,0 (1% sulu \u00e7\u00f6zeltisi)<\/td><\/tr><tr><td><strong>\u00c7\u00f6z\u00fcn\u00fcrl\u00fck:<\/strong><\/td><td>Suda \u00e7\u00f6z\u00fcn\u00fcr<\/td><\/tr><\/tbody><\/table><\/figure>\n\n\n\n<h2 class=\"wp-block-heading\">C6 Su Yal\u0131t\u0131m Maddesi Talimat\u0131<\/h2>\n\n\n\n<p>Genel su yal\u0131t\u0131m\u0131 bitirme i\u015flemi i\u00e7in referans dozaj: 10~20 g\/L.<\/p>\n\n\n\n<p>Dayan\u0131kl\u0131 su ge\u00e7irmezlik, ya\u011f ge\u00e7irmezlik ve kirlenme \u00f6nleyici son i\u015flem i\u00e7in referans dozaj: 30~50 g\/L<\/p>\n\n\n\n<p>Referans s\u00fcreci: \u0130ki kez dald\u0131rma ve dolgu (Toplama: 60~80%) \u2192 Kurutma ve ram (170~180\u2103\u00d730~60s)<\/p>\n<\/div>\n\n\n\n<div class=\"wp-block-column is-layout-flow wp-block-column-is-layout-flow\">\n<figure class=\"wp-block-embed is-type-video is-provider-youtube wp-block-embed-youtube wp-embed-aspect-9-16 wp-has-aspect-ratio\"><div class=\"wp-block-embed__wrapper\">\n<iframe title=\"#ekstilkimyasallar\u0131 | Giysiler su s\u0131\u00e7rad\u0131ktan sonra bile nas\u0131l kuru kalabilir?\" width=\"422\" height=\"750\" src=\"https:\/\/www.youtube.com\/embed\/FgoaU2vzyt8?feature=oembed\" frameborder=\"0\" allow=\"accelerometer; autoplay; clipboard-write; encrypted-media; gyroscope; picture-in-picture; web-share\" referrerpolicy=\"strict-origin-when-cross-origin\" allowfullscreen><\/iframe>\n<\/div><\/figure>\n\n\n\n<p><\/p>\n<\/div>\n<\/div>\n<\/div>\n<\/div>\n\n\n\n<p><\/p>","protected":false},"excerpt":{"rendered":"<p>C6 Su Yal\u0131t\u0131m Maddesi 46590-50 bir organoflorin bile\u015fi\u011fidir. Elyaf y\u00fczeyinde yo\u011fun bir \u00e7apraz ba\u011fl\u0131 film olu\u015fturduktan sonra, kuma\u015flar\u0131n y\u00fczey gerilimini d\u00fc\u015f\u00fcrebilir, bu da \u00e7e\u015fitli kuma\u015f t\u00fcrlerine su ge\u00e7irmezlik, ya\u011f ge\u00e7irmezlik ve kirlenme \u00f6nleyici etkiler kazand\u0131r\u0131r. Oeko-Tex Standard 100 uyumludur. \u00dccretsiz numune veya form\u00fcller hakk\u0131nda uzman rehberli\u011fi i\u00e7in bizimle ileti\u015fime ge\u00e7in!<\/p>\n<p><strong>Model No. 46590-50<\/strong><\/p>","protected":false},"featured_media":3388,"comment_status":"closed","ping_status":"closed","template":"","meta":{"_acf_changed":false},"material":[26,27,28,29,30,31,32,33,49,34],"process":[23,25],"product_brand":[],"product_cat":[15],"product_tag":[48],"class_list":{"0":"post-3385","1":"product","2":"type-product","3":"status-publish","4":"has-post-thumbnail","6":"material-cotton-agent","7":"material-polyester-chemicals","8":"material-nylon-agent","9":"material-acrylic-chemicals","10":"material-viscose-chemicals","11":"material-wool-auxiliary","12":"material-linen-chemicals","13":"material-silk-chemicals","14":"material-elastic","15":"material-fabric-chemicals","16":"process-textile-finishing-chemicals","17":"process-textile-finishing-agent","18":"product_cat-uncategorized","19":"product_tag-new-textile-chemicals","21":"first","22":"instock","23":"shipping-taxable","24":"product-type-simple"},"acf":[],"_links":{"self":[{"href":"https:\/\/www.bluelakechem.com\/tr\/wp-json\/wp\/v2\/product\/3385","targetHints":{"allow":["GET"]}}],"collection":[{"href":"https:\/\/www.bluelakechem.com\/tr\/wp-json\/wp\/v2\/product"}],"about":[{"href":"https:\/\/www.bluelakechem.com\/tr\/wp-json\/wp\/v2\/types\/product"}],"replies":[{"embeddable":true,"href":"https:\/\/www.bluelakechem.com\/tr\/wp-json\/wp\/v2\/comments?post=3385"}],"wp:featuredmedia":[{"embeddable":true,"href":"https:\/\/www.bluelakechem.com\/tr\/wp-json\/wp\/v2\/media\/3388"}],"wp:attachment":[{"href":"https:\/\/www.bluelakechem.com\/tr\/wp-json\/wp\/v2\/media?parent=3385"}],"wp:term":[{"taxonomy":"material","embeddable":true,"href":"https:\/\/www.bluelakechem.com\/tr\/wp-json\/wp\/v2\/material?post=3385"},{"taxonomy":"process","embeddable":true,"href":"https:\/\/www.bluelakechem.com\/tr\/wp-json\/wp\/v2\/process?post=3385"},{"taxonomy":"product_brand","embeddable":true,"href":"https:\/\/www.bluelakechem.com\/tr\/wp-json\/wp\/v2\/product_brand?post=3385"},{"taxonomy":"product_cat","embeddable":true,"href":"https:\/\/www.bluelakechem.com\/tr\/wp-json\/wp\/v2\/product_cat?post=3385"},{"taxonomy":"product_tag","embeddable":true,"href":"https:\/\/www.bluelakechem.com\/tr\/wp-json\/wp\/v2\/product_tag?post=3385"}],"curies":[{"name":"wp","href":"https:\/\/api.w.org\/{rel}","templated":true}]}}