{"id":3539,"date":"2026-01-19T05:36:33","date_gmt":"2026-01-19T05:36:33","guid":{"rendered":"https:\/\/www.bluelakechem.com\/?post_type=product&#038;p=3539"},"modified":"2026-01-19T05:38:29","modified_gmt":"2026-01-19T05:38:29","slug":"hydrophilic-silicone-finishing-agent-bestowing-softness-smoothness-fluffiness-and-bulkiness-on-fabrics","status":"publish","type":"product","link":"https:\/\/www.bluelakechem.com\/tr\/product\/hydrophilic-silicone-finishing-agent-bestowing-softness-smoothness-fluffiness-and-bulkiness-on-fabrics\/","title":{"rendered":"Kuma\u015flara Yumu\u015fakl\u0131k, P\u00fcr\u00fczs\u00fczl\u00fck, Kabar\u0131kl\u0131k ve Hacimlilik Kazand\u0131ran Hidrofilik Silikon Apre Maddesi"},"content":{"rendered":"<div class=\"wp-block-image\">\n<figure class=\"aligncenter size-full is-resized\"><img decoding=\"async\" width=\"1080\" height=\"1920\" src=\"https:\/\/www.bluelakechem.com\/wp-content\/uploads\/2025\/12\/Silicone-Softener-76702_1.webp\" alt=\"Silikon Yumu\u015fat\u0131c\u0131\" class=\"wp-image-3540\" style=\"aspect-ratio:0.5625019618511504;width:433px;height:auto\" srcset=\"https:\/\/www.bluelakechem.com\/wp-content\/uploads\/2025\/12\/Silicone-Softener-76702_1.webp 1080w, https:\/\/www.bluelakechem.com\/wp-content\/uploads\/2025\/12\/Silicone-Softener-76702_1-169x300.webp 169w, https:\/\/www.bluelakechem.com\/wp-content\/uploads\/2025\/12\/Silicone-Softener-76702_1-768x1365.webp 768w, https:\/\/www.bluelakechem.com\/wp-content\/uploads\/2025\/12\/Silicone-Softener-76702_1-7x12.webp 7w, https:\/\/www.bluelakechem.com\/wp-content\/uploads\/2025\/12\/Silicone-Softener-76702_1-600x1067.webp 600w\" sizes=\"(max-width: 1080px) 100vw, 1080px\" \/><\/figure>\n<\/div>\n\n\n<h2 class=\"wp-block-heading\">Hidrofilik Silikon Ya\u011f\u0131 \u00d6zellikler:<\/h2>\n\n\n\n<ol class=\"wp-block-list\">\n<li>APEO veya yasaklanm\u0131\u015f kimyasal maddeler i\u00e7ermez. \u00c7evre koruma gerekliliklerine uygundur. Avrupa Birli\u011fi standard\u0131 Otex-100 ile uyumludur.<\/li>\n\n\n\n<li>Sel\u00fcloz elyaf, rejenere elyaf ve sentetik elyaf \u00fczerinde m\u00fckemmel ba\u015flang\u0131\u00e7 hidrofilisitesi.<\/li>\n\n\n\n<li>Kuma\u015flara yumu\u015fak, p\u00fcr\u00fczs\u00fcz ve kabar\u0131k bir tutum kazand\u0131r\u0131r.<\/li>\n\n\n\n<li>D\u00fc\u015f\u00fck sararma ve d\u00fc\u015f\u00fck g\u00f6lge de\u011fi\u015fimi. Renk hasl\u0131\u011f\u0131 \u00fczerinde neredeyse hi\u00e7 etkisi yoktur.<\/li>\n\n\n\n<li>Banyonun stabilitesini sa\u011flayabilen kendi kendine em\u00fclsifiye olma \u00f6zelli\u011fi.<\/li>\n\n\n\n<li>Y\u00fcksek stabilite. Alkali, tuz ve anyonlarda kararl\u0131d\u0131r. Farkl\u0131 pH de\u011ferleri ve s\u0131cakl\u0131k alt\u0131nda m\u00fckemmel stabilite sa\u011flar.<\/li>\n\n\n\n<li>\u00c7e\u015fitli tekstil t\u00fcrleri i\u00e7in iyi bir yak\u0131nl\u0131\u011fa sahiptir.<\/li>\n\n\n\n<li>Hem dolgu hem de egzoz i\u015flemi i\u00e7in uygundur.<\/li>\n<\/ol>\n\n\n\n<h2 class=\"wp-block-heading\">Hidrofilik Silikon Ya\u011f\u0131 Uygulamalar\u0131:<\/h2>\n\n\n\n<p>Kuma\u015flar\u0131 yumu\u015fak, p\u00fcr\u00fczs\u00fcz, kabar\u0131k ve hacimli hale getiren pamuk, suni elyaf, viskon elyaf, sentetik elyaf (polyester ve naylon) ve bunlar\u0131n kar\u0131\u015f\u0131mlar\u0131 vb. kuma\u015flar i\u00e7in hidrofilik ve yumu\u015fak apre i\u015fleminde uygulanabilir.<\/p>\n\n\n\n<h2 class=\"wp-block-heading\">Hidrofilik Silikon Ya\u011f\u0131 \u00d6zellikleri:<\/h2>\n\n\n\n<figure class=\"wp-block-table\"><table class=\"has-fixed-layout\"><tbody><tr><td>G\u00f6r\u00fcn\u00fc\u015f:<\/td><td>\u015eeffaf s\u0131v\u0131<\/td><\/tr><tr><td>\u0130yoniklik:<\/td><td>Noniyonik<\/td><\/tr><tr><td>pH de\u011feri:<\/td><td>5.0~7.0 (1% sulu \u00e7\u00f6zeltisi)<\/td><\/tr><tr><td>\u00c7\u00f6z\u00fcn\u00fcrl\u00fck:<\/td><td>Suda \u00e7\u00f6z\u00fcn\u00fcr<\/td><\/tr><\/tbody><\/table><\/figure>\n\n\n\n<h2 class=\"wp-block-heading\">Hidrofilik Silikon Ya\u011f\u0131 Talimat\u0131\uff1a<\/h2>\n\n\n\n<p>1. Y\u00fcksek konsantrasyonlu bir \u00fcr\u00fcnd\u00fcr. L\u00fctfen deiyonize su ile 1:3 oran\u0131nda seyreltmenizi ve sonra kullanman\u0131z\u0131 \u00f6neririz.<\/p>\n\n\n\n<ol class=\"wp-block-list\">\n<li><\/li>\n<\/ol>\n\n\n\n<p>2. Dolgu \u0130\u015flemi:<\/p>\n\n\n\n<p>Hafif ve ince kuma\u015flar i\u00e7in seyreltilmi\u015f 76702 referans dozaj\u0131: 10~20 g\/L<\/p>\n\n\n\n<p>A\u011f\u0131r ve kal\u0131n kuma\u015flar i\u00e7in, seyreltilmi\u015f 76702 referans dozaj\u0131: 20~30 g\/L<\/p>\n\n\n\n<p>\u00c7al\u0131\u015fma \u00e7\u00f6zeltisinin en iyi pH aral\u0131\u011f\u0131: 6.0~7.0<\/p>\n\n\n\n<p>Dolgu ve dald\u0131rma (Pikap: 70~90%) \u2192 140~160\u2103\u00d760~90 saniye<\/p>\n\n\n\n<p>3.Egzoz S\u00fcreci:<\/p>\n\n\n\n<p>Seyreltilmi\u015f 76702'nin referans dozaj\u0131: 1.0~3.0% (o.w.f)<\/p>\n\n\n\n<p>Banyo oran\u0131: 1:10<\/p>\n\n\n\n<p>\u0130\u015flem: 40~50\u2103\u00d710~20 dakika \u2192 Susuzla\u015ft\u0131rma \u2192 Kurutma (80~120\u2103)<\/p>","protected":false},"excerpt":{"rendered":"<p>Silikon Yumu\u015fat\u0131c\u0131 76702, en son \u00f6zel lineer modifiye hidrofilik silikon apre maddesidir. pamuk, suni elyaf, viskon elyaf, sentetik elyaf (polyester ve naylon) ve bunlar\u0131n kar\u0131\u015f\u0131mlar\u0131 vb. kuma\u015flar i\u00e7in hidrofilik ve yumu\u015fak apre i\u015fleminde uygulanabilir, kuma\u015flar\u0131 yumu\u015fak, p\u00fcr\u00fczs\u00fcz, kabar\u0131k ve hacimli hale getirir.Oeko-Tex Standard 100 uyumludur. \u00dccretsiz numune veya form\u00fcller hakk\u0131nda uzman rehberli\u011fi i\u00e7in bizimle ileti\u015fime ge\u00e7in!<\/p>\n<p><strong>Model No. 76702<\/strong><\/p>","protected":false},"featured_media":3541,"comment_status":"closed","ping_status":"closed","template":"","meta":{"_acf_changed":false},"material":[26,27,28,30,34],"process":[23,42,24],"product_brand":[],"product_cat":[15],"product_tag":[48],"class_list":{"0":"post-3539","1":"product","2":"type-product","3":"status-publish","4":"has-post-thumbnail","6":"material-cotton-agent","7":"material-polyester-chemicals","8":"material-nylon-agent","9":"material-viscose-chemicals","10":"material-fabric-chemicals","11":"process-textile-finishing-chemicals","12":"process-softener","13":"process-silicone-oil","14":"product_cat-uncategorized","15":"product_tag-new-textile-chemicals","17":"first","18":"instock","19":"shipping-taxable","20":"product-type-simple"},"acf":[],"_links":{"self":[{"href":"https:\/\/www.bluelakechem.com\/tr\/wp-json\/wp\/v2\/product\/3539","targetHints":{"allow":["GET"]}}],"collection":[{"href":"https:\/\/www.bluelakechem.com\/tr\/wp-json\/wp\/v2\/product"}],"about":[{"href":"https:\/\/www.bluelakechem.com\/tr\/wp-json\/wp\/v2\/types\/product"}],"replies":[{"embeddable":true,"href":"https:\/\/www.bluelakechem.com\/tr\/wp-json\/wp\/v2\/comments?post=3539"}],"wp:featuredmedia":[{"embeddable":true,"href":"https:\/\/www.bluelakechem.com\/tr\/wp-json\/wp\/v2\/media\/3541"}],"wp:attachment":[{"href":"https:\/\/www.bluelakechem.com\/tr\/wp-json\/wp\/v2\/media?parent=3539"}],"wp:term":[{"taxonomy":"material","embeddable":true,"href":"https:\/\/www.bluelakechem.com\/tr\/wp-json\/wp\/v2\/material?post=3539"},{"taxonomy":"process","embeddable":true,"href":"https:\/\/www.bluelakechem.com\/tr\/wp-json\/wp\/v2\/process?post=3539"},{"taxonomy":"product_brand","embeddable":true,"href":"https:\/\/www.bluelakechem.com\/tr\/wp-json\/wp\/v2\/product_brand?post=3539"},{"taxonomy":"product_cat","embeddable":true,"href":"https:\/\/www.bluelakechem.com\/tr\/wp-json\/wp\/v2\/product_cat?post=3539"},{"taxonomy":"product_tag","embeddable":true,"href":"https:\/\/www.bluelakechem.com\/tr\/wp-json\/wp\/v2\/product_tag?post=3539"}],"curies":[{"name":"wp","href":"https:\/\/api.w.org\/{rel}","templated":true}]}}