{"id":3542,"date":"2026-01-19T05:31:09","date_gmt":"2026-01-19T05:31:09","guid":{"rendered":"https:\/\/www.bluelakechem.com\/?post_type=product&#038;p=3542"},"modified":"2026-01-19T05:31:14","modified_gmt":"2026-01-19T05:31:14","slug":"hydrophobic-silicone-softeners-block-silicone-emulsion-for-cotton-viscose-which-makes-fabrics-soft-and-smooth","status":"publish","type":"product","link":"https:\/\/www.bluelakechem.com\/tr\/product\/hydrophobic-silicone-softeners-block-silicone-emulsion-for-cotton-viscose-which-makes-fabrics-soft-and-smooth\/","title":{"rendered":"Hidrofobik Silikon Yumu\u015fat\u0131c\u0131lar Kuma\u015flar\u0131 yumu\u015fak ve p\u00fcr\u00fczs\u00fcz hale getiren Pamuk Viskon i\u00e7in Blok Silikon Em\u00fclsiyonu"},"content":{"rendered":"<h2 class=\"wp-block-heading\">Silikon Yumu\u015fat\u0131c\u0131lar \u00d6zellikler:<\/h2>\n\n\n\n<ol class=\"wp-block-list\">\n<li>APEO veya yasaklanm\u0131\u015f kimyasal maddeler i\u00e7ermez. \u00c7evre koruma gerekliliklerine uygundur. Avrupa Birli\u011fi standard\u0131 Otex-100 ile uyumludur.<\/li>\n\n\n\n<li>Pamuk ve pamuk kar\u0131\u015f\u0131mlar\u0131nda iyi hidrofilite. Kimyasal lifler \u00fczerinde hidrofilisiteyi etkilemez.<\/li>\n\n\n\n<li>Kuma\u015flara yumu\u015fak, p\u00fcr\u00fczs\u00fcz, zarif ve ipek benzeri bir tutum kazand\u0131r\u0131r.<\/li>\n\n\n\n<li>D\u00fc\u015f\u00fck sararma ve d\u00fc\u015f\u00fck g\u00f6lge de\u011fi\u015fimi.<\/li>\n\n\n\n<li>Banyo stabilitesini sa\u011flayabilen kendi kendine em\u00fclsifiye olma \u00f6zelli\u011fi. Ayn\u0131 banyoda \u00f6zel yard\u0131mc\u0131 maddelerle (beyazlat\u0131c\u0131 ve boya olarak) birlikte kullan\u0131labilir.<\/li>\n\n\n\n<li>Y\u00fcksek stabilite. Farkl\u0131 pH de\u011ferleri ve s\u0131cakl\u0131klar alt\u0131nda m\u00fckemmel stabilite sa\u011flar.<\/li>\n\n\n\n<li>\u00c7e\u015fitli tekstil t\u00fcrleri i\u00e7in iyi bir yak\u0131nl\u0131\u011fa sahiptir.<\/li>\n\n\n\n<li>Hem dolgu hem de egzoz i\u015flemi i\u00e7in uygundur.<\/li>\n\n\n\n<li>Bitmi\u015f kuma\u015f\u0131n boyamay\u0131 de\u011fi\u015ftirmesi gerekiyorsa, silikonu soymak kolayd\u0131r. Renk onar\u0131m\u0131 kolayd\u0131r. Yeniden boyanmas\u0131 kolayd\u0131r.<\/li>\n<\/ol>\n\n\n\n<h2 class=\"wp-block-heading\">Silikon Yumu\u015fat\u0131c\u0131lar Uygulamalar:<\/h2>\n\n\n\n<p>Kuma\u015flar\u0131 yumu\u015fak ve p\u00fcr\u00fczs\u00fcz hale getiren pamuk, pamuk kar\u0131\u015f\u0131mlar\u0131, sentetik elyaf, viskon elyaf ve pamuk\/polyester vb. kuma\u015flar i\u00e7in hidrofilik ve yumu\u015fak apre i\u015fleminde uygulanabilir.<\/p>\n\n\n\n<p>\u00d6zellikle do\u011fal elyaf kuma\u015flar i\u00e7in ultra yumu\u015fak ve p\u00fcr\u00fczs\u00fcz apre i\u00e7in uygundur, bu da kuma\u015flar\u0131 yumu\u015fak, p\u00fcr\u00fczs\u00fcz, zarif ve ipek benzeri yapar.<\/p>\n\n\n\n<h2 class=\"wp-block-heading\">Silikon Yumu\u015fat\u0131c\u0131 \u00d6zellikleri:<\/h2>\n\n\n\n<figure class=\"wp-block-table\"><table class=\"has-fixed-layout\"><tbody><tr><td>G\u00f6r\u00fcn\u00fc\u015f:<\/td><td>A\u00e7\u0131k sar\u0131 \u015feffaf s\u0131v\u0131<\/td><\/tr><tr><td>\u0130yoniklik:<\/td><td>Zay\u0131f katyonik<\/td><\/tr><tr><td>pH de\u011feri:<\/td><td>5.0~7.0 (1% sulu \u00e7\u00f6zeltisi)<\/td><\/tr><tr><td>\u00c7\u00f6z\u00fcn\u00fcrl\u00fck:<\/td><td>Suda \u00e7\u00f6z\u00fcn\u00fcr<\/td><\/tr><\/tbody><\/table><\/figure>\n\n\n\n<h2 class=\"wp-block-heading\">Silikon Yumu\u015fat\u0131c\u0131lar Talimat\u0131:<\/h2>\n\n\n\n<p>1. Dolgu \u0130\u015flemi:<\/p>\n\n\n\n<ol class=\"wp-block-list\">\n<li><\/li>\n<\/ol>\n\n\n\n<p>Hafif ve ince kuma\u015flar i\u00e7in referans dozaj: 10~20 g\/L<\/p>\n\n\n\n<p>A\u011f\u0131r ve kal\u0131n kuma\u015flar i\u00e7in referans dozaj: 20~30 g\/L<\/p>\n\n\n\n<p>\u00c7al\u0131\u015fma \u00e7\u00f6zeltisinin en iyi pH aral\u0131\u011f\u0131: 6.0~7.0<\/p>\n\n\n\n<p>Dolgu ve dald\u0131rma (Pikap: 70~90%) \u2192 160~170\u2103\u00d760~90 saniye<\/p>\n\n\n\n<p>2.Egzoz S\u00fcreci:<\/p>\n\n\n\n<p>Referans dozaj: 1.0~2.0% (o.w.f)<\/p>\n\n\n\n<p>Banyo oran\u0131: 1:20<\/p>\n\n\n\n<p>\u0130\u015flem: 40~50\u2103\u00d710~20 dakika \u2192 Susuzla\u015ft\u0131rma \u2192 Kurutma (100~120\u2103)<\/p>\n\n\n\n<p><\/p>","protected":false},"excerpt":{"rendered":"<p>Silikon Yumu\u015fat\u0131c\u0131 76998, en yeni blok modifiye hidrofilik silikon mikroem\u00fclsiyonudur Pamuk, pamuk kar\u0131\u015f\u0131mlar\u0131, sentetik elyaf, viskon elyaf ve pamuk \/ polyester vb. kuma\u015flar i\u00e7in hidrofilik ve yumu\u015fak terbiye i\u015fleminde uygulanabilir, bu da kuma\u015flar\u0131 yumu\u015fak ve p\u00fcr\u00fczs\u00fcz hale getirir. kuma\u015flar\u0131 yumu\u015fak, p\u00fcr\u00fczs\u00fcz, zarif ve ipek benzeri yapan do\u011fal elyaf kuma\u015flar i\u00e7in ultra yumu\u015fak ve p\u00fcr\u00fczs\u00fcz terbiye i\u00e7in \u00f6zellikle uygundur Oeko-Tex Standard 100 ile uyumludur. \u00dccretsiz numune ve form\u00fclasyon deste\u011fi mevcuttur. Bug\u00fcn bize ula\u015f\u0131n!<\/p>\n<p><strong>Model No.<\/strong>76998<\/p>\n<p>&nbsp;<\/p>","protected":false},"featured_media":3543,"comment_status":"closed","ping_status":"closed","template":"","meta":{"_acf_changed":false},"material":[26,27,30],"process":[23,42,24],"product_brand":[],"product_cat":[15],"product_tag":[],"class_list":{"0":"post-3542","1":"product","2":"type-product","3":"status-publish","4":"has-post-thumbnail","6":"material-cotton-agent","7":"material-polyester-chemicals","8":"material-viscose-chemicals","9":"process-textile-finishing-chemicals","10":"process-softener","11":"process-silicone-oil","12":"product_cat-uncategorized","14":"first","15":"instock","16":"shipping-taxable","17":"product-type-simple"},"acf":[],"_links":{"self":[{"href":"https:\/\/www.bluelakechem.com\/tr\/wp-json\/wp\/v2\/product\/3542","targetHints":{"allow":["GET"]}}],"collection":[{"href":"https:\/\/www.bluelakechem.com\/tr\/wp-json\/wp\/v2\/product"}],"about":[{"href":"https:\/\/www.bluelakechem.com\/tr\/wp-json\/wp\/v2\/types\/product"}],"replies":[{"embeddable":true,"href":"https:\/\/www.bluelakechem.com\/tr\/wp-json\/wp\/v2\/comments?post=3542"}],"wp:featuredmedia":[{"embeddable":true,"href":"https:\/\/www.bluelakechem.com\/tr\/wp-json\/wp\/v2\/media\/3543"}],"wp:attachment":[{"href":"https:\/\/www.bluelakechem.com\/tr\/wp-json\/wp\/v2\/media?parent=3542"}],"wp:term":[{"taxonomy":"material","embeddable":true,"href":"https:\/\/www.bluelakechem.com\/tr\/wp-json\/wp\/v2\/material?post=3542"},{"taxonomy":"process","embeddable":true,"href":"https:\/\/www.bluelakechem.com\/tr\/wp-json\/wp\/v2\/process?post=3542"},{"taxonomy":"product_brand","embeddable":true,"href":"https:\/\/www.bluelakechem.com\/tr\/wp-json\/wp\/v2\/product_brand?post=3542"},{"taxonomy":"product_cat","embeddable":true,"href":"https:\/\/www.bluelakechem.com\/tr\/wp-json\/wp\/v2\/product_cat?post=3542"},{"taxonomy":"product_tag","embeddable":true,"href":"https:\/\/www.bluelakechem.com\/tr\/wp-json\/wp\/v2\/product_tag?post=3542"}],"curies":[{"name":"wp","href":"https:\/\/api.w.org\/{rel}","templated":true}]}}