{"id":3642,"date":"2026-01-19T06:23:03","date_gmt":"2026-01-19T06:23:03","guid":{"rendered":"https:\/\/www.bluelakechem.com\/?post_type=product&#038;p=3642"},"modified":"2026-01-19T06:23:10","modified_gmt":"2026-01-19T06:23:10","slug":"silicone-oil-concentrateimparts-a-superior-soft-bulky-and-smooth-hand-feel-to-fabrics-while-enhancing-fiber-elasticity-and-shape-recovery","status":"publish","type":"product","link":"https:\/\/www.bluelakechem.com\/tr\/product\/silicone-oil-concentrateimparts-a-superior-soft-bulky-and-smooth-hand-feel-to-fabrics-while-enhancing-fiber-elasticity-and-shape-recovery\/","title":{"rendered":"Silikon Ya\u011f\u0131 Konsantresi, Kuma\u015flara \u00fcst\u00fcn yumu\u015fak, hacimli ve p\u00fcr\u00fczs\u00fcz bir el hissi verirken, elyaf esnekli\u011fini ve \u015fekil geri kazan\u0131m\u0131n\u0131 art\u0131r\u0131r"},"content":{"rendered":"<div class=\"wp-block-columns is-layout-flex wp-container-core-columns-is-layout-9d6595d7 wp-block-columns-is-layout-flex\">\n<div class=\"wp-block-column is-layout-flow wp-block-column-is-layout-flow\">\n<figure class=\"wp-block-image size-full\"><img decoding=\"async\" width=\"1024\" height=\"1024\" src=\"https:\/\/www.bluelakechem.com\/wp-content\/uploads\/2026\/01\/Silicone-Oil-Concentrate-72045.webp\" alt=\"Silikon Ya\u011f\u0131 Konsantresi\" class=\"wp-image-3643\" srcset=\"https:\/\/www.bluelakechem.com\/wp-content\/uploads\/2026\/01\/Silicone-Oil-Concentrate-72045.webp 1024w, https:\/\/www.bluelakechem.com\/wp-content\/uploads\/2026\/01\/Silicone-Oil-Concentrate-72045-300x300.webp 300w, https:\/\/www.bluelakechem.com\/wp-content\/uploads\/2026\/01\/Silicone-Oil-Concentrate-72045-150x150.webp 150w, https:\/\/www.bluelakechem.com\/wp-content\/uploads\/2026\/01\/Silicone-Oil-Concentrate-72045-768x768.webp 768w, https:\/\/www.bluelakechem.com\/wp-content\/uploads\/2026\/01\/Silicone-Oil-Concentrate-72045-12x12.webp 12w, https:\/\/www.bluelakechem.com\/wp-content\/uploads\/2026\/01\/Silicone-Oil-Concentrate-72045-600x600.webp 600w, https:\/\/www.bluelakechem.com\/wp-content\/uploads\/2026\/01\/Silicone-Oil-Concentrate-72045-100x100.webp 100w\" sizes=\"(max-width: 1024px) 100vw, 1024px\" \/><\/figure>\n<\/div>\n\n\n\n<div class=\"wp-block-column is-layout-flow wp-block-column-is-layout-flow\">\n<figure class=\"wp-block-image size-full\"><img decoding=\"async\" width=\"1024\" height=\"1024\" src=\"https:\/\/www.bluelakechem.com\/wp-content\/uploads\/2026\/01\/Silicone-Oil-Concentrate-72045-1.webp\" alt=\"Silikon Ya\u011f\u0131 Konsantresi\" class=\"wp-image-3644\" srcset=\"https:\/\/www.bluelakechem.com\/wp-content\/uploads\/2026\/01\/Silicone-Oil-Concentrate-72045-1.webp 1024w, https:\/\/www.bluelakechem.com\/wp-content\/uploads\/2026\/01\/Silicone-Oil-Concentrate-72045-1-300x300.webp 300w, https:\/\/www.bluelakechem.com\/wp-content\/uploads\/2026\/01\/Silicone-Oil-Concentrate-72045-1-150x150.webp 150w, https:\/\/www.bluelakechem.com\/wp-content\/uploads\/2026\/01\/Silicone-Oil-Concentrate-72045-1-768x768.webp 768w, https:\/\/www.bluelakechem.com\/wp-content\/uploads\/2026\/01\/Silicone-Oil-Concentrate-72045-1-12x12.webp 12w, https:\/\/www.bluelakechem.com\/wp-content\/uploads\/2026\/01\/Silicone-Oil-Concentrate-72045-1-600x600.webp 600w, https:\/\/www.bluelakechem.com\/wp-content\/uploads\/2026\/01\/Silicone-Oil-Concentrate-72045-1-100x100.webp 100w\" sizes=\"(max-width: 1024px) 100vw, 1024px\" \/><\/figure>\n<\/div>\n<\/div>\n\n\n\n<div class=\"wp-block-columns is-layout-flex wp-container-core-columns-is-layout-9d6595d7 wp-block-columns-is-layout-flex\">\n<div class=\"wp-block-column is-layout-flow wp-block-column-is-layout-flow\">\n<figure class=\"wp-block-image size-full\"><img decoding=\"async\" width=\"1024\" height=\"1024\" src=\"https:\/\/www.bluelakechem.com\/wp-content\/uploads\/2026\/01\/Silicone-Oil-Concentrate-72045-2.webp\" alt=\"Silikon Ya\u011f\u0131 Konsantresi\" class=\"wp-image-3645\" srcset=\"https:\/\/www.bluelakechem.com\/wp-content\/uploads\/2026\/01\/Silicone-Oil-Concentrate-72045-2.webp 1024w, https:\/\/www.bluelakechem.com\/wp-content\/uploads\/2026\/01\/Silicone-Oil-Concentrate-72045-2-300x300.webp 300w, https:\/\/www.bluelakechem.com\/wp-content\/uploads\/2026\/01\/Silicone-Oil-Concentrate-72045-2-150x150.webp 150w, https:\/\/www.bluelakechem.com\/wp-content\/uploads\/2026\/01\/Silicone-Oil-Concentrate-72045-2-768x768.webp 768w, https:\/\/www.bluelakechem.com\/wp-content\/uploads\/2026\/01\/Silicone-Oil-Concentrate-72045-2-12x12.webp 12w, https:\/\/www.bluelakechem.com\/wp-content\/uploads\/2026\/01\/Silicone-Oil-Concentrate-72045-2-600x600.webp 600w, https:\/\/www.bluelakechem.com\/wp-content\/uploads\/2026\/01\/Silicone-Oil-Concentrate-72045-2-100x100.webp 100w\" sizes=\"(max-width: 1024px) 100vw, 1024px\" \/><\/figure>\n<\/div>\n\n\n\n<div class=\"wp-block-column is-layout-flow wp-block-column-is-layout-flow\">\n<figure class=\"wp-block-image size-full\"><img decoding=\"async\" width=\"1024\" height=\"1024\" src=\"https:\/\/www.bluelakechem.com\/wp-content\/uploads\/2026\/01\/Silicone-Oil-Concentrate-72045-3.webp\" alt=\"Silikon Ya\u011f\u0131 Konsantresi\" class=\"wp-image-3646\" srcset=\"https:\/\/www.bluelakechem.com\/wp-content\/uploads\/2026\/01\/Silicone-Oil-Concentrate-72045-3.webp 1024w, https:\/\/www.bluelakechem.com\/wp-content\/uploads\/2026\/01\/Silicone-Oil-Concentrate-72045-3-300x300.webp 300w, https:\/\/www.bluelakechem.com\/wp-content\/uploads\/2026\/01\/Silicone-Oil-Concentrate-72045-3-150x150.webp 150w, https:\/\/www.bluelakechem.com\/wp-content\/uploads\/2026\/01\/Silicone-Oil-Concentrate-72045-3-768x768.webp 768w, https:\/\/www.bluelakechem.com\/wp-content\/uploads\/2026\/01\/Silicone-Oil-Concentrate-72045-3-12x12.webp 12w, https:\/\/www.bluelakechem.com\/wp-content\/uploads\/2026\/01\/Silicone-Oil-Concentrate-72045-3-600x600.webp 600w, https:\/\/www.bluelakechem.com\/wp-content\/uploads\/2026\/01\/Silicone-Oil-Concentrate-72045-3-100x100.webp 100w\" sizes=\"(max-width: 1024px) 100vw, 1024px\" \/><\/figure>\n<\/div>\n<\/div>\n\n\n\n<div class=\"wp-block-columns is-layout-flex wp-container-core-columns-is-layout-9d6595d7 wp-block-columns-is-layout-flex\">\n<div class=\"wp-block-column is-layout-flow wp-block-column-is-layout-flow\">\n<h2 class=\"wp-block-heading\">Silikon Ya\u011f\u0131 Konsantresi \u00d6zellikleri<\/h2>\n\n\n\n<p><strong>\u0130peksi Yumu\u015fakl\u0131k ve Geni\u015f Uyumluluk<\/strong><\/p>\n\n\n\n<p>Kuma\u015flara \u00fcst\u00fcn yumu\u015fak, hacimli ve p\u00fcr\u00fczs\u00fcz bir el hissi verirken, elyaf esnekli\u011fini ve \u015fekil geri kazan\u0131m\u0131n\u0131 art\u0131r\u0131r. Farkl\u0131 m\u00fc\u015fteri gereksinimlerini kar\u015f\u0131lamak i\u00e7in pamuk, polyester ve naylon dahil olmak \u00fczere \u00e7e\u015fitli elyaflarla uyumludur.<\/p>\n\n\n\n<p><strong>Y\u00fcksek Konsantrasyonlu Form\u00fcl ve Optimize Edilmi\u015f Lojistik\u00a0<\/strong><\/p>\n\n\n\n<p>85% kat\u0131 i\u00e7eri\u011fi ile 1 ton silikon konsantresi yakla\u015f\u0131k 5 ton bitmi\u015f em\u00fclsiyona (18% konsantrasyonda) seyreltilebilir, bu da uzun mesafeli nakliye ve depolama maliyetlerini etkili bir \u015fekilde azalt\u0131r.<\/p>\n\n\n\n<p><strong>Teknik Rehberlik ve \u0130\u015fleme Stabilitesi <\/strong><\/p>\n\n\n\n<p>Kararl\u0131 \u015feffaf mikro-em\u00fclsiyonlar veya makro-em\u00fclsiyonlar olu\u015fturmak i\u00e7in y\u00fcksek kesmeli em\u00fclsifiye ekipman\u0131 ile uyumludur. Ya\u011f y\u00fczmesi ve zay\u0131f da\u011f\u0131labilirlik gibi yayg\u0131n end\u00fcstri sorunlar\u0131n\u0131 ele al\u0131rken y\u00fcksek stabiliteye sahip blok silikon em\u00fclsiyonlar\u0131 \u00fcretmek i\u00e7in tasarlanm\u0131\u015ft\u0131r.<\/p>\n\n\n\n<p><strong>\u00c7evre Dostu ve \u0130hracat Uyumlulu\u011fu <\/strong><\/p>\n\n\n\n<p>SVHC ve Yasakl\u0131 Kimyasallar \u0130\u00e7ermez | OEKO-TEX\u00ae 100 ve ZDHC Uyumludur. \u00dcst d\u00fczey ihracat b\u00fcy\u00fcmesini desteklemek.<\/p>\n\n\n\n<h2 class=\"wp-block-heading\">Silikon Ya\u011f\u0131 Konsantresi Talimat\u0131<\/h2>\n\n\n\n<ol class=\"wp-block-list\">\n<li>Dolgu ve egzoz i\u015flemi i\u00e7in uygundur.<\/li>\n\n\n\n<li>Y\u00fcksek i\u00e7erikli kendinden em\u00fclsifiye blok silikon ya\u011f\u0131d\u0131r. Kuma\u015flar \u00fczerinde do\u011frudan kullan\u0131lamaz. Bu nedenle tekstile uygulanmadan \u00f6nce em\u00fclsifiye edilmesi ve seyreltilmesi gerekir. Normal ekipman ve proses ile em\u00fclsifiye edilmesi ve seyreltilmesi kolayd\u0131r.<\/li>\n\n\n\n<li>L\u00fctfen \u00e7al\u0131\u015fma sol\u00fcsyonunu haz\u0131rlamadan \u00f6nce t\u00fcm kimyasallar\u0131 haz\u0131rlay\u0131n.<\/li>\n\n\n\n<li>Seyreltmek i\u00e7in yumu\u015fatma suyu (deiyonize su) kullan\u0131lmas\u0131 tavsiye edilir. Yumu\u015fatma suyu (deiyonize su) yoksa, l\u00fctfen \u00e7al\u0131\u015fma sol\u00fcsyonunu yapmadan \u00f6nce bir stabilite testi yap\u0131n.<\/li>\n\n\n\n<li>Em\u00fclsifiye Y\u00f6ntemi:\n<ul class=\"wp-block-list\">\n<li>Form\u00fclasyon (yakla\u015f\u0131k 20% mikroem\u00fclsiyon):\n<ul class=\"wp-block-list\">\n<li>Silikon Ya\u011f\u0131 72045: 100<\/li>\n\n\n\n<li>Dietilen glikol monob\u00fctil eter:<\/li>\n\n\n\n<li>Em\u00fclgat\u00f6r: 10 (Noniyonik y\u00fczey aktif maddeler BASF To-5 yayg\u0131n olarak kullan\u0131l\u0131r).<\/li>\n\n\n\n<li>Asetik asit + Su 1: 2 + 50 (Asetik asidi suda \u00e7\u00f6z\u00fcn.)<\/li>\n\n\n\n<li>Su 2: 318<\/li>\n\n\n\n<li>(Gerekirse koruyucu ekleyin)<\/li>\n\n\n\n<li>Toplam: 500 par\u00e7a<\/li>\n<\/ul>\n<\/li>\n\n\n\n<li>Em\u00fclsifiye \u0130\u015flemi:\n<ul class=\"wp-block-list\">\n<li>Silikon Ya\u011f\u0131 72045'i e\u015fit \u015fekilde kar\u0131\u015ft\u0131r\u0131n ve ard\u0131ndan kullan\u0131n.<\/li>\n\n\n\n<li>Silikon Ya\u011f\u0131 72045 ve Em\u00fclgat\u00f6r\u00fc reaksiyon kazan\u0131na koyun ve 10 dakika boyunca tamamen e\u015fit olana kadar kar\u0131\u015ft\u0131r\u0131n.<\/li>\n\n\n\n<li>Asetik asit + Su 1'i yava\u015f\u00e7a ekleyin ve 10 dakika boyunca tamamen ve e\u015fit bir \u015fekilde kar\u0131\u015ft\u0131r\u0131n.<\/li>\n\n\n\n<li>Yakla\u015f\u0131k 1\/10 Su 2 ekleyin ve 10 dakika boyunca tamamen kar\u0131\u015ft\u0131r\u0131n. (Sert jel haline gelirse, iyice kar\u0131\u015ft\u0131\u011f\u0131ndan emin olmak i\u00e7in az miktarda su ekleyin).<\/li>\n\n\n\n<li>Yakla\u015f\u0131k 1\/10 Su 2 ekleyin ve 5 dakika boyunca tamamen kar\u0131\u015ft\u0131r\u0131n.<\/li>\n\n\n\n<li>Yakla\u015f\u0131k 1\/5 Su 2 ekleyin ve 5 dakika boyunca tamamen kar\u0131\u015ft\u0131r\u0131n.<\/li>\n\n\n\n<li>Yakla\u015f\u0131k 1\/5 Su 2 ekleyin ve 5 dakika boyunca tamamen kar\u0131\u015ft\u0131r\u0131n.<\/li>\n\n\n\n<li>Kalan Su 2'yi ekleyin ve 5 dakika boyunca tamamen kar\u0131\u015ft\u0131r\u0131n.<\/li>\n\n\n\n<li>K\u00f6p\u00fck giderme ve filtre i\u00e7in yerle\u015ftirin. Uygun miktarda asetik asit ile pH de\u011ferini 4~6'ya ayarlay\u0131n. \u015eeffaf mikroem\u00fclsiyon elde edilir.<\/li>\n<\/ul>\n<\/li>\n<\/ul>\n<\/li>\n\n\n\n<li>Yumu\u015fatma \u0130\u015flemi:\n<ul class=\"wp-block-list\">\n<li>Dolgu \u0130\u015flemi:\n<ul class=\"wp-block-list\">\n<li>Hafif ve ince kuma\u015flar i\u00e7in referans dozaj: 10~20 g\/L<\/li>\n\n\n\n<li>A\u011f\u0131r ve kal\u0131n kuma\u015flar i\u00e7in referans dozaj: 20~30 g\/L<\/li>\n\n\n\n<li>\u00c7al\u0131\u015fma \u00e7\u00f6zeltisinin en iyi pH aral\u0131\u011f\u0131: 6.0~7.0<\/li>\n\n\n\n<li>Dolgu ve dald\u0131rma (Pikap: 70~90%) \u2192 160~170\u2103\u00d760~90 saniye<\/li>\n<\/ul>\n<\/li>\n\n\n\n<li>Egzoz S\u00fcreci:\n<ul class=\"wp-block-list\">\n<li>Referans dozaj: 0,5~1,0% (o.w.f)<\/li>\n\n\n\n<li>Banyo oran\u0131: 1:20<\/li>\n\n\n\n<li>\u0130\u015flem: 40~50\u2103\u00d710~20 dakika \u2192 Susuzla\u015ft\u0131rma \u2192 Kurutma (100~120\u2103)<\/li>\n<\/ul>\n<\/li>\n<\/ul>\n<\/li>\n<\/ol>\n\n\n\n<h2 class=\"wp-block-heading\">Silikon Ya\u011f\u0131 Konsantresi \u00d6zellikleri<\/h2>\n\n\n\n<figure class=\"wp-block-table\"><table class=\"has-fixed-layout\"><tbody><tr><td>G\u00f6r\u00fcn\u00fc\u015f:<\/td><td>\u015eeffaf s\u0131v\u0131<\/td><\/tr><tr><td>\u0130yoniklik:<\/td><td>Zay\u0131f katyonik<\/td><\/tr><tr><td>pH de\u011feri:<\/td><td>6.0~7.0 (1% sulu \u00e7\u00f6zeltisi)<\/td><\/tr><tr><td>\u0130\u00e7erik:<\/td><td>85~90%<\/td><\/tr><tr><td>Viskozite:<\/td><td>3000~6000mPa.s (25\u2103)<\/td><\/tr><\/tbody><\/table><\/figure>\n<\/div>\n<\/div>","protected":false},"excerpt":{"rendered":"<p><strong><b>Silikon Ya\u011f\u0131 Konsantresi 72045\u00a0<\/b><\/strong>\u00c7o\u011fu kuma\u015fa yumu\u015fak, p\u00fcr\u00fczs\u00fcz ve zarif bir tutum sa\u011flayabilen yenilik\u00e7i bir tekstil yumu\u015fat\u0131c\u0131d\u0131r. elyaflar\u0131n i\u00e7 k\u0131sm\u0131na e\u015fit olarak n\u00fcfuz edebilen ve t\u00fcm kuma\u015f\u0131n performans\u0131n\u0131 art\u0131rmak i\u00e7in her bir elyaf \u00fczerinde hareket edebilen polisiloksan, polieter ve poliaminin bir multipolimeridir.Lifler \u00fczerinde iyi da\u011f\u0131lma, yay\u0131lma ve n\u00fcfuz etme performans\u0131na sahip do\u011frusal blok kopolimer yap\u0131s\u0131na sahiptir. \u00f6zellikle pamuk, viskon elyaf, polyester, polyester \/ pamuk ve naylon i\u00e7in ultra yumu\u015fak ve kabar\u0131k terbiye i\u015flemi i\u00e7in uygundur Oeko-Tex Standard 100 uyumludur. Form\u00fcller hakk\u0131nda \u00fccretsiz numune veya uzman rehberli\u011fi i\u00e7in bizimle ileti\u015fime ge\u00e7in!<\/p>\n<p><strong>Model No. 72045<\/strong><\/p>","protected":false},"featured_media":3648,"comment_status":"closed","ping_status":"closed","template":"","meta":{"_acf_changed":false},"material":[26,27,28,30],"process":[23,24],"product_brand":[],"product_cat":[15],"product_tag":[48],"class_list":{"0":"post-3642","1":"product","2":"type-product","3":"status-publish","4":"has-post-thumbnail","6":"material-cotton-agent","7":"material-polyester-chemicals","8":"material-nylon-agent","9":"material-viscose-chemicals","10":"process-textile-finishing-chemicals","11":"process-silicone-oil","12":"product_cat-uncategorized","13":"product_tag-new-textile-chemicals","15":"first","16":"instock","17":"shipping-taxable","18":"product-type-simple"},"acf":[],"_links":{"self":[{"href":"https:\/\/www.bluelakechem.com\/tr\/wp-json\/wp\/v2\/product\/3642","targetHints":{"allow":["GET"]}}],"collection":[{"href":"https:\/\/www.bluelakechem.com\/tr\/wp-json\/wp\/v2\/product"}],"about":[{"href":"https:\/\/www.bluelakechem.com\/tr\/wp-json\/wp\/v2\/types\/product"}],"replies":[{"embeddable":true,"href":"https:\/\/www.bluelakechem.com\/tr\/wp-json\/wp\/v2\/comments?post=3642"}],"wp:featuredmedia":[{"embeddable":true,"href":"https:\/\/www.bluelakechem.com\/tr\/wp-json\/wp\/v2\/media\/3648"}],"wp:attachment":[{"href":"https:\/\/www.bluelakechem.com\/tr\/wp-json\/wp\/v2\/media?parent=3642"}],"wp:term":[{"taxonomy":"material","embeddable":true,"href":"https:\/\/www.bluelakechem.com\/tr\/wp-json\/wp\/v2\/material?post=3642"},{"taxonomy":"process","embeddable":true,"href":"https:\/\/www.bluelakechem.com\/tr\/wp-json\/wp\/v2\/process?post=3642"},{"taxonomy":"product_brand","embeddable":true,"href":"https:\/\/www.bluelakechem.com\/tr\/wp-json\/wp\/v2\/product_brand?post=3642"},{"taxonomy":"product_cat","embeddable":true,"href":"https:\/\/www.bluelakechem.com\/tr\/wp-json\/wp\/v2\/product_cat?post=3642"},{"taxonomy":"product_tag","embeddable":true,"href":"https:\/\/www.bluelakechem.com\/tr\/wp-json\/wp\/v2\/product_tag?post=3642"}],"curies":[{"name":"wp","href":"https:\/\/api.w.org\/{rel}","templated":true}]}}