{"id":3649,"date":"2026-01-19T07:11:42","date_gmt":"2026-01-19T07:11:42","guid":{"rendered":"https:\/\/www.bluelakechem.com\/?post_type=product&#038;p=3649"},"modified":"2026-01-19T07:11:51","modified_gmt":"2026-01-19T07:11:51","slug":"silicone-based-softener-for-cotton-smooth-hand-feel-and-enhanced-finishing-performance","status":"publish","type":"product","link":"https:\/\/www.bluelakechem.com\/tr\/product\/silicone-based-softener-for-cotton-smooth-hand-feel-and-enhanced-finishing-performance\/","title":{"rendered":"Pamuk i\u00e7in Silikon Bazl\u0131 Yumu\u015fat\u0131c\u0131 - P\u00fcr\u00fczs\u00fcz El Hissi ve Geli\u015fmi\u015f Terbiye Performans\u0131"},"content":{"rendered":"<div class=\"wp-block-columns is-layout-flex wp-container-core-columns-is-layout-9d6595d7 wp-block-columns-is-layout-flex\">\n<div class=\"wp-block-column is-layout-flow wp-block-column-is-layout-flow\">\n<figure class=\"wp-block-image size-full\"><img decoding=\"async\" width=\"1024\" height=\"1536\" src=\"https:\/\/www.bluelakechem.com\/wp-content\/uploads\/2026\/01\/Cotton-Softening-Smoothing-Silicone-oil.webp\" alt=\"Pamuk Yumu\u015fat\u0131c\u0131 &amp; P\u00fcr\u00fczs\u00fczle\u015ftirici Silikon ya\u011f\u0131\" class=\"wp-image-3650\" srcset=\"https:\/\/www.bluelakechem.com\/wp-content\/uploads\/2026\/01\/Cotton-Softening-Smoothing-Silicone-oil.webp 1024w, https:\/\/www.bluelakechem.com\/wp-content\/uploads\/2026\/01\/Cotton-Softening-Smoothing-Silicone-oil-200x300.webp 200w, https:\/\/www.bluelakechem.com\/wp-content\/uploads\/2026\/01\/Cotton-Softening-Smoothing-Silicone-oil-768x1152.webp 768w, https:\/\/www.bluelakechem.com\/wp-content\/uploads\/2026\/01\/Cotton-Softening-Smoothing-Silicone-oil-8x12.webp 8w, https:\/\/www.bluelakechem.com\/wp-content\/uploads\/2026\/01\/Cotton-Softening-Smoothing-Silicone-oil-600x900.webp 600w\" sizes=\"(max-width: 1024px) 100vw, 1024px\" \/><\/figure>\n<\/div>\n\n\n\n<div class=\"wp-block-column is-layout-flow wp-block-column-is-layout-flow\">\n<figure class=\"wp-block-image size-full\"><img decoding=\"async\" width=\"1024\" height=\"1024\" src=\"https:\/\/www.bluelakechem.com\/wp-content\/uploads\/2026\/01\/Cotton-Softening-Smoothing-Silicone-oil-1.webp\" alt=\"Pamuk Yumu\u015fat\u0131c\u0131 &amp; P\u00fcr\u00fczs\u00fczle\u015ftirici Silikon ya\u011f\u0131\" class=\"wp-image-3651\" srcset=\"https:\/\/www.bluelakechem.com\/wp-content\/uploads\/2026\/01\/Cotton-Softening-Smoothing-Silicone-oil-1.webp 1024w, https:\/\/www.bluelakechem.com\/wp-content\/uploads\/2026\/01\/Cotton-Softening-Smoothing-Silicone-oil-1-300x300.webp 300w, https:\/\/www.bluelakechem.com\/wp-content\/uploads\/2026\/01\/Cotton-Softening-Smoothing-Silicone-oil-1-150x150.webp 150w, https:\/\/www.bluelakechem.com\/wp-content\/uploads\/2026\/01\/Cotton-Softening-Smoothing-Silicone-oil-1-768x768.webp 768w, https:\/\/www.bluelakechem.com\/wp-content\/uploads\/2026\/01\/Cotton-Softening-Smoothing-Silicone-oil-1-12x12.webp 12w, https:\/\/www.bluelakechem.com\/wp-content\/uploads\/2026\/01\/Cotton-Softening-Smoothing-Silicone-oil-1-600x600.webp 600w, https:\/\/www.bluelakechem.com\/wp-content\/uploads\/2026\/01\/Cotton-Softening-Smoothing-Silicone-oil-1-100x100.webp 100w\" sizes=\"(max-width: 1024px) 100vw, 1024px\" \/><\/figure>\n<\/div>\n\n\n\n<div class=\"wp-block-column is-layout-flow wp-block-column-is-layout-flow\">\n<figure class=\"wp-block-image size-full\"><img decoding=\"async\" width=\"1363\" height=\"1701\" src=\"https:\/\/www.bluelakechem.com\/wp-content\/uploads\/2026\/01\/Cotton-Softening-Smoothing-Silicone-oil-2.webp\" alt=\"Pamuk Yumu\u015fat\u0131c\u0131 &amp; P\u00fcr\u00fczs\u00fczle\u015ftirici Silikon ya\u011f\u0131\" class=\"wp-image-3652\" srcset=\"https:\/\/www.bluelakechem.com\/wp-content\/uploads\/2026\/01\/Cotton-Softening-Smoothing-Silicone-oil-2.webp 1363w, https:\/\/www.bluelakechem.com\/wp-content\/uploads\/2026\/01\/Cotton-Softening-Smoothing-Silicone-oil-2-240x300.webp 240w, https:\/\/www.bluelakechem.com\/wp-content\/uploads\/2026\/01\/Cotton-Softening-Smoothing-Silicone-oil-2-768x958.webp 768w, https:\/\/www.bluelakechem.com\/wp-content\/uploads\/2026\/01\/Cotton-Softening-Smoothing-Silicone-oil-2-10x12.webp 10w, https:\/\/www.bluelakechem.com\/wp-content\/uploads\/2026\/01\/Cotton-Softening-Smoothing-Silicone-oil-2-1200x1498.webp 1200w, https:\/\/www.bluelakechem.com\/wp-content\/uploads\/2026\/01\/Cotton-Softening-Smoothing-Silicone-oil-2-600x749.webp 600w\" sizes=\"(max-width: 1363px) 100vw, 1363px\" \/><\/figure>\n<\/div>\n<\/div>\n\n\n\n<div class=\"wp-block-columns is-layout-flex wp-container-core-columns-is-layout-9d6595d7 wp-block-columns-is-layout-flex\">\n<div class=\"wp-block-column is-layout-flow wp-block-column-is-layout-flow\">\n<h2 class=\"wp-block-heading\">Pamuk Yumu\u015fat\u0131c\u0131 ve P\u00fcr\u00fczs\u00fczle\u015ftirici Silikon Ya\u011f\u0131 \u00d6zellikleri<\/h2>\n\n\n\n<p><strong>Pamuk Kullan\u0131m\u0131 i\u00e7in \u0130peksi Yumu\u015fakl\u0131k <\/strong><\/p>\n\n\n\n<p>Pamuklu kuma\u015flara hassas, p\u00fcr\u00fczs\u00fcz ve esnek bir el hissi vermek i\u00e7in do\u011frusal blok kopolimer teknolojisi.<\/p>\n\n\n\n<p><strong>Maliyet Optimizasyonu \u00d6nerilen seyreltme<\/strong><\/p>\n\n\n\n<p>1 ton silikon konsantresini yakla\u015f\u0131k 3,5 ton bitmi\u015f em\u00fclsiyona d\u00f6n\u00fc\u015ft\u00fcrerek entegre nakliye ve depolama maliyetlerini optimize etmeye yard\u0131mc\u0131 olur.<\/p>\n\n\n\n<p><strong>Teknik Rehberlik ve \u0130\u015fleme Kararl\u0131l\u0131\u011f\u0131 Tam<\/strong>\u00a0<\/p>\n\n\n\n<p>G\u00fcvenilir \u00e7al\u0131\u015fma ve \u00fcst\u00fcn stabilite i\u00e7in seyreltme deste\u011fi. Kararl\u0131 \u015feffaf mikro-em\u00fclsiyonlar veya makro-em\u00fclsiyonlar olu\u015fturmak i\u00e7in y\u00fcksek kesmeli em\u00fclsiyonla\u015ft\u0131rma ekipman\u0131yla uyumludur; ya\u011f y\u00fczmesi ve zay\u0131f da\u011f\u0131labilirlik gibi geleneksel sorunlar\u0131 ele al\u0131rken y\u00fcksek kararl\u0131l\u0131\u011fa sahip blok silikon em\u00fclsiyonlar\u0131 \u00fcretmek i\u00e7in tasarlanm\u0131\u015ft\u0131r.<\/p>\n\n\n\n<p><strong>\u00c7evre Dostu ve Uyumlu <\/strong><\/p>\n\n\n\n<p>SVHC ve Yasakl\u0131 Kimyasallar \u0130\u00e7ermez | OEKO-TEX\u00ae 100 ve ZDHC Uyumludur. \u00dcst d\u00fczey ihracat b\u00fcy\u00fcmesini desteklemek.<\/p>\n\n\n\n<h2 class=\"wp-block-heading\">Pamuk Yumu\u015fat\u0131c\u0131 ve P\u00fcr\u00fczs\u00fczle\u015ftirici Silikon Ya\u011f\u0131 Talimat\u0131<\/h2>\n\n\n\n<p>72108, liflere veya kuma\u015flara do\u011frudan uygulanamayan, y\u00fcksek konsantrasyonlu, yar\u0131 kendili\u011finden em\u00fclsifiye olan bir blok kopolimer ham ya\u011f\u0131d\u0131r. Bu nedenle, tekstil i\u015fleminden \u00f6nce em\u00fclsifiye edilmelidir. Geleneksel ekipman ve standart prosesler kullan\u0131larak kolayca em\u00fclsifiye edilebilir.<\/p>\n\n\n\n<h3 class=\"wp-block-heading\"><strong>1) Em\u00fclsifikasyon Form\u00fcl\u00fc (\u00d6nerilen)<\/strong><\/h3>\n\n\n\n<figure class=\"wp-block-table\"><table class=\"has-fixed-layout\"><thead><tr><th>Bile\u015fen<\/th><th>Dozaj (par\u00e7alar)<\/th><th>A\u00e7\u0131klamalar<\/th><\/tr><\/thead><tbody><tr><td>CX-72108<\/td><td>100<\/td><td>\u2014<\/td><\/tr><tr><td>Em\u00fclgat\u00f6r<\/td><td>5<\/td><td>Noniyonik y\u00fczey aktif madde <strong>TO-5 (BASF \u00f6nerilir)<\/strong><\/td><\/tr><tr><td>Buzul asetik asit + Su 1<\/td><td>1 + 30<\/td><td>1 \u00f6l\u00e7ek buzlu asetik asidi 50 \u00f6l\u00e7ek deiyonize suda \u00e7\u00f6z\u00fcn<\/td><\/tr><tr><td>Su 2<\/td><td>214<\/td><td>\u2014<\/td><\/tr><tr><td><strong>Toplam<\/strong><\/td><td><strong>350<\/strong><\/td><td>\u2014<\/td><\/tr><\/tbody><\/table><\/figure>\n\n\n\n<h3 class=\"wp-block-heading\"><strong>2) Em\u00fclsifikasyon S\u00fcreci<\/strong><\/h3>\n\n\n\n<p>Kullanmadan \u00f6nce 72108 ve em\u00fclgat\u00f6r\u00fc homojen hale gelene kadar kar\u0131\u015ft\u0131r\u0131n:<\/p>\n\n\n\n<ol class=\"wp-block-list\">\n<li>72108 ve em\u00fclgat\u00f6r\u00fc bir miksere ekleyin ve iyice kar\u0131\u015ft\u0131r\u0131n. <strong>10 dakika<\/strong> tamamen homojen hale gelene kadar;<\/li>\n\n\n\n<li>Yava\u015f\u00e7a ekleyin <strong>asetik asit + su 1<\/strong> kar\u0131\u015f\u0131m\u0131n\u0131 kar\u0131\u015ft\u0131rmaya devam edin ve <strong>10 dakika<\/strong> tek tip olana kadar;<\/li>\n\n\n\n<li>Yakla\u015f\u0131k olarak ekle <strong>1\/5 Su 2<\/strong>, i\u00e7in kar\u0131\u015ft\u0131r\u0131n <strong>5 dakika<\/strong>;<\/li>\n\n\n\n<li>Bir tane daha ekle <strong>1\/5 Su 2<\/strong>, i\u00e7in kar\u0131\u015ft\u0131r\u0131n <strong>5 dakika<\/strong>;<\/li>\n\n\n\n<li>Kalan\u0131n\u0131 da ekleyin <strong>Su 2<\/strong>, i\u00e7in kar\u0131\u015ft\u0131r\u0131n <strong>5 dakika<\/strong>;<\/li>\n\n\n\n<li>K\u00f6p\u00fck giderme, filtre ve bo\u015faltma i\u00e7in bekletin;<\/li>\n\n\n\n<li>Haz\u0131rlanan \u00e7\u00f6zeltinin pH de\u011ferini kontrol edin (<strong>pH = 4.0-6.0<\/strong>). Berrak bir mikro-em\u00fclsiyon elde edilmelidir.<\/li>\n<\/ol>\n\n\n\n<h3 class=\"wp-block-heading\"><strong>3) Yumu\u015fatma Uygulama S\u00fcreci<\/strong><\/h3>\n\n\n\n<h4 class=\"wp-block-heading\"><strong>Dolgu y\u00f6ntemi (\u00f6nerilir)<\/strong><\/h4>\n\n\n\n<ul class=\"wp-block-list\">\n<li><strong>Dozaj:<\/strong>\n<ul class=\"wp-block-list\">\n<li>Hafif kuma\u015flar: <strong>20-40 g\/L<\/strong><\/li>\n\n\n\n<li>A\u011f\u0131r kuma\u015flar: <strong>40-60 g\/L<\/strong><\/li>\n<\/ul>\n<\/li>\n\n\n\n<li><strong>\u00c7al\u0131\u015fma banyosu pH'\u0131:<\/strong> <strong>6.0-7.0 (optimum aral\u0131k)<\/strong><\/li>\n\n\n\n<li><strong>Ayar ko\u015fullar\u0131:<\/strong>\n<ul class=\"wp-block-list\">\n<li>Bir dald\u0131rma-bir k\u0131st\u0131rma (toplama <strong>70-90%<\/strong>)<\/li>\n\n\n\n<li><strong>60-90 saniye boyunca 160-170\u00b0C<\/strong><\/li>\n<\/ul>\n<\/li>\n<\/ul>\n\n\n\n<h4 class=\"wp-block-heading\"><strong>Egzoz (dald\u0131rma) y\u00f6ntemi<\/strong><\/h4>\n\n\n\n<ul class=\"wp-block-list\">\n<li><strong>Dozaj:<\/strong> <strong>1.0-3.0% (o.w.f.)<\/strong><\/li>\n\n\n\n<li><strong>Lik\u00f6r oran\u0131:<\/strong> <strong>1:20<\/strong><\/li>\n\n\n\n<li><strong>S\u00fcre\u00e7:<\/strong>\n<ul class=\"wp-block-list\">\n<li><strong>10-20 dakika boyunca 40-50\u00b0C<\/strong>,<\/li>\n\n\n\n<li>Hidro-ekstraksiyon,<\/li>\n\n\n\n<li>Kurutma <strong>100-120\u00b0C<\/strong>.<\/li>\n<\/ul>\n<\/li>\n<\/ul>\n\n\n\n<h2 class=\"wp-block-heading\">Pamuk Yumu\u015fat\u0131c\u0131 &amp; P\u00fcr\u00fczs\u00fczle\u015ftirici Silikon Ya\u011f\u0131 \u00d6zellikleri<\/h2>\n\n\n\n<figure class=\"wp-block-table\"><table class=\"has-fixed-layout\"><tbody><tr><td class=\"has-text-align-center\" data-align=\"center\">\u00d6zellikler \/ Nitelikler<\/td><td class=\"has-text-align-center\" data-align=\"center\">\u00d6zellikler \/ De\u011fer<\/td><\/tr><tr><td class=\"has-text-align-center\" data-align=\"center\">Ana Kompozisyon<\/td><td class=\"has-text-align-center\" data-align=\"center\">Do\u011frusal \u00e7ok bloklu polisiloksan kopolimer<\/td><\/tr><tr><td class=\"has-text-align-center\" data-align=\"center\">G\u00f6r\u00fcn\u00fcm (g\u00f6rsel)<\/td><td class=\"has-text-align-center\" data-align=\"center\">Renksiz ila a\u00e7\u0131k sar\u0131 \u015feffaf s\u0131v\u0131<\/td><\/tr><tr><td class=\"has-text-align-center\" data-align=\"center\">pH de\u011feri (oda s\u0131cakl\u0131\u011f\u0131nda, test ka\u011f\u0131d\u0131 y\u00f6ntemi)<\/td><td class=\"has-text-align-center\" data-align=\"center\">6.0~8.0<\/td><\/tr><tr><td class=\"has-text-align-center\" data-align=\"center\">Viskozite (25\u00b0C, mPa-s)<\/td><td class=\"has-text-align-center\" data-align=\"center\">500~1000<\/td><\/tr><tr><td class=\"has-text-align-center\" data-align=\"center\">\u0130yonik yap\u0131<\/td><td class=\"has-text-align-center\" data-align=\"center\">Zay\u0131f katyonik<\/td><\/tr><\/tbody><\/table><\/figure>\n<\/div>\n<\/div>","protected":false},"excerpt":{"rendered":"<p><strong>Pamuk Yumu\u015fat\u0131c\u0131 ve P\u00fcr\u00fczs\u00fczle\u015ftirici Silikon ya\u011f\u0131 72108<\/strong> \u00e7o\u011fu kuma\u015fa m\u00fckemmel yumu\u015fakl\u0131k ve p\u00fcr\u00fczs\u00fcz el hissi sa\u011flayan yenilik\u00e7i bir tekstil yumu\u015fat\u0131c\u0131s\u0131d\u0131r. Yeni bir lineer blok kopolimer platformuna dayanan \u00fcr\u00fcn, polisiloksan, polieter ve poliaminden kopolimerize edilmi\u015ftir. \u00dcr\u00fcn, elyaflar\u0131n i\u00e7ine e\u015fit \u015fekilde n\u00fcfuz edebilir ve her bir elyaf \u00fczerinde etkili olabilir, b\u00f6ylece kuma\u015f\u0131n genel terbiye performans\u0131n\u0131 art\u0131r\u0131r.Oeko-Tex Standard 100 uyumludur. \u00dccretsiz numune veya form\u00fcller hakk\u0131nda uzman rehberli\u011fi i\u00e7in bize ula\u015f\u0131n!<\/p>\n<p><strong>Model No. 72108<\/strong><\/p>","protected":false},"featured_media":3653,"comment_status":"closed","ping_status":"closed","template":"","meta":{"_acf_changed":false},"material":[26],"process":[23,42,24],"product_brand":[],"product_cat":[15],"product_tag":[48],"class_list":{"0":"post-3649","1":"product","2":"type-product","3":"status-publish","4":"has-post-thumbnail","6":"material-cotton-agent","7":"process-textile-finishing-chemicals","8":"process-softener","9":"process-silicone-oil","10":"product_cat-uncategorized","11":"product_tag-new-textile-chemicals","13":"first","14":"instock","15":"shipping-taxable","16":"product-type-simple"},"acf":[],"_links":{"self":[{"href":"https:\/\/www.bluelakechem.com\/tr\/wp-json\/wp\/v2\/product\/3649","targetHints":{"allow":["GET"]}}],"collection":[{"href":"https:\/\/www.bluelakechem.com\/tr\/wp-json\/wp\/v2\/product"}],"about":[{"href":"https:\/\/www.bluelakechem.com\/tr\/wp-json\/wp\/v2\/types\/product"}],"replies":[{"embeddable":true,"href":"https:\/\/www.bluelakechem.com\/tr\/wp-json\/wp\/v2\/comments?post=3649"}],"wp:featuredmedia":[{"embeddable":true,"href":"https:\/\/www.bluelakechem.com\/tr\/wp-json\/wp\/v2\/media\/3653"}],"wp:attachment":[{"href":"https:\/\/www.bluelakechem.com\/tr\/wp-json\/wp\/v2\/media?parent=3649"}],"wp:term":[{"taxonomy":"material","embeddable":true,"href":"https:\/\/www.bluelakechem.com\/tr\/wp-json\/wp\/v2\/material?post=3649"},{"taxonomy":"process","embeddable":true,"href":"https:\/\/www.bluelakechem.com\/tr\/wp-json\/wp\/v2\/process?post=3649"},{"taxonomy":"product_brand","embeddable":true,"href":"https:\/\/www.bluelakechem.com\/tr\/wp-json\/wp\/v2\/product_brand?post=3649"},{"taxonomy":"product_cat","embeddable":true,"href":"https:\/\/www.bluelakechem.com\/tr\/wp-json\/wp\/v2\/product_cat?post=3649"},{"taxonomy":"product_tag","embeddable":true,"href":"https:\/\/www.bluelakechem.com\/tr\/wp-json\/wp\/v2\/product_tag?post=3649"}],"curies":[{"name":"wp","href":"https:\/\/api.w.org\/{rel}","templated":true}]}}