{"id":3749,"date":"2026-04-17T02:14:49","date_gmt":"2026-04-17T02:14:49","guid":{"rendered":"https:\/\/www.bluelakechem.com\/?post_type=product&#038;p=3749"},"modified":"2026-04-17T02:28:46","modified_gmt":"2026-04-17T02:28:46","slug":"cotton-hydro-silicone-58-concentratesilicone-softenermakes-the-fabric-hydrophilic-soft-and-fluffy","status":"publish","type":"product","link":"https:\/\/www.bluelakechem.com\/tr\/product\/cotton-hydro-silicone-58-concentratesilicone-softenermakes-the-fabric-hydrophilic-soft-and-fluffy\/","title":{"rendered":"Cotton Hydro-Silicone (58% Concentrate)Silicone Softener,makes the fabric hydrophilic, soft and fluffy"},"content":{"rendered":"<div class=\"wp-block-columns is-layout-flex wp-container-core-columns-is-layout-9d6595d7 wp-block-columns-is-layout-flex\">\n<div class=\"wp-block-column is-layout-flow wp-block-column-is-layout-flow\"><\/div>\n\n\n\n<div class=\"wp-block-column is-layout-flow wp-block-column-is-layout-flow\">\n<figure class=\"wp-block-embed is-type-video is-provider-youtube wp-block-embed-youtube wp-embed-aspect-9-16 wp-has-aspect-ratio\"><div class=\"wp-block-embed__wrapper\">\n<iframe title=\"#textilechemicals Here is the secret formula to save 70% on your sea freight!\" width=\"422\" height=\"750\" src=\"https:\/\/www.youtube.com\/embed\/h8oLgjE0Kl4?feature=oembed\" frameborder=\"0\" allow=\"accelerometer; autoplay; clipboard-write; encrypted-media; gyroscope; picture-in-picture; web-share\" referrerpolicy=\"strict-origin-when-cross-origin\" allowfullscreen><\/iframe>\n<\/div><\/figure>\n<\/div>\n\n\n\n<div class=\"wp-block-column is-layout-flow wp-block-column-is-layout-flow\"><\/div>\n<\/div>\n\n\n\n<div class=\"wp-block-columns is-layout-flex wp-container-core-columns-is-layout-9d6595d7 wp-block-columns-is-layout-flex\">\n<div class=\"wp-block-column is-layout-flow wp-block-column-is-layout-flow\">\n<h2 class=\"wp-block-heading\">Cotton Hydro-Silicone (58% Concentrate) Features<\/h2>\n\n\n\n<ul class=\"wp-block-list\">\n<li><strong>High Solid Conten<\/strong>t (58%): High-active component blocked silicone oil, optimizing transportation and storage costs.<\/li>\n\n\n\n<li><strong>Easy Emulsification<\/strong>: Excellent self-emulsifying performance; forms stable micro-emulsions with conventional mechanical stirring.<\/li>\n\n\n\n<li><strong>Hydrophilic &amp; SoftHand Feel<\/strong>: Rapid moisture-wicking combined with a silky and elastic handle. Suitable for a wide range of fibers, suitable for\u00a0cotton\u00a0towels and terry fabrics.<\/li>\n\n\n\n<li><strong>Superior Compatibility<\/strong>: \u00a0Specially engineered for high temperature, strong alkali, and high shear conditions. Compatible with dyes, optical brighteners, and thickeners,binder\u00a0minimizing the risk of silicone spotting.\u00a0Stable performance across diverse equipment and complex processing liquors.<\/li>\n\n\n\n<li><strong>\u00c7evre Dostu ve Uyumlu<\/strong><\/li>\n\n\n\n<li>SVHC ve Yasakl\u0131 Kimyasallar \u0130\u00e7ermez | OEKO-TEX\u00ae 100 ve ZDHC Uyumludur. \u00dcst d\u00fczey ihracat b\u00fcy\u00fcmesini desteklemek.<\/li>\n<\/ul>\n\n\n\n<h2 class=\"wp-block-heading\">Cotton Hydro-Silicone (58% Concentrate) Instruction<\/h2>\n\n\n\n<ol class=\"wp-block-list\">\n<li>Dolgu ve egzoz i\u015flemi i\u00e7in uygundur.<\/li>\n\n\n\n<li>It is high content block silicone oil. It cannot be directly used on fabrics. So it has to be emulsified and diluted before applying on textiles. It is easy to emulsify and dilute with normal equipment and process.<\/li>\n\n\n\n<li>L\u00fctfen \u00e7al\u0131\u015fma sol\u00fcsyonunu haz\u0131rlamadan \u00f6nce t\u00fcm kimyasallar\u0131 haz\u0131rlay\u0131n.<\/li>\n\n\n\n<li>Seyreltmek i\u00e7in yumu\u015fatma suyu (deiyonize su) kullan\u0131lmas\u0131 tavsiye edilir. Yumu\u015fatma suyu (deiyonize su) yoksa, l\u00fctfen \u00e7al\u0131\u015fma sol\u00fcsyonunu yapmadan \u00f6nce bir stabilite testi yap\u0131n.<\/li>\n\n\n\n<li>Em\u00fclsifiye Y\u00f6ntemi:\n<ul class=\"wp-block-list\">\n<li>(1)Formulation (about 20% microemulsion):\n<ul class=\"wp-block-list\">\n<li>Silicone Softener\u00a072128: 100<\/li>\n\n\n\n<li>Acetic acid + Water 1: 1 + 50 (Dissolve the acetic acid in the water.)<\/li>\n\n\n\n<li>Water 2: 250<\/li>\n\n\n\n<li>(Gerekirse koruyucu ekleyin)<\/li>\n\n\n\n<li>Total: 301 parts<\/li>\n<\/ul>\n<\/li>\n\n\n\n<li>(2)Emulsifying Process:\n<ul class=\"wp-block-list\">\n<li>Stir Silicone Softener\u00a072128 evenly and then use.<\/li>\n\n\n\n<li>Slowly add Acetic acid + Water 1 and stir it fully and evenly for 20 minutes.<\/li>\n\n\n\n<li>Add about 2\/10 Water 2 and stir it fully for 10 minutes.<\/li>\n\n\n\n<li>Add about 2\/10 Water 2 and stir it fully for 5 minutes.<\/li>\n\n\n\n<li>Kalan Su 2'yi ekleyin ve 5 dakika boyunca tamamen kar\u0131\u015ft\u0131r\u0131n.<\/li>\n\n\n\n<li>Place it for defoam and filter. Adjust the pH value to 4~6. The transparent microemulsion is obtained.<\/li>\n<\/ul>\n<\/li>\n<\/ul>\n<\/li>\n\n\n\n<li>Yumu\u015fatma \u0130\u015flemi:\n<ul class=\"wp-block-list\">\n<li>Dolgu \u0130\u015flemi:\n<ul class=\"wp-block-list\">\n<li>Hafif ve ince kuma\u015flar i\u00e7in referans dozaj: 10~20 g\/L<\/li>\n\n\n\n<li>A\u011f\u0131r ve kal\u0131n kuma\u015flar i\u00e7in referans dozaj: 20~30 g\/L<\/li>\n\n\n\n<li>\u00c7al\u0131\u015fma \u00e7\u00f6zeltisinin en iyi pH aral\u0131\u011f\u0131: 6.0~7.0<\/li>\n\n\n\n<li>Dolgu ve dald\u0131rma (Pikap: 70~90%) \u2192 160~170\u2103\u00d760~90 saniye<\/li>\n<\/ul>\n<\/li>\n\n\n\n<li>Egzoz S\u00fcreci:\n<ul class=\"wp-block-list\">\n<li>Referans dozaj: 1.0~3.0% (o.w.f)<\/li>\n\n\n\n<li>Banyo oran\u0131: 1:20<\/li>\n\n\n\n<li>\u0130\u015flem: 40~50\u2103\u00d710~20 dakika \u2192 Susuzla\u015ft\u0131rma \u2192 Kurutma (100~120\u2103)<\/li>\n<\/ul>\n<\/li>\n<\/ul>\n<\/li>\n<\/ol>\n\n\n\n<h2 class=\"wp-block-heading\">Cotton Hydro-Silicone (58% Concentrate) Properties<\/h2>\n\n\n\n<figure class=\"wp-block-table\"><table class=\"has-fixed-layout\"><tbody><tr><td>G\u00f6r\u00fcn\u00fc\u015f:<\/td><td>A\u00e7\u0131k sar\u0131 \u015feffaf s\u0131v\u0131<\/td><\/tr><tr><td>\u0130yoniklik:<\/td><td>Zay\u0131f katyonik<\/td><\/tr><tr><td>pH de\u011feri:<\/td><td>6.0~8.0&nbsp;(1% aqueous solution)<\/td><\/tr><tr><td>\u0130\u00e7erik:<\/td><td>58~60%<\/td><\/tr><tr><td>Viskozite:<\/td><td>400~1000mPa.s (25\u2103)<\/td><\/tr><\/tbody><\/table><\/figure>\n<\/div>\n<\/div>\n\n\n\n<p><\/p>","protected":false},"excerpt":{"rendered":"<p><strong>Cotton Hydro-Silicone (58% Concentrate)72128<\/strong> is an innovative textile softener, which can provide most fabrics with soft and fluffy handle.It is a multipolymer of polysiloxane, polyether and polyamine, which can evenly penetrate into the inner part\u00a0of fibers and act on each fiber\u00a0to\u00a0improve\u00a0the performance of the whole fabric.It has linear block copolymer structure, which has good dispersing, diffusing and penetrating performance on fibers.It is especially suitable for cotton terry and towel, which makes the fabric hydrophilic, soft and fluffy.Oeko-Tex Standard 100 compliant. Contact us for free samples or expert guidance on formulas!<\/p>\n<p><strong>Model No.<\/strong><strong>72128<\/strong><\/p>","protected":false},"featured_media":3750,"comment_status":"closed","ping_status":"closed","template":"","meta":{"_acf_changed":false},"material":[26],"process":[23,42,24],"product_brand":[],"product_cat":[15],"product_tag":[48],"class_list":{"0":"post-3749","1":"product","2":"type-product","3":"status-publish","4":"has-post-thumbnail","6":"material-cotton-agent","7":"process-textile-finishing-chemicals","8":"process-softener","9":"process-silicone-oil","10":"product_cat-uncategorized","11":"product_tag-new-textile-chemicals","13":"first","14":"instock","15":"shipping-taxable","16":"product-type-simple"},"acf":[],"_links":{"self":[{"href":"https:\/\/www.bluelakechem.com\/tr\/wp-json\/wp\/v2\/product\/3749","targetHints":{"allow":["GET"]}}],"collection":[{"href":"https:\/\/www.bluelakechem.com\/tr\/wp-json\/wp\/v2\/product"}],"about":[{"href":"https:\/\/www.bluelakechem.com\/tr\/wp-json\/wp\/v2\/types\/product"}],"replies":[{"embeddable":true,"href":"https:\/\/www.bluelakechem.com\/tr\/wp-json\/wp\/v2\/comments?post=3749"}],"wp:featuredmedia":[{"embeddable":true,"href":"https:\/\/www.bluelakechem.com\/tr\/wp-json\/wp\/v2\/media\/3750"}],"wp:attachment":[{"href":"https:\/\/www.bluelakechem.com\/tr\/wp-json\/wp\/v2\/media?parent=3749"}],"wp:term":[{"taxonomy":"material","embeddable":true,"href":"https:\/\/www.bluelakechem.com\/tr\/wp-json\/wp\/v2\/material?post=3749"},{"taxonomy":"process","embeddable":true,"href":"https:\/\/www.bluelakechem.com\/tr\/wp-json\/wp\/v2\/process?post=3749"},{"taxonomy":"product_brand","embeddable":true,"href":"https:\/\/www.bluelakechem.com\/tr\/wp-json\/wp\/v2\/product_brand?post=3749"},{"taxonomy":"product_cat","embeddable":true,"href":"https:\/\/www.bluelakechem.com\/tr\/wp-json\/wp\/v2\/product_cat?post=3749"},{"taxonomy":"product_tag","embeddable":true,"href":"https:\/\/www.bluelakechem.com\/tr\/wp-json\/wp\/v2\/product_tag?post=3749"}],"curies":[{"name":"wp","href":"https:\/\/api.w.org\/{rel}","templated":true}]}}