{"id":403,"date":"2024-11-27T12:33:48","date_gmt":"2024-11-27T12:33:48","guid":{"rendered":"https:\/\/www.bluelakechem.com\/?post_type=product&#038;p=403"},"modified":"2025-11-04T09:17:11","modified_gmt":"2025-11-04T09:17:11","slug":"wetting-agent-in-textile","status":"publish","type":"product","link":"https:\/\/www.bluelakechem.com\/tr\/product\/wetting-agent-in-textile\/","title":{"rendered":"Pamuk Polyester Kuma\u015f \u0130\u00e7in Tekstilde D\u00fc\u015f\u00fck K\u00f6p\u00fcren Noniyonik Islat\u0131c\u0131"},"content":{"rendered":"<div class=\"wp-block-columns is-layout-flex wp-container-core-columns-is-layout-9d6595d7 wp-block-columns-is-layout-flex\">\n<div class=\"wp-block-column is-layout-flow wp-block-column-is-layout-flow\" style=\"flex-basis:50%\">\n<h2 class=\"wp-block-heading\">Tekstilde Islatma Maddesinin \u00d6zellikleri:<\/h2>\n\n\n\n<p><strong>Y\u00fcksek Konsantrasyon, D\u00fc\u015f\u00fck K\u00f6p\u00fcrme:<\/strong> \u00c7e\u015fitli tekstil proseslerine etkili bir \u015fekilde n\u00fcfuz etmek i\u00e7in sadece \u00e7ok k\u00fc\u00e7\u00fck bir dozaj gereklidir ve d\u00fc\u015f\u00fck k\u00f6p\u00fck olu\u015fumu ile optimum performans sa\u011flar.<\/p>\n\n\n\n<p><strong>H\u0131zl\u0131 penetrasyon ve g\u00fc\u00e7l\u00fc \u0131slatma: <\/strong>Derinlemesine ve homojen i\u015flem i\u00e7in liflerin aras\u0131na h\u0131zla n\u00fcfuz eder.<\/p>\n\n\n\n<p><strong>Geli\u015ftirilmi\u015f boyama homojenli\u011fi: <\/strong>Bask\u0131 ve boyama i\u015flemleri i\u00e7in uygundur, renk farkl\u0131l\u0131klar\u0131n\u0131, \u00e7izgileri veya lekeleri azalt\u0131r ve m\u00fckemmel penetrasyon ve renk homojenli\u011fi sa\u011flar.<\/p>\n\n\n\n<p><strong>\u00c7ok Y\u00f6nl\u00fc Uygulama:<\/strong> D\u00fczg\u00fcn \u0131slatma ve istikrarl\u0131 sonu\u00e7lar gerektiren tekstil \u00f6n terbiye, boyama ve terbiye i\u015flemleri i\u00e7in idealdir.<\/p>\n\n\n\n<p><strong>M\u00fckemmel uyumluluk:<\/strong> Ayn\u0131 boya banyosunda ar\u0131tma maddeleri, sabunla\u015ft\u0131r\u0131c\u0131 maddeler ve yumu\u015fat\u0131c\u0131larla sorunsuz bir \u015fekilde uyumludur.<\/p>\n\n\n\n<p><strong>\u00c7evre dostu ve biyolojik olarak par\u00e7alanabilir: <\/strong>OEKO-TEX\u00ae, ZDHC ve REACH standartlar\u0131n\u0131 kar\u015f\u0131lar.<\/p>\n\n\n\n<h2 class=\"wp-block-heading\">Teknik \u00d6zellikler<\/h2>\n\n\n\n<figure class=\"wp-block-table\"><table class=\"has-fixed-layout\"><thead><tr><th>M\u00fclkiyet<\/th><th>\u015eartname<\/th><\/tr><\/thead><tbody><tr><td>G\u00f6r\u00fcn\u00fc\u015f<\/td><td>Renksiz, \u015feffaf s\u0131v\u0131<\/td><\/tr><tr><td>\u0130yoniklik<\/td><td>Noniyonik<\/td><\/tr><tr><td>pH (1% aq. \u00e7\u00f6zeltisi)<\/td><td>~7.0<\/td><\/tr><tr><td>\u00c7\u00f6z\u00fcn\u00fcrl\u00fck<\/td><td>Suda kolayl\u0131kla \u00e7\u00f6z\u00fcn\u00fcr<\/td><\/tr><\/tbody><\/table><\/figure>\n\n\n\n<h2 class=\"wp-block-heading\">\u00d6nerilen Dozaj<\/h2>\n\n\n\n<ul class=\"wp-block-list\">\n<li><strong>Dald\u0131rma Boyama:<\/strong> 1-3 g\/L (seyreltmeden sonra)<\/li>\n\n\n\n<li><strong>Tampon Boyama:<\/strong> 1-3 g\/L (seyreltmeden sonra)<\/li>\n\n\n\n<li>Kullanmadan \u00f6nce seyreltme oran\u0131: 1:3 ila 1:5<\/li>\n<\/ul>\n\n\n\n<p>S\u00fcrekli veya aral\u0131kl\u0131 boyama ve terbiye i\u015flemleri i\u00e7in uygundur, h\u0131zl\u0131 \u0131slatma (1 saniye i\u00e7inde) ve istikrarl\u0131 performans sa\u011flar.<\/p>\n<\/div>\n\n\n\n<div class=\"wp-block-column is-layout-flow wp-block-column-is-layout-flow\" style=\"flex-basis:50%\">\n<figure class=\"wp-block-embed is-type-video is-provider-youtube wp-block-embed-youtube wp-embed-aspect-9-16 wp-has-aspect-ratio\"><div class=\"wp-block-embed__wrapper\">\n<iframe title=\"1S Penetrasyonu Sa\u011flayan #ekstil Kimyasallar\u0131: Boyama Fabrikalar\u0131 i\u00e7in Yeni ve Verimli Bir Se\u00e7im\" width=\"422\" height=\"750\" src=\"https:\/\/www.youtube.com\/embed\/rCR1idaUyKA?feature=oembed\" frameborder=\"0\" allow=\"accelerometer; autoplay; clipboard-write; encrypted-media; gyroscope; picture-in-picture; web-share\" referrerpolicy=\"strict-origin-when-cross-origin\" allowfullscreen><\/iframe>\n<\/div><\/figure>\n<\/div>\n<\/div>\n\n\n\n<div class=\"wp-block-columns is-layout-flex wp-container-core-columns-is-layout-9d6595d7 wp-block-columns-is-layout-flex\">\n<div class=\"wp-block-column is-vertically-aligned-center is-layout-flow wp-block-column-is-layout-flow\"><\/div>\n<\/div>","protected":false},"excerpt":{"rendered":"<p>Y\u00fcksek konsantrasyonlu ve d\u00fc\u015f\u00fck k\u00f6p\u00fckl\u00fc \u0131slat\u0131c\u0131, k\u00fc\u00e7\u00fck bir dozaj k\u00f6p\u00fcrmeden her tekstil prosesinde iyi bir \u0131slatma etkisine sahip olabilir, hatta di\u011fer kimyasallar\u0131n k\u00f6p\u00fcrmesini engellemeye yard\u0131mc\u0131 olur ve bask\u0131 ve boyama i\u015fleminde y\u00fcksek verimli bir \u0131slat\u0131c\u0131 olarak kullan\u0131labilir.<br \/><b>Model No. <\/b>11026<\/p>","protected":false},"featured_media":1439,"comment_status":"closed","ping_status":"closed","template":"","meta":{"_acf_changed":false},"material":[26,27,28,29,30,31,32,33,34],"process":[17,18],"product_brand":[],"product_cat":[15],"product_tag":[],"class_list":{"0":"post-403","1":"product","2":"type-product","3":"status-publish","4":"has-post-thumbnail","6":"material-cotton-agent","7":"material-polyester-chemicals","8":"material-nylon-agent","9":"material-acrylic-chemicals","10":"material-viscose-chemicals","11":"material-wool-auxiliary","12":"material-linen-chemicals","13":"material-silk-chemicals","14":"material-fabric-chemicals","15":"process-pretreatment-auxiliaries","16":"process-textile-wetting-agent","17":"product_cat-uncategorized","19":"first","20":"instock","21":"shipping-taxable","22":"product-type-simple"},"acf":[],"_links":{"self":[{"href":"https:\/\/www.bluelakechem.com\/tr\/wp-json\/wp\/v2\/product\/403","targetHints":{"allow":["GET"]}}],"collection":[{"href":"https:\/\/www.bluelakechem.com\/tr\/wp-json\/wp\/v2\/product"}],"about":[{"href":"https:\/\/www.bluelakechem.com\/tr\/wp-json\/wp\/v2\/types\/product"}],"replies":[{"embeddable":true,"href":"https:\/\/www.bluelakechem.com\/tr\/wp-json\/wp\/v2\/comments?post=403"}],"wp:featuredmedia":[{"embeddable":true,"href":"https:\/\/www.bluelakechem.com\/tr\/wp-json\/wp\/v2\/media\/1439"}],"wp:attachment":[{"href":"https:\/\/www.bluelakechem.com\/tr\/wp-json\/wp\/v2\/media?parent=403"}],"wp:term":[{"taxonomy":"material","embeddable":true,"href":"https:\/\/www.bluelakechem.com\/tr\/wp-json\/wp\/v2\/material?post=403"},{"taxonomy":"process","embeddable":true,"href":"https:\/\/www.bluelakechem.com\/tr\/wp-json\/wp\/v2\/process?post=403"},{"taxonomy":"product_brand","embeddable":true,"href":"https:\/\/www.bluelakechem.com\/tr\/wp-json\/wp\/v2\/product_brand?post=403"},{"taxonomy":"product_cat","embeddable":true,"href":"https:\/\/www.bluelakechem.com\/tr\/wp-json\/wp\/v2\/product_cat?post=403"},{"taxonomy":"product_tag","embeddable":true,"href":"https:\/\/www.bluelakechem.com\/tr\/wp-json\/wp\/v2\/product_tag?post=403"}],"curies":[{"name":"wp","href":"https:\/\/api.w.org\/{rel}","templated":true}]}}