{"id":508,"date":"2024-11-28T06:38:41","date_gmt":"2024-11-28T06:38:41","guid":{"rendered":"https:\/\/www.bluelakechem.com\/?post_type=product&#038;p=508"},"modified":"2025-01-17T12:16:17","modified_gmt":"2025-01-17T12:16:17","slug":"degreasing-agent","status":"publish","type":"product","link":"https:\/\/www.bluelakechem.com\/tr\/product\/degreasing-agent\/","title":{"rendered":"D\u00fc\u015f\u00fck K\u00f6p\u00fckl\u00fc Ya\u011f Alma Maddesi Pamuklu Polyester Kuma\u015flar i\u00e7in Ovma Maddesi"},"content":{"rendered":"<div class=\"wp-block-columns is-layout-flex wp-container-core-columns-is-layout-9d6595d7 wp-block-columns-is-layout-flex\">\n<div class=\"wp-block-column is-layout-flow wp-block-column-is-layout-flow\" style=\"flex-basis:50%\">\n<h2 class=\"wp-block-heading\">Ya\u011f Alma Maddesi \u00d6zellikler:<\/h2>\n\n\n\n<p><strong>D\u00fc\u015f\u00fck K\u00f6p\u00fckl\u00fc: <\/strong>K\u00f6p\u00fck olu\u015fumunu etkili bir \u015fekilde azaltarak ya\u011f giderme i\u015flemi s\u0131ras\u0131nda sorunsuz i\u015fleme ve daha kolay kontrol sa\u011flar.<\/p>\n\n\n\n<p><strong>Geli\u015ftirilmi\u015f Ovma ve Ya\u011f Alma:<\/strong> Sel\u00fcloz elyaflar \u00fczerinde ovma etkisini ve sentetik elyaflar \u00fczerinde ya\u011f giderme etkisini artt\u0131rarak kuma\u015f temizli\u011fini iyile\u015ftirir.<\/p>\n\n\n\n<p><strong>Beyazl\u0131k ve K\u0131lcal Etki:<\/strong> \u0130pliklerin ve kuma\u015flar\u0131n beyazl\u0131\u011f\u0131n\u0131 ve k\u0131lcal hareketini art\u0131rarak kuma\u015f kalitesini y\u00fckseltir.<\/p>\n\n\n\n<p><strong>Y\u00fcksek Verimlilik: <\/strong>\u00d6zellikle polyester\/pamuk kar\u0131\u015f\u0131ml\u0131 kuma\u015flar\u0131n \u00f6n terbiyesi i\u00e7in uygundur, minimum dozajla \u00fcst\u00fcn performans sa\u011flar.<\/p>\n<\/div>\n\n\n\n<div class=\"wp-block-column is-layout-flow wp-block-column-is-layout-flow\" style=\"flex-basis:50%\">\n<figure class=\"wp-block-embed is-type-video is-provider-youtube wp-block-embed-youtube wp-embed-aspect-16-9 wp-has-aspect-ratio\"><div class=\"wp-block-embed__wrapper\">\n<iframe title=\"\u3010Tekstil Kimyasallar\u0131\u3011 D\u00fc\u015f\u00fck K\u00f6p\u00fckl\u00fc Ovma MaddesiYa\u011fdan Ar\u0131nd\u0131rma Sa\u011flamak \u0130\u00e7in(11045)\" width=\"500\" height=\"281\" src=\"https:\/\/www.youtube.com\/embed\/NNEN4oY_HsE?feature=oembed\" frameborder=\"0\" allow=\"accelerometer; autoplay; clipboard-write; encrypted-media; gyroscope; picture-in-picture; web-share\" referrerpolicy=\"strict-origin-when-cross-origin\" allowfullscreen><\/iframe>\n<\/div><\/figure>\n<\/div>\n<\/div>\n\n\n\n<div class=\"wp-block-columns is-layout-flex wp-container-core-columns-is-layout-9d6595d7 wp-block-columns-is-layout-flex\">\n<div class=\"wp-block-column is-layout-flow wp-block-column-is-layout-flow\">\n<figure class=\"wp-block-image size-full\"><img decoding=\"async\" width=\"800\" height=\"600\" src=\"https:\/\/www.bluelakechem.com\/wp-content\/uploads\/2024\/11\/degreasing-agent-1.webp\" alt=\"ya\u011f \u00e7\u00f6z\u00fcc\u00fc madde\" class=\"wp-image-511\" srcset=\"https:\/\/www.bluelakechem.com\/wp-content\/uploads\/2024\/11\/degreasing-agent-1.webp 800w, https:\/\/www.bluelakechem.com\/wp-content\/uploads\/2024\/11\/degreasing-agent-1-300x225.webp 300w, https:\/\/www.bluelakechem.com\/wp-content\/uploads\/2024\/11\/degreasing-agent-1-768x576.webp 768w, https:\/\/www.bluelakechem.com\/wp-content\/uploads\/2024\/11\/degreasing-agent-1-600x450.webp 600w\" sizes=\"(max-width: 800px) 100vw, 800px\" \/><\/figure>\n<\/div>\n\n\n\n<div class=\"wp-block-column is-vertically-aligned-center is-layout-flow wp-block-column-is-layout-flow\">\n<h3 class=\"wp-block-heading\">Ya\u011f \u00c7\u00f6z\u00fcc\u00fc Ajan Uygulamalar\u0131:<\/h3>\n\n\n\n<p><strong>Tekstil \u00d6n \u0130\u015flemi: <\/strong>Kasar ve ya\u011f giderme i\u015flemlerinde kullan\u0131m i\u00e7in idealdir, kuma\u015flar\u0131n sonraki boyama veya terbiye i\u015flemleri i\u00e7in haz\u0131rlanmas\u0131n\u0131 iyile\u015ftirir.<\/p>\n\n\n\n<p><strong>Polyester ve Pamuk Kar\u0131\u015f\u0131mlar\u0131:<\/strong> Polyester \/ pamuklu kuma\u015flar\u0131n \u00f6n i\u015fleminde kullan\u0131m i\u00e7in m\u00fckemmeldir, temiz, parlak ve iyi haz\u0131rlanm\u0131\u015f malzemeler sa\u011flar.<\/p>\n\n\n\n<p><strong>\u0130plik ve Kuma\u015f \u0130\u015fleme: <\/strong>Ya\u011f giderme etkisini artt\u0131r\u0131r, ipliklerin ve dokuma kuma\u015flar\u0131n genel i\u015flenmesini ve g\u00f6r\u00fcn\u00fcm\u00fcn\u00fc iyile\u015ftirir.<\/p>\n<\/div>\n<\/div>","protected":false},"excerpt":{"rendered":"<p>D\u00fc\u015f\u00fck k\u00f6p\u00fckl\u00fc ya\u011f giderme maddesi, sel\u00fcloz lifleri \u00fczerindeki ovma etkisini ve sentetik lifler \u00fczerindeki ya\u011f giderme etkisini a\u00e7\u0131k\u00e7a destekler, ipliklerin ve kuma\u015flar\u0131n beyazl\u0131\u011f\u0131n\u0131 ve k\u0131lcal etkisini art\u0131rabilir, \u00f6zellikle polyester \/ pamuklu kuma\u015f i\u00e7in \u00f6n i\u015flem s\u00fcreci i\u00e7in uygundur.<br \/><strong>Model No. <\/strong>11045<\/p>","protected":false},"featured_media":1442,"comment_status":"closed","ping_status":"closed","template":"","meta":{"_acf_changed":false},"material":[26,27],"process":[17,19,35,36],"product_brand":[],"product_cat":[15],"product_tag":[],"class_list":{"0":"post-508","1":"product","2":"type-product","3":"status-publish","4":"has-post-thumbnail","6":"material-cotton-agent","7":"material-polyester-chemicals","8":"process-pretreatment-auxiliaries","9":"process-scouring-agent","10":"process-degreasing-agent","11":"process-bleaching-agent","12":"product_cat-uncategorized","14":"first","15":"instock","16":"shipping-taxable","17":"product-type-simple"},"acf":[],"_links":{"self":[{"href":"https:\/\/www.bluelakechem.com\/tr\/wp-json\/wp\/v2\/product\/508","targetHints":{"allow":["GET"]}}],"collection":[{"href":"https:\/\/www.bluelakechem.com\/tr\/wp-json\/wp\/v2\/product"}],"about":[{"href":"https:\/\/www.bluelakechem.com\/tr\/wp-json\/wp\/v2\/types\/product"}],"replies":[{"embeddable":true,"href":"https:\/\/www.bluelakechem.com\/tr\/wp-json\/wp\/v2\/comments?post=508"}],"wp:featuredmedia":[{"embeddable":true,"href":"https:\/\/www.bluelakechem.com\/tr\/wp-json\/wp\/v2\/media\/1442"}],"wp:attachment":[{"href":"https:\/\/www.bluelakechem.com\/tr\/wp-json\/wp\/v2\/media?parent=508"}],"wp:term":[{"taxonomy":"material","embeddable":true,"href":"https:\/\/www.bluelakechem.com\/tr\/wp-json\/wp\/v2\/material?post=508"},{"taxonomy":"process","embeddable":true,"href":"https:\/\/www.bluelakechem.com\/tr\/wp-json\/wp\/v2\/process?post=508"},{"taxonomy":"product_brand","embeddable":true,"href":"https:\/\/www.bluelakechem.com\/tr\/wp-json\/wp\/v2\/product_brand?post=508"},{"taxonomy":"product_cat","embeddable":true,"href":"https:\/\/www.bluelakechem.com\/tr\/wp-json\/wp\/v2\/product_cat?post=508"},{"taxonomy":"product_tag","embeddable":true,"href":"https:\/\/www.bluelakechem.com\/tr\/wp-json\/wp\/v2\/product_tag?post=508"}],"curies":[{"name":"wp","href":"https:\/\/api.w.org\/{rel}","templated":true}]}}