{"id":517,"date":"2024-11-28T07:01:45","date_gmt":"2024-11-28T07:01:45","guid":{"rendered":"https:\/\/www.bluelakechem.com\/?post_type=product&#038;p=517"},"modified":"2025-01-17T11:08:25","modified_gmt":"2025-01-17T11:08:25","slug":"sequestering-agent","status":"publish","type":"product","link":"https:\/\/www.bluelakechem.com\/tr\/product\/sequestering-agent\/","title":{"rendered":"Kuma\u015f Boyama Yard\u0131mc\u0131lar\u0131 \u0130\u00e7in Sekestre Edici Ajan Tekstil Kimyasallar\u0131"},"content":{"rendered":"<div class=\"wp-block-columns is-layout-flex wp-container-core-columns-is-layout-9d6595d7 wp-block-columns-is-layout-flex\">\n<div class=\"wp-block-column is-layout-flow wp-block-column-is-layout-flow\" style=\"flex-basis:50%\">\n<h2 class=\"wp-block-heading\">Sekestre Edici Ajan \u00d6zellikleri:<\/h2>\n\n\n\n<p><strong>Y\u00fcksek Verimli \u015eelasyon<\/strong>: \u00c7ok \u00e7e\u015fitli yayg\u0131n metal iyonlar\u0131n\u0131 etkili bir \u015fekilde tutarak tekstil i\u015flemede metalik safs\u0131zl\u0131klardan kaynaklanan parazitleri \u00f6nler.<\/p>\n\n\n\n<p><strong>Su Kalitesi Etkisini \u0130yile\u015ftirir<\/strong>: Su kalitesinin ovma, a\u011fartma, boyama, bask\u0131, sabunlama ve terbiye gibi prosesler \u00fczerindeki olumsuz etkilerini azaltarak daha tutarl\u0131 sonu\u00e7lar elde edilmesini sa\u011flar.<\/p>\n\n\n\n<p><strong>Boyalar \u00dczerinde Dispersiyon Etkisi<\/strong>: Boyalar\u0131n daha e\u015fit da\u011f\u0131lmas\u0131na yard\u0131mc\u0131 olur, boya al\u0131m\u0131n\u0131 ve kuma\u015f \u00fczerindeki genel renk homojenli\u011fini iyile\u015ftirir.<\/p>\n\n\n\n<p><strong>Geli\u015ftirilmi\u015f \u0130\u015fleme Kararl\u0131l\u0131\u011f\u0131<\/strong>: Metal kaynakl\u0131 sorunlar\u0131 azaltarak s\u00fcre\u00e7leri stabilize eder, daha \u00f6ng\u00f6r\u00fclebilir ve kontroll\u00fc tekstil i\u015flemlerine olanak tan\u0131r.<\/p>\n<\/div>\n\n\n\n<div class=\"wp-block-column is-layout-flow wp-block-column-is-layout-flow\" style=\"flex-basis:50%\">\n<figure class=\"wp-block-embed is-type-video is-provider-youtube wp-block-embed-youtube wp-embed-aspect-16-9 wp-has-aspect-ratio\"><div class=\"wp-block-embed__wrapper\">\n<iframe title=\"Tekstil Kimyasallar\u0131 | Tutucu ve Da\u011f\u0131t\u0131c\u0131 Ajan11032 | Suyu Daha \u0130yi Yumu\u015fat\u0131r\" width=\"500\" height=\"281\" src=\"https:\/\/www.youtube.com\/embed\/QJTGL-3-IQ8?feature=oembed\" frameborder=\"0\" allow=\"accelerometer; autoplay; clipboard-write; encrypted-media; gyroscope; picture-in-picture; web-share\" referrerpolicy=\"strict-origin-when-cross-origin\" allowfullscreen><\/iframe>\n<\/div><\/figure>\n<\/div>\n<\/div>\n\n\n\n<div class=\"wp-block-columns is-layout-flex wp-container-core-columns-is-layout-9d6595d7 wp-block-columns-is-layout-flex\">\n<div class=\"wp-block-column is-layout-flow wp-block-column-is-layout-flow\">\n<figure class=\"wp-block-image size-full is-style-default\"><img decoding=\"async\" width=\"800\" height=\"600\" src=\"https:\/\/www.bluelakechem.com\/wp-content\/uploads\/2024\/11\/sequestering-agent-1.webp\" alt=\"sekestre edici ajan\" class=\"wp-image-522\" srcset=\"https:\/\/www.bluelakechem.com\/wp-content\/uploads\/2024\/11\/sequestering-agent-1.webp 800w, https:\/\/www.bluelakechem.com\/wp-content\/uploads\/2024\/11\/sequestering-agent-1-300x225.webp 300w, https:\/\/www.bluelakechem.com\/wp-content\/uploads\/2024\/11\/sequestering-agent-1-768x576.webp 768w, https:\/\/www.bluelakechem.com\/wp-content\/uploads\/2024\/11\/sequestering-agent-1-600x450.webp 600w\" sizes=\"(max-width: 800px) 100vw, 800px\" \/><\/figure>\n<\/div>\n\n\n\n<div class=\"wp-block-column is-vertically-aligned-center is-layout-flow wp-block-column-is-layout-flow\">\n<h3 class=\"wp-block-heading\">Ajan Uygulamalar\u0131na El Koyma:<\/h3>\n\n\n\n<p><strong>Boyama ve Bask\u0131<\/strong>: Kuma\u015f boyama ve bask\u0131 i\u00e7in gereklidir, boya al\u0131m\u0131n\u0131, renk homojenli\u011fini iyile\u015ftirir ve sudaki metal kontaminasyonundan kaynaklanan renk de\u011fi\u015fimini \u00f6nler.<\/p>\n\n\n\n<p><strong>Ovma ve A\u011fartma<\/strong>: Aksi takdirde temizleme ve beyazlatma etkilerinin homojenli\u011fini bozabilecek metal iyonlar\u0131n\u0131 n\u00f6tralize ederek ovma ve a\u011fartma i\u015flemlerine yard\u0131mc\u0131 olur.<\/p>\n\n\n\n<p><strong>Bitirme<\/strong>: Terbiye i\u015flemlerinde istenmeyen metal komplekslerinin olu\u015fumunu \u00f6nlemek ve kuma\u015f\u0131n nihai kalitesini artt\u0131rmak i\u00e7in kullan\u0131l\u0131r.<\/p>\n<\/div>\n<\/div>\n\n\n\n<p><\/p>","protected":false},"excerpt":{"rendered":"<p>Y\u00fcksek verimli metal iyonu tutucu ajan, her t\u00fcrl\u00fc yayg\u0131n metal iyonunu etkili bir \u015fekilde \u015felatlayabilir, su kalitesinin ovma, a\u011fartma, boyama, bask\u0131, sabunlama ve terbiye vb. \u00fczerindeki etkilerini azaltabilir ve ayr\u0131ca boyalar \u00fczerinde da\u011f\u0131t\u0131c\u0131 bir etkiye sahiptir.<\/p>\n<p><strong>Model No. <\/strong>11032<\/p>","protected":false},"featured_media":1426,"comment_status":"closed","ping_status":"closed","template":"","meta":{"_acf_changed":false},"material":[26,27,28,29,30,31,32,33,34],"process":[20,21],"product_brand":[],"product_cat":[15],"product_tag":[],"class_list":{"0":"post-517","1":"product","2":"type-product","3":"status-publish","4":"has-post-thumbnail","6":"material-cotton-agent","7":"material-polyester-chemicals","8":"material-nylon-agent","9":"material-acrylic-chemicals","10":"material-viscose-chemicals","11":"material-wool-auxiliary","12":"material-linen-chemicals","13":"material-silk-chemicals","14":"material-fabric-chemicals","15":"process-dyeing-auxiliaries","16":"process-sequestering-agent","17":"product_cat-uncategorized","19":"first","20":"instock","21":"shipping-taxable","22":"product-type-simple"},"acf":[],"_links":{"self":[{"href":"https:\/\/www.bluelakechem.com\/tr\/wp-json\/wp\/v2\/product\/517","targetHints":{"allow":["GET"]}}],"collection":[{"href":"https:\/\/www.bluelakechem.com\/tr\/wp-json\/wp\/v2\/product"}],"about":[{"href":"https:\/\/www.bluelakechem.com\/tr\/wp-json\/wp\/v2\/types\/product"}],"replies":[{"embeddable":true,"href":"https:\/\/www.bluelakechem.com\/tr\/wp-json\/wp\/v2\/comments?post=517"}],"wp:featuredmedia":[{"embeddable":true,"href":"https:\/\/www.bluelakechem.com\/tr\/wp-json\/wp\/v2\/media\/1426"}],"wp:attachment":[{"href":"https:\/\/www.bluelakechem.com\/tr\/wp-json\/wp\/v2\/media?parent=517"}],"wp:term":[{"taxonomy":"material","embeddable":true,"href":"https:\/\/www.bluelakechem.com\/tr\/wp-json\/wp\/v2\/material?post=517"},{"taxonomy":"process","embeddable":true,"href":"https:\/\/www.bluelakechem.com\/tr\/wp-json\/wp\/v2\/process?post=517"},{"taxonomy":"product_brand","embeddable":true,"href":"https:\/\/www.bluelakechem.com\/tr\/wp-json\/wp\/v2\/product_brand?post=517"},{"taxonomy":"product_cat","embeddable":true,"href":"https:\/\/www.bluelakechem.com\/tr\/wp-json\/wp\/v2\/product_cat?post=517"},{"taxonomy":"product_tag","embeddable":true,"href":"https:\/\/www.bluelakechem.com\/tr\/wp-json\/wp\/v2\/product_tag?post=517"}],"curies":[{"name":"wp","href":"https:\/\/api.w.org\/{rel}","templated":true}]}}