{"id":525,"date":"2024-11-28T07:56:55","date_gmt":"2024-11-28T07:56:55","guid":{"rendered":"https:\/\/www.bluelakechem.com\/?post_type=product&#038;p=525"},"modified":"2025-01-17T11:16:50","modified_gmt":"2025-01-17T11:16:50","slug":"leveling-agent","status":"publish","type":"product","link":"https:\/\/www.bluelakechem.com\/tr\/product\/leveling-agent\/","title":{"rendered":"Pamuklu Kuma\u015flar \u0130\u00e7in Tesviye Maddesi Boyama Yard\u0131mc\u0131lar\u0131"},"content":{"rendered":"<div class=\"wp-block-columns is-layout-flex wp-container-core-columns-is-layout-9d6595d7 wp-block-columns-is-layout-flex\">\n<div class=\"wp-block-column is-layout-flow wp-block-column-is-layout-flow\" style=\"flex-basis:50%\">\n<h2 class=\"wp-block-heading\">Tesviye Ajan\u0131 \u00d6zellikleri:<\/h2>\n\n\n\n<p><strong>Y\u00fcksek Verimli Tesviye<\/strong>: Pamuklu kuma\u015flar i\u00e7in \u00f6zel olarak tasarlanm\u0131\u015f bu dengeleyici madde, boya da\u011f\u0131l\u0131m\u0131n\u0131 iyile\u015ftirerek kuma\u015f boyunca e\u015fit uygulama sa\u011flar.<\/p>\n\n\n\n<p><strong>Metal \u0130yonlar\u0131n\u0131 Tutar<\/strong>: Boya banyosundaki metal iyonlar\u0131n\u0131 etkili bir \u015fekilde n\u00f6tralize ederek istenmeyen reaksiyonlar\u0131 \u00f6nler ve tutarl\u0131 boyama sonu\u00e7lar\u0131 sa\u011flar.<\/p>\n\n\n\n<p><strong>Boyama Banyosu Stabilitesi<\/strong>: Boyama banyosunun stabilitesini koruyarak daha uzun i\u015flem s\u00fcrelerine ve daha d\u00fczg\u00fcn boyamaya olanak sa\u011flar.<\/p>\n\n\n\n<p><strong>Direkt ve Reaktif Boyalar\u0131n Ba\u015far\u0131l\u0131 Boyanmas\u0131<\/strong>: Hem direkt boyalar\u0131 hem de reaktif boyalar\u0131 destekleyerek boyama i\u015fleminde ba\u015far\u0131l\u0131 ve tutarl\u0131 sonu\u00e7lar elde edilmesini sa\u011flar.<\/p>\n\n\n\n<h3 class=\"wp-block-heading\">Tesviye Maddesi Uygulamalar\u0131:<\/h3>\n\n\n\n<p><strong>Pamuklu Kuma\u015f Boyama<\/strong>: Pamuklu kuma\u015flar\u0131n boyanmas\u0131 i\u00e7in idealdir, renk homojenli\u011fini artt\u0131r\u0131r ve \u00e7izgileri veya d\u00fczensiz boya da\u011f\u0131l\u0131m\u0131n\u0131 \u00f6nler.<\/p>\n\n\n\n<p><strong>Direkt ve Reaktif Boyalar<\/strong>: Direkt ve reaktif boyalar da dahil olmak \u00fczere \u00e7e\u015fitli boya t\u00fcrleriyle kullan\u0131ma uygundur ve y\u00fcksek kaliteli sonu\u00e7lar sa\u011flar.<\/p>\n\n\n\n<p><strong>Boyama Banyosu Kontrol\u00fc<\/strong>: Boya banyosunu stabilize ederek boyama i\u015fleminin sorunsuz ve kesintisiz \u00e7al\u0131\u015fmas\u0131n\u0131, e\u015fit ve canl\u0131 renkler elde edilmesini sa\u011flar.<\/p>\n<\/div>\n\n\n\n<div class=\"wp-block-column is-layout-flow wp-block-column-is-layout-flow\" style=\"flex-basis:50%\">\n<figure class=\"wp-block-image size-full\"><img decoding=\"async\" width=\"612\" height=\"408\" src=\"https:\/\/www.bluelakechem.com\/wp-content\/uploads\/2024\/11\/leveling-agent-2.webp\" alt=\"tesviye maddesi \" class=\"wp-image-527\" srcset=\"https:\/\/www.bluelakechem.com\/wp-content\/uploads\/2024\/11\/leveling-agent-2.webp 612w, https:\/\/www.bluelakechem.com\/wp-content\/uploads\/2024\/11\/leveling-agent-2-300x200.webp 300w, https:\/\/www.bluelakechem.com\/wp-content\/uploads\/2024\/11\/leveling-agent-2-600x400.webp 600w\" sizes=\"(max-width: 612px) 100vw, 612px\" \/><\/figure>\n<\/div>\n<\/div>","protected":false},"excerpt":{"rendered":"<p>Pamuk i\u00e7in y\u00fcksek verimli tesviye maddesi, boyalar\u0131n da\u011f\u0131l\u0131m\u0131n\u0131 etkili bir \u015fekilde art\u0131rabilir, metal iyonlar\u0131n\u0131 tutabilir, boyama banyosunun stabilitesini koruyabilir, direkt boyalar\u0131n ve reaktif boyalar\u0131n boyanmas\u0131n\u0131 ba\u015far\u0131l\u0131 hale getirebilir ve e\u015fit boyama elde edebilir.<\/p>\n<p><strong>Model No. <\/strong>22005<\/p>","protected":false},"featured_media":1428,"comment_status":"closed","ping_status":"closed","template":"","meta":{"_acf_changed":false},"material":[26],"process":[20,38],"product_brand":[],"product_cat":[15],"product_tag":[],"class_list":{"0":"post-525","1":"product","2":"type-product","3":"status-publish","4":"has-post-thumbnail","6":"material-cotton-agent","7":"process-dyeing-auxiliaries","8":"process-disperse-leveling-agent","9":"product_cat-uncategorized","11":"first","12":"instock","13":"shipping-taxable","14":"product-type-simple"},"acf":[],"_links":{"self":[{"href":"https:\/\/www.bluelakechem.com\/tr\/wp-json\/wp\/v2\/product\/525","targetHints":{"allow":["GET"]}}],"collection":[{"href":"https:\/\/www.bluelakechem.com\/tr\/wp-json\/wp\/v2\/product"}],"about":[{"href":"https:\/\/www.bluelakechem.com\/tr\/wp-json\/wp\/v2\/types\/product"}],"replies":[{"embeddable":true,"href":"https:\/\/www.bluelakechem.com\/tr\/wp-json\/wp\/v2\/comments?post=525"}],"wp:featuredmedia":[{"embeddable":true,"href":"https:\/\/www.bluelakechem.com\/tr\/wp-json\/wp\/v2\/media\/1428"}],"wp:attachment":[{"href":"https:\/\/www.bluelakechem.com\/tr\/wp-json\/wp\/v2\/media?parent=525"}],"wp:term":[{"taxonomy":"material","embeddable":true,"href":"https:\/\/www.bluelakechem.com\/tr\/wp-json\/wp\/v2\/material?post=525"},{"taxonomy":"process","embeddable":true,"href":"https:\/\/www.bluelakechem.com\/tr\/wp-json\/wp\/v2\/process?post=525"},{"taxonomy":"product_brand","embeddable":true,"href":"https:\/\/www.bluelakechem.com\/tr\/wp-json\/wp\/v2\/product_brand?post=525"},{"taxonomy":"product_cat","embeddable":true,"href":"https:\/\/www.bluelakechem.com\/tr\/wp-json\/wp\/v2\/product_cat?post=525"},{"taxonomy":"product_tag","embeddable":true,"href":"https:\/\/www.bluelakechem.com\/tr\/wp-json\/wp\/v2\/product_tag?post=525"}],"curies":[{"name":"wp","href":"https:\/\/api.w.org\/{rel}","templated":true}]}}