{"id":614,"date":"2024-11-28T13:04:18","date_gmt":"2024-11-28T13:04:18","guid":{"rendered":"https:\/\/www.bluelakechem.com\/?post_type=product&#038;p=614"},"modified":"2025-06-05T08:04:08","modified_gmt":"2025-06-05T08:04:08","slug":"soaping-agent","status":"publish","type":"product","link":"https:\/\/www.bluelakechem.com\/tr\/product\/soaping-agent\/","title":{"rendered":"Sabunlama Maddesi Pamuklu Kuma\u015f Boyama Yard\u0131mc\u0131lar\u0131 i\u00e7in Tekstil Kimyasallar\u0131"},"content":{"rendered":"<figure class=\"wp-block-embed is-type-video is-provider-youtube wp-block-embed-youtube wp-embed-aspect-16-9 wp-has-aspect-ratio\"><div class=\"wp-block-embed__wrapper\">\n<iframe title=\"Save One Bath Water &amp; Save One Hour! Soaping Cost Is Halved! Reduce Secondary Pollution.\" width=\"500\" height=\"281\" src=\"https:\/\/www.youtube.com\/embed\/iG2EMrzW0gA?feature=oembed\" frameborder=\"0\" allow=\"accelerometer; autoplay; clipboard-write; encrypted-media; gyroscope; picture-in-picture; web-share\" referrerpolicy=\"strict-origin-when-cross-origin\" allowfullscreen><\/iframe>\n<\/div><\/figure>\n\n\n\n<div class=\"wp-block-columns is-layout-flex wp-container-core-columns-is-layout-9d6595d7 wp-block-columns-is-layout-flex\">\n<div class=\"wp-block-column is-layout-flow wp-block-column-is-layout-flow\" style=\"flex-basis:50%\">\n<h2 class=\"wp-block-heading\">Soaping Agent Features:<\/h2>\n\n\n\n<p><strong>Prevents Back-Staining<\/strong>: Effectively prevents back-staining from direct and reactive dyes, ensuring even dyeing results.<\/p>\n\n\n\n<p><strong>Prevents Tarnishing<\/strong>: Prevents fabric tarnishing and fading during the washing process after printing, maintaining the fabric\u2019s original brightness.<\/p>\n\n\n\n<p><strong>Renk Hasl\u0131\u011f\u0131n\u0131 Art\u0131r\u0131r<\/strong>: Significantly enhances washing color fastness, keeping the colors vibrant and long-lasting.<\/p>\n\n\n\n<p><strong>\u00c7ok Y\u00f6nl\u00fc Uygulama<\/strong>: Specifically designed for cellulose fibers such as cotton, improving dyeing performance.<\/p>\n\n\n\n<p><strong>Eco-friendly and Safe<\/strong>: Made with non-harmful chemical components that comply with environmental standards, ensuring safe use.<\/p>\n\n\n\n<h2 class=\"wp-block-heading\">Soaping Agent Properties\uff1a<\/h2>\n\n\n\n<figure class=\"wp-block-table\"><table class=\"has-fixed-layout\"><tbody><tr><td>G\u00f6r\u00fcn\u00fc\u015f:<\/td><td>Beyaz toz<\/td><\/tr><tr><td>\u0130yoniklik:<\/td><td>Noniyonik<\/td><\/tr><tr><td>pH de\u011feri:<\/td><td>12.0\u00b11.0 (1% aqueous solution)<\/td><\/tr><tr><td>\u00c7\u00f6z\u00fcn\u00fcrl\u00fck:<\/td><td>Suda \u00e7\u00f6z\u00fcn\u00fcr<\/td><\/tr><\/tbody><\/table><\/figure>\n<\/div>\n\n\n\n<div class=\"wp-block-column is-layout-flow wp-block-column-is-layout-flow\" style=\"flex-basis:50%\">\n<h2 class=\"wp-block-heading\">Soaping Agent Applications:<\/h2>\n\n\n\n<p><strong>Pamuklu Kuma\u015f Boyama<\/strong>: Ideal for dyeing cotton and other cellulose-based fabrics, enhancing dyeing results.<\/p>\n\n\n\n<p><strong>Post-Printing Wash: <\/strong>Perfect for washing after fabric printing, preventing fading and damage.<strong>I<\/strong><\/p>\n\n\n\n<p><strong>ndustrial Dyeing<\/strong>: Widely used in textile mills, dyeing, and finishing factories for large-scale dyeing treatments.<\/p>\n\n\n\n<p><strong>High-Quality Dyeing<\/strong>: Suitable for high-end dyeing processes, ensuring fabrics retain their vibrant color and stability.<\/p>\n\n\n\n<h2 class=\"wp-block-heading\">Soaping Agent Instruction\uff1aReference dosage:<\/h2>\n\n\n\n<p>Light color: 0.2~0.3 g\/L, 85~95\u2103\u00d710~15min<\/p>\n\n\n\n<p>Medium color: 0.4~0.5 g\/L, 85~95\u2103\u00d710~15min<\/p>\n\n\n\n<p>Dark color: 0.6~0.8 g\/L, 85~95\u2103\u00d710~15min<\/p>\n<\/div>\n<\/div>","protected":false},"excerpt":{"rendered":"<p>Sel\u00fcloz elyaflar i\u00e7in bir sabunlama maddesi, direkt ve reaktif boyalar\u0131n geri lekelenmesini \u00f6nleyebilir, bask\u0131dan sonra y\u0131kama i\u015fleminde kararmay\u0131 \u00f6nleyebilir ve y\u0131kama renk hasl\u0131\u011f\u0131n\u0131 ve boyaman\u0131n parlakl\u0131\u011f\u0131n\u0131 art\u0131rabilir.<\/p>\n<p><strong>Model No. <\/strong>23111<\/p>\n<p><img decoding=\"async\" class=\"alignnone wp-image-2311 size-full\" src=\"https:\/\/www.bluelakechem.com\/wp-content\/uploads\/2024\/11\/Non-phosphate-Foamless-Soaping-Powder-23111.webp\" alt=\"Fosfats\u0131z ve K\u00f6p\u00fcks\u00fcz Sabun Tozu\" width=\"2256\" height=\"1181\" srcset=\"https:\/\/www.bluelakechem.com\/wp-content\/uploads\/2024\/11\/Non-phosphate-Foamless-Soaping-Powder-23111.webp 2256w, https:\/\/www.bluelakechem.com\/wp-content\/uploads\/2024\/11\/Non-phosphate-Foamless-Soaping-Powder-23111-300x157.webp 300w, https:\/\/www.bluelakechem.com\/wp-content\/uploads\/2024\/11\/Non-phosphate-Foamless-Soaping-Powder-23111-768x402.webp 768w, https:\/\/www.bluelakechem.com\/wp-content\/uploads\/2024\/11\/Non-phosphate-Foamless-Soaping-Powder-23111-18x9.webp 18w, https:\/\/www.bluelakechem.com\/wp-content\/uploads\/2024\/11\/Non-phosphate-Foamless-Soaping-Powder-23111-1200x628.webp 1200w, https:\/\/www.bluelakechem.com\/wp-content\/uploads\/2024\/11\/Non-phosphate-Foamless-Soaping-Powder-23111-600x314.webp 600w\" sizes=\"(max-width: 2256px) 100vw, 2256px\" \/><\/p>","protected":false},"featured_media":1429,"comment_status":"closed","ping_status":"closed","template":"","meta":{"_acf_changed":false},"material":[26,30,32],"process":[20,40],"product_brand":[],"product_cat":[15],"product_tag":[],"class_list":{"0":"post-614","1":"product","2":"type-product","3":"status-publish","4":"has-post-thumbnail","6":"material-cotton-agent","7":"material-viscose-chemicals","8":"material-linen-chemicals","9":"process-dyeing-auxiliaries","10":"process-soaping-agent","11":"product_cat-uncategorized","13":"first","14":"instock","15":"shipping-taxable","16":"product-type-simple"},"acf":[],"_links":{"self":[{"href":"https:\/\/www.bluelakechem.com\/tr\/wp-json\/wp\/v2\/product\/614","targetHints":{"allow":["GET"]}}],"collection":[{"href":"https:\/\/www.bluelakechem.com\/tr\/wp-json\/wp\/v2\/product"}],"about":[{"href":"https:\/\/www.bluelakechem.com\/tr\/wp-json\/wp\/v2\/types\/product"}],"replies":[{"embeddable":true,"href":"https:\/\/www.bluelakechem.com\/tr\/wp-json\/wp\/v2\/comments?post=614"}],"wp:featuredmedia":[{"embeddable":true,"href":"https:\/\/www.bluelakechem.com\/tr\/wp-json\/wp\/v2\/media\/1429"}],"wp:attachment":[{"href":"https:\/\/www.bluelakechem.com\/tr\/wp-json\/wp\/v2\/media?parent=614"}],"wp:term":[{"taxonomy":"material","embeddable":true,"href":"https:\/\/www.bluelakechem.com\/tr\/wp-json\/wp\/v2\/material?post=614"},{"taxonomy":"process","embeddable":true,"href":"https:\/\/www.bluelakechem.com\/tr\/wp-json\/wp\/v2\/process?post=614"},{"taxonomy":"product_brand","embeddable":true,"href":"https:\/\/www.bluelakechem.com\/tr\/wp-json\/wp\/v2\/product_brand?post=614"},{"taxonomy":"product_cat","embeddable":true,"href":"https:\/\/www.bluelakechem.com\/tr\/wp-json\/wp\/v2\/product_cat?post=614"},{"taxonomy":"product_tag","embeddable":true,"href":"https:\/\/www.bluelakechem.com\/tr\/wp-json\/wp\/v2\/product_tag?post=614"}],"curies":[{"name":"wp","href":"https:\/\/api.w.org\/{rel}","templated":true}]}}