{"id":631,"date":"2024-11-28T20:09:56","date_gmt":"2024-11-28T20:09:56","guid":{"rendered":"https:\/\/www.bluelakechem.com\/?post_type=product&#038;p=631"},"modified":"2025-10-09T10:30:22","modified_gmt":"2025-10-09T10:30:22","slug":"anti-creasing-agent","status":"publish","type":"product","link":"https:\/\/www.bluelakechem.com\/tr\/product\/anti-creasing-agent\/","title":{"rendered":"Banyo K\u0131r\u0131\u015f\u0131k \u00d6nleyici, Pamuk i\u00e7in Yumu\u015fat\u0131c\u0131, Kuma\u015f i\u00e7in Yumu\u015fakl\u0131k ve Hidrofilite"},"content":{"rendered":"<div class=\"wp-block-columns is-layout-flex wp-container-core-columns-is-layout-9d6595d7 wp-block-columns-is-layout-flex\">\n<div class=\"wp-block-column is-layout-flow wp-block-column-is-layout-flow\" style=\"flex-basis:50%\">\n<h2 class=\"wp-block-heading\">Banyo K\u0131r\u0131\u015f\u0131kl\u0131k Giderici \u00d6zellikler:<\/h2>\n\n\n\n<p><strong>Tek Banyoda K\u0131r\u0131\u015f\u0131kl\u0131k Giderici ve Yumu\u015fat\u0131c\u0131: <\/strong>Ek yumu\u015fatma ad\u0131mlar\u0131na gerek kalmadan do\u011frudan a\u011fartma, boyama veya sabunlama banyolar\u0131nda kullan\u0131labilir. A\u011f\u0131r pamuklu kuma\u015flarda (21s ve 26s iplikler gibi) k\u0131r\u0131\u015f\u0131kl\u0131klar\u0131 ve a\u015f\u0131nmalar\u0131 etkili bir \u015fekilde \u00f6nler.<\/p>\n\n\n\n<p><strong>\u00dcst\u00fcn Yumu\u015fakl\u0131k:<\/strong> Ya\u011f asidi ester t\u00fcrevleri ile modifiye edilmi\u015f pamuklu kuma\u015flar daha p\u00fcr\u00fczs\u00fcz bir his ve daha iyi bir d\u00f6k\u00fcml\u00fcl\u00fc\u011fe sahiptir. Geleneksel noniyonik yumu\u015fat\u0131c\u0131lara g\u00f6re daha belirgin bir yumu\u015fatma etkisi sunar.<\/p>\n\n\n\n<p><strong>M\u00fckemmel Hidrofilik: <\/strong>Pamuklu kuma\u015flar\u0131n do\u011fal nem emilimini ve nefes alabilirli\u011fini korur, a\u015f\u0131nma konforunu ve boyama homojenli\u011fini art\u0131r\u0131r. \u00d6n i\u015flem veya sonraki ad\u0131mlar\u0131n sonu\u00e7lar\u0131n\u0131 etkilemez.<\/p>\n\n\n\n<p><strong>G\u00fc\u00e7l\u00fc Tuz ve Alkali Direnci: <\/strong>A\u011fartma, boyama ve sabunlama banyolar\u0131nda kullan\u0131m i\u00e7in kararl\u0131d\u0131r. Son derece uyarlanabilir, genel proses performans\u0131n\u0131 etkilemez.<\/p>\n\n\n\n<p><strong>\u00c7evre Dostu Form\u00fcl: <\/strong>APEO ve formaldehit gibi zararl\u0131 maddeler i\u00e7ermez, uluslararas\u0131 tekstil \u00e7evre standartlar\u0131n\u0131 kar\u015f\u0131lar.<\/p>\n<\/div>\n\n\n\n<div class=\"wp-block-column is-layout-flow wp-block-column-is-layout-flow\" style=\"flex-basis:50%\">\n<figure class=\"wp-block-embed is-type-video is-provider-youtube wp-block-embed-youtube wp-embed-aspect-16-9 wp-has-aspect-ratio\"><div class=\"wp-block-embed__wrapper\">\n<iframe title=\"#ekstil kimyasallar\u0131 | Polyester Boyama i\u00e7in gereklidir!#polyester kuma\u015f #a\u015f\u0131y\u0131c\u0131 #amir\" width=\"500\" height=\"281\" src=\"https:\/\/www.youtube.com\/embed\/uFKR3ippJnE?feature=oembed\" frameborder=\"0\" allow=\"accelerometer; autoplay; clipboard-write; encrypted-media; gyroscope; picture-in-picture; web-share\" referrerpolicy=\"strict-origin-when-cross-origin\" allowfullscreen><\/iframe>\n<\/div><\/figure>\n<\/div>\n<\/div>\n\n\n\n<div class=\"wp-block-columns is-layout-flex wp-container-core-columns-is-layout-9d6595d7 wp-block-columns-is-layout-flex\">\n<div class=\"wp-block-column is-layout-flow wp-block-column-is-layout-flow\">\n<figure class=\"wp-block-image size-full is-style-default\"><img decoding=\"async\" width=\"1200\" height=\"1200\" src=\"https:\/\/www.bluelakechem.com\/wp-content\/uploads\/2024\/11\/anti-creasing-agent-1.webp\" alt=\"buru\u015fma \u00f6nleyici ajan\" class=\"wp-image-634\" srcset=\"https:\/\/www.bluelakechem.com\/wp-content\/uploads\/2024\/11\/anti-creasing-agent-1.webp 1200w, https:\/\/www.bluelakechem.com\/wp-content\/uploads\/2024\/11\/anti-creasing-agent-1-300x300.webp 300w, https:\/\/www.bluelakechem.com\/wp-content\/uploads\/2024\/11\/anti-creasing-agent-1-150x150.webp 150w, https:\/\/www.bluelakechem.com\/wp-content\/uploads\/2024\/11\/anti-creasing-agent-1-768x768.webp 768w, https:\/\/www.bluelakechem.com\/wp-content\/uploads\/2024\/11\/anti-creasing-agent-1-600x600.webp 600w, https:\/\/www.bluelakechem.com\/wp-content\/uploads\/2024\/11\/anti-creasing-agent-1-100x100.webp 100w\" sizes=\"(max-width: 1200px) 100vw, 1200px\" \/><\/figure>\n<\/div>\n\n\n\n<div class=\"wp-block-column is-vertically-aligned-center is-layout-flow wp-block-column-is-layout-flow\">\n<h2 class=\"wp-block-heading\">\u00dcr\u00fcn Detaylar\u0131<\/h2>\n\n\n\n<figure class=\"wp-block-table\"><table><thead><tr><th class=\"has-text-align-left\" data-align=\"left\"><strong>\u00d6\u011fe<\/strong><\/th><th class=\"has-text-align-left\" data-align=\"left\">A\u00e7\u0131klama<\/th><\/tr><\/thead><tbody><tr><td class=\"has-text-align-left\" data-align=\"left\"><strong>G\u00f6r\u00fcn\u00fc\u015f<\/strong><\/td><td class=\"has-text-align-left\" data-align=\"left\">Beyaz ila A\u00e7\u0131k Sar\u0131 S\u0131v\u0131<\/td><\/tr><tr><td class=\"has-text-align-left\" data-align=\"left\"><strong>\u0130yoniklik<\/strong><\/td><td class=\"has-text-align-left\" data-align=\"left\">Zay\u0131f Katyonik<\/td><\/tr><tr><td class=\"has-text-align-left\" data-align=\"left\"><strong>pH (1% \u00c7\u00f6zeltisi)<\/strong><\/td><td class=\"has-text-align-left\" data-align=\"left\">6.0 \u00b1 1.0<\/td><\/tr><tr><td class=\"has-text-align-left\" data-align=\"left\"><strong>\u00c7\u00f6z\u00fcn\u00fcrl\u00fck<\/strong><\/td><td class=\"has-text-align-left\" data-align=\"left\">Suda \u00c7\u00f6z\u00fcn\u00fcr<\/td><\/tr><tr><td class=\"has-text-align-left\" data-align=\"left\"><strong>Uygun Kuma\u015f<\/strong><\/td><td class=\"has-text-align-left\" data-align=\"left\">Pamuk, \u00f6zellikle kal\u0131n ve a\u011f\u0131r pamuklu kuma\u015flar<\/td><\/tr><tr><td class=\"has-text-align-left\" data-align=\"left\"><strong>\u00d6nerilen Dozaj<\/strong><\/td><td class=\"has-text-align-left\" data-align=\"left\">1-3% (o.w.f) a\u011fartma, boyama veya sabunlama banyosu i\u00e7in<\/td><\/tr><\/tbody><\/table><\/figure>\n\n\n\n<h2 class=\"wp-block-heading\">K\u0131r\u0131\u015fmay\u0131 \u00d6nleyici Ajan Uygulamalar\u0131:<\/h2>\n\n\n\n<p><strong>Pamuklu Kuma\u015f Boyama<\/strong>: Pamuklu kuma\u015flar i\u00e7in, \u00f6zellikle y\u00fcksek a\u011f\u0131rl\u0131kl\u0131, kal\u0131n malzemelerin boyanmas\u0131 s\u0131ras\u0131nda idealdir.<\/p>\n\n\n\n<p><strong>Tekstil \u0130\u015fleme<\/strong>: Islak i\u015flem a\u015famalar\u0131nda kullan\u0131m i\u00e7in m\u00fckemmeldir, kuma\u015f d\u00fczg\u00fcnl\u00fc\u011f\u00fcn\u00fc ve kullan\u0131m\u0131n\u0131 iyile\u015ftirmeye yard\u0131mc\u0131 olur.<\/p>\n\n\n\n<p><strong>A\u011f\u0131r Kuma\u015flar<\/strong>: \u00d6zellikle k\u0131r\u0131\u015fmaya ve y\u00fczey hasar\u0131na e\u011filimli kal\u0131n, a\u011f\u0131r tekstiller i\u00e7in etkilidir.<\/p>\n\n\n\n<p><strong>End\u00fcstriyel Boyama ve Apre<\/strong>: B\u00fcy\u00fck \u00f6l\u00e7ekli tekstil \u00fcretiminde kuma\u015f kalitesini art\u0131rmak ve i\u015fleme hatalar\u0131n\u0131 azaltmak i\u00e7in yayg\u0131n olarak kullan\u0131l\u0131r.<\/p>\n<\/div>\n<\/div>\n\n\n\n<p><\/p>","protected":false},"excerpt":{"rendered":"<p>BLUELAKECHEM 32146, k\u0131r\u0131\u015f\u0131k \u00f6nleyici ve yumu\u015fat\u0131c\u0131 i\u015flevlerini birle\u015ftiren olduk\u00e7a etkili bir \u00fcr\u00fcnd\u00fcr. Islak i\u015flem s\u0131ras\u0131nda kuma\u015f kayganl\u0131\u011f\u0131n\u0131 art\u0131r\u0131r ve a\u011f\u0131r kuma\u015flardaki k\u0131r\u0131\u015f\u0131kl\u0131klar\u0131, \u00e7izikleri ve renk de\u011fi\u015fimlerini giderir.<\/p>\n<p><strong>Model No. <\/strong>32146<\/p>","protected":false},"featured_media":1425,"comment_status":"closed","ping_status":"closed","template":"","meta":{"_acf_changed":false},"material":[26,30],"process":[20,22],"product_brand":[],"product_cat":[15],"product_tag":[],"class_list":{"0":"post-631","1":"product","2":"type-product","3":"status-publish","4":"has-post-thumbnail","6":"material-cotton-agent","7":"material-viscose-chemicals","8":"process-dyeing-auxiliaries","9":"process-anti-creasing-agent","10":"product_cat-uncategorized","12":"first","13":"instock","14":"shipping-taxable","15":"product-type-simple"},"acf":[],"_links":{"self":[{"href":"https:\/\/www.bluelakechem.com\/tr\/wp-json\/wp\/v2\/product\/631","targetHints":{"allow":["GET"]}}],"collection":[{"href":"https:\/\/www.bluelakechem.com\/tr\/wp-json\/wp\/v2\/product"}],"about":[{"href":"https:\/\/www.bluelakechem.com\/tr\/wp-json\/wp\/v2\/types\/product"}],"replies":[{"embeddable":true,"href":"https:\/\/www.bluelakechem.com\/tr\/wp-json\/wp\/v2\/comments?post=631"}],"wp:featuredmedia":[{"embeddable":true,"href":"https:\/\/www.bluelakechem.com\/tr\/wp-json\/wp\/v2\/media\/1425"}],"wp:attachment":[{"href":"https:\/\/www.bluelakechem.com\/tr\/wp-json\/wp\/v2\/media?parent=631"}],"wp:term":[{"taxonomy":"material","embeddable":true,"href":"https:\/\/www.bluelakechem.com\/tr\/wp-json\/wp\/v2\/material?post=631"},{"taxonomy":"process","embeddable":true,"href":"https:\/\/www.bluelakechem.com\/tr\/wp-json\/wp\/v2\/process?post=631"},{"taxonomy":"product_brand","embeddable":true,"href":"https:\/\/www.bluelakechem.com\/tr\/wp-json\/wp\/v2\/product_brand?post=631"},{"taxonomy":"product_cat","embeddable":true,"href":"https:\/\/www.bluelakechem.com\/tr\/wp-json\/wp\/v2\/product_cat?post=631"},{"taxonomy":"product_tag","embeddable":true,"href":"https:\/\/www.bluelakechem.com\/tr\/wp-json\/wp\/v2\/product_tag?post=631"}],"curies":[{"name":"wp","href":"https:\/\/api.w.org\/{rel}","templated":true}]}}