{"id":635,"date":"2024-11-28T20:54:28","date_gmt":"2024-11-28T20:54:28","guid":{"rendered":"https:\/\/www.bluelakechem.com\/?post_type=product&#038;p=635"},"modified":"2025-01-17T11:21:33","modified_gmt":"2025-01-17T11:21:33","slug":"china-non-formaldehyde-fixing-agent","status":"publish","type":"product","link":"https:\/\/www.bluelakechem.com\/tr\/product\/china-non-formaldehyde-fixing-agent\/","title":{"rendered":"\u00c7in Pamuklu Kuma\u015f \u0130\u00e7in Formaldehit Olmayan Sabitleme Maddesi Tekstil Kimyasallar\u0131"},"content":{"rendered":"<div class=\"wp-block-columns is-layout-flex wp-container-core-columns-is-layout-9d6595d7 wp-block-columns-is-layout-flex\">\n<div class=\"wp-block-column is-layout-flow wp-block-column-is-layout-flow\" style=\"flex-basis:50%\">\n<h2 class=\"wp-block-heading\">\u00c7in Formaldehit Olmayan Sabitleme Maddesi \u00d6zellikler:<\/h2>\n\n\n\n<p><strong>Formaldehit \u0130\u00e7ermeyen<\/strong>: Geleneksel sabitleme maddelerine g\u00fcvenli ve \u00e7evre dostu bir alternatiftir, formaldehit i\u00e7ermez.<\/p>\n\n\n\n<p><strong>Renk Hasl\u0131\u011f\u0131n\u0131 Art\u0131r\u0131r<\/strong>: Islatma, y\u0131kama, terleme ve \u0131slak s\u00fcrtme hasl\u0131\u011f\u0131 dahil olmak \u00fczere direkt ve reaktif boyalar\u0131n hasl\u0131klar\u0131n\u0131 artt\u0131r\u0131r.<\/p>\n\n\n\n<p><strong>Parlak Renkler i\u00e7in \u0130deal<\/strong>: \u00d6zellikle reaktif parlak k\u0131rm\u0131z\u0131 ve siyah kuma\u015flar i\u00e7in etkilidir, renk stabilitesini sa\u011flar.<\/p>\n\n\n\n<p><strong>Kuma\u015flar i\u00e7in G\u00fcvenli<\/strong>: Pamuk ve di\u011fer lifleri y\u0131kama ve a\u015f\u0131nma s\u0131ras\u0131nda renk solmas\u0131na veya kayb\u0131na kar\u015f\u0131 korur.<\/p>\n\n\n\n<p><strong>Toksik olmayan<\/strong>: Zararl\u0131 kimyasallar i\u00e7ermedi\u011finden hem operat\u00f6rler hem de \u00e7evre i\u00e7in g\u00fcvenlidir.<\/p>\n<\/div>\n\n\n\n<div class=\"wp-block-column is-layout-flow wp-block-column-is-layout-flow\" style=\"flex-basis:50%\">\n<figure class=\"wp-block-embed is-type-video is-provider-youtube wp-block-embed-youtube wp-embed-aspect-16-9 wp-has-aspect-ratio\"><div class=\"wp-block-embed__wrapper\">\n<iframe title=\"\u3010Tekstil Kimyasal\u0131\u3011 Pamuklu Kuma\u015flar\u0131n Solma Sorununa \u00c7evre Dostu Bir \u00c7\u00f6z\u00fcm-23121\" width=\"500\" height=\"281\" src=\"https:\/\/www.youtube.com\/embed\/hPeM1HAjEZ4?feature=oembed\" frameborder=\"0\" allow=\"accelerometer; autoplay; clipboard-write; encrypted-media; gyroscope; picture-in-picture; web-share\" referrerpolicy=\"strict-origin-when-cross-origin\" allowfullscreen><\/iframe>\n<\/div><\/figure>\n<\/div>\n<\/div>\n\n\n\n<div class=\"wp-block-columns is-layout-flex wp-container-core-columns-is-layout-9d6595d7 wp-block-columns-is-layout-flex\">\n<div class=\"wp-block-column is-layout-flow wp-block-column-is-layout-flow\">\n<figure class=\"wp-block-image size-full is-style-default\"><img decoding=\"async\" width=\"1200\" height=\"1000\" src=\"https:\/\/www.bluelakechem.com\/wp-content\/uploads\/2024\/11\/china-non-formaldehyde-fixing-agent2.webp\" alt=\"\u00e7i\u0307n formaldehi\u0307t olmayan sabi\u0307tleme maddesi\u0307\" class=\"wp-image-638\" srcset=\"https:\/\/www.bluelakechem.com\/wp-content\/uploads\/2024\/11\/china-non-formaldehyde-fixing-agent2.webp 1200w, https:\/\/www.bluelakechem.com\/wp-content\/uploads\/2024\/11\/china-non-formaldehyde-fixing-agent2-300x250.webp 300w, https:\/\/www.bluelakechem.com\/wp-content\/uploads\/2024\/11\/china-non-formaldehyde-fixing-agent2-768x640.webp 768w, https:\/\/www.bluelakechem.com\/wp-content\/uploads\/2024\/11\/china-non-formaldehyde-fixing-agent2-600x500.webp 600w\" sizes=\"(max-width: 1200px) 100vw, 1200px\" \/><\/figure>\n<\/div>\n\n\n\n<div class=\"wp-block-column is-vertically-aligned-center is-layout-flow wp-block-column-is-layout-flow\">\n<h2 class=\"wp-block-heading\">\u00c7in Formaldehit Olmayan Sabitleme Maddesi Uygulamalar\u0131:<\/h2>\n\n\n\n<p><strong>Pamuklu Kuma\u015f Boyama<\/strong>: \u00d6zellikle direkt veya reaktif boyalarla boyanm\u0131\u015f pamuklu kuma\u015flar i\u00e7in uygundur.<\/p>\n\n\n\n<p><strong>Reaktif Boyama<\/strong>: Reaktif parlak k\u0131rm\u0131z\u0131 ve siyah kuma\u015flar \u00fczerinde etkili bir \u015fekilde \u00e7al\u0131\u015f\u0131r, renk tutuculu\u011funu art\u0131r\u0131r.<\/p>\n\n\n\n<p><strong>Renk Hasl\u0131\u011f\u0131 \u0130yile\u015ftirme<\/strong>: Geli\u015fmi\u015f y\u0131kama, terleme ve s\u00fcrt\u00fcnme hasl\u0131\u011f\u0131 gerektiren uygulamalar i\u00e7in idealdir.<\/p>\n\n\n\n<p><strong>\u00c7evre Dostu Tekstil \u0130\u015fleme<\/strong>: Formaldehit i\u00e7ermeyen \u00e7\u00f6z\u00fcmler arayan tekstil fabrikalar\u0131 ve \u00fcreticiler i\u00e7in m\u00fckemmeldir.<\/p>\n<\/div>\n<\/div>\n\n\n\n<p><\/p>","protected":false},"excerpt":{"rendered":"<p>Formaldehit i\u00e7ermeyen fiksaj maddesi, \u00f6zellikle reaktif parlak k\u0131rm\u0131z\u0131 ve siyah kuma\u015flar i\u00e7in uygun olan direkt boyalar\u0131n ve reaktif boyalar\u0131n renk hasl\u0131\u011f\u0131n\u0131 (\u0131slatma hasl\u0131\u011f\u0131, y\u0131kama hasl\u0131\u011f\u0131, terleme hasl\u0131\u011f\u0131 \u0131slak s\u00fcrt\u00fcnme hasl\u0131\u011f\u0131 vb.<\/p>\n<p><strong>Model No. <\/strong>23121<\/p>","protected":false},"featured_media":1430,"comment_status":"closed","ping_status":"closed","template":"","meta":{"_acf_changed":false},"material":[26],"process":[23,41],"product_brand":[],"product_cat":[15],"product_tag":[],"class_list":{"0":"post-635","1":"product","2":"type-product","3":"status-publish","4":"has-post-thumbnail","6":"material-cotton-agent","7":"process-textile-finishing-chemicals","8":"process-fixing-agent","9":"product_cat-uncategorized","11":"first","12":"instock","13":"shipping-taxable","14":"product-type-simple"},"acf":[],"_links":{"self":[{"href":"https:\/\/www.bluelakechem.com\/tr\/wp-json\/wp\/v2\/product\/635","targetHints":{"allow":["GET"]}}],"collection":[{"href":"https:\/\/www.bluelakechem.com\/tr\/wp-json\/wp\/v2\/product"}],"about":[{"href":"https:\/\/www.bluelakechem.com\/tr\/wp-json\/wp\/v2\/types\/product"}],"replies":[{"embeddable":true,"href":"https:\/\/www.bluelakechem.com\/tr\/wp-json\/wp\/v2\/comments?post=635"}],"wp:featuredmedia":[{"embeddable":true,"href":"https:\/\/www.bluelakechem.com\/tr\/wp-json\/wp\/v2\/media\/1430"}],"wp:attachment":[{"href":"https:\/\/www.bluelakechem.com\/tr\/wp-json\/wp\/v2\/media?parent=635"}],"wp:term":[{"taxonomy":"material","embeddable":true,"href":"https:\/\/www.bluelakechem.com\/tr\/wp-json\/wp\/v2\/material?post=635"},{"taxonomy":"process","embeddable":true,"href":"https:\/\/www.bluelakechem.com\/tr\/wp-json\/wp\/v2\/process?post=635"},{"taxonomy":"product_brand","embeddable":true,"href":"https:\/\/www.bluelakechem.com\/tr\/wp-json\/wp\/v2\/product_brand?post=635"},{"taxonomy":"product_cat","embeddable":true,"href":"https:\/\/www.bluelakechem.com\/tr\/wp-json\/wp\/v2\/product_cat?post=635"},{"taxonomy":"product_tag","embeddable":true,"href":"https:\/\/www.bluelakechem.com\/tr\/wp-json\/wp\/v2\/product_tag?post=635"}],"curies":[{"name":"wp","href":"https:\/\/api.w.org\/{rel}","templated":true}]}}