{"id":640,"date":"2024-11-28T21:18:28","date_gmt":"2024-11-28T21:18:28","guid":{"rendered":"https:\/\/www.bluelakechem.com\/?post_type=product&#038;p=640"},"modified":"2025-01-17T11:15:29","modified_gmt":"2025-01-17T11:15:29","slug":"fabric-dye-fixing-agent","status":"publish","type":"product","link":"https:\/\/www.bluelakechem.com\/tr\/product\/fabric-dye-fixing-agent\/","title":{"rendered":"Kuma\u015f Boya Sabitleme Maddesi Pamuk Polyester i\u00e7in Tekstil Kimyasallar\u0131"},"content":{"rendered":"<div class=\"wp-block-columns is-layout-flex wp-container-core-columns-is-layout-9d6595d7 wp-block-columns-is-layout-flex\">\n<div class=\"wp-block-column is-layout-flow wp-block-column-is-layout-flow\" style=\"flex-basis:50%\">\n<h2 class=\"wp-block-heading\">Kuma\u015f Boya Sabitleme Maddesi \u00d6zellikleri:<\/h2>\n\n\n\n<p><strong>Pamuk ve Polyester i\u00e7in etkilidir<\/strong>: Pamuk, polyester ve kar\u0131\u015f\u0131ml\u0131 kuma\u015flar i\u00e7in uygundur ve \u00e7e\u015fitli kuma\u015f t\u00fcrlerinde geli\u015fmi\u015f renk hasl\u0131\u011f\u0131 sa\u011flar.<\/p>\n\n\n\n<p><strong>Islatma Hasl\u0131\u011f\u0131n\u0131 \u0130yile\u015ftirir<\/strong>: Kuma\u015flar\u0131n \u0131slatma renk hasl\u0131\u011f\u0131n\u0131 \u00f6nemli \u00f6l\u00e7\u00fcde art\u0131r\u0131r, y\u0131kama veya neme maruz kalma s\u0131ras\u0131nda renk solmas\u0131n\u0131 \u00f6nler.<\/p>\n\n\n\n<p><strong>Di\u011fer Sabitleme Maddeleri ile Uyumlu<\/strong>: Daha y\u00fcksek performans ve optimum sonu\u00e7lar i\u00e7in di\u011fer sabitleme maddeleri ile birlikte kullan\u0131labilir.<\/p>\n\n\n\n<p><strong>\u00c7ok Y\u00f6nl\u00fc Kullan\u0131m<\/strong>: Boyama ve terbiye dahil olmak \u00fczere tekstil \u00fcretiminde \u00e7e\u015fitli uygulamalar i\u00e7in idealdir.<\/p>\n\n\n\n<p><strong>Renk Tutma<\/strong>: Birden fazla y\u0131kamadan sonra bile renklerin canl\u0131 ve sabit kalmas\u0131n\u0131 sa\u011flar.<\/p>\n<\/div>\n\n\n\n<div class=\"wp-block-column is-layout-flow wp-block-column-is-layout-flow\" style=\"flex-basis:50%\">\n<figure class=\"wp-block-embed is-type-video is-provider-youtube wp-block-embed-youtube wp-embed-aspect-16-9 wp-has-aspect-ratio\"><div class=\"wp-block-embed__wrapper\">\n<iframe title=\"Hassas renk ciddi \u015fekilde solarsa ne yapmal\u0131? 1TP5Fabrika1TP5Deney#ekstil 1TP5Kimyasal1TP5Laboratuvar\" width=\"500\" height=\"281\" src=\"https:\/\/www.youtube.com\/embed\/cD0DcNJnZ-Q?feature=oembed\" frameborder=\"0\" allow=\"accelerometer; autoplay; clipboard-write; encrypted-media; gyroscope; picture-in-picture; web-share\" referrerpolicy=\"strict-origin-when-cross-origin\" allowfullscreen><\/iframe>\n<\/div><\/figure>\n<\/div>\n<\/div>\n\n\n\n<div class=\"wp-block-columns is-layout-flex wp-container-core-columns-is-layout-9d6595d7 wp-block-columns-is-layout-flex\">\n<div class=\"wp-block-column is-layout-flow wp-block-column-is-layout-flow\">\n<figure class=\"wp-block-image size-full is-style-default\"><img decoding=\"async\" width=\"1001\" height=\"1001\" src=\"https:\/\/www.bluelakechem.com\/wp-content\/uploads\/2024\/11\/fabric-dye-fixing-agent.webp\" alt=\"kuma\u015f boyas\u0131 sabitleme maddesi\" class=\"wp-image-643\" srcset=\"https:\/\/www.bluelakechem.com\/wp-content\/uploads\/2024\/11\/fabric-dye-fixing-agent.webp 1001w, https:\/\/www.bluelakechem.com\/wp-content\/uploads\/2024\/11\/fabric-dye-fixing-agent-300x300.webp 300w, https:\/\/www.bluelakechem.com\/wp-content\/uploads\/2024\/11\/fabric-dye-fixing-agent-150x150.webp 150w, https:\/\/www.bluelakechem.com\/wp-content\/uploads\/2024\/11\/fabric-dye-fixing-agent-768x768.webp 768w, https:\/\/www.bluelakechem.com\/wp-content\/uploads\/2024\/11\/fabric-dye-fixing-agent-600x600.webp 600w, https:\/\/www.bluelakechem.com\/wp-content\/uploads\/2024\/11\/fabric-dye-fixing-agent-100x100.webp 100w\" sizes=\"(max-width: 1001px) 100vw, 1001px\" \/><\/figure>\n<\/div>\n\n\n\n<div class=\"wp-block-column is-vertically-aligned-center is-layout-flow wp-block-column-is-layout-flow\">\n<h2 class=\"wp-block-heading\">Kuma\u015f Boya Sabitleme Maddesi Uygulamalar\u0131:<\/h2>\n\n\n\n<p><strong>Pamuk ve Polyester Kuma\u015f Boyama<\/strong>: Pamuk, polyester ve kar\u0131\u015f\u0131ml\u0131 kuma\u015flar\u0131n boyanmas\u0131nda kullan\u0131m i\u00e7in m\u00fckemmeldir.<\/p>\n\n\n\n<p><strong>Kar\u0131\u015f\u0131m Kuma\u015flar<\/strong>: Pamuk-polyester kar\u0131\u015f\u0131mlar\u0131n\u0131n renk hasl\u0131\u011f\u0131n\u0131 iyile\u015ftirmek i\u00e7in son derece etkilidir ve tek tip renk tutma sa\u011flar.<\/p>\n\n\n\n<p><strong>Tekstil Boyama ve Terbiye<\/strong>: Kuma\u015f kalitesini ve renk stabilitesini art\u0131rmak i\u00e7in end\u00fcstriyel boyama i\u015flemlerinde yayg\u0131n olarak kullan\u0131l\u0131r.<\/p>\n\n\n\n<p><strong>Geli\u015ftirilmi\u015f Kuma\u015f Dayan\u0131kl\u0131l\u0131\u011f\u0131<\/strong>: Boyal\u0131 kuma\u015flar\u0131n renk yo\u011funlu\u011funu kaybetmeden y\u0131kama ve a\u015f\u0131nmaya dayanmas\u0131n\u0131 sa\u011flamaya yard\u0131mc\u0131 olur.<\/p>\n<\/div>\n<\/div>\n\n\n\n<p><\/p>","protected":false},"excerpt":{"rendered":"<p>Polyester\/pamuk fiksaj maddeleri di\u011fer fiksaj maddeleriyle birlikte kullan\u0131labilir ve pamuk, polyester ve bunlar\u0131n kar\u0131\u015f\u0131mlar\u0131n\u0131n \u0131slatma renk hasl\u0131\u011f\u0131n\u0131 etkili bir \u015fekilde geli\u015ftirir.<\/p>\n<p><strong>Model No.<\/strong>23014<\/p>","protected":false},"featured_media":1427,"comment_status":"closed","ping_status":"closed","template":"","meta":{"_acf_changed":false},"material":[26,27],"process":[23,41],"product_brand":[],"product_cat":[15],"product_tag":[],"class_list":{"0":"post-640","1":"product","2":"type-product","3":"status-publish","4":"has-post-thumbnail","6":"material-cotton-agent","7":"material-polyester-chemicals","8":"process-textile-finishing-chemicals","9":"process-fixing-agent","10":"product_cat-uncategorized","12":"first","13":"instock","14":"shipping-taxable","15":"product-type-simple"},"acf":[],"_links":{"self":[{"href":"https:\/\/www.bluelakechem.com\/tr\/wp-json\/wp\/v2\/product\/640","targetHints":{"allow":["GET"]}}],"collection":[{"href":"https:\/\/www.bluelakechem.com\/tr\/wp-json\/wp\/v2\/product"}],"about":[{"href":"https:\/\/www.bluelakechem.com\/tr\/wp-json\/wp\/v2\/types\/product"}],"replies":[{"embeddable":true,"href":"https:\/\/www.bluelakechem.com\/tr\/wp-json\/wp\/v2\/comments?post=640"}],"wp:featuredmedia":[{"embeddable":true,"href":"https:\/\/www.bluelakechem.com\/tr\/wp-json\/wp\/v2\/media\/1427"}],"wp:attachment":[{"href":"https:\/\/www.bluelakechem.com\/tr\/wp-json\/wp\/v2\/media?parent=640"}],"wp:term":[{"taxonomy":"material","embeddable":true,"href":"https:\/\/www.bluelakechem.com\/tr\/wp-json\/wp\/v2\/material?post=640"},{"taxonomy":"process","embeddable":true,"href":"https:\/\/www.bluelakechem.com\/tr\/wp-json\/wp\/v2\/process?post=640"},{"taxonomy":"product_brand","embeddable":true,"href":"https:\/\/www.bluelakechem.com\/tr\/wp-json\/wp\/v2\/product_brand?post=640"},{"taxonomy":"product_cat","embeddable":true,"href":"https:\/\/www.bluelakechem.com\/tr\/wp-json\/wp\/v2\/product_cat?post=640"},{"taxonomy":"product_tag","embeddable":true,"href":"https:\/\/www.bluelakechem.com\/tr\/wp-json\/wp\/v2\/product_tag?post=640"}],"curies":[{"name":"wp","href":"https:\/\/api.w.org\/{rel}","templated":true}]}}