{"id":645,"date":"2024-11-28T22:18:58","date_gmt":"2024-11-28T22:18:58","guid":{"rendered":"https:\/\/www.bluelakechem.com\/?post_type=product&#038;p=645"},"modified":"2025-01-17T12:04:15","modified_gmt":"2025-01-17T12:04:15","slug":"silicone-softening-agent","status":"publish","type":"product","link":"https:\/\/www.bluelakechem.com\/tr\/product\/silicone-softening-agent\/","title":{"rendered":"Pamuk Viskon i\u00e7in Silikon Yumu\u015fat\u0131c\u0131 Ajan Hidrofilik"},"content":{"rendered":"<div class=\"wp-block-columns is-layout-flex wp-container-core-columns-is-layout-9d6595d7 wp-block-columns-is-layout-flex\">\n<div class=\"wp-block-column is-layout-flow wp-block-column-is-layout-flow\" style=\"flex-basis:50%\">\n<h2 class=\"wp-block-heading\">Silikon Yumu\u015fat\u0131c\u0131 \u00d6zellikler:<\/h2>\n\n\n\n<p><strong>Yumu\u015fak El Hissi<\/strong>: Kuma\u015flara p\u00fcr\u00fczs\u00fcz, yumu\u015fak bir doku sa\u011flayarak genel dokunma deneyimini geli\u015ftirir.<\/p>\n\n\n\n<p><strong>An\u0131nda Hidrofiliklik<\/strong>: Su emme \u00f6zelliklerini geli\u015ftirir, daha iyi nem y\u00f6netimi i\u00e7in kuma\u015flar\u0131 hidrofilik tutar.<\/p>\n\n\n\n<p><strong>Y\u00fcksek Stabilite<\/strong>: Y\u00fcksek i\u00e7erik ve m\u00fckemmel stabilite ile form\u00fcle edilmi\u015ftir, zaman i\u00e7inde tutarl\u0131 sonu\u00e7lar sa\u011flar.<\/p>\n\n\n\n<p><strong>\u00c7ok Y\u00f6nl\u00fc Uygulama<\/strong>: \u00c7ektirme boyama da dahil olmak \u00fczere \u00e7e\u015fitli terbiye i\u015flemlerinde kullan\u0131ma uygundur ve ayn\u0131 banyoda noniyonik ve katyonik maddelerle kombine edilebilir.<\/p>\n\n\n\n<p><strong>Geli\u015ftirilmi\u015f Kuma\u015f Performans\u0131<\/strong>: Pamuk, viskon ve sel\u00fcloz kar\u0131\u015f\u0131mlar\u0131 i\u00e7in idealdir, kuma\u015f hissini ve dayan\u0131kl\u0131l\u0131\u011f\u0131n\u0131 art\u0131r\u0131r.<\/p>\n<\/div>\n\n\n\n<div class=\"wp-block-column is-layout-flow wp-block-column-is-layout-flow\" style=\"flex-basis:50%\">\n<figure class=\"wp-block-embed is-type-video is-provider-youtube wp-block-embed-youtube wp-embed-aspect-16-9 wp-has-aspect-ratio\"><div class=\"wp-block-embed__wrapper\">\n<iframe title=\"\u3010Tekstil Kimyasallar\u0131\u3011Hidrofilik Tekstil Kimyasallar\u0131 ile Kuma\u015flar\u0131n\u0131zda Devrim Yarat\u0131n!\" width=\"500\" height=\"281\" src=\"https:\/\/www.youtube.com\/embed\/1YIKpcHYaHo?feature=oembed\" frameborder=\"0\" allow=\"accelerometer; autoplay; clipboard-write; encrypted-media; gyroscope; picture-in-picture; web-share\" referrerpolicy=\"strict-origin-when-cross-origin\" allowfullscreen><\/iframe>\n<\/div><\/figure>\n<\/div>\n<\/div>\n\n\n\n<div class=\"wp-block-columns is-layout-flex wp-container-core-columns-is-layout-9d6595d7 wp-block-columns-is-layout-flex\">\n<div class=\"wp-block-column is-layout-flow wp-block-column-is-layout-flow\">\n<figure class=\"wp-block-image size-full is-style-default\"><img decoding=\"async\" width=\"1024\" height=\"768\" src=\"https:\/\/www.bluelakechem.com\/wp-content\/uploads\/2024\/11\/silicone-softening-agent-2.webp\" alt=\"silikon yumu\u015fatma maddesi\" class=\"wp-image-673\" srcset=\"https:\/\/www.bluelakechem.com\/wp-content\/uploads\/2024\/11\/silicone-softening-agent-2.webp 1024w, https:\/\/www.bluelakechem.com\/wp-content\/uploads\/2024\/11\/silicone-softening-agent-2-300x225.webp 300w, https:\/\/www.bluelakechem.com\/wp-content\/uploads\/2024\/11\/silicone-softening-agent-2-768x576.webp 768w, https:\/\/www.bluelakechem.com\/wp-content\/uploads\/2024\/11\/silicone-softening-agent-2-600x450.webp 600w\" sizes=\"(max-width: 1024px) 100vw, 1024px\" \/><\/figure>\n<\/div>\n\n\n\n<div class=\"wp-block-column is-vertically-aligned-center is-layout-flow wp-block-column-is-layout-flow\">\n<h2 class=\"wp-block-heading\">Silikon Yumu\u015fat\u0131c\u0131 Ajan Uygulamalar\u0131:<\/h2>\n\n\n\n<p><strong>Pamuk ve Sel\u00fcloz Esasl\u0131 Kuma\u015f Terbiyesi<\/strong>: Pamuk, viskon ve di\u011fer sel\u00fcloz elyaflar\u0131n yumu\u015fakl\u0131k ve hidrofilikli\u011fini artt\u0131rmak i\u00e7in m\u00fckemmeldir.<\/p>\n\n\n\n<p><strong>Egzoz Boyama<\/strong>: \u00c7ektirme boyama banyolar\u0131nda kullan\u0131ma uygundur, kuma\u015f \u00f6zelliklerini korurken yumu\u015fakl\u0131k katar.<\/p>\n\n\n\n<p><strong>\u00c7ok Y\u00f6nl\u00fc Son \u0130\u015flem<\/strong>: \u00c7e\u015fitli tekstil i\u015fleme ihtiya\u00e7lar\u0131 i\u00e7in hem noniyonik hem de katyonik terbiye maddeleri ile kullan\u0131labilir.<\/p>\n<\/div>\n<\/div>","protected":false},"excerpt":{"rendered":"<p>Y\u00fcksek stabiliteli hidrofilik silikon yumu\u015fat\u0131c\u0131, pamuk, viskon elyaf ve sel\u00fcloz elyaf kar\u0131\u015f\u0131mlar\u0131n\u0131n kuma\u015flar\u0131na yumu\u015fak el hissi verir, an\u0131nda hidrofiliklik, y\u00fcksek i\u00e7erik ve y\u00fcksek stabilite sa\u011flar, egzoz boyama banyosu gibi \u00e7e\u015fitli ekipmanlarda terbiye i\u015flemi i\u00e7in uygundur, ayn\u0131 banyoda noniyonik ve katyonik terbiye maddeleri ile birlikte kullan\u0131labilir.<\/p>\n<p><strong>Model No.<\/strong>76698<\/p>","protected":false},"featured_media":1434,"comment_status":"closed","ping_status":"closed","template":"","meta":{"_acf_changed":false},"material":[26,30],"process":[23,42,24],"product_brand":[],"product_cat":[15],"product_tag":[],"class_list":{"0":"post-645","1":"product","2":"type-product","3":"status-publish","4":"has-post-thumbnail","6":"material-cotton-agent","7":"material-viscose-chemicals","8":"process-textile-finishing-chemicals","9":"process-softener","10":"process-silicone-oil","11":"product_cat-uncategorized","13":"first","14":"instock","15":"shipping-taxable","16":"product-type-simple"},"acf":[],"_links":{"self":[{"href":"https:\/\/www.bluelakechem.com\/tr\/wp-json\/wp\/v2\/product\/645","targetHints":{"allow":["GET"]}}],"collection":[{"href":"https:\/\/www.bluelakechem.com\/tr\/wp-json\/wp\/v2\/product"}],"about":[{"href":"https:\/\/www.bluelakechem.com\/tr\/wp-json\/wp\/v2\/types\/product"}],"replies":[{"embeddable":true,"href":"https:\/\/www.bluelakechem.com\/tr\/wp-json\/wp\/v2\/comments?post=645"}],"wp:featuredmedia":[{"embeddable":true,"href":"https:\/\/www.bluelakechem.com\/tr\/wp-json\/wp\/v2\/media\/1434"}],"wp:attachment":[{"href":"https:\/\/www.bluelakechem.com\/tr\/wp-json\/wp\/v2\/media?parent=645"}],"wp:term":[{"taxonomy":"material","embeddable":true,"href":"https:\/\/www.bluelakechem.com\/tr\/wp-json\/wp\/v2\/material?post=645"},{"taxonomy":"process","embeddable":true,"href":"https:\/\/www.bluelakechem.com\/tr\/wp-json\/wp\/v2\/process?post=645"},{"taxonomy":"product_brand","embeddable":true,"href":"https:\/\/www.bluelakechem.com\/tr\/wp-json\/wp\/v2\/product_brand?post=645"},{"taxonomy":"product_cat","embeddable":true,"href":"https:\/\/www.bluelakechem.com\/tr\/wp-json\/wp\/v2\/product_cat?post=645"},{"taxonomy":"product_tag","embeddable":true,"href":"https:\/\/www.bluelakechem.com\/tr\/wp-json\/wp\/v2\/product_tag?post=645"}],"curies":[{"name":"wp","href":"https:\/\/api.w.org\/{rel}","templated":true}]}}