{"id":646,"date":"2024-11-29T07:29:58","date_gmt":"2024-11-29T07:29:58","guid":{"rendered":"https:\/\/www.bluelakechem.com\/?post_type=product&#038;p=646"},"modified":"2025-01-17T12:23:28","modified_gmt":"2025-01-17T12:23:28","slug":"polyester-and-fabric-softener","status":"publish","type":"product","link":"https:\/\/www.bluelakechem.com\/tr\/product\/polyester-and-fabric-softener\/","title":{"rendered":"Polyester ve Yumu\u015fat\u0131c\u0131 Terbiye Maddesi"},"content":{"rendered":"<div class=\"wp-block-columns is-layout-flex wp-container-core-columns-is-layout-9d6595d7 wp-block-columns-is-layout-flex\">\n<div class=\"wp-block-column is-layout-flow wp-block-column-is-layout-flow\" style=\"flex-basis:50%\">\n<h2 class=\"wp-block-heading\">Polyester ve Yumu\u015fat\u0131c\u0131 \u00d6zellikleri:<\/h2>\n\n\n\n<p><strong>Geli\u015ftirilmi\u015f Uyuklama Ba\u015far\u0131s\u0131: <\/strong>Yumu\u015fak, rahat bir el hissi ile p\u00fcr\u00fczs\u00fcz, tutarl\u0131 bir uyuklama sa\u011flar.<\/p>\n\n\n\n<p><strong>Geli\u015ftirilmi\u015f Hidrofilisite:<\/strong> Polyester elyaflar\u0131n su emici \u00f6zelliklerini art\u0131rarak genel kuma\u015f performans\u0131n\u0131 iyile\u015ftirir.<\/p>\n\n\n\n<p><strong>\u00c7ok Y\u00f6nl\u00fc Uygulama: <\/strong>Polyester\/pamuk kar\u0131\u015f\u0131ml\u0131 kuma\u015flar i\u00e7in uygundur, tekstil terbiyesinde uyuklama i\u015flemleri i\u00e7in m\u00fckemmeldir.<\/p>\n\n\n\n<p><strong>\u00dcst\u00fcn Yumu\u015fatma:<\/strong> Kuma\u015flara l\u00fcks, p\u00fcr\u00fczs\u00fcz bir doku sa\u011flayarak bitmi\u015f \u00fcr\u00fcn\u00fcn genel konforunu ve kalitesini art\u0131r\u0131r.<\/p>\n<\/div>\n\n\n\n<div class=\"wp-block-column is-layout-flow wp-block-column-is-layout-flow\" style=\"flex-basis:50%\">\n<figure class=\"wp-block-embed is-type-video is-provider-youtube wp-block-embed-youtube wp-embed-aspect-16-9 wp-has-aspect-ratio\"><div class=\"wp-block-embed__wrapper\">\n<iframe title=\"Boyama fabrikas\u0131n\u0131n s\u0131cak sat\u0131\u015f yumu\u015fak havlu s\u0131rr\u0131.#ekstilend\u00fcstri #ekstilyard\u0131mc\u0131lar\u0131\" width=\"500\" height=\"281\" src=\"https:\/\/www.youtube.com\/embed\/xFdiRbR8BXY?feature=oembed\" frameborder=\"0\" allow=\"accelerometer; autoplay; clipboard-write; encrypted-media; gyroscope; picture-in-picture; web-share\" referrerpolicy=\"strict-origin-when-cross-origin\" allowfullscreen><\/iframe>\n<\/div><\/figure>\n<\/div>\n<\/div>\n\n\n\n<div class=\"wp-block-columns is-layout-flex wp-container-core-columns-is-layout-9d6595d7 wp-block-columns-is-layout-flex\">\n<div class=\"wp-block-column is-layout-flow wp-block-column-is-layout-flow\">\n<figure class=\"wp-block-image size-full is-style-default\"><img decoding=\"async\" width=\"800\" height=\"600\" src=\"https:\/\/www.bluelakechem.com\/wp-content\/uploads\/2024\/11\/polyester-and-fabric-softener-1.webp\" alt=\"polyester ve yumu\u015fat\u0131c\u0131\" class=\"wp-image-648\" srcset=\"https:\/\/www.bluelakechem.com\/wp-content\/uploads\/2024\/11\/polyester-and-fabric-softener-1.webp 800w, https:\/\/www.bluelakechem.com\/wp-content\/uploads\/2024\/11\/polyester-and-fabric-softener-1-300x225.webp 300w, https:\/\/www.bluelakechem.com\/wp-content\/uploads\/2024\/11\/polyester-and-fabric-softener-1-768x576.webp 768w, https:\/\/www.bluelakechem.com\/wp-content\/uploads\/2024\/11\/polyester-and-fabric-softener-1-600x450.webp 600w\" sizes=\"(max-width: 800px) 100vw, 800px\" \/><\/figure>\n<\/div>\n\n\n\n<div class=\"wp-block-column is-vertically-aligned-center is-layout-flow wp-block-column-is-layout-flow\">\n<h2 class=\"wp-block-heading\">Polyester ve Yumu\u015fat\u0131c\u0131 Uygulamalar\u0131:<\/h2>\n\n\n\n<p><strong>Uyuklama S\u00fcreci<\/strong>: Kuma\u015f\u0131 optimum performansa haz\u0131rlamak i\u00e7in uyuklama i\u015fleminden \u00f6nce kullan\u0131m i\u00e7in m\u00fckemmeldir.<\/p>\n\n\n\n<p><strong>Kuma\u015f Yumu\u015fatma<\/strong>: Tekstil fabrikalar\u0131nda polyester ve pamuk kar\u0131\u015f\u0131mlar\u0131n\u0131 yumu\u015fatmak, kuma\u015f hissini ve dayan\u0131kl\u0131l\u0131\u011f\u0131n\u0131 artt\u0131rmak i\u00e7in kullan\u0131l\u0131r.<\/p>\n<\/div>\n<\/div>\n\n\n\n<p><\/p>","protected":false},"excerpt":{"rendered":"<p>Polyester ve Kuma\u015f Yumu\u015fat\u0131c\u0131, uyuklama i\u015fleminden \u00f6nce yumu\u015fak apre i\u015fleminde kullan\u0131labilir, p\u00fcr\u00fczs\u00fcz ve rahat el hissi ile uyuklamay\u0131 ba\u015far\u0131l\u0131 hale getirir ve polyesterin hidrofilikli\u011fini art\u0131r\u0131r.<\/p>\n<p><strong>Model No.<\/strong>30317<\/p>","protected":false},"featured_media":1444,"comment_status":"closed","ping_status":"closed","template":"","meta":{"_acf_changed":false},"material":[27],"process":[23,42],"product_brand":[],"product_cat":[15],"product_tag":[],"class_list":{"0":"post-646","1":"product","2":"type-product","3":"status-publish","4":"has-post-thumbnail","6":"material-polyester-chemicals","7":"process-textile-finishing-chemicals","8":"process-softener","9":"product_cat-uncategorized","11":"first","12":"instock","13":"shipping-taxable","14":"product-type-simple"},"acf":[],"_links":{"self":[{"href":"https:\/\/www.bluelakechem.com\/tr\/wp-json\/wp\/v2\/product\/646","targetHints":{"allow":["GET"]}}],"collection":[{"href":"https:\/\/www.bluelakechem.com\/tr\/wp-json\/wp\/v2\/product"}],"about":[{"href":"https:\/\/www.bluelakechem.com\/tr\/wp-json\/wp\/v2\/types\/product"}],"replies":[{"embeddable":true,"href":"https:\/\/www.bluelakechem.com\/tr\/wp-json\/wp\/v2\/comments?post=646"}],"wp:featuredmedia":[{"embeddable":true,"href":"https:\/\/www.bluelakechem.com\/tr\/wp-json\/wp\/v2\/media\/1444"}],"wp:attachment":[{"href":"https:\/\/www.bluelakechem.com\/tr\/wp-json\/wp\/v2\/media?parent=646"}],"wp:term":[{"taxonomy":"material","embeddable":true,"href":"https:\/\/www.bluelakechem.com\/tr\/wp-json\/wp\/v2\/material?post=646"},{"taxonomy":"process","embeddable":true,"href":"https:\/\/www.bluelakechem.com\/tr\/wp-json\/wp\/v2\/process?post=646"},{"taxonomy":"product_brand","embeddable":true,"href":"https:\/\/www.bluelakechem.com\/tr\/wp-json\/wp\/v2\/product_brand?post=646"},{"taxonomy":"product_cat","embeddable":true,"href":"https:\/\/www.bluelakechem.com\/tr\/wp-json\/wp\/v2\/product_cat?post=646"},{"taxonomy":"product_tag","embeddable":true,"href":"https:\/\/www.bluelakechem.com\/tr\/wp-json\/wp\/v2\/product_tag?post=646"}],"curies":[{"name":"wp","href":"https:\/\/api.w.org\/{rel}","templated":true}]}}