{"id":686,"date":"2024-11-29T12:31:33","date_gmt":"2024-11-29T12:31:33","guid":{"rendered":"https:\/\/www.bluelakechem.com\/?post_type=product&#038;p=686"},"modified":"2025-01-17T11:25:21","modified_gmt":"2025-01-17T11:25:21","slug":"moisture-quick-dry-agent","status":"publish","type":"product","link":"https:\/\/www.bluelakechem.com\/tr\/product\/moisture-quick-dry-agent\/","title":{"rendered":"Polyester Anti-Statik Son \u0130\u015flem i\u00e7in Nem H\u0131zl\u0131 Kurutma Maddesi Son \u0130\u015flem Maddesi"},"content":{"rendered":"<div class=\"wp-block-columns is-layout-flex wp-container-core-columns-is-layout-9d6595d7 wp-block-columns-is-layout-flex\">\n<div class=\"wp-block-column is-layout-flow wp-block-column-is-layout-flow\" style=\"flex-basis:50%\">\n<h2 class=\"wp-block-heading\">Nem H\u0131zl\u0131 Kurutucu Ajan \u00d6zellikleri:<\/h2>\n\n\n\n<p><strong>Geli\u015ftirilmi\u015f Nem Emme<\/strong>: Ciltteki nemi h\u0131zla emerek kuma\u015f\u0131n kuru ve rahat kalmas\u0131n\u0131 sa\u011flar.<\/p>\n\n\n\n<p><strong>H\u0131zl\u0131 Kurutma<\/strong>: Kurutma i\u015flemini h\u0131zland\u0131r\u0131r, standart hidrofilik kuma\u015flara k\u0131yasla kurutma s\u00fcresini 50%'den daha fazla azalt\u0131r.<\/p>\n\n\n\n<p><strong>Geli\u015ftirilmi\u015f Kuma\u015f Konforu<\/strong>: Spor kuma\u015flar\u0131, spor k\u0131yafetleri ve d\u0131\u015f mekan giysileri i\u00e7in idealdir, kurulu\u011fu koruyarak sporcular\u0131 ve kullan\u0131c\u0131lar\u0131 rahat tutar.<\/p>\n\n\n\n<p><strong>Uzun \u00d6m\u00fcrl\u00fc Performans<\/strong>: Birden fazla y\u0131kamadan sonra bile dayan\u0131kl\u0131 nem \u00e7ekme ve \u00e7abuk kuruma \u00f6zellikleri sa\u011flar.<\/p>\n\n\n\n<p><strong>Polyester i\u00e7in uygundur<\/strong>: Polyester kuma\u015flarda kullan\u0131lmak \u00fczere \u00f6zel olarak form\u00fcle edilmi\u015ftir, sentetik elyaflarda \u00fcst\u00fcn sonu\u00e7lar sunar.<\/p>\n<\/div>\n\n\n\n<div class=\"wp-block-column is-layout-flow wp-block-column-is-layout-flow\" style=\"flex-basis:50%\">\n<figure class=\"wp-block-embed is-type-video is-provider-youtube wp-block-embed-youtube wp-embed-aspect-16-9 wp-has-aspect-ratio\"><div class=\"wp-block-embed__wrapper\">\n<iframe title=\"Boyahaneler i\u00e7in vazge\u00e7ilmez! Polyesterin Nem Emme ve H\u0131zl\u0131 Kuruma \u00d6zelli\u011fini 2 Seviye Art\u0131r\u0131n! \ud83d\udca7\ud83e\uddea\" width=\"500\" height=\"281\" src=\"https:\/\/www.youtube.com\/embed\/la-ZTQZZMBA?feature=oembed\" frameborder=\"0\" allow=\"accelerometer; autoplay; clipboard-write; encrypted-media; gyroscope; picture-in-picture; web-share\" referrerpolicy=\"strict-origin-when-cross-origin\" allowfullscreen><\/iframe>\n<\/div><\/figure>\n<\/div>\n<\/div>\n\n\n\n<div class=\"wp-block-columns is-layout-flex wp-container-core-columns-is-layout-9d6595d7 wp-block-columns-is-layout-flex\">\n<div class=\"wp-block-column is-layout-flow wp-block-column-is-layout-flow\">\n<figure class=\"wp-block-image size-full is-style-default\"><img decoding=\"async\" width=\"627\" height=\"518\" src=\"https:\/\/www.bluelakechem.com\/wp-content\/uploads\/2024\/11\/Moisture-Quick-Dry-Agent-3.webp\" alt=\"Nem H\u0131zl\u0131 Kurutma Maddesi\" class=\"wp-image-697\" srcset=\"https:\/\/www.bluelakechem.com\/wp-content\/uploads\/2024\/11\/Moisture-Quick-Dry-Agent-3.webp 627w, https:\/\/www.bluelakechem.com\/wp-content\/uploads\/2024\/11\/Moisture-Quick-Dry-Agent-3-300x248.webp 300w, https:\/\/www.bluelakechem.com\/wp-content\/uploads\/2024\/11\/Moisture-Quick-Dry-Agent-3-600x496.webp 600w\" sizes=\"(max-width: 627px) 100vw, 627px\" \/><\/figure>\n<\/div>\n\n\n\n<div class=\"wp-block-column is-vertically-aligned-center is-layout-flow wp-block-column-is-layout-flow\">\n<h2 class=\"wp-block-heading\">Nem H\u0131zl\u0131 Kurutucu Ajan Uygulamalar\u0131:<\/h2>\n\n\n\n<p><strong>Spor Giyim<\/strong>: Ko\u015fu k\u0131yafetleri, yoga pantolonlar\u0131 ve performans g\u00f6mlekleri dahil olmak \u00fczere atletik giysiler i\u00e7in m\u00fckemmeldir.<\/p>\n\n\n\n<p><strong>Spor Giyim<\/strong>: Egzersiz k\u0131yafetleri, spor k\u0131yafetleri ve fiziksel aktivitelerde kullan\u0131lan di\u011fer kuma\u015flar i\u00e7in idealdir.<\/p>\n\n\n\n<p><strong>D\u0131\u015f Mekan Donan\u0131m\u0131<\/strong>: Nem y\u00f6netiminin kritik oldu\u011fu ceket, pantolon ve y\u00fcr\u00fcy\u00fc\u015f k\u0131yafetleri gibi d\u0131\u015f mekan ekipmanlar\u0131nda kullan\u0131m i\u00e7in uygundur.<\/p>\n\n\n\n<p><strong>\u0130\u00e7 Giyim &amp; Pijama<\/strong>: Konfor i\u00e7in nem \u00e7ekme ve \u00e7abuk kuruma \u00f6zellikleri gerektiren giysilere de uygulanabilir.<\/p>\n<\/div>\n<\/div>","protected":false},"excerpt":{"rendered":"<p>Nem h\u0131zl\u0131 kurutma maddesi, spor kuma\u015flar i\u00e7in nem emilimi ve h\u0131zl\u0131 kuruma terbiyesi i\u00e7in kullan\u0131labilir, kuruma s\u00fcresini normal hidrofilik kuma\u015flara g\u00f6re yar\u0131dan fazla k\u0131saltabilir.<\/p>\n<p><strong>Model No.<\/strong>44504<\/p>","protected":false},"featured_media":1432,"comment_status":"closed","ping_status":"closed","template":"","meta":{"_acf_changed":false},"material":[27,28,29],"process":[23,25],"product_brand":[],"product_cat":[15],"product_tag":[],"class_list":{"0":"post-686","1":"product","2":"type-product","3":"status-publish","4":"has-post-thumbnail","6":"material-polyester-chemicals","7":"material-nylon-agent","8":"material-acrylic-chemicals","9":"process-textile-finishing-chemicals","10":"process-textile-finishing-agent","11":"product_cat-uncategorized","13":"first","14":"instock","15":"shipping-taxable","16":"product-type-simple"},"acf":[],"_links":{"self":[{"href":"https:\/\/www.bluelakechem.com\/tr\/wp-json\/wp\/v2\/product\/686","targetHints":{"allow":["GET"]}}],"collection":[{"href":"https:\/\/www.bluelakechem.com\/tr\/wp-json\/wp\/v2\/product"}],"about":[{"href":"https:\/\/www.bluelakechem.com\/tr\/wp-json\/wp\/v2\/types\/product"}],"replies":[{"embeddable":true,"href":"https:\/\/www.bluelakechem.com\/tr\/wp-json\/wp\/v2\/comments?post=686"}],"wp:featuredmedia":[{"embeddable":true,"href":"https:\/\/www.bluelakechem.com\/tr\/wp-json\/wp\/v2\/media\/1432"}],"wp:attachment":[{"href":"https:\/\/www.bluelakechem.com\/tr\/wp-json\/wp\/v2\/media?parent=686"}],"wp:term":[{"taxonomy":"material","embeddable":true,"href":"https:\/\/www.bluelakechem.com\/tr\/wp-json\/wp\/v2\/material?post=686"},{"taxonomy":"process","embeddable":true,"href":"https:\/\/www.bluelakechem.com\/tr\/wp-json\/wp\/v2\/process?post=686"},{"taxonomy":"product_brand","embeddable":true,"href":"https:\/\/www.bluelakechem.com\/tr\/wp-json\/wp\/v2\/product_brand?post=686"},{"taxonomy":"product_cat","embeddable":true,"href":"https:\/\/www.bluelakechem.com\/tr\/wp-json\/wp\/v2\/product_cat?post=686"},{"taxonomy":"product_tag","embeddable":true,"href":"https:\/\/www.bluelakechem.com\/tr\/wp-json\/wp\/v2\/product_tag?post=686"}],"curies":[{"name":"wp","href":"https:\/\/api.w.org\/{rel}","templated":true}]}}